{"id":1000,"date":"2025-04-27T02:11:08","date_gmt":"2025-04-27T02:11:08","guid":{"rendered":"https:\/\/www.mappershoe.com\/?post_type=product&#038;p=1000"},"modified":"2025-10-27T07:27:02","modified_gmt":"2025-10-27T07:27:02","slug":"bulk-crocs-shoes","status":"publish","type":"product","link":"https:\/\/www.mappershoe.com\/de\/produkt\/bulk-crocs-shoes\/","title":{"rendered":"Sommer Bulk Crocs Schuhe, benutzerdefinierte Clogs Pantoffeln f\u00fcr Geschlecht"},"content":{"rendered":"<div class=\"wp-block-columns is-layout-flex wp-container-core-columns-is-layout-9d6595d7 wp-block-columns-is-layout-flex\">\n<div class=\"wp-block-column is-layout-flow wp-block-column-is-layout-flow\">\n<h3 class=\"wp-block-heading\">Premium Bulk Crocs Schuhe Eigenschaften:<\/h3>\n\n\n\n<p><strong>Hochwertiges EVA-Material: <\/strong>Diese gro\u00dfen Crocs-Schuhe bestehen aus hochelastischem EVA-Material, sind leicht und verschlei\u00dffest, weich und bequem zu tragen und eignen sich f\u00fcr lange Spazierg\u00e4nge.<\/p>\n\n\n\n<p><strong>Atmungsaktiv und Drainage Design: <\/strong>Diese gro\u00dfen Crocs-Schuhe haben ein por\u00f6ses Obermaterial, das atmungsaktiv ist und schnell abflie\u00dft. Sie eignen sich f\u00fcr den Sommer am Strand, im Schwimmbad und in anderen rutschigen Umgebungen.<\/p>\n\n\n\n<p><strong>Leichte, rutschfeste Sohle:<\/strong> Der rutschfeste, strukturierte Boden der Custom Clogs Hausschuhe gibt Ihnen zus\u00e4tzlichen Halt, verhindert ein Ausrutschen und sorgt f\u00fcr Sicherheit bei Aktivit\u00e4ten im Freien oder bei anderen Veranstaltungen.<\/p>\n\n\n\n<p><strong>Geschlechtsneutral:<\/strong> Die benutzerdefinierten Clogs Hausschuhe sind unisex und perfekt f\u00fcr jede Aktivit\u00e4t f\u00fcr M\u00e4nner und Frauen. Perfekt f\u00fcr den Strand, zu Hause, auf Reisen, drau\u00dfen oder \u00fcberall sonst in der Sonne.<\/p>\n\n\n\n<p><strong>Unterst\u00fctzt kundenspezifische LOGO und Massenanpassung:<\/strong> Diese Crocs-Schuhe in gro\u00dfen Mengen bieten eine Vielzahl von Farben, Gr\u00f6\u00dfen und LOGO-Kundenanpassungsdiensten, die OEM\/ODM und schnelle Lieferung f\u00fcr gro\u00dfe Mengen unterst\u00fctzen.<\/p>\n<\/div>\n\n\n\n<div class=\"wp-block-column is-layout-flow wp-block-column-is-layout-flow\">\n<figure class=\"wp-block-image size-full\"><img decoding=\"async\" width=\"800\" height=\"800\" src=\"https:\/\/www.mappershoe.com\/wp-content\/uploads\/2025\/04\/bulk-crocs-shoes-custom-clogs-slippers-for-women-men-3.webp\" alt=\"bulk-crocs-schuhe-individuelle-clogs-hausschuhe-f\u00fcr-frauen-m\u00e4nner-3\" class=\"wp-image-1005\" srcset=\"https:\/\/www.mappershoe.com\/wp-content\/uploads\/2025\/04\/bulk-crocs-shoes-custom-clogs-slippers-for-women-men-3.webp 800w, https:\/\/www.mappershoe.com\/wp-content\/uploads\/2025\/04\/bulk-crocs-shoes-custom-clogs-slippers-for-women-men-3-300x300.webp 300w, https:\/\/www.mappershoe.com\/wp-content\/uploads\/2025\/04\/bulk-crocs-shoes-custom-clogs-slippers-for-women-men-3-150x150.webp 150w, https:\/\/www.mappershoe.com\/wp-content\/uploads\/2025\/04\/bulk-crocs-shoes-custom-clogs-slippers-for-women-men-3-768x768.webp 768w, https:\/\/www.mappershoe.com\/wp-content\/uploads\/2025\/04\/bulk-crocs-shoes-custom-clogs-slippers-for-women-men-3-600x600.webp 600w, https:\/\/www.mappershoe.com\/wp-content\/uploads\/2025\/04\/bulk-crocs-shoes-custom-clogs-slippers-for-women-men-3-100x100.webp 100w\" sizes=\"(max-width: 800px) 100vw, 800px\" \/><\/figure>\n<\/div>\n<\/div>\n\n\n\n<p><\/p>","protected":false},"excerpt":{"rendered":"<p>Willkommen zum Kauf unserer gro\u00dfen Crocs-Schuhe. Unsere Sommer Strand Bulk Crocs Schuhe sind aus hochelastischem EVA-Material, das leicht, weich, verschlei\u00dffest und bequem ist. Die benutzerdefinierten Clogs Hausschuhe haben ein por\u00f6ses und atmungsaktives Design auf der Oberseite, um Frische und Trockenheit im Sommer zu gew\u00e4hrleisten, und haben auch eine ausgezeichnete Drainage-Funktion, besonders geeignet f\u00fcr den Strand, Pool, Outdoor und andere nasse Umgebungen. Unterst\u00fctzen Sie die Flexibilit\u00e4t des OEM\/ODM-Service und helfen Sie Marken, den Markt zu erweitern.<\/p>\n<h2>Bulk Crocs Schuhe Spezifikationen:<\/h2>\n<table width=\"777\">\n<tbody>\n<tr>\n<td width=\"291\">Hersteller:<\/td>\n<td width=\"486\">Mingyi<\/td>\n<\/tr>\n<tr>\n<td>Stil:<\/td>\n<td>Crocs Schuhe<\/td>\n<\/tr>\n<tr>\n<td>Modell:<\/td>\n<td>101<\/td>\n<\/tr>\n<tr>\n<td>Material:\u00a0<\/td>\n<td>EVA<\/td>\n<\/tr>\n<tr>\n<td>Farbe:\u00a0<\/td>\n<td>Schwarz, Wei\u00df, Rot, Rosa, Orange, Gelb, Mintgr\u00fcn, Khaki, Blau, Dunkelblau, Dunstblau, Hellblau, Rosenrot, Kaffee<\/td>\n<\/tr>\n<tr>\n<td>Gr\u00f6\u00dfe:\u00a0<\/td>\n<td>36-37, 38-39,40-41, 42-43,44-45<\/td>\n<\/tr>\n<tr>\n<td>Anpassungsoptionen:\u00a0<\/td>\n<td>Logo (Oberseite, Seite, Einlegesohle) \/ All-Over-Druck \/ Farbe \/ Material \/ Sohlendicke \/ Obermaterial<\/td>\n<\/tr>\n<tr>\n<td>Verpacken:\u00a0<\/td>\n<td>Kundenspezifische Verpackung<\/td>\n<\/tr>\n<tr>\n<td>Muster\uff1a<\/td>\n<td>Kostenlose Blindmuster<\/td>\n<\/tr>\n<\/tbody>\n<\/table>","protected":false},"featured_media":1003,"comment_status":"closed","ping_status":"closed","template":"","meta":{"_acf_changed":false},"product_brand":[],"product_cat":[18],"product_tag":[25,26,27],"class_list":{"0":"post-1000","1":"product","2":"type-product","3":"status-publish","4":"has-post-thumbnail","6":"product_cat-wholesale-crocs-shoes","7":"product_tag-eva-slippers-wholesale","8":"product_tag-mens-slippers-wholesale","9":"product_tag-wholesale-womens-slippers","11":"first","12":"instock","13":"shipping-taxable","14":"product-type-simple"},"acf":[],"_links":{"self":[{"href":"https:\/\/www.mappershoe.com\/de\/wp-json\/wp\/v2\/product\/1000","targetHints":{"allow":["GET"]}}],"collection":[{"href":"https:\/\/www.mappershoe.com\/de\/wp-json\/wp\/v2\/product"}],"about":[{"href":"https:\/\/www.mappershoe.com\/de\/wp-json\/wp\/v2\/types\/product"}],"replies":[{"embeddable":true,"href":"https:\/\/www.mappershoe.com\/de\/wp-json\/wp\/v2\/comments?post=1000"}],"wp:featuredmedia":[{"embeddable":true,"href":"https:\/\/www.mappershoe.com\/de\/wp-json\/wp\/v2\/media\/1003"}],"wp:attachment":[{"href":"https:\/\/www.mappershoe.com\/de\/wp-json\/wp\/v2\/media?parent=1000"}],"wp:term":[{"taxonomy":"product_brand","embeddable":true,"href":"https:\/\/www.mappershoe.com\/de\/wp-json\/wp\/v2\/product_brand?post=1000"},{"taxonomy":"product_cat","embeddable":true,"href":"https:\/\/www.mappershoe.com\/de\/wp-json\/wp\/v2\/product_cat?post=1000"},{"taxonomy":"product_tag","embeddable":true,"href":"https:\/\/www.mappershoe.com\/de\/wp-json\/wp\/v2\/product_tag?post=1000"}],"curies":[{"name":"wp","href":"https:\/\/api.w.org\/{rel}","templated":true}]}}