{"id":1017,"date":"2025-04-27T03:10:49","date_gmt":"2025-04-27T03:10:49","guid":{"rendered":"https:\/\/www.mappershoe.com\/?post_type=product&#038;p=1017"},"modified":"2026-03-25T10:06:29","modified_gmt":"2026-03-25T10:06:29","slug":"crocs-shoes-wholesale","status":"publish","type":"product","link":"https:\/\/www.mappershoe.com\/de\/produkt\/crocs-shoes-wholesale\/","title":{"rendered":"Air Cushion Crocs Schuhe Gro\u00dfhandel, benutzerdefinierte M\u00e4nner Garten Schuhe"},"content":{"rendered":"<div class=\"wp-block-columns is-layout-flex wp-container-core-columns-is-layout-9d6595d7 wp-block-columns-is-layout-flex\">\n<div class=\"wp-block-column is-layout-flow wp-block-column-is-layout-flow\">\n<h3 class=\"wp-block-heading\">Premium Air Cushion Crocs Schuhe Gro\u00dfhandel Eigenschaften:<\/h3>\n\n\n\n<p><strong>Leichte, rutschfeste Sohle: <\/strong>Diese Luftkissen Crocs Schuhe Gro\u00dfhandel haben eine rutschfeste strukturierte Sohle, die Griffigkeit verbessert, effektiv verhindert Ausrutschen und St\u00fcrzen, und sch\u00fctzt die Sicherheit der Outdoor-Aktivit\u00e4ten.<\/p>\n\n\n\n<p><strong>Eingebaute Luftpolstersohle: <\/strong>Diese Luftkissen Crocs Schuhe Gro\u00dfhandel innovative Luftpolsterung Technologie bietet hervorragenden Komfort und Unterst\u00fctzung, und effektiv reduziert Fu\u00df M\u00fcdigkeit auch nach langen Stunden zu Fu\u00df.<\/p>\n\n\n\n<p><strong>Abriebfestes EVA-Material:<\/strong> Diese Luftkissen Crocs Schuhe Gro\u00dfhandel Schuhe sind aus hochwertigem leichten EVA-Material, weich und langlebig, wasserdicht und leicht zu reinigen, geeignet f\u00fcr eine Vielzahl von Outdoor-Umgebungen gemacht.<\/p>\n\n\n\n<p><strong>Anpassbare Sohlen und Schn\u00fcrsenkel: <\/strong>Ma\u00dfgeschneiderte Crocs-Schuhe f\u00fcr M\u00e4nner unterst\u00fctzen die Anpassung von Sohlen und Schn\u00fcrsenkeln in Farben, Mustern und Materialien, um einzigartige und exklusive Stile zu schaffen.<\/p>\n\n\n\n<p><strong>Unterst\u00fctzt kundenspezifische LOGO und Massenanpassung: <\/strong>Die benutzerdefinierten Crocs Schuhe f\u00fcr M\u00e4nner bieten eine Vielzahl von Farben, Gr\u00f6\u00dfen und LOGO Anpassung Dienstleistungen, Unterst\u00fctzung OEM \/ ODM und gro\u00dfe Mengen von schnellen Lieferung.<\/p>\n<\/div>\n\n\n\n<div class=\"wp-block-column is-layout-flow wp-block-column-is-layout-flow\">\n<figure class=\"wp-block-image size-full\"><img decoding=\"async\" width=\"800\" height=\"800\" src=\"https:\/\/www.mappershoe.com\/wp-content\/uploads\/2025\/04\/air-cushion-crocs-shoes-wholesale-custom-crocs-shoes-for-men-13.webp\" alt=\"Luftkissen-Krocs-Schuhe-Gro\u00dfhandel-Sonderanfertigungen-Krocs-Schuhe-f\u00fcr-Herren-13\" class=\"wp-image-1029\" srcset=\"https:\/\/www.mappershoe.com\/wp-content\/uploads\/2025\/04\/air-cushion-crocs-shoes-wholesale-custom-crocs-shoes-for-men-13.webp 800w, https:\/\/www.mappershoe.com\/wp-content\/uploads\/2025\/04\/air-cushion-crocs-shoes-wholesale-custom-crocs-shoes-for-men-13-300x300.webp 300w, https:\/\/www.mappershoe.com\/wp-content\/uploads\/2025\/04\/air-cushion-crocs-shoes-wholesale-custom-crocs-shoes-for-men-13-150x150.webp 150w, https:\/\/www.mappershoe.com\/wp-content\/uploads\/2025\/04\/air-cushion-crocs-shoes-wholesale-custom-crocs-shoes-for-men-13-768x768.webp 768w, https:\/\/www.mappershoe.com\/wp-content\/uploads\/2025\/04\/air-cushion-crocs-shoes-wholesale-custom-crocs-shoes-for-men-13-600x600.webp 600w, https:\/\/www.mappershoe.com\/wp-content\/uploads\/2025\/04\/air-cushion-crocs-shoes-wholesale-custom-crocs-shoes-for-men-13-100x100.webp 100w\" sizes=\"(max-width: 800px) 100vw, 800px\" \/><\/figure>\n<\/div>\n<\/div>\n\n\n\n<p><\/p>","protected":false},"excerpt":{"rendered":"<p>Willkommen bei der Bestellung unserer ma\u00dfgeschneiderten Crocs-Schuhe. Unsere Luftkissen Crocs Schuhe Gro\u00dfhandel sind mit einem innovativen Luftkissen Sohle, die au\u00dfergew\u00f6hnliche D\u00e4mpfung und Komfort Unterst\u00fctzung f\u00fcr l\u00e4ngere Zeit zu tragen bietet konzipiert. Hergestellt aus hochwertigem EVA-Material, leicht, wasserdicht, verschlei\u00dffest, anpassungsf\u00e4hig an eine Vielzahl von Outdoor-Umgebungen und t\u00e4glichen Szenarien. Bieten Gro\u00dfhandel und flexible OEM \/ ODM-Anpassung Dienstleistungen zu helfen, Marken schaffen unverwechselbare Produktlinien.<\/p>\n<h2>Crocs Schuhe Gro\u00dfhandel Spezifikationen:<\/h2>\n<table width=\"777\">\n<tbody>\n<tr>\n<td width=\"291\">Hersteller:<\/td>\n<td width=\"486\">Mingyi<\/td>\n<\/tr>\n<tr>\n<td>Stil:<\/td>\n<td>Crocs Schuhe<\/td>\n<\/tr>\n<tr>\n<td>Modell:<\/td>\n<td>102<\/td>\n<\/tr>\n<tr>\n<td>Material:\u00a0<\/td>\n<td>EVA<\/td>\n<\/tr>\n<tr>\n<td>Farbe:\u00a0<\/td>\n<td>schwarz, grau, braun, khaki<\/td>\n<\/tr>\n<tr>\n<td>Gr\u00f6\u00dfe:\u00a0<\/td>\n<td>36-37, 38-39,40-41, 42-43,44-45<\/td>\n<\/tr>\n<tr>\n<td>Anpassungsoptionen:\u00a0<\/td>\n<td>Logo (Oberseite, Seite, Einlegesohle) \/ All-Over-Druck \/ Farbe \/ Material \/ Sohlendicke \/ Obermaterial<\/td>\n<\/tr>\n<tr>\n<td>Verpacken:\u00a0<\/td>\n<td>Kundenspezifische Verpackung<\/td>\n<\/tr>\n<tr>\n<td>Muster\uff1a<\/td>\n<td>Kostenlose Blindmuster<\/td>\n<\/tr>\n<\/tbody>\n<\/table>","protected":false},"featured_media":1018,"comment_status":"closed","ping_status":"closed","template":"","meta":{"_acf_changed":false},"product_brand":[],"product_cat":[18],"product_tag":[25,26],"class_list":{"0":"post-1017","1":"product","2":"type-product","3":"status-publish","4":"has-post-thumbnail","6":"product_cat-wholesale-crocs-shoes","7":"product_tag-eva-slippers-wholesale","8":"product_tag-mens-slippers-wholesale","10":"first","11":"instock","12":"shipping-taxable","13":"product-type-simple"},"acf":[],"_links":{"self":[{"href":"https:\/\/www.mappershoe.com\/de\/wp-json\/wp\/v2\/product\/1017","targetHints":{"allow":["GET"]}}],"collection":[{"href":"https:\/\/www.mappershoe.com\/de\/wp-json\/wp\/v2\/product"}],"about":[{"href":"https:\/\/www.mappershoe.com\/de\/wp-json\/wp\/v2\/types\/product"}],"replies":[{"embeddable":true,"href":"https:\/\/www.mappershoe.com\/de\/wp-json\/wp\/v2\/comments?post=1017"}],"wp:featuredmedia":[{"embeddable":true,"href":"https:\/\/www.mappershoe.com\/de\/wp-json\/wp\/v2\/media\/1018"}],"wp:attachment":[{"href":"https:\/\/www.mappershoe.com\/de\/wp-json\/wp\/v2\/media?parent=1017"}],"wp:term":[{"taxonomy":"product_brand","embeddable":true,"href":"https:\/\/www.mappershoe.com\/de\/wp-json\/wp\/v2\/product_brand?post=1017"},{"taxonomy":"product_cat","embeddable":true,"href":"https:\/\/www.mappershoe.com\/de\/wp-json\/wp\/v2\/product_cat?post=1017"},{"taxonomy":"product_tag","embeddable":true,"href":"https:\/\/www.mappershoe.com\/de\/wp-json\/wp\/v2\/product_tag?post=1017"}],"curies":[{"name":"wp","href":"https:\/\/api.w.org\/{rel}","templated":true}]}}