{"id":1030,"date":"2025-04-27T03:51:14","date_gmt":"2025-04-27T03:51:14","guid":{"rendered":"https:\/\/www.mappershoe.com\/?post_type=product&#038;p=1030"},"modified":"2025-04-27T03:51:15","modified_gmt":"2025-04-27T03:51:15","slug":"custom-crocs-clogs","status":"publish","type":"product","link":"https:\/\/www.mappershoe.com\/de\/produkt\/custom-crocs-clogs\/","title":{"rendered":"Benutzerdefinierte Crocs Clogs mit Logo, Riemen Anpassung, Bulk Crocs Schuhe in 5 Farben"},"content":{"rendered":"<div class=\"wp-block-columns is-layout-flex wp-container-core-columns-is-layout-9d6595d7 wp-block-columns-is-layout-flex\">\n<div class=\"wp-block-column is-layout-flow wp-block-column-is-layout-flow\">\n<h3 class=\"wp-block-heading\">Premium Custom Crocs Clogs Merkmale:<\/h3>\n\n\n\n<p><strong>Kundenspezifischer LOGO-Service: <\/strong>Unsere ma\u00dfgeschneiderten Crocs Clogs unterst\u00fctzen den Druck eines exklusiven LOGOs auf Schuhe und Schn\u00fcrsenkel, um die Markenpr\u00e4senz zu erh\u00f6hen und einen einzigartigen Wiedererkennungswert zu schaffen.<\/p>\n\n\n\n<p><strong>Anpassbares Spitzendesign: <\/strong>Die Crocs-Schn\u00fcrsenkel k\u00f6nnen in Bezug auf Material, Farbe und Druckinhalt individuell angepasst werden, um unterschiedlichen Marken- und Aktivit\u00e4tsanforderungen gerecht zu werden.<\/p>\n\n\n\n<p><strong>F\u00fcnf beliebte Farben: <\/strong>F\u00fcnf allgemeine Farben werden f\u00fcr unsere benutzerdefinierten Crocs Clogs angeboten, reichhaltige Anpassungen, anwendbar auf verschiedene M\u00e4rkte und Kundenanforderungen.<\/p>\n\n\n\n<p><strong>Bequemes und leichtes EVA-Material:<\/strong> Unsere ma\u00dfgefertigten Crocs Clogs werden aus weichem und leichtem EVA-Material hergestellt, das sanft zur Haut ist und dennoch \u00fcber einen l\u00e4ngeren Zeitraum hinweg bequem zu tragen ist.<\/p>\n\n\n\n<p><strong>Atmungsaktiv und Drainage Design: <\/strong>Die meisten Crocs-Schuhe haben ein por\u00f6ses Obermaterial, das atmungsaktiv und w\u00e4rmeableitend ist und eine schnelle Drainage bietet, ideal f\u00fcr Sommerstr\u00e4nde, Schwimmb\u00e4der und andere rutschige Bedingungen.<\/p>\n\n\n\n<p><strong>Unterst\u00fctzt kundenspezifische LOGO und Massenanpassung: <\/strong>Die benutzerdefinierten Crocs Schuhe f\u00fcr M\u00e4nner bieten eine Vielzahl von Farben, Gr\u00f6\u00dfen und LOGO Anpassung Dienstleistungen, Unterst\u00fctzung OEM \/ ODM und gro\u00dfe Mengen von schnellen Lieferung.<\/p>\n<\/div>\n\n\n\n<div class=\"wp-block-column is-layout-flow wp-block-column-is-layout-flow\">\n<figure class=\"wp-block-image size-full\"><img decoding=\"async\" width=\"1000\" height=\"1000\" src=\"https:\/\/www.mappershoe.com\/wp-content\/uploads\/2025\/04\/custom-crocs-clogs-with-logo-bulk-crocs-shoes-in-5-colors-7.webp\" alt=\"custom-crocs-clogs-mit-logo-bulk-crocs-schuhe-in-5-farben-7\" class=\"wp-image-1048\" srcset=\"https:\/\/www.mappershoe.com\/wp-content\/uploads\/2025\/04\/custom-crocs-clogs-with-logo-bulk-crocs-shoes-in-5-colors-7.webp 1000w, https:\/\/www.mappershoe.com\/wp-content\/uploads\/2025\/04\/custom-crocs-clogs-with-logo-bulk-crocs-shoes-in-5-colors-7-300x300.webp 300w, https:\/\/www.mappershoe.com\/wp-content\/uploads\/2025\/04\/custom-crocs-clogs-with-logo-bulk-crocs-shoes-in-5-colors-7-150x150.webp 150w, https:\/\/www.mappershoe.com\/wp-content\/uploads\/2025\/04\/custom-crocs-clogs-with-logo-bulk-crocs-shoes-in-5-colors-7-768x768.webp 768w, https:\/\/www.mappershoe.com\/wp-content\/uploads\/2025\/04\/custom-crocs-clogs-with-logo-bulk-crocs-shoes-in-5-colors-7-12x12.webp 12w, https:\/\/www.mappershoe.com\/wp-content\/uploads\/2025\/04\/custom-crocs-clogs-with-logo-bulk-crocs-shoes-in-5-colors-7-600x600.webp 600w, https:\/\/www.mappershoe.com\/wp-content\/uploads\/2025\/04\/custom-crocs-clogs-with-logo-bulk-crocs-shoes-in-5-colors-7-100x100.webp 100w\" sizes=\"(max-width: 1000px) 100vw, 1000px\" \/><\/figure>\n<\/div>\n<\/div>\n\n\n\n<p><\/p>","protected":false},"excerpt":{"rendered":"<p>Unsere benutzerdefinierten Crocs Clogs mit Logo sind speziell f\u00fcr die Markenanpassung konzipiert, die das Hinzuf\u00fcgen von exklusiven Logos auf dem Obermaterial oder den Schn\u00fcrsenkeln unterst\u00fctzt, sowie die Anpassung der Spitzenfarbe und des Designs, um ein personalisiertes Markenprodukt zu schaffen. Ausgew\u00e4hltes, leichtes und bequemes EVA-Material. Diese Crocs-Schuhe in f\u00fcnf beliebten Farben sind f\u00fcr eine Vielzahl von Outdoor-, Strand- und Freizeitaktivit\u00e4ten geeignet. Flexible MOQ, Unterst\u00fctzung OEM\/ODM-Service, kontaktieren Sie uns jetzt!<\/p>\n<h2>Kundenspezifische Crocs Clogs Spezifikationen:<\/h2>\n<table width=\"777\">\n<tbody>\n<tr>\n<td width=\"291\">Hersteller:<\/td>\n<td width=\"486\">Mingyi<\/td>\n<\/tr>\n<tr>\n<td>Stil:<\/td>\n<td>Crocs Schuhe<\/td>\n<\/tr>\n<tr>\n<td>Modell:<\/td>\n<td>103<\/td>\n<\/tr>\n<tr>\n<td>Material:\u00a0<\/td>\n<td>EVA<\/td>\n<\/tr>\n<tr>\n<td>Farbe:\u00a0<\/td>\n<td>schwarz, wei\u00df, rosa, khaki, gr\u00fcn<\/td>\n<\/tr>\n<tr>\n<td>Gr\u00f6\u00dfe:\u00a0<\/td>\n<td>36-37, 38-39,40-41, 42-43,44-45<\/td>\n<\/tr>\n<tr>\n<td>Anpassungsoptionen:\u00a0<\/td>\n<td>Logo (Oberseite, Seite, Einlegesohle) \/ All-Over-Druck \/ Farbe \/ Material \/ Sohlendicke \/ Obermaterial<\/td>\n<\/tr>\n<tr>\n<td>Verpacken:\u00a0<\/td>\n<td>Kundenspezifische Verpackung<\/td>\n<\/tr>\n<tr>\n<td>Muster\uff1a<\/td>\n<td>Kostenlose Blindmuster<\/td>\n<\/tr>\n<\/tbody>\n<\/table>","protected":false},"featured_media":1047,"comment_status":"closed","ping_status":"closed","template":"","meta":{"_acf_changed":false},"product_brand":[],"product_cat":[18],"product_tag":[25,26,27],"class_list":{"0":"post-1030","1":"product","2":"type-product","3":"status-publish","4":"has-post-thumbnail","6":"product_cat-wholesale-crocs-shoes","7":"product_tag-eva-slippers-wholesale","8":"product_tag-mens-slippers-wholesale","9":"product_tag-wholesale-womens-slippers","11":"first","12":"instock","13":"shipping-taxable","14":"product-type-simple"},"acf":[],"_links":{"self":[{"href":"https:\/\/www.mappershoe.com\/de\/wp-json\/wp\/v2\/product\/1030","targetHints":{"allow":["GET"]}}],"collection":[{"href":"https:\/\/www.mappershoe.com\/de\/wp-json\/wp\/v2\/product"}],"about":[{"href":"https:\/\/www.mappershoe.com\/de\/wp-json\/wp\/v2\/types\/product"}],"replies":[{"embeddable":true,"href":"https:\/\/www.mappershoe.com\/de\/wp-json\/wp\/v2\/comments?post=1030"}],"wp:featuredmedia":[{"embeddable":true,"href":"https:\/\/www.mappershoe.com\/de\/wp-json\/wp\/v2\/media\/1047"}],"wp:attachment":[{"href":"https:\/\/www.mappershoe.com\/de\/wp-json\/wp\/v2\/media?parent=1030"}],"wp:term":[{"taxonomy":"product_brand","embeddable":true,"href":"https:\/\/www.mappershoe.com\/de\/wp-json\/wp\/v2\/product_brand?post=1030"},{"taxonomy":"product_cat","embeddable":true,"href":"https:\/\/www.mappershoe.com\/de\/wp-json\/wp\/v2\/product_cat?post=1030"},{"taxonomy":"product_tag","embeddable":true,"href":"https:\/\/www.mappershoe.com\/de\/wp-json\/wp\/v2\/product_tag?post=1030"}],"curies":[{"name":"wp","href":"https:\/\/api.w.org\/{rel}","templated":true}]}}