{"id":1053,"date":"2025-04-27T06:34:54","date_gmt":"2025-04-27T06:34:54","guid":{"rendered":"https:\/\/www.mappershoe.com\/?post_type=product&#038;p=1053"},"modified":"2025-04-27T06:34:56","modified_gmt":"2025-04-27T06:34:56","slug":"custom-crocs-shoes","status":"publish","type":"product","link":"https:\/\/www.mappershoe.com\/de\/produkt\/custom-crocs-shoes\/","title":{"rendered":"Custom Crocs Schuhe f\u00fcr Frauen, EVA Crocs Schuhe Gro\u00dfhandel in 7 Farben"},"content":{"rendered":"<div class=\"wp-block-columns is-layout-flex wp-container-core-columns-is-layout-9d6595d7 wp-block-columns-is-layout-flex\">\n<div class=\"wp-block-column is-layout-flow wp-block-column-is-layout-flow\">\n<h3 class=\"wp-block-heading\">Premium Custom Crocs Schuhe Eigenschaften:<\/h3>\n\n\n\n<p><strong>Hochwertiges, leichtes EVA-Material: <\/strong>Unsere Crocs Schuhe Gro\u00dfhandel sind aus hochelastischen leichten EVA-Material, weich und bequem, bietet ein angenehmes Fu\u00dfgef\u00fchl.<\/p>\n\n\n\n<p><strong>Sieben einfarbige Designs:<\/strong> Diese benutzerdefinierten Crocs Schuhe f\u00fcr Frauen ausgew\u00e4hlt sieben beliebten Uni-Farben, voller Farbe, modisch und vielseitig, um die Bed\u00fcrfnisse einer Vielzahl von passenden erf\u00fcllen.<\/p>\n\n\n\n<p><strong>Anpassbare Schn\u00fcrsenkel und Sohlen: <\/strong>Diese ma\u00dfgeschneiderten Crocs-Schuhe f\u00fcr Frauen unterst\u00fctzen die Anpassung von Schn\u00fcrsenkeln und Sohlen in Farbe und Stil, wodurch ein einzigartiges und exklusives Produkt entsteht.<\/p>\n\n\n\n<p><strong>Atmungsaktives und entw\u00e4sserndes Obermaterial: <\/strong>Diese ma\u00dfgeschneiderten Crocs-Schuhe f\u00fcr Frauen haben ein por\u00f6ses Obermaterial mit guter Atmungsaktivit\u00e4t und schneller Drainage, das sich f\u00fcr das Tragen im Sommer und in vielen feuchten Umgebungen eignet.<\/p>\n\n\n\n<p><strong>Flexibler Dienst zur Anpassung von Stapeln: <\/strong>Unsere Crocs Schuhe Gro\u00dfhandel bieten gro\u00dfe Menge Lieferung und professionelle OEM \/ ODM Anpassung, geeignet f\u00fcr Marken und Gro\u00dfh\u00e4ndler mit mehreren Einkaufsbedarf.<\/p>\n<\/div>\n\n\n\n<div class=\"wp-block-column is-layout-flow wp-block-column-is-layout-flow\">\n<figure class=\"wp-block-image size-full\"><img decoding=\"async\" width=\"800\" height=\"800\" src=\"https:\/\/www.mappershoe.com\/wp-content\/uploads\/2025\/04\/custom-crocs-shoes-for-women-eva-crocs-shoes-wholesale-in-7-colors-15.webp\" alt=\"custom-crocs-schuhe-f\u00fcr-damen-eva-crocs-schuhe-gro\u00dfhandel-in-7-farben-6\" class=\"wp-image-1073\" srcset=\"https:\/\/www.mappershoe.com\/wp-content\/uploads\/2025\/04\/custom-crocs-shoes-for-women-eva-crocs-shoes-wholesale-in-7-colors-15.webp 800w, https:\/\/www.mappershoe.com\/wp-content\/uploads\/2025\/04\/custom-crocs-shoes-for-women-eva-crocs-shoes-wholesale-in-7-colors-15-300x300.webp 300w, https:\/\/www.mappershoe.com\/wp-content\/uploads\/2025\/04\/custom-crocs-shoes-for-women-eva-crocs-shoes-wholesale-in-7-colors-15-150x150.webp 150w, https:\/\/www.mappershoe.com\/wp-content\/uploads\/2025\/04\/custom-crocs-shoes-for-women-eva-crocs-shoes-wholesale-in-7-colors-15-768x768.webp 768w, https:\/\/www.mappershoe.com\/wp-content\/uploads\/2025\/04\/custom-crocs-shoes-for-women-eva-crocs-shoes-wholesale-in-7-colors-15-12x12.webp 12w, https:\/\/www.mappershoe.com\/wp-content\/uploads\/2025\/04\/custom-crocs-shoes-for-women-eva-crocs-shoes-wholesale-in-7-colors-15-600x600.webp 600w, https:\/\/www.mappershoe.com\/wp-content\/uploads\/2025\/04\/custom-crocs-shoes-for-women-eva-crocs-shoes-wholesale-in-7-colors-15-100x100.webp 100w\" sizes=\"(max-width: 800px) 100vw, 800px\" \/><\/figure>\n<\/div>\n<\/div>\n\n\n\n<p><\/p>","protected":false},"excerpt":{"rendered":"<p>Willkommen bei unseren Crocs Schuhe Gro\u00dfhandel in der Masse zu kaufen. Unsere benutzerdefinierten Crocs Schuhe f\u00fcr Frauen sind aus hochwertigem, leichtem EVA-Material, weich und langlebig, und die Innensohle der Schuhe ist speziell mit einem Anti-Rutsch-Textur-Prozess, der den Komfort und Anti-Rutsch-Leistung der Schuhe verbessert, so dass sie geeignet f\u00fcr den t\u00e4glichen und Outdoor-Einsatz in mehreren Szenarien. Entworfen mit 7 festen Farben, ist es frisch und vielseitig, und es unterst\u00fctzt auch die Farbe und Stil Anpassung der Schn\u00fcrsenkel und Sohlen, so dass es einfach, Ihren Stil zu erstellen.<\/p>\n<h2>Kundenspezifische Crocs-Schuhe Spezifikationen:<\/h2>\n<table width=\"777\">\n<tbody>\n<tr>\n<td width=\"291\">Hersteller:<\/td>\n<td width=\"486\">Mingyi<\/td>\n<\/tr>\n<tr>\n<td>Stil:<\/td>\n<td>Crocs Schuhe<\/td>\n<\/tr>\n<tr>\n<td>Modell:<\/td>\n<td>104<\/td>\n<\/tr>\n<tr>\n<td>Material:\u00a0<\/td>\n<td>EVA<\/td>\n<\/tr>\n<tr>\n<td>Farbe:\u00a0<\/td>\n<td>schwarz, wei\u00df, rosa, gelb, gr\u00fcn, blau, grau<\/td>\n<\/tr>\n<tr>\n<td>Gr\u00f6\u00dfe:\u00a0<\/td>\n<td>36-37, 38-39,40-41, 42-43,44-45<\/td>\n<\/tr>\n<tr>\n<td>Anpassungsoptionen:\u00a0<\/td>\n<td>Logo (Oberseite, Seite, Einlegesohle) \/ All-Over-Druck \/ Farbe \/ Material \/ Sohlendicke \/ Obermaterial<\/td>\n<\/tr>\n<tr>\n<td>Verpacken:\u00a0<\/td>\n<td>Kundenspezifische Verpackung<\/td>\n<\/tr>\n<tr>\n<td>Muster\uff1a<\/td>\n<td>Kostenlose Blindmuster<\/td>\n<\/tr>\n<\/tbody>\n<\/table>","protected":false},"featured_media":1070,"comment_status":"closed","ping_status":"closed","template":"","meta":{"_acf_changed":false},"product_brand":[],"product_cat":[18],"product_tag":[25,27],"class_list":{"0":"post-1053","1":"product","2":"type-product","3":"status-publish","4":"has-post-thumbnail","6":"product_cat-wholesale-crocs-shoes","7":"product_tag-eva-slippers-wholesale","8":"product_tag-wholesale-womens-slippers","10":"first","11":"instock","12":"shipping-taxable","13":"product-type-simple"},"acf":[],"_links":{"self":[{"href":"https:\/\/www.mappershoe.com\/de\/wp-json\/wp\/v2\/product\/1053","targetHints":{"allow":["GET"]}}],"collection":[{"href":"https:\/\/www.mappershoe.com\/de\/wp-json\/wp\/v2\/product"}],"about":[{"href":"https:\/\/www.mappershoe.com\/de\/wp-json\/wp\/v2\/types\/product"}],"replies":[{"embeddable":true,"href":"https:\/\/www.mappershoe.com\/de\/wp-json\/wp\/v2\/comments?post=1053"}],"wp:featuredmedia":[{"embeddable":true,"href":"https:\/\/www.mappershoe.com\/de\/wp-json\/wp\/v2\/media\/1070"}],"wp:attachment":[{"href":"https:\/\/www.mappershoe.com\/de\/wp-json\/wp\/v2\/media?parent=1053"}],"wp:term":[{"taxonomy":"product_brand","embeddable":true,"href":"https:\/\/www.mappershoe.com\/de\/wp-json\/wp\/v2\/product_brand?post=1053"},{"taxonomy":"product_cat","embeddable":true,"href":"https:\/\/www.mappershoe.com\/de\/wp-json\/wp\/v2\/product_cat?post=1053"},{"taxonomy":"product_tag","embeddable":true,"href":"https:\/\/www.mappershoe.com\/de\/wp-json\/wp\/v2\/product_tag?post=1053"}],"curies":[{"name":"wp","href":"https:\/\/api.w.org\/{rel}","templated":true}]}}