{"id":1282,"date":"2025-05-16T10:08:41","date_gmt":"2025-05-16T10:08:41","guid":{"rendered":"https:\/\/www.mappershoe.com\/?post_type=product&#038;p=1282"},"modified":"2025-05-16T10:08:44","modified_gmt":"2025-05-16T10:08:44","slug":"crocs-shoes-custom","status":"publish","type":"product","link":"https:\/\/www.mappershoe.com\/de\/produkt\/crocs-shoes-custom\/","title":{"rendered":"Conton Crocs Schuhe benutzerdefinierte Indoor warm halten pelzigen EVA Clogs Gro\u00dfhandel"},"content":{"rendered":"<div class=\"wp-block-columns is-layout-flex wp-container-core-columns-is-layout-9d6595d7 wp-block-columns-is-layout-flex\">\n<div class=\"wp-block-column is-layout-flow wp-block-column-is-layout-flow\">\n<h3 class=\"wp-block-heading\">Premium Conton Crocs Schuhe Custom Features:<\/h3>\n\n\n\n<p><strong>Warmes Futterdesign: <\/strong>Diese conton crocs Schuhe sind mit weichem Kunstpelz gef\u00fcttert und bieten eine effektive Temperatursperre, geeignet f\u00fcr Herbst und Winter im Innenbereich.<\/p>\n\n\n\n<p><strong>Leichte EVA-Sohle: <\/strong>Diese Crocs-Schuhe sind aus hochelastischem EVA-Material gefertigt, leicht und bequem, mit Sto\u00dfd\u00e4mpfung und Haltbarkeit.<\/p>\n\n\n\n<p><strong>Logo und Farbe anpassbar: <\/strong>Unsere EVA Clogs Gro\u00dfhandel unterst\u00fctzen OEM-Anpassung, um die personalisierten Bed\u00fcrfnisse der Marke oder Gro\u00dfhandel Kunden zu erf\u00fcllen.<\/p>\n\n\n\n<p><strong>Rutschfeste Sohlenstruktur: <\/strong>Unsere EVA Clogs Gro\u00dfhandelssohle ist mit einer konkav-konvexen Textur versehen, die die Griffigkeit erh\u00f6ht und rutschfest und sicher ist.<\/p>\n\n\n\n<p><strong>Bequeme Umh\u00fcllung Fu\u00dfform: <\/strong>Diese conton crocs Schuhe passen sich dem Fu\u00df gut an und bieten guten Halt f\u00fcr langes Tragen.<\/p>\n<\/div>\n\n\n\n<div class=\"wp-block-column is-layout-flow wp-block-column-is-layout-flow\">\n<figure class=\"wp-block-image size-full\"><img decoding=\"async\" width=\"1000\" height=\"1000\" src=\"https:\/\/www.mappershoe.com\/wp-content\/uploads\/2025\/05\/conton-crocs-shoes-custom-indoor-keep-warm-furry-eva-clogs-wholesale-4.webp\" alt=\"conton-crocs-schuhe-indoor-warmhalten-furry-eva-clogs-grosshandel-4\" class=\"wp-image-1286\" srcset=\"https:\/\/www.mappershoe.com\/wp-content\/uploads\/2025\/05\/conton-crocs-shoes-custom-indoor-keep-warm-furry-eva-clogs-wholesale-4.webp 1000w, https:\/\/www.mappershoe.com\/wp-content\/uploads\/2025\/05\/conton-crocs-shoes-custom-indoor-keep-warm-furry-eva-clogs-wholesale-4-300x300.webp 300w, https:\/\/www.mappershoe.com\/wp-content\/uploads\/2025\/05\/conton-crocs-shoes-custom-indoor-keep-warm-furry-eva-clogs-wholesale-4-150x150.webp 150w, https:\/\/www.mappershoe.com\/wp-content\/uploads\/2025\/05\/conton-crocs-shoes-custom-indoor-keep-warm-furry-eva-clogs-wholesale-4-768x768.webp 768w, https:\/\/www.mappershoe.com\/wp-content\/uploads\/2025\/05\/conton-crocs-shoes-custom-indoor-keep-warm-furry-eva-clogs-wholesale-4-12x12.webp 12w, https:\/\/www.mappershoe.com\/wp-content\/uploads\/2025\/05\/conton-crocs-shoes-custom-indoor-keep-warm-furry-eva-clogs-wholesale-4-600x600.webp 600w, https:\/\/www.mappershoe.com\/wp-content\/uploads\/2025\/05\/conton-crocs-shoes-custom-indoor-keep-warm-furry-eva-clogs-wholesale-4-100x100.webp 100w\" sizes=\"(max-width: 1000px) 100vw, 1000px\" \/><\/figure>\n<\/div>\n<\/div>\n\n\n\n<p><\/p>","protected":false},"excerpt":{"rendered":"<p>Willkommen bei unseren conton crocs Schuhe benutzerdefinierte kaufen. Diese Pl\u00fcsch EVA Clogs Gro\u00dfhandel sind f\u00fcr gem\u00fctliche Innen tragen, mit weichem Pl\u00fcsch Futter f\u00fcr W\u00e4rme, leichte EVA-Sohlen f\u00fcr den ganzen Tag Komfort und rutschfeste Design f\u00fcr die Sicherheit konzipiert. Ideal f\u00fcr die Herbst- und Wintersaison, Gro\u00dfhandel Auftr\u00e4ge unterst\u00fctzen kundenspezifische Logos und Farben.<\/p>\n<h2>\u00a0Crocs Schuhe Kundenspezifische Spezifikationen:<\/h2>\n<table width=\"777\">\n<tbody>\n<tr>\n<td width=\"291\">Hersteller:<\/td>\n<td width=\"486\">Mingyi<\/td>\n<\/tr>\n<tr>\n<td>Stil:<\/td>\n<td>Crocs Schuhe<\/td>\n<\/tr>\n<tr>\n<td>Modell:<\/td>\n<td>105<\/td>\n<\/tr>\n<tr>\n<td>Material:\u00a0<\/td>\n<td>EVA<\/td>\n<\/tr>\n<tr>\n<td>Farbe:\u00a0<\/td>\n<td>schwarz, wei\u00df, rosa, gr\u00fcn, grau<\/td>\n<\/tr>\n<tr>\n<td>Gr\u00f6\u00dfe:\u00a0<\/td>\n<td>36-37, 38-39,40-41, 42-43,44-45<\/td>\n<\/tr>\n<tr>\n<td>Anpassungsoptionen:\u00a0<\/td>\n<td>Logo (Oberseite, Seite, Einlegesohle) \/ All-Over-Druck \/ Farbe \/ Material \/ Sohlendicke \/ Obermaterial<\/td>\n<\/tr>\n<tr>\n<td>Verpacken:\u00a0<\/td>\n<td>Kundenspezifische Verpackung<\/td>\n<\/tr>\n<tr>\n<td>Muster\uff1a<\/td>\n<td>Kostenlose Blindmuster<\/td>\n<\/tr>\n<\/tbody>\n<\/table>","protected":false},"featured_media":1285,"comment_status":"closed","ping_status":"closed","template":"","meta":{"_acf_changed":false},"product_brand":[],"product_cat":[18],"product_tag":[25,26,27],"class_list":{"0":"post-1282","1":"product","2":"type-product","3":"status-publish","4":"has-post-thumbnail","6":"product_cat-wholesale-crocs-shoes","7":"product_tag-eva-slippers-wholesale","8":"product_tag-mens-slippers-wholesale","9":"product_tag-wholesale-womens-slippers","11":"first","12":"instock","13":"shipping-taxable","14":"product-type-simple"},"acf":[],"_links":{"self":[{"href":"https:\/\/www.mappershoe.com\/de\/wp-json\/wp\/v2\/product\/1282","targetHints":{"allow":["GET"]}}],"collection":[{"href":"https:\/\/www.mappershoe.com\/de\/wp-json\/wp\/v2\/product"}],"about":[{"href":"https:\/\/www.mappershoe.com\/de\/wp-json\/wp\/v2\/types\/product"}],"replies":[{"embeddable":true,"href":"https:\/\/www.mappershoe.com\/de\/wp-json\/wp\/v2\/comments?post=1282"}],"wp:featuredmedia":[{"embeddable":true,"href":"https:\/\/www.mappershoe.com\/de\/wp-json\/wp\/v2\/media\/1285"}],"wp:attachment":[{"href":"https:\/\/www.mappershoe.com\/de\/wp-json\/wp\/v2\/media?parent=1282"}],"wp:term":[{"taxonomy":"product_brand","embeddable":true,"href":"https:\/\/www.mappershoe.com\/de\/wp-json\/wp\/v2\/product_brand?post=1282"},{"taxonomy":"product_cat","embeddable":true,"href":"https:\/\/www.mappershoe.com\/de\/wp-json\/wp\/v2\/product_cat?post=1282"},{"taxonomy":"product_tag","embeddable":true,"href":"https:\/\/www.mappershoe.com\/de\/wp-json\/wp\/v2\/product_tag?post=1282"}],"curies":[{"name":"wp","href":"https:\/\/api.w.org\/{rel}","templated":true}]}}