{"id":1289,"date":"2025-05-16T10:29:25","date_gmt":"2025-05-16T10:29:25","guid":{"rendered":"https:\/\/www.mappershoe.com\/?post_type=product&#038;p=1289"},"modified":"2025-10-27T07:18:52","modified_gmt":"2025-10-27T07:18:52","slug":"eva-clogs-wholesale","status":"publish","type":"product","link":"https:\/\/www.mappershoe.com\/de\/produkt\/eva-clogs-wholesale\/","title":{"rendered":"Warme EVA Clogs Gro\u00dfhandel, Custom Winter Crocs Schuhe in Gr\u00f6\u00dfen"},"content":{"rendered":"<div class=\"wp-block-columns is-layout-flex wp-container-core-columns-is-layout-9d6595d7 wp-block-columns-is-layout-flex\">\n<div class=\"wp-block-column is-layout-flow wp-block-column-is-layout-flow\">\n<h3 class=\"wp-block-heading\">Premium EVA Clogs Gro\u00dfhandel Eigenschaften:<\/h3>\n\n\n\n<p><strong>Bequemes Innenfutter:<\/strong> Diese Eva Clogs Gro\u00dfhandel haben eine weiche Fleece-Futter, um Ihre F\u00fc\u00dfe warm durch den Winter zu halten und bieten Komfort.<\/p>\n\n\n\n<p><strong>Strapazierf\u00e4higes, elastisches EVA-Material: <\/strong>Die Sohle unserer ma\u00dfgefertigten Crocs-Schuhe besteht aus leichtem und haltbarem EVA-Material, das D\u00e4mpfung und Halt bietet.<\/p>\n\n\n\n<p><strong>Anti-Rutsch-Laufsohle:<\/strong> Diese EVA Clogs Gro\u00dfhandel Laufsohle Muster ist mit einem wissenschaftlichen Lauffl\u00e4che zur Verbesserung der Reibung und Traktion auf rutschigen Oberfl\u00e4chen entwickelt.<\/p>\n\n\n\n<p><strong>Universeller Stil f\u00fcr M\u00e4nner und Frauen: <\/strong>Unsere ma\u00dfgefertigten Crocs-Schuhe sind in allen Gr\u00f6\u00dfen erh\u00e4ltlich, f\u00fcr M\u00e4nner und Frauen geeignet, im Unisex-Stil, modisch und vielseitig.<\/p>\n\n\n\n<p><strong>Anpassbare Dienstleistung: <\/strong>Diese Eva Clogs Gro\u00dfhandel Unterst\u00fctzung OEM \/ ODM-Anpassung, einschlie\u00dflich Logo, Farbe, Muster und Verpackung personalisiertes Design, geeignet f\u00fcr Marken-Gro\u00dfhandel und Gruppe Einkauf.<\/p>\n<\/div>\n\n\n\n<div class=\"wp-block-column is-layout-flow wp-block-column-is-layout-flow\">\n<figure class=\"wp-block-image size-full\"><img decoding=\"async\" width=\"800\" height=\"800\" src=\"https:\/\/www.mappershoe.com\/wp-content\/uploads\/2025\/05\/warm-eva-clogs-wholesale-for-men-women-custom-crocs-shoes-6.webp\" alt=\"warme-eva-clogs-gro\u00dfhandel-f\u00fcr-m\u00e4nner-frauen-individuelle-crocs-schuhe-6\" class=\"wp-image-1295\" srcset=\"https:\/\/www.mappershoe.com\/wp-content\/uploads\/2025\/05\/warm-eva-clogs-wholesale-for-men-women-custom-crocs-shoes-6.webp 800w, https:\/\/www.mappershoe.com\/wp-content\/uploads\/2025\/05\/warm-eva-clogs-wholesale-for-men-women-custom-crocs-shoes-6-300x300.webp 300w, https:\/\/www.mappershoe.com\/wp-content\/uploads\/2025\/05\/warm-eva-clogs-wholesale-for-men-women-custom-crocs-shoes-6-150x150.webp 150w, https:\/\/www.mappershoe.com\/wp-content\/uploads\/2025\/05\/warm-eva-clogs-wholesale-for-men-women-custom-crocs-shoes-6-768x768.webp 768w, https:\/\/www.mappershoe.com\/wp-content\/uploads\/2025\/05\/warm-eva-clogs-wholesale-for-men-women-custom-crocs-shoes-6-12x12.webp 12w, https:\/\/www.mappershoe.com\/wp-content\/uploads\/2025\/05\/warm-eva-clogs-wholesale-for-men-women-custom-crocs-shoes-6-600x600.webp 600w, https:\/\/www.mappershoe.com\/wp-content\/uploads\/2025\/05\/warm-eva-clogs-wholesale-for-men-women-custom-crocs-shoes-6-100x100.webp 100w\" sizes=\"(max-width: 800px) 100vw, 800px\" \/><\/figure>\n<\/div>\n<\/div>\n\n\n\n<p><\/p>","protected":false},"excerpt":{"rendered":"<p>Willkommen zum Kauf unserer Eva Clogs Gro\u00dfhandel. Diese Winter EVA warm benutzerdefinierte Crocs Schuhe sind aus weichem Fleece-Futter und hohe Elastizit\u00e4t EVA Material, leicht, bequem und warm, geeignet f\u00fcr M\u00e4nner und Frauen, rutschfest und verschlei\u00dffest, die Anpassung an eine Vielzahl von Winterszenen. Unterst\u00fctzung vielf\u00e4ltiger Anpassung, ideale Winterschuhe Wahl f\u00fcr Marken oder Gro\u00dfh\u00e4ndler.<\/p>\n<h2>EVA Clogs Gro\u00dfhandel Spezifikationen:<\/h2>\n<table width=\"777\">\n<tbody>\n<tr>\n<td width=\"291\">Hersteller:<\/td>\n<td width=\"486\">Mingyi<\/td>\n<\/tr>\n<tr>\n<td>Stil:<\/td>\n<td>Crocs Schuhe<\/td>\n<\/tr>\n<tr>\n<td>Modell:<\/td>\n<td>106<\/td>\n<\/tr>\n<tr>\n<td>Material:\u00a0<\/td>\n<td>EVA<\/td>\n<\/tr>\n<tr>\n<td>Farbe:\u00a0<\/td>\n<td>schwarz, wei\u00df, braun, grau<\/td>\n<\/tr>\n<tr>\n<td>Gr\u00f6\u00dfe:\u00a0<\/td>\n<td>36-37, 38-39,40-41, 42-43,44-45<\/td>\n<\/tr>\n<tr>\n<td>Anpassungsoptionen:\u00a0<\/td>\n<td>Logo (Oberseite, Seite, Einlegesohle) \/ All-Over-Druck \/ Farbe \/ Material \/ Sohlendicke \/ Obermaterial<\/td>\n<\/tr>\n<tr>\n<td>Verpacken:\u00a0<\/td>\n<td>Kundenspezifische Verpackung<\/td>\n<\/tr>\n<tr>\n<td>Muster\uff1a<\/td>\n<td>Kostenlose Blindmuster<\/td>\n<\/tr>\n<\/tbody>\n<\/table>","protected":false},"featured_media":1294,"comment_status":"closed","ping_status":"closed","template":"","meta":{"_acf_changed":false},"product_brand":[],"product_cat":[18],"product_tag":[25,26,27],"class_list":{"0":"post-1289","1":"product","2":"type-product","3":"status-publish","4":"has-post-thumbnail","6":"product_cat-wholesale-crocs-shoes","7":"product_tag-eva-slippers-wholesale","8":"product_tag-mens-slippers-wholesale","9":"product_tag-wholesale-womens-slippers","11":"first","12":"instock","13":"shipping-taxable","14":"product-type-simple"},"acf":[],"_links":{"self":[{"href":"https:\/\/www.mappershoe.com\/de\/wp-json\/wp\/v2\/product\/1289","targetHints":{"allow":["GET"]}}],"collection":[{"href":"https:\/\/www.mappershoe.com\/de\/wp-json\/wp\/v2\/product"}],"about":[{"href":"https:\/\/www.mappershoe.com\/de\/wp-json\/wp\/v2\/types\/product"}],"replies":[{"embeddable":true,"href":"https:\/\/www.mappershoe.com\/de\/wp-json\/wp\/v2\/comments?post=1289"}],"wp:featuredmedia":[{"embeddable":true,"href":"https:\/\/www.mappershoe.com\/de\/wp-json\/wp\/v2\/media\/1294"}],"wp:attachment":[{"href":"https:\/\/www.mappershoe.com\/de\/wp-json\/wp\/v2\/media?parent=1289"}],"wp:term":[{"taxonomy":"product_brand","embeddable":true,"href":"https:\/\/www.mappershoe.com\/de\/wp-json\/wp\/v2\/product_brand?post=1289"},{"taxonomy":"product_cat","embeddable":true,"href":"https:\/\/www.mappershoe.com\/de\/wp-json\/wp\/v2\/product_cat?post=1289"},{"taxonomy":"product_tag","embeddable":true,"href":"https:\/\/www.mappershoe.com\/de\/wp-json\/wp\/v2\/product_tag?post=1289"}],"curies":[{"name":"wp","href":"https:\/\/api.w.org\/{rel}","templated":true}]}}