{"id":1402,"date":"2025-05-24T07:05:34","date_gmt":"2025-05-24T07:05:34","guid":{"rendered":"https:\/\/www.mappershoe.com\/?post_type=product&#038;p=1402"},"modified":"2025-05-24T07:05:36","modified_gmt":"2025-05-24T07:05:36","slug":"custom-slides-shoes","status":"publish","type":"product","link":"https:\/\/www.mappershoe.com\/de\/produkt\/custom-slides-shoes\/","title":{"rendered":"Custom Slides Schuhe Frauen M\u00e4nner, personalisierte Marke Logo Pantoffeln Gro\u00dfhandel"},"content":{"rendered":"<div class=\"wp-block-columns is-layout-flex wp-container-core-columns-is-layout-9d6595d7 wp-block-columns-is-layout-flex\">\n<div class=\"wp-block-column is-layout-flow wp-block-column-is-layout-flow\">\n<h3 class=\"wp-block-heading\">Premium Custom Slides Schuhe Eigenschaften:<\/h3>\n\n\n\n<p><strong>Individuelles Branding:<\/strong> Diese kundenspezifischen Gleitschuhe bieten einen individuellen Logodruck auf der Sohle oder dem Riemen - eine ideale Option f\u00fcr Firmengeschenke, Teamidentifikation oder Markenwerbung.<\/p>\n\n\n\n<p><strong>Dauerhaftes PVC-Material: <\/strong>Diese Hausschuhe aus hochwertigem PVC sind wasserdicht, leicht zu reinigen und f\u00fcr den t\u00e4glichen Gebrauch geeignet.<\/p>\n\n\n\n<p><strong>Komfortbetontes Design: <\/strong>Diese ma\u00dfgefertigten Slide-Schuhe haben eine profilierte Sohle mit rutschhemmender Textur f\u00fcr Gehkomfort und festen Halt auf nassen oder trockenen Oberfl\u00e4chen.<\/p>\n\n\n\n<p><strong>Unisex &amp; Vielseitig Farben: <\/strong>Diese Hausschuhe sind im Gro\u00dfhandel in den Farben Schwarz, Wei\u00df und Schwarz-Wei\u00df erh\u00e4ltlich - minimalistisch, geschlechtsneutral und leicht mit Freizeitoutfits zu kombinieren.<\/p>\n\n\n\n<p><strong>Bulk Gro\u00dfhandel bereit: <\/strong>Diese benutzerdefinierten Gleitschuhe eignen sich perfekt f\u00fcr Gro\u00dfhandelskunden, da sie eine niedrige Mindestbestellmenge haben und schnell produziert werden k\u00f6nnen - ideal f\u00fcr den Einzelhandel, Veranstaltungen, Hotels oder Werbeaktionen.<\/p>\n<\/div>\n\n\n\n<div class=\"wp-block-column is-layout-flow wp-block-column-is-layout-flow\">\n<figure class=\"wp-block-image size-full\"><img decoding=\"async\" width=\"650\" height=\"650\" src=\"https:\/\/www.mappershoe.com\/wp-content\/uploads\/2025\/05\/custom-slides-shoes-personalized-brand-logo-slippers-wholesale-7.webp\" alt=\"custom-slides-shoes-personalized-brand-logo-slippers-wholesale-7\" class=\"wp-image-1409\" srcset=\"https:\/\/www.mappershoe.com\/wp-content\/uploads\/2025\/05\/custom-slides-shoes-personalized-brand-logo-slippers-wholesale-7.webp 650w, https:\/\/www.mappershoe.com\/wp-content\/uploads\/2025\/05\/custom-slides-shoes-personalized-brand-logo-slippers-wholesale-7-300x300.webp 300w, https:\/\/www.mappershoe.com\/wp-content\/uploads\/2025\/05\/custom-slides-shoes-personalized-brand-logo-slippers-wholesale-7-150x150.webp 150w, https:\/\/www.mappershoe.com\/wp-content\/uploads\/2025\/05\/custom-slides-shoes-personalized-brand-logo-slippers-wholesale-7-12x12.webp 12w, https:\/\/www.mappershoe.com\/wp-content\/uploads\/2025\/05\/custom-slides-shoes-personalized-brand-logo-slippers-wholesale-7-600x600.webp 600w, https:\/\/www.mappershoe.com\/wp-content\/uploads\/2025\/05\/custom-slides-shoes-personalized-brand-logo-slippers-wholesale-7-100x100.webp 100w\" sizes=\"(max-width: 650px) 100vw, 650px\" \/><\/figure>\n<\/div>\n<\/div>","protected":false},"excerpt":{"rendered":"<p>Willkommen bei unseren benutzerdefinierten Dias Schuhe zu kaufen. Diese PVC-Pantoffeln Gro\u00dfhandel f\u00fcr M\u00e4nner und Frauen in schwarz, wei\u00df, und schwarz-wei\u00df colorways. Langlebig, wasserdicht und komfortabel mit Anti-Rutsch-Sohle-perfekt f\u00fcr den t\u00e4glichen Gebrauch. F\u00fcgen Sie Ihr personalisiertes Logo hinzu und bestellen Sie in gro\u00dfen Mengen f\u00fcr Markenwerbung, Veranstaltungen oder f\u00fcr den Einsatz im Gastgewerbe.<\/p>\n<h2>Kundenspezifische Gleitschuhe Spezifikationen:<\/h2>\n<table width=\"430\">\n<tbody>\n<tr>\n<td width=\"199\">Hersteller:<\/td>\n<td width=\"231\">Mingyi<\/td>\n<\/tr>\n<tr>\n<td>Stil:<\/td>\n<td>Hausschuhe<\/td>\n<\/tr>\n<tr>\n<td>Modell:<\/td>\n<td>1001<\/td>\n<\/tr>\n<tr>\n<td>Material:\u00a0<\/td>\n<td>PVC<\/td>\n<\/tr>\n<tr>\n<td>Farbe:\u00a0<\/td>\n<td>wei\u00df, schwarz<\/td>\n<\/tr>\n<tr>\n<td>Gr\u00f6\u00dfe:\u00a0<\/td>\n<td>US Gr\u00f6\u00dfe 6\u30016.5 \u30017 \u30017.5 \u30018\u30018.5\u30019\u30019.5\u300110-14<\/td>\n<\/tr>\n<tr>\n<td>Anpassungsoptionen:\u00a0<\/td>\n<td>Logo (Oberseite, Seite, Einlegesohle) \/ All-Over-Druck \/ Farbe \/ Material \/ Sohlendicke \/ Obermaterial<\/td>\n<\/tr>\n<tr>\n<td>Verpacken:\u00a0<\/td>\n<td>Kundenspezifische Verpackung<\/td>\n<\/tr>\n<tr>\n<td>Muster\uff1a<\/td>\n<td>Kostenlose Blindmuster<\/td>\n<\/tr>\n<\/tbody>\n<\/table>","protected":false},"featured_media":1403,"comment_status":"closed","ping_status":"closed","template":"","meta":{"_acf_changed":false},"product_brand":[],"product_cat":[19],"product_tag":[26,24,27],"class_list":{"0":"post-1402","1":"product","2":"type-product","3":"status-publish","4":"has-post-thumbnail","6":"product_cat-slippers-in-bulk","7":"product_tag-mens-slippers-wholesale","8":"product_tag-wholesale-pvc-slippers","9":"product_tag-wholesale-womens-slippers","11":"first","12":"instock","13":"shipping-taxable","14":"product-type-simple"},"acf":[],"_links":{"self":[{"href":"https:\/\/www.mappershoe.com\/de\/wp-json\/wp\/v2\/product\/1402","targetHints":{"allow":["GET"]}}],"collection":[{"href":"https:\/\/www.mappershoe.com\/de\/wp-json\/wp\/v2\/product"}],"about":[{"href":"https:\/\/www.mappershoe.com\/de\/wp-json\/wp\/v2\/types\/product"}],"replies":[{"embeddable":true,"href":"https:\/\/www.mappershoe.com\/de\/wp-json\/wp\/v2\/comments?post=1402"}],"wp:featuredmedia":[{"embeddable":true,"href":"https:\/\/www.mappershoe.com\/de\/wp-json\/wp\/v2\/media\/1403"}],"wp:attachment":[{"href":"https:\/\/www.mappershoe.com\/de\/wp-json\/wp\/v2\/media?parent=1402"}],"wp:term":[{"taxonomy":"product_brand","embeddable":true,"href":"https:\/\/www.mappershoe.com\/de\/wp-json\/wp\/v2\/product_brand?post=1402"},{"taxonomy":"product_cat","embeddable":true,"href":"https:\/\/www.mappershoe.com\/de\/wp-json\/wp\/v2\/product_cat?post=1402"},{"taxonomy":"product_tag","embeddable":true,"href":"https:\/\/www.mappershoe.com\/de\/wp-json\/wp\/v2\/product_tag?post=1402"}],"curies":[{"name":"wp","href":"https:\/\/api.w.org\/{rel}","templated":true}]}}