{"id":1410,"date":"2025-05-24T08:17:59","date_gmt":"2025-05-24T08:17:59","guid":{"rendered":"https:\/\/www.mappershoe.com\/?post_type=product&#038;p=1410"},"modified":"2025-05-24T08:18:12","modified_gmt":"2025-05-24T08:18:12","slug":"customized-slippers","status":"publish","type":"product","link":"https:\/\/www.mappershoe.com\/de\/produkt\/customized-slippers\/","title":{"rendered":"Customized Hausschuhe mit Logo f\u00fcr Sommer, Gro\u00dfhandel Klettverschluss Hausschuhe, verstellbare obere"},"content":{"rendered":"<div class=\"wp-block-columns is-layout-flex wp-container-core-columns-is-layout-9d6595d7 wp-block-columns-is-layout-flex\">\n<div class=\"wp-block-column is-layout-flow wp-block-column-is-layout-flow\">\n<h3 class=\"wp-block-heading\">Premium-Pantoffeln mit Logo Eigenschaften:<\/h3>\n\n\n\n<p><strong>Verstellbares Oberteil: <\/strong>Diese ma\u00dfgeschneiderten Hausschuhe mit Klettverschluss, die Breite des Oberteils ist flexibel einstellbar, um sich an verschiedene Fu\u00dfformen anzupassen, bequemer zu tragen.<\/p>\n\n\n\n<p><strong>Unterst\u00fctzung kundenspezifischer LOGO:<\/strong> Das kundenindividuelle Markenlogo kann nach Kundenwunsch hergestellt werden, um die Markenbekanntheit zu erh\u00f6hen. Diese Gro\u00dfhandel Klettverschluss Hausschuhe sind geeignet f\u00fcr die Unternehmensf\u00f6rderung, Gruppenaktivit\u00e4ten oder Markenanpassung.<\/p>\n\n\n\n<p><strong>Atmungsaktives Sommerdesign:<\/strong> Ma\u00dfgeschneiderte Hausschuhe sind spezielle Sommerschuhe. Ihr offenes Design sorgt daf\u00fcr, dass die F\u00fc\u00dfe nicht hei\u00df werden und erm\u00f6glicht Atmungsaktivit\u00e4t ohne zu ersticken.<\/p>\n\n\n\n<p><strong>Langlebiges und rutschfestes PVC-Material:<\/strong> Die Sohlen dieser Klettverschluss-Pantoffeln f\u00fcr den Gro\u00dfhandel sind aus handels\u00fcblichem, elastischem PVC gefertigt. Das Material ist rutschfest und bietet hervorragenden Halt in mehreren Innen- und Au\u00dfenbereichen.<\/p>\n\n\n\n<p><strong>Flexibilit\u00e4t bei der Massenproduktion im Gro\u00dfhandel: <\/strong>Diese ma\u00dfgeschneiderten Hausschuhe lassen sich bequem in gro\u00dfen Mengen f\u00fcr den Gro\u00dfhandel, Superm\u00e4rkte und den Verkauf \u00fcber E-Commerce-Websites herstellen.<\/p>\n<\/div>\n\n\n\n<div class=\"wp-block-column is-layout-flow wp-block-column-is-layout-flow\">\n<figure class=\"wp-block-image size-full\"><img decoding=\"async\" width=\"800\" height=\"800\" src=\"https:\/\/www.mappershoe.com\/wp-content\/uploads\/2025\/05\/customized-slippers-with-logo-for-summer-wholesale-velcro-slippers-4.webp\" alt=\"individuelle-hausschuhe-mit-logo-f\u00fcr-sommer-gro\u00dfhandel-klettverschluss-hausschuhe-4\" class=\"wp-image-1414\" srcset=\"https:\/\/www.mappershoe.com\/wp-content\/uploads\/2025\/05\/customized-slippers-with-logo-for-summer-wholesale-velcro-slippers-4.webp 800w, https:\/\/www.mappershoe.com\/wp-content\/uploads\/2025\/05\/customized-slippers-with-logo-for-summer-wholesale-velcro-slippers-4-300x300.webp 300w, https:\/\/www.mappershoe.com\/wp-content\/uploads\/2025\/05\/customized-slippers-with-logo-for-summer-wholesale-velcro-slippers-4-150x150.webp 150w, https:\/\/www.mappershoe.com\/wp-content\/uploads\/2025\/05\/customized-slippers-with-logo-for-summer-wholesale-velcro-slippers-4-768x768.webp 768w, https:\/\/www.mappershoe.com\/wp-content\/uploads\/2025\/05\/customized-slippers-with-logo-for-summer-wholesale-velcro-slippers-4-12x12.webp 12w, https:\/\/www.mappershoe.com\/wp-content\/uploads\/2025\/05\/customized-slippers-with-logo-for-summer-wholesale-velcro-slippers-4-600x600.webp 600w, https:\/\/www.mappershoe.com\/wp-content\/uploads\/2025\/05\/customized-slippers-with-logo-for-summer-wholesale-velcro-slippers-4-100x100.webp 100w\" sizes=\"(max-width: 800px) 100vw, 800px\" \/><\/figure>\n<\/div>\n<\/div>","protected":false},"excerpt":{"rendered":"<p>Willkommen zum Kauf unserer ma\u00dfgeschneiderten Hausschuhe mit Logo. Diese kundenspezifischen PVC-Klettverschluss Hausschuhe sind speziell f\u00fcr den Sommer gemacht, mit einem verstellbaren oberen Design geeignet f\u00fcr verschiedene Fu\u00dfformen und eine bequeme Passform. Unterst\u00fctzung Druck exklusive LOGO, ideal f\u00fcr Marken-Promotion oder Gruppenaktivit\u00e4ten. Hergestellt aus rutschfestem und strapazierf\u00e4higem PVC-Material, leicht und atmungsaktiv, geeignet f\u00fcr den Gro\u00dfhandel Vertrieb und kundenspezifische Zusammenarbeit.<\/p>\n<h2>Kundenspezifische Pantoffeln Spezifikationen:<\/h2>\n<table width=\"430\">\n<tbody>\n<tr>\n<td width=\"199\">Hersteller:<\/td>\n<td width=\"231\">Mingyi<\/td>\n<\/tr>\n<tr>\n<td>Stil:<\/td>\n<td>Hausschuhe<\/td>\n<\/tr>\n<tr>\n<td>Modell:<\/td>\n<td>2293<\/td>\n<\/tr>\n<tr>\n<td>Material:\u00a0<\/td>\n<td>PVC<\/td>\n<\/tr>\n<tr>\n<td>Farbe:\u00a0<\/td>\n<td>wei\u00df, schwarz, rot<\/td>\n<\/tr>\n<tr>\n<td>Gr\u00f6\u00dfe:\u00a0<\/td>\n<td>US Gr\u00f6\u00dfe 6\u30016.5 \u30017 \u30017.5 \u30018\u30018.5\u30019\u30019.5\u300110-14<\/td>\n<\/tr>\n<tr>\n<td>Anpassungsoptionen:\u00a0<\/td>\n<td>Logo (Oberseite, Seite, Einlegesohle) \/ All-Over-Druck \/ Farbe \/ Material \/ Sohlendicke \/ Obermaterial<\/td>\n<\/tr>\n<tr>\n<td>Verpacken:\u00a0<\/td>\n<td>Kundenspezifische Verpackung<\/td>\n<\/tr>\n<tr>\n<td>Muster\uff1a<\/td>\n<td>Kostenlose Blindmuster<\/td>\n<\/tr>\n<\/tbody>\n<\/table>","protected":false},"featured_media":1412,"comment_status":"closed","ping_status":"closed","template":"","meta":{"_acf_changed":false},"product_brand":[],"product_cat":[19],"product_tag":[26,24,27],"class_list":{"0":"post-1410","1":"product","2":"type-product","3":"status-publish","4":"has-post-thumbnail","6":"product_cat-slippers-in-bulk","7":"product_tag-mens-slippers-wholesale","8":"product_tag-wholesale-pvc-slippers","9":"product_tag-wholesale-womens-slippers","11":"first","12":"instock","13":"shipping-taxable","14":"product-type-simple"},"acf":[],"_links":{"self":[{"href":"https:\/\/www.mappershoe.com\/de\/wp-json\/wp\/v2\/product\/1410","targetHints":{"allow":["GET"]}}],"collection":[{"href":"https:\/\/www.mappershoe.com\/de\/wp-json\/wp\/v2\/product"}],"about":[{"href":"https:\/\/www.mappershoe.com\/de\/wp-json\/wp\/v2\/types\/product"}],"replies":[{"embeddable":true,"href":"https:\/\/www.mappershoe.com\/de\/wp-json\/wp\/v2\/comments?post=1410"}],"wp:featuredmedia":[{"embeddable":true,"href":"https:\/\/www.mappershoe.com\/de\/wp-json\/wp\/v2\/media\/1412"}],"wp:attachment":[{"href":"https:\/\/www.mappershoe.com\/de\/wp-json\/wp\/v2\/media?parent=1410"}],"wp:term":[{"taxonomy":"product_brand","embeddable":true,"href":"https:\/\/www.mappershoe.com\/de\/wp-json\/wp\/v2\/product_brand?post=1410"},{"taxonomy":"product_cat","embeddable":true,"href":"https:\/\/www.mappershoe.com\/de\/wp-json\/wp\/v2\/product_cat?post=1410"},{"taxonomy":"product_tag","embeddable":true,"href":"https:\/\/www.mappershoe.com\/de\/wp-json\/wp\/v2\/product_tag?post=1410"}],"curies":[{"name":"wp","href":"https:\/\/api.w.org\/{rel}","templated":true}]}}