{"id":1436,"date":"2025-05-30T09:53:19","date_gmt":"2025-05-30T09:53:19","guid":{"rendered":"https:\/\/www.mappershoe.com\/?post_type=product&#038;p=1436"},"modified":"2025-10-27T06:59:01","modified_gmt":"2025-10-27T06:59:01","slug":"custom-made-slippers","status":"publish","type":"product","link":"https:\/\/www.mappershoe.com\/de\/produkt\/custom-made-slippers\/","title":{"rendered":"Individuell angefertigte Hausschuhe mit Logo, Nike-Strandhausschuhe in gro\u00dfen Mengen"},"content":{"rendered":"<div class=\"wp-block-columns is-layout-flex wp-container-core-columns-is-layout-9d6595d7 wp-block-columns-is-layout-flex\">\n<div class=\"wp-block-column is-layout-flow wp-block-column-is-layout-flow\">\n<h3 class=\"wp-block-heading\">Premium Custom Made Hausschuhe Eigenschaften:<\/h3>\n\n\n\n<p><strong>Personalisiertes Design und Logo: <\/strong>Spezielle Oberschuhmodelle, Farben und Logos werden f\u00fcr Nike-Gro\u00dfhandelspantoffeln nach den Anforderungen der Marke entworfen, um Markenidentifikation und Einzigartigkeit zu erreichen.<\/p>\n\n\n\n<p><strong>Rutschfeste und verschlei\u00dffeste Sohlengestaltung:<\/strong> Das Design dieser ma\u00dfgefertigten Pantoffeln wurde wissenschaftlich entwickelt, um eine bessere Traktion und Anti-Rutsch-Eigenschaften f\u00fcr den Einsatz in zahlreichen Umgebungen wie Str\u00e4nde, Schwimmb\u00e4der und Outdoor-Umgebungen.<\/p>\n\n\n\n<p><strong>Weiche und bequeme Materialien: <\/strong>F\u00fcr diese ma\u00dfgefertigten Hausschuhe wurde das beste hochelastische EVA-Material verwendet, das sehr gut in der D\u00e4mpfung und R\u00fcckfederung funktioniert und ein federleichtes und druckfreies Tragegef\u00fchl bietet, ideal f\u00fcr langes Gehen oder Stehen.<\/p>\n\n\n\n<p><strong>Multifunktional f\u00fcr verschiedene Anl\u00e4sse:<\/strong> Diese Gro\u00dfhandel Nike Hausschuhe sind funktional f\u00fcr den Einsatz am Strand, Sandwege, Pools, und den t\u00e4glichen Gebrauch, die Kombination von Funktionalit\u00e4t mit modischen Auftritten.<\/p>\n\n\n\n<p><strong>Stil inspiriert von bekannten Marken: <\/strong>Das Design der ma\u00dfgefertigten Hausschuhe lehnt sich an die Nike-Slipper an und ist ein trendiges und sehr gefragtes Design auf dem Markt, das einfach zu verkaufen und zu vermarkten ist.<\/p>\n<\/div>\n\n\n\n<div class=\"wp-block-column is-layout-flow wp-block-column-is-layout-flow\">\n<figure class=\"wp-block-image size-full\"><img decoding=\"async\" width=\"800\" height=\"800\" src=\"https:\/\/www.mappershoe.com\/wp-content\/uploads\/2025\/05\/custom-made-slippers-with-logo-wholesale-nike-slippers-beach-casual-6.webp\" alt=\"ma\u00dfgefertigte-hausschuhe-mit-logo-gro\u00dfhandel-nike-hausschuhe-strand-l\u00e4ssig-6\" class=\"wp-image-1442\" srcset=\"https:\/\/www.mappershoe.com\/wp-content\/uploads\/2025\/05\/custom-made-slippers-with-logo-wholesale-nike-slippers-beach-casual-6.webp 800w, https:\/\/www.mappershoe.com\/wp-content\/uploads\/2025\/05\/custom-made-slippers-with-logo-wholesale-nike-slippers-beach-casual-6-300x300.webp 300w, https:\/\/www.mappershoe.com\/wp-content\/uploads\/2025\/05\/custom-made-slippers-with-logo-wholesale-nike-slippers-beach-casual-6-150x150.webp 150w, https:\/\/www.mappershoe.com\/wp-content\/uploads\/2025\/05\/custom-made-slippers-with-logo-wholesale-nike-slippers-beach-casual-6-768x768.webp 768w, https:\/\/www.mappershoe.com\/wp-content\/uploads\/2025\/05\/custom-made-slippers-with-logo-wholesale-nike-slippers-beach-casual-6-12x12.webp 12w, https:\/\/www.mappershoe.com\/wp-content\/uploads\/2025\/05\/custom-made-slippers-with-logo-wholesale-nike-slippers-beach-casual-6-600x600.webp 600w, https:\/\/www.mappershoe.com\/wp-content\/uploads\/2025\/05\/custom-made-slippers-with-logo-wholesale-nike-slippers-beach-casual-6-100x100.webp 100w\" sizes=\"(max-width: 800px) 100vw, 800px\" \/><\/figure>\n<\/div>\n<\/div>\n\n\n\n<p><\/p>","protected":false},"excerpt":{"rendered":"<p>Willkommen zum Kauf unserer ma\u00dfgeschneiderten Hausschuhe. Diese personalisierten EVA-Slipper sind die perfekte Kombination aus leichtem Komfort und modernem, modischem Design von Nike. Sie sind aus weichem und dennoch strapazierf\u00e4higem EVA-Material f\u00fcr erh\u00f6hte D\u00e4mpfung und Rutschfestigkeit hergestellt. Die M\u00f6glichkeit, Logos vollst\u00e4ndig anzupassen, macht dieses Produkt zu einer idealen L\u00f6sung f\u00fcr Gro\u00dfhandelsk\u00e4ufer, die ihren Kunden Marken-Strand- und Freizeitschuhe zu Fabrik-Direktpreisen anbieten m\u00f6chten.<\/p>\n<h2>Ma\u00dfgefertigte Hausschuhe Spezifikationen:<\/h2>\n<table width=\"777\">\n<tbody>\n<tr>\n<td width=\"291\">Hersteller:<\/td>\n<td width=\"486\">Mingyi<\/td>\n<\/tr>\n<tr>\n<td>Stil:<\/td>\n<td>Hausschuhe<\/td>\n<\/tr>\n<tr>\n<td>Modell:<\/td>\n<td>003<\/td>\n<\/tr>\n<tr>\n<td>Material:\u00a0<\/td>\n<td>EVA<\/td>\n<\/tr>\n<tr>\n<td>Farbe:\u00a0<\/td>\n<td>schwarz, wei\u00df, apricot, gr\u00fcn, hellgr\u00fcn<\/td>\n<\/tr>\n<tr>\n<td>Gr\u00f6\u00dfe:\u00a0<\/td>\n<td>36-37, 38-39,40-41, 42-43,44-45<\/td>\n<\/tr>\n<tr>\n<td>Anpassungsoptionen:\u00a0<\/td>\n<td>Logo (Oberseite, Seite, Einlegesohle) \/ All-Over-Druck \/ Farbe \/ Material \/ Sohlendicke \/ Obermaterial<\/td>\n<\/tr>\n<tr>\n<td>Verpacken:\u00a0<\/td>\n<td>Kundenspezifische Verpackung<\/td>\n<\/tr>\n<tr>\n<td>Muster\uff1a<\/td>\n<td>Kostenlose Blindmuster<\/td>\n<\/tr>\n<\/tbody>\n<\/table>\n<p>&nbsp;<\/p>","protected":false},"featured_media":1441,"comment_status":"closed","ping_status":"closed","template":"","meta":{"_acf_changed":false},"product_brand":[],"product_cat":[19],"product_tag":[25,26,27],"class_list":{"0":"post-1436","1":"product","2":"type-product","3":"status-publish","4":"has-post-thumbnail","6":"product_cat-slippers-in-bulk","7":"product_tag-eva-slippers-wholesale","8":"product_tag-mens-slippers-wholesale","9":"product_tag-wholesale-womens-slippers","11":"first","12":"instock","13":"shipping-taxable","14":"product-type-simple"},"acf":[],"_links":{"self":[{"href":"https:\/\/www.mappershoe.com\/de\/wp-json\/wp\/v2\/product\/1436","targetHints":{"allow":["GET"]}}],"collection":[{"href":"https:\/\/www.mappershoe.com\/de\/wp-json\/wp\/v2\/product"}],"about":[{"href":"https:\/\/www.mappershoe.com\/de\/wp-json\/wp\/v2\/types\/product"}],"replies":[{"embeddable":true,"href":"https:\/\/www.mappershoe.com\/de\/wp-json\/wp\/v2\/comments?post=1436"}],"wp:featuredmedia":[{"embeddable":true,"href":"https:\/\/www.mappershoe.com\/de\/wp-json\/wp\/v2\/media\/1441"}],"wp:attachment":[{"href":"https:\/\/www.mappershoe.com\/de\/wp-json\/wp\/v2\/media?parent=1436"}],"wp:term":[{"taxonomy":"product_brand","embeddable":true,"href":"https:\/\/www.mappershoe.com\/de\/wp-json\/wp\/v2\/product_brand?post=1436"},{"taxonomy":"product_cat","embeddable":true,"href":"https:\/\/www.mappershoe.com\/de\/wp-json\/wp\/v2\/product_cat?post=1436"},{"taxonomy":"product_tag","embeddable":true,"href":"https:\/\/www.mappershoe.com\/de\/wp-json\/wp\/v2\/product_tag?post=1436"}],"curies":[{"name":"wp","href":"https:\/\/api.w.org\/{rel}","templated":true}]}}