{"id":1452,"date":"2025-06-06T03:50:40","date_gmt":"2025-06-06T03:50:40","guid":{"rendered":"https:\/\/www.mappershoe.com\/?post_type=product&#038;p=1452"},"modified":"2025-06-06T03:50:43","modified_gmt":"2025-06-06T03:50:43","slug":"custom-slide-slippers","status":"publish","type":"product","link":"https:\/\/www.mappershoe.com\/de\/produkt\/custom-slide-slippers\/","title":{"rendered":"Benutzerdefinierte Slide Pantoffeln mit Logo, Luftkissen rutscht Pantoffel Gro\u00dfhandel f\u00fcr Frauen M\u00e4nner"},"content":{"rendered":"<div class=\"wp-block-columns is-layout-flex wp-container-core-columns-is-layout-9d6595d7 wp-block-columns-is-layout-flex\">\n<div class=\"wp-block-column is-layout-flow wp-block-column-is-layout-flow\">\n<h3 class=\"wp-block-heading\">Premium Custom Slide Pantoffeln Eigenschaften:<\/h3>\n\n\n\n<p><strong>Weiche Polsterung:<\/strong> Unsere ma\u00dfgefertigten Slipper sind mit einem Luftkissen ausgestattet, das weich und reaktionsfreudig ist und den Druck auf die F\u00fc\u00dfe beim Gehen oder Stehen wirksam reduziert.<\/p>\n\n\n\n<p><strong>Anpassungsf\u00e4hig an verschiedene Umgebungen: <\/strong>Unsere Gro\u00dfhandels-Luftpolsterslipper verf\u00fcgen \u00fcber eine rutschfeste, langlebige Sohle, die sowohl drinnen als auch drau\u00dfen getragen werden kann. In und um das Haus, das B\u00fcro oder drau\u00dfen, k\u00f6nnen Sie sicher tragen sie f\u00fchlen.<\/p>\n\n\n\n<p><strong>Hochwertiges PVC-Material: <\/strong>Diese ma\u00dfgefertigten Pantoffeln werden aus hochwertigem, umweltfreundlichem PVC hergestellt, das recycelbar, wasserdicht und schnell trocknend, aber dennoch leicht, flexibel und langlebig ist.<\/p>\n\n\n\n<p><strong>Option zur Anpassung der Marke nach dem Verkauf: <\/strong>Die Oberseite unserer Gro\u00dfhandels-Luftkissen-Slide-Slipper kann mit Ihrem Markennamen oder Logo bedruckt werden, und sie w\u00e4ren ideal f\u00fcr individuelle Geschenke, Werbeaktivit\u00e4ten oder Markenf\u00f6rderung.<\/p>\n\n\n\n<p><strong>Lebendige Farben\/bedruckbare Muster:<\/strong> Die ma\u00dfgefertigten Slipper haben eine Reihe von Farben, Farbverl\u00e4ufen und aufgedruckten Mustern, mit der Option von beleuchteten Designs, um verschiedenen Geschm\u00e4ckern und Markenidentit\u00e4ten zu entsprechen.<\/p>\n<\/div>\n\n\n\n<div class=\"wp-block-column is-layout-flow wp-block-column-is-layout-flow\">\n<figure class=\"wp-block-image size-full\"><img decoding=\"async\" width=\"800\" height=\"800\" src=\"https:\/\/www.mappershoe.com\/wp-content\/uploads\/2025\/06\/custom-slide-slippers-with-logo-air-cushion-slides-slipper-wholesale-6.webp\" alt=\"custom-slide-slippers-mit-logo-luftkissen-slides-slipper-gro\u00dfhandel-6\" class=\"wp-image-1458\" srcset=\"https:\/\/www.mappershoe.com\/wp-content\/uploads\/2025\/06\/custom-slide-slippers-with-logo-air-cushion-slides-slipper-wholesale-6.webp 800w, https:\/\/www.mappershoe.com\/wp-content\/uploads\/2025\/06\/custom-slide-slippers-with-logo-air-cushion-slides-slipper-wholesale-6-300x300.webp 300w, https:\/\/www.mappershoe.com\/wp-content\/uploads\/2025\/06\/custom-slide-slippers-with-logo-air-cushion-slides-slipper-wholesale-6-150x150.webp 150w, https:\/\/www.mappershoe.com\/wp-content\/uploads\/2025\/06\/custom-slide-slippers-with-logo-air-cushion-slides-slipper-wholesale-6-768x768.webp 768w, https:\/\/www.mappershoe.com\/wp-content\/uploads\/2025\/06\/custom-slide-slippers-with-logo-air-cushion-slides-slipper-wholesale-6-12x12.webp 12w, https:\/\/www.mappershoe.com\/wp-content\/uploads\/2025\/06\/custom-slide-slippers-with-logo-air-cushion-slides-slipper-wholesale-6-600x600.webp 600w, https:\/\/www.mappershoe.com\/wp-content\/uploads\/2025\/06\/custom-slide-slippers-with-logo-air-cushion-slides-slipper-wholesale-6-100x100.webp 100w\" sizes=\"(max-width: 800px) 100vw, 800px\" \/><\/figure>\n<\/div>\n<\/div>","protected":false},"excerpt":{"rendered":"<p>Willkommen zum Kauf unserer kundenspezifischen Pantoffeln. Gehen Sie in Komfort und Stil mit unseren kundenspezifischen Logo-Luftkissen-PVC-Rutschen, sowohl f\u00fcr den Innen- und Au\u00dfenbereich gedacht. Mit einer bequemen Luftpolstersohle, leichtem wasserdichtem PVC und rutschfesten Massagesohlen versprechen diese Pantoffeln, bequem und langlebig zu sein. Sie eignen sich perfekt f\u00fcr den Gro\u00dfhandel und die Markenanpassung und bieten eine atmungsaktive, schnell trocknende und umweltfreundliche Alternative f\u00fcr M\u00e4nner und Frauen.<\/p>\n<h2>Kundenspezifische Pantoffeln Spezifikationen:<\/h2>\n<table width=\"430\">\n<tbody>\n<tr>\n<td width=\"199\">Hersteller:<\/td>\n<td width=\"231\">Mingyi<\/td>\n<\/tr>\n<tr>\n<td>Stil:<\/td>\n<td>Hausschuhe<\/td>\n<\/tr>\n<tr>\n<td>Modell:<\/td>\n<td>2261<\/td>\n<\/tr>\n<tr>\n<td>Material:\u00a0<\/td>\n<td>PVC<\/td>\n<\/tr>\n<tr>\n<td>Farbe:\u00a0<\/td>\n<td width=\"231\">wei\u00df, schwarz, rot, rosa, orange, gelb, blau<\/td>\n<\/tr>\n<tr>\n<td>Gr\u00f6\u00dfe:\u00a0<\/td>\n<td>US Gr\u00f6\u00dfe 6\u30016.5 \u30017 \u30017.5 \u30018\u30018.5\u30019\u30019.5\u300110-14<\/td>\n<\/tr>\n<tr>\n<td>Anpassungsoptionen:\u00a0<\/td>\n<td>Logo (Oberseite, Seite, Einlegesohle) \/ All-Over-Druck \/ Farbe \/ Material \/ Sohlendicke \/ Obermaterial<\/td>\n<\/tr>\n<tr>\n<td>Verpacken:\u00a0<\/td>\n<td>Kundenspezifische Verpackung<\/td>\n<\/tr>\n<tr>\n<td>Muster\uff1a<\/td>\n<td>Kostenlose Blindmuster<\/td>\n<\/tr>\n<\/tbody>\n<\/table>","protected":false},"featured_media":1454,"comment_status":"closed","ping_status":"closed","template":"","meta":{"_acf_changed":false},"product_brand":[],"product_cat":[19],"product_tag":[26,24,27],"class_list":{"0":"post-1452","1":"product","2":"type-product","3":"status-publish","4":"has-post-thumbnail","6":"product_cat-slippers-in-bulk","7":"product_tag-mens-slippers-wholesale","8":"product_tag-wholesale-pvc-slippers","9":"product_tag-wholesale-womens-slippers","11":"first","12":"instock","13":"shipping-taxable","14":"product-type-simple"},"acf":[],"_links":{"self":[{"href":"https:\/\/www.mappershoe.com\/de\/wp-json\/wp\/v2\/product\/1452","targetHints":{"allow":["GET"]}}],"collection":[{"href":"https:\/\/www.mappershoe.com\/de\/wp-json\/wp\/v2\/product"}],"about":[{"href":"https:\/\/www.mappershoe.com\/de\/wp-json\/wp\/v2\/types\/product"}],"replies":[{"embeddable":true,"href":"https:\/\/www.mappershoe.com\/de\/wp-json\/wp\/v2\/comments?post=1452"}],"wp:featuredmedia":[{"embeddable":true,"href":"https:\/\/www.mappershoe.com\/de\/wp-json\/wp\/v2\/media\/1454"}],"wp:attachment":[{"href":"https:\/\/www.mappershoe.com\/de\/wp-json\/wp\/v2\/media?parent=1452"}],"wp:term":[{"taxonomy":"product_brand","embeddable":true,"href":"https:\/\/www.mappershoe.com\/de\/wp-json\/wp\/v2\/product_brand?post=1452"},{"taxonomy":"product_cat","embeddable":true,"href":"https:\/\/www.mappershoe.com\/de\/wp-json\/wp\/v2\/product_cat?post=1452"},{"taxonomy":"product_tag","embeddable":true,"href":"https:\/\/www.mappershoe.com\/de\/wp-json\/wp\/v2\/product_tag?post=1452"}],"curies":[{"name":"wp","href":"https:\/\/api.w.org\/{rel}","templated":true}]}}