{"id":1467,"date":"2025-06-06T06:37:19","date_gmt":"2025-06-06T06:37:19","guid":{"rendered":"https:\/\/www.mappershoe.com\/?post_type=product&#038;p=1467"},"modified":"2025-06-06T06:37:22","modified_gmt":"2025-06-06T06:37:22","slug":"custom-slippers-with-logo","status":"publish","type":"product","link":"https:\/\/www.mappershoe.com\/de\/produkt\/custom-slippers-with-logo\/","title":{"rendered":"Benutzerdefinierte Hausschuhe mit Logo, Gro\u00dfhandel Hausschuhe in zwei Farben f\u00fcr Frauen und M\u00e4nner"},"content":{"rendered":"<div class=\"wp-block-columns is-layout-flex wp-container-core-columns-is-layout-9d6595d7 wp-block-columns-is-layout-flex\">\n<div class=\"wp-block-column is-layout-flow wp-block-column-is-layout-flow\">\n<h3 class=\"wp-block-heading\">Premium Custom Slippers mit Logo Eigenschaften:<\/h3>\n\n\n\n<p><strong>Mehrdimensionale Anpassung: <\/strong>Der PVC-Pantoffel-Gro\u00dfhandel unterst\u00fctzt die individuelle Gestaltung von Logos auf dem Schuhoberteil, den Seiten und der Einlegesohle sowie von Volldruckmustern, mehreren Farben, Materialien, Sohlendesigns und Oberfl\u00e4chendesigns, um markenspezifische, personalisierte Anforderungen zu erf\u00fcllen.<\/p>\n\n\n\n<p><strong>Ultimativer Komfort: <\/strong>Unsere kundenspezifischen Hausschuhe mit Logo sind aus ultraleichtem und weichem PVC-Material gefertigt, haben eine hervorragende Sto\u00dfd\u00e4mpfung und ein Punktmassage-Design, das f\u00fcr ein komfortables und druckreduzierendes Tragegef\u00fchl sorgt, das sich auch nach mehreren Stunden noch gut anf\u00fchlt.<\/p>\n\n\n\n<p><strong>Multifunktionales Merkmal: <\/strong>Unsere individuellen Hausschuhe mit Logo sind rutschfest, verschlei\u00dffest, wasserdicht, atmungsaktiv und schnelltrocknend und eignen sich f\u00fcr verschiedene Anwendungen wie Badezimmer, Str\u00e4nde, Outdoor-Aktivit\u00e4ten und Hotels.<\/p>\n\n\n\n<p><strong>Zweifarbiger Unisex-Stil:<\/strong> Unsere Gro\u00dfhandelspantoffeln zeichnen sich durch ein modisches und elegantes zweifarbiges Design aus, das f\u00fcr Konsistenz im Design sorgt und Abwechslung bietet, ideal f\u00fcr Paare, Familien und Gro\u00dfbestellungen.<\/p>\n\n\n\n<p><strong>Schnell trocknend und leicht zu reinigen:<\/strong> Das Material der wasserdichten, schnell trocknenden PVC-Pantoffeln l\u00e4sst sich durch einfaches Absp\u00fclen reinigen, und die schnelltrocknende Eigenschaft weist Feuchtigkeit und Geruch ab, wodurch es leicht zu pflegen ist.<\/p>\n<\/div>\n\n\n\n<div class=\"wp-block-column is-layout-flow wp-block-column-is-layout-flow\">\n<figure class=\"wp-block-image size-full\"><img decoding=\"async\" width=\"800\" height=\"800\" src=\"https:\/\/www.mappershoe.com\/wp-content\/uploads\/2025\/06\/custom-slippers-with-logo-wholesale-slippers-in-two-colors-1.webp\" alt=\"benutzerdefinierte Hausschuhe-mit-Logo-Gro\u00dfhandel-Hausschuhe-inzwei-Farben-1\" class=\"wp-image-1468\" srcset=\"https:\/\/www.mappershoe.com\/wp-content\/uploads\/2025\/06\/custom-slippers-with-logo-wholesale-slippers-in-two-colors-1.webp 800w, https:\/\/www.mappershoe.com\/wp-content\/uploads\/2025\/06\/custom-slippers-with-logo-wholesale-slippers-in-two-colors-1-300x300.webp 300w, https:\/\/www.mappershoe.com\/wp-content\/uploads\/2025\/06\/custom-slippers-with-logo-wholesale-slippers-in-two-colors-1-150x150.webp 150w, https:\/\/www.mappershoe.com\/wp-content\/uploads\/2025\/06\/custom-slippers-with-logo-wholesale-slippers-in-two-colors-1-768x768.webp 768w, https:\/\/www.mappershoe.com\/wp-content\/uploads\/2025\/06\/custom-slippers-with-logo-wholesale-slippers-in-two-colors-1-12x12.webp 12w, https:\/\/www.mappershoe.com\/wp-content\/uploads\/2025\/06\/custom-slippers-with-logo-wholesale-slippers-in-two-colors-1-600x600.webp 600w, https:\/\/www.mappershoe.com\/wp-content\/uploads\/2025\/06\/custom-slippers-with-logo-wholesale-slippers-in-two-colors-1-100x100.webp 100w\" sizes=\"(max-width: 800px) 100vw, 800px\" \/><\/figure>\n<\/div>\n<\/div>","protected":false},"excerpt":{"rendered":"<p>Entdecken Sie unsere individuell gestalteten Hausschuhe mit Logo - perfekt f\u00fcr den Gro\u00dfhandel, Hotels oder Markenwerbung. Mit Optionen f\u00fcr volle Logo Platzierung, all-over Druck, und zweifarbige Unisex-Designs, diese Hausschuhe kombinieren Stil und Funktion. Die PVC-Pantoffeln Gro\u00dfhandel leicht, wasserdicht, rutschfest, schnell trocknend, und ultra-weich mit Massage-Sohlen. machen sie ideal f\u00fcr eine breite Palette von Innen- und Au\u00dfenbereich verwendet.<\/p>\n<h2>Individuelle Hausschuhe mit Logo Spezifikationen:<\/h2>\n<table width=\"430\">\n<tbody>\n<tr>\n<td width=\"199\">Hersteller:<\/td>\n<td width=\"231\">Mingyi<\/td>\n<\/tr>\n<tr>\n<td>Stil:<\/td>\n<td>Hausschuhe<\/td>\n<\/tr>\n<tr>\n<td>Modell:<\/td>\n<td>2191<\/td>\n<\/tr>\n<tr>\n<td>Material:\u00a0<\/td>\n<td>PVC<\/td>\n<\/tr>\n<tr>\n<td>Farbe:\u00a0<\/td>\n<td width=\"231\">wei\u00df, schwarz, rot, rosa, orange, gelb, gr\u00fcn, marineblau, blau, grau, braun<\/td>\n<\/tr>\n<tr>\n<td>Gr\u00f6\u00dfe:\u00a0<\/td>\n<td>US Gr\u00f6\u00dfe 6\u30016.5 \u30017 \u30017.5 \u30018\u30018.5\u30019\u30019.5\u300110-14<\/td>\n<\/tr>\n<tr>\n<td>Anpassungsoptionen:\u00a0<\/td>\n<td>Logo (Oberseite, Seite, Einlegesohle) \/ All-Over-Druck \/ Farbe \/ Material \/ Sohlendicke \/ Obermaterial<\/td>\n<\/tr>\n<tr>\n<td>Verpacken:\u00a0<\/td>\n<td>Kundenspezifische Verpackung<\/td>\n<\/tr>\n<tr>\n<td>Muster\uff1a<\/td>\n<td>Kostenlose Blindmuster<\/td>\n<\/tr>\n<\/tbody>\n<\/table>","protected":false},"featured_media":1480,"comment_status":"closed","ping_status":"closed","template":"","meta":{"_acf_changed":false},"product_brand":[],"product_cat":[19],"product_tag":[26,24,27],"class_list":{"0":"post-1467","1":"product","2":"type-product","3":"status-publish","4":"has-post-thumbnail","6":"product_cat-slippers-in-bulk","7":"product_tag-mens-slippers-wholesale","8":"product_tag-wholesale-pvc-slippers","9":"product_tag-wholesale-womens-slippers","11":"first","12":"instock","13":"shipping-taxable","14":"product-type-simple"},"acf":[],"_links":{"self":[{"href":"https:\/\/www.mappershoe.com\/de\/wp-json\/wp\/v2\/product\/1467","targetHints":{"allow":["GET"]}}],"collection":[{"href":"https:\/\/www.mappershoe.com\/de\/wp-json\/wp\/v2\/product"}],"about":[{"href":"https:\/\/www.mappershoe.com\/de\/wp-json\/wp\/v2\/types\/product"}],"replies":[{"embeddable":true,"href":"https:\/\/www.mappershoe.com\/de\/wp-json\/wp\/v2\/comments?post=1467"}],"wp:featuredmedia":[{"embeddable":true,"href":"https:\/\/www.mappershoe.com\/de\/wp-json\/wp\/v2\/media\/1480"}],"wp:attachment":[{"href":"https:\/\/www.mappershoe.com\/de\/wp-json\/wp\/v2\/media?parent=1467"}],"wp:term":[{"taxonomy":"product_brand","embeddable":true,"href":"https:\/\/www.mappershoe.com\/de\/wp-json\/wp\/v2\/product_brand?post=1467"},{"taxonomy":"product_cat","embeddable":true,"href":"https:\/\/www.mappershoe.com\/de\/wp-json\/wp\/v2\/product_cat?post=1467"},{"taxonomy":"product_tag","embeddable":true,"href":"https:\/\/www.mappershoe.com\/de\/wp-json\/wp\/v2\/product_tag?post=1467"}],"curies":[{"name":"wp","href":"https:\/\/api.w.org\/{rel}","templated":true}]}}