{"id":1482,"date":"2025-06-10T02:09:54","date_gmt":"2025-06-10T02:09:54","guid":{"rendered":"https:\/\/www.mappershoe.com\/?post_type=product&#038;p=1482"},"modified":"2025-06-10T02:09:56","modified_gmt":"2025-06-10T02:09:56","slug":"slippers-in-bulk","status":"publish","type":"product","link":"https:\/\/www.mappershoe.com\/de\/produkt\/slippers-in-bulk\/","title":{"rendered":"Hausschuhe f\u00fcr den Au\u00dfenbereich in gro\u00dfen Mengen, benutzerdefinierte Sport Slide Sandalen mit Logo f\u00fcr M\u00e4nner"},"content":{"rendered":"<div class=\"wp-block-columns is-layout-flex wp-container-core-columns-is-layout-9d6595d7 wp-block-columns-is-layout-flex\">\n<div class=\"wp-block-column is-layout-flow wp-block-column-is-layout-flow\">\n<h3 class=\"wp-block-heading\">Premium Pantoffeln In Bulk Eigenschaften:<\/h3>\n\n\n\n<p><strong>Ergonomisches Design, das sich der nat\u00fcrlichen Form des Fu\u00dfes anpasst: <\/strong>Unsere Hausschuhe sind anatomisch dem menschlichen Fu\u00df nachempfunden; die Sohlenkr\u00fcmmung ist identisch mit der des Fu\u00dfgew\u00f6lbes, um Erm\u00fcdung vorzubeugen und das Gehen zu erleichtern.<\/p>\n\n\n\n<p><strong>Mehrere Anpassungsm\u00f6glichkeiten:<\/strong> Diese ma\u00dfgefertigten Sport-Slide-Sandalen unterst\u00fctzen die individuelle Gestaltung von Logos (auf dem Obermaterial, den Seiten und der Innensohle), vollfl\u00e4chig aufgedruckten Grafiken, dem Material der Sohle, den Schuhb\u00e4ndern, der Farbe und dem Material und erf\u00fcllen so die individuellen Anforderungen von Marken oder Projekten.<\/p>\n\n\n\n<p><strong>Hochkomfortables Design: <\/strong>Unsere Hausschuhe bestehen aus leichtem, sanftem EVA-Material mit eingebetteten Massagepartikeln und einer sto\u00dfd\u00e4mpfenden Struktur. Sie bieten ein H\u00f6chstma\u00df an D\u00e4mpfung und Fu\u00dfkomfort, so dass sie lange getragen werden k\u00f6nnen und den Anforderungen von Sport und Freizeit gerecht werden.<\/p>\n\n\n\n<p><strong>Gro\u00dfe Produktionskapazit\u00e4t mit schneller Lieferung: <\/strong>Unsere Hausschuhe in loser Sch\u00fcttung sind mit ausgereiften Formen und Produktionslinien ausgestattet und erm\u00f6glichen gro\u00dfvolumige Sonderbestellungen mit angemessenen Vorlaufzeiten, die sich ideal f\u00fcr die Bevorratung in der Werbesaison oder f\u00fcr Initiativen zur Zusammenarbeit mit Marken eignen.<\/p>\n\n\n\n<p><strong>Hochwertige Drucktechnik: <\/strong>Diese individuellen Sport-Slide-Sandalen werden mit fortschrittlichen Siebdruck-, Thermotransfer- oder Digitaldrucktechniken bedruckt. Die Muster sind klar und haltbar und eignen sich f\u00fcr komplexe Designs und Markenlogos, was den Wiedererkennungswert des Produkts erh\u00f6ht.<\/p>\n<\/div>\n\n\n\n<div class=\"wp-block-column is-layout-flow wp-block-column-is-layout-flow\">\n<figure class=\"wp-block-image size-full\"><img decoding=\"async\" width=\"800\" height=\"800\" src=\"https:\/\/www.mappershoe.com\/wp-content\/uploads\/2025\/06\/outdoor-slippers-in-bulk-custom-sport-slide-sandals-with-logo-for-men-1.webp\" alt=\"Outdoor-Pantoffeln-im-Bulk-individuelle-Sport-Rutsch-Sandalen-mit-Logo-f\u00fcr-M\u00e4nner-1\" class=\"wp-image-1483\" srcset=\"https:\/\/www.mappershoe.com\/wp-content\/uploads\/2025\/06\/outdoor-slippers-in-bulk-custom-sport-slide-sandals-with-logo-for-men-1.webp 800w, https:\/\/www.mappershoe.com\/wp-content\/uploads\/2025\/06\/outdoor-slippers-in-bulk-custom-sport-slide-sandals-with-logo-for-men-1-300x300.webp 300w, https:\/\/www.mappershoe.com\/wp-content\/uploads\/2025\/06\/outdoor-slippers-in-bulk-custom-sport-slide-sandals-with-logo-for-men-1-150x150.webp 150w, https:\/\/www.mappershoe.com\/wp-content\/uploads\/2025\/06\/outdoor-slippers-in-bulk-custom-sport-slide-sandals-with-logo-for-men-1-768x768.webp 768w, https:\/\/www.mappershoe.com\/wp-content\/uploads\/2025\/06\/outdoor-slippers-in-bulk-custom-sport-slide-sandals-with-logo-for-men-1-12x12.webp 12w, https:\/\/www.mappershoe.com\/wp-content\/uploads\/2025\/06\/outdoor-slippers-in-bulk-custom-sport-slide-sandals-with-logo-for-men-1-600x600.webp 600w, https:\/\/www.mappershoe.com\/wp-content\/uploads\/2025\/06\/outdoor-slippers-in-bulk-custom-sport-slide-sandals-with-logo-for-men-1-100x100.webp 100w\" sizes=\"(max-width: 800px) 100vw, 800px\" \/><\/figure>\n<\/div>\n<\/div>\n\n\n\n<p><\/p>","protected":false},"excerpt":{"rendered":"<p>Willkommen zum Kauf unserer Eva-Slipper in gro\u00dfen Mengen. Diese ma\u00dfgeschneiderten Sport-Slide-Sandalen sind ideal f\u00fcr Gro\u00dfbestellungen im Sommer. Sie sind f\u00fcr den Einsatz im Freien konzipiert und bieten leichten Komfort, wasserdichte Leistung und rutschfeste Sohlen. Vollst\u00e4ndig anpassbar mit Ihrem Logo (auf dem Obermaterial, der Seite oder der Innensohle), Allover-Druck, Farben, Riemen, Material und Sohle. Perfekt f\u00fcr Resorts, Teams, Fitnessstudios und Werbekampagnen.<\/p>\n<h2>EVA-Pantoffeln in gro\u00dfen Mengen Spezifikationen:<\/h2>\n<table width=\"777\">\n<tbody>\n<tr>\n<td width=\"291\">Hersteller:<\/td>\n<td width=\"486\">Mingyi<\/td>\n<\/tr>\n<tr>\n<td>Stil:<\/td>\n<td>Hausschuhe<\/td>\n<\/tr>\n<tr>\n<td>Modell:<\/td>\n<td>004<\/td>\n<\/tr>\n<tr>\n<td>Material:\u00a0<\/td>\n<td>EVA<\/td>\n<\/tr>\n<tr>\n<td>Farbe:\u00a0<\/td>\n<td>schwarz, wei\u00df, apricot<\/td>\n<\/tr>\n<tr>\n<td>Gr\u00f6\u00dfe:\u00a0<\/td>\n<td>36-37, 38-39,40-41, 42-43,44-45<\/td>\n<\/tr>\n<tr>\n<td>Anpassungsoptionen:\u00a0<\/td>\n<td>Logo (Oberseite, Seite, Einlegesohle) \/ All-Over-Druck \/ Farbe \/ Material \/ Sohlendicke \/ Obermaterial<\/td>\n<\/tr>\n<tr>\n<td>Verpacken:\u00a0<\/td>\n<td>Kundenspezifische Verpackung<\/td>\n<\/tr>\n<tr>\n<td>Muster\uff1a<\/td>\n<td>Kostenlose Blindmuster<\/td>\n<\/tr>\n<\/tbody>\n<\/table>","protected":false},"featured_media":1484,"comment_status":"closed","ping_status":"closed","template":"","meta":{"_acf_changed":false},"product_brand":[],"product_cat":[19],"product_tag":[25,26],"class_list":{"0":"post-1482","1":"product","2":"type-product","3":"status-publish","4":"has-post-thumbnail","6":"product_cat-slippers-in-bulk","7":"product_tag-eva-slippers-wholesale","8":"product_tag-mens-slippers-wholesale","10":"first","11":"instock","12":"shipping-taxable","13":"product-type-simple"},"acf":[],"_links":{"self":[{"href":"https:\/\/www.mappershoe.com\/de\/wp-json\/wp\/v2\/product\/1482","targetHints":{"allow":["GET"]}}],"collection":[{"href":"https:\/\/www.mappershoe.com\/de\/wp-json\/wp\/v2\/product"}],"about":[{"href":"https:\/\/www.mappershoe.com\/de\/wp-json\/wp\/v2\/types\/product"}],"replies":[{"embeddable":true,"href":"https:\/\/www.mappershoe.com\/de\/wp-json\/wp\/v2\/comments?post=1482"}],"wp:featuredmedia":[{"embeddable":true,"href":"https:\/\/www.mappershoe.com\/de\/wp-json\/wp\/v2\/media\/1484"}],"wp:attachment":[{"href":"https:\/\/www.mappershoe.com\/de\/wp-json\/wp\/v2\/media?parent=1482"}],"wp:term":[{"taxonomy":"product_brand","embeddable":true,"href":"https:\/\/www.mappershoe.com\/de\/wp-json\/wp\/v2\/product_brand?post=1482"},{"taxonomy":"product_cat","embeddable":true,"href":"https:\/\/www.mappershoe.com\/de\/wp-json\/wp\/v2\/product_cat?post=1482"},{"taxonomy":"product_tag","embeddable":true,"href":"https:\/\/www.mappershoe.com\/de\/wp-json\/wp\/v2\/product_tag?post=1482"}],"curies":[{"name":"wp","href":"https:\/\/api.w.org\/{rel}","templated":true}]}}