{"id":1491,"date":"2025-06-10T03:05:53","date_gmt":"2025-06-10T03:05:53","guid":{"rendered":"https:\/\/www.mappershoe.com\/?post_type=product&#038;p=1491"},"modified":"2026-01-03T07:44:12","modified_gmt":"2026-01-03T07:44:12","slug":"custom-branded-slippers","status":"publish","type":"product","link":"https:\/\/www.mappershoe.com\/de\/produkt\/custom-branded-slippers\/","title":{"rendered":"Bulk Custom Branded Hausschuhe, Yeezy 350 Slipper Versorgung"},"content":{"rendered":"<div class=\"wp-block-columns is-layout-flex wp-container-core-columns-is-layout-9d6595d7 wp-block-columns-is-layout-flex\">\n<div class=\"wp-block-column is-layout-flow wp-block-column-is-layout-flow\">\n<h3 class=\"wp-block-heading\">Premium Custom Branded Slippers Eigenschaften:<\/h3>\n\n\n\n<p><strong>\u00c4u\u00dferes Design im Stil des 350: <\/strong>Diese individuell gebrandeten Slipper sind vom klassischen Look des Yeezy 350 inspiriert. Das Obermaterial weist ein Primeknit-artiges W\u00e4rmetransfermuster auf, das einen einzigartigen Stra\u00dfenlook zeigt und der Marke Raffinesse und modischen Wert verleiht.<\/p>\n\n\n\n<p><strong>Mehrere Anpassungsm\u00f6glichkeiten: <\/strong>Diese Yeezy Hausschuhe Gro\u00dfhandel unterst\u00fctzen die Anpassung von Markenlogos (Obermaterial, Seitenteile, Einlegesohle), Full-Print-Muster, Laufsohle, Obermaterial, Farbe und Gr\u00f6\u00dfe, Catering f\u00fcr OEM \/ ODM-Anforderungen und geeignet f\u00fcr verschiedene Veranstaltungen, Aktionen oder Marken-Kooperationen.<\/p>\n\n\n\n<p><strong>Leichte EVA-Laufsohle:<\/strong> Die Au\u00dfensohle der individuell gebrandeten Hausschuhe besteht aus hochelastischem EVA-Material, das leicht, weich, sto\u00dfd\u00e4mpfend und verschlei\u00dffest ist, aber dennoch Halt und Flexibilit\u00e4t bietet und sich f\u00fcr den t\u00e4glichen Gebrauch oder als Geschenk eignet.<\/p>\n\n\n\n<p><strong>Innen\/Au\u00dfen-Dual-Use: <\/strong>Diese yeezy Hausschuhe Gro\u00dfhandel haben eine Anti-Rutsch-Textur und wasserdichte Funktion, f\u00fcr zu Hause, Balkon, Strand, Fitnessraum, Pool, Hotel und andere Anwendungen, mit starken Praktikabilit\u00e4t und lange Lebensdauer.<\/p>\n\n\n\n<p><strong>Mehrere Gr\u00f6\u00dfen verf\u00fcgbar: <\/strong>Die Gr\u00f6\u00dfen dieser Hausschuhe reichen von Kindergr\u00f6\u00dfen bis hin zu \u00dcbergr\u00f6\u00dfen f\u00fcr Erwachsene, mit separaten Designs f\u00fcr M\u00e4nner und Frauen, um den Bed\u00fcrfnissen aller Altersgruppen gerecht zu werden.<\/p>\n<\/div>\n\n\n\n<div class=\"wp-block-column is-layout-flow wp-block-column-is-layout-flow\">\n<figure class=\"wp-block-image size-full\"><img decoding=\"async\" width=\"800\" height=\"800\" src=\"https:\/\/www.mappershoe.com\/wp-content\/uploads\/2025\/06\/custom-branded-slippers-with-logo-fashion-yeezy-350-slipper-wholesale-4.webp\" alt=\"benutzerdefinierte Marken-Schuhe-mit-Logo-Mode-Yeezy-350-Schuhe-Gro\u00dfhandel-4\" class=\"wp-image-1495\" srcset=\"https:\/\/www.mappershoe.com\/wp-content\/uploads\/2025\/06\/custom-branded-slippers-with-logo-fashion-yeezy-350-slipper-wholesale-4.webp 800w, https:\/\/www.mappershoe.com\/wp-content\/uploads\/2025\/06\/custom-branded-slippers-with-logo-fashion-yeezy-350-slipper-wholesale-4-300x300.webp 300w, https:\/\/www.mappershoe.com\/wp-content\/uploads\/2025\/06\/custom-branded-slippers-with-logo-fashion-yeezy-350-slipper-wholesale-4-150x150.webp 150w, https:\/\/www.mappershoe.com\/wp-content\/uploads\/2025\/06\/custom-branded-slippers-with-logo-fashion-yeezy-350-slipper-wholesale-4-768x768.webp 768w, https:\/\/www.mappershoe.com\/wp-content\/uploads\/2025\/06\/custom-branded-slippers-with-logo-fashion-yeezy-350-slipper-wholesale-4-12x12.webp 12w, https:\/\/www.mappershoe.com\/wp-content\/uploads\/2025\/06\/custom-branded-slippers-with-logo-fashion-yeezy-350-slipper-wholesale-4-600x600.webp 600w, https:\/\/www.mappershoe.com\/wp-content\/uploads\/2025\/06\/custom-branded-slippers-with-logo-fashion-yeezy-350-slipper-wholesale-4-100x100.webp 100w\" sizes=\"(max-width: 800px) 100vw, 800px\" \/><\/figure>\n<\/div>\n<\/div>\n\n\n\n<p><\/p>","protected":false},"excerpt":{"rendered":"<p>Willkommen bei unseren benutzerdefinierten Marken-Pantoffeln zu kaufen. Diese Gro\u00dfhandel EVA Hausschuhe sind auf dem trendigen Yeezy 350 Design und sind in benutzerdefinierten Branding-ready-Designs zur Verf\u00fcgung. Mit einem Obermaterial aus Primeknit-gedruckt, leichte D\u00e4mpfung und Anti-Rutsch-EVA, sind sie perfekt f\u00fcr den Innen- \/ Au\u00dfenbereich verwenden. Sie sind vollst\u00e4ndig mit Logos, Farben und Mustern anpassbar, was bedeutet, dass diese stilfreundlichen Slipper perfekt f\u00fcr Markenwerbung, Einzelhandelsprojekte oder Massengeschenke sind.<\/p>\n<h2>Hausschuhe mit individuellem Branding Spezifikationen:<\/h2>\n<table width=\"777\">\n<tbody>\n<tr>\n<td width=\"291\">Hersteller:<\/td>\n<td width=\"486\">Mingyi<\/td>\n<\/tr>\n<tr>\n<td>Stil:<\/td>\n<td>Hausschuhe<\/td>\n<\/tr>\n<tr>\n<td>Modell:<\/td>\n<td>005<\/td>\n<\/tr>\n<tr>\n<td>Material:\u00a0<\/td>\n<td>EVA<\/td>\n<\/tr>\n<tr>\n<td>Farbe:\u00a0<\/td>\n<td>schwarz, wei\u00df, rot, rosa, orange, gelb, gr\u00fcn, blau, hellblau, rosarot, braun<\/td>\n<\/tr>\n<tr>\n<td>Gr\u00f6\u00dfe:\u00a0<\/td>\n<td>36-37, 38-39,40-41, 42-43,44-45<\/td>\n<\/tr>\n<tr>\n<td>Anpassungsoptionen:\u00a0<\/td>\n<td>Logo (Oberseite, Seite, Einlegesohle) \/ All-Over-Druck \/ Farbe \/ Material \/ Sohlendicke \/ Obermaterial<\/td>\n<\/tr>\n<tr>\n<td>Verpacken:\u00a0<\/td>\n<td>Kundenspezifische Verpackung<\/td>\n<\/tr>\n<tr>\n<td>Muster\uff1a<\/td>\n<td>Kostenlose Blindmuster<\/td>\n<\/tr>\n<\/tbody>\n<\/table>","protected":false},"featured_media":1493,"comment_status":"closed","ping_status":"closed","template":"","meta":{"_acf_changed":false},"product_brand":[],"product_cat":[19],"product_tag":[25,26,27],"class_list":{"0":"post-1491","1":"product","2":"type-product","3":"status-publish","4":"has-post-thumbnail","6":"product_cat-slippers-in-bulk","7":"product_tag-eva-slippers-wholesale","8":"product_tag-mens-slippers-wholesale","9":"product_tag-wholesale-womens-slippers","11":"first","12":"instock","13":"shipping-taxable","14":"product-type-simple"},"acf":[],"_links":{"self":[{"href":"https:\/\/www.mappershoe.com\/de\/wp-json\/wp\/v2\/product\/1491","targetHints":{"allow":["GET"]}}],"collection":[{"href":"https:\/\/www.mappershoe.com\/de\/wp-json\/wp\/v2\/product"}],"about":[{"href":"https:\/\/www.mappershoe.com\/de\/wp-json\/wp\/v2\/types\/product"}],"replies":[{"embeddable":true,"href":"https:\/\/www.mappershoe.com\/de\/wp-json\/wp\/v2\/comments?post=1491"}],"wp:featuredmedia":[{"embeddable":true,"href":"https:\/\/www.mappershoe.com\/de\/wp-json\/wp\/v2\/media\/1493"}],"wp:attachment":[{"href":"https:\/\/www.mappershoe.com\/de\/wp-json\/wp\/v2\/media?parent=1491"}],"wp:term":[{"taxonomy":"product_brand","embeddable":true,"href":"https:\/\/www.mappershoe.com\/de\/wp-json\/wp\/v2\/product_brand?post=1491"},{"taxonomy":"product_cat","embeddable":true,"href":"https:\/\/www.mappershoe.com\/de\/wp-json\/wp\/v2\/product_cat?post=1491"},{"taxonomy":"product_tag","embeddable":true,"href":"https:\/\/www.mappershoe.com\/de\/wp-json\/wp\/v2\/product_tag?post=1491"}],"curies":[{"name":"wp","href":"https:\/\/api.w.org\/{rel}","templated":true}]}}