{"id":1521,"date":"2025-06-20T09:38:59","date_gmt":"2025-06-20T09:38:59","guid":{"rendered":"https:\/\/www.mappershoe.com\/?post_type=product&#038;p=1521"},"modified":"2026-01-03T07:41:43","modified_gmt":"2026-01-03T07:41:43","slug":"mens-custom-slippers","status":"publish","type":"product","link":"https:\/\/www.mappershoe.com\/de\/produkt\/mens-custom-slippers\/","title":{"rendered":"Neue benutzerdefinierte Hausschuhe f\u00fcr M\u00e4nner, dicke Sohlen Eva Hausschuhe Bulk"},"content":{"rendered":"<div class=\"wp-block-columns is-layout-flex wp-container-core-columns-is-layout-9d6595d7 wp-block-columns-is-layout-flex\">\n<div class=\"wp-block-column is-layout-flow wp-block-column-is-layout-flow\">\n<h3 class=\"wp-block-heading\">Premium Mens Custom Slippers Eigenschaften:<\/h3>\n\n\n\n<p><strong>Aerodynamisches Au\u00dfendesign:<\/strong> Die Eva-Slipper haben eine stromlinienf\u00f6rmige, dreidimensionale Struktur, gepaart mit geometrischen Reliefmustern und Hohlk\u00f6rpern auf der Au\u00dfenseite, was einen dynamischen visuellen Effekt erzeugt, der perfekt f\u00fcr trendige Menschen und Kunden von Modemarken ist.<\/p>\n\n\n\n<p><strong>Verdickte, einteilige, geformte EVA-Laufsohle: <\/strong>Der gesamte Schuh wird aus einem hochelastischen, einteiligen EVA-Spritzgussverfahren hergestellt, was zu einer dicken, aber weichen Laufsohle f\u00fchrt, die den Aufprall beim Gehen wirksam reduziert. Die Sohle ist ca. 3,5-4 cm h\u00f6her, was den Tragekomfort und die K\u00f6rperproportionen verbessert.<\/p>\n\n\n\n<p><strong>Eingebaute 3D-Massage-Partikel-Einlegesohle:<\/strong> Die Einlegesohle der Herren-Slipper verf\u00fcgt \u00fcber rutschfeste Texturen und erh\u00f6hte Massagefl\u00e4chen, die daf\u00fcr sorgen, dass sich die F\u00fc\u00dfe entspannen k\u00f6nnen, w\u00e4hrend Atmungsaktivit\u00e4t und Komfort erhalten bleiben. Sie eignet sich sowohl f\u00fcr den l\u00e4ngeren Gebrauch im Haus als auch im Freien.<\/p>\n\n\n\n<p><strong>Rutschfeste und verschlei\u00dffeste Sohlentextur: <\/strong>Die Sohle der Eva-Pantoffeln f\u00fcr den Gro\u00dfhandel ist tief kreuzweise strukturiert, um verbesserte Traktion und Rutschfestigkeit sowie maximale Funktionalit\u00e4t und Sicherheit zu bieten. Sie eignen sich f\u00fcr den Einsatz in rutschigen Umgebungen wie Badezimmern, Schwimmb\u00e4dern und Balkonen und k\u00f6nnen auch als Freizeitschuhe im Freien verwendet werden.<\/p>\n\n\n\n<p><strong>Mehrdimensionale Anpassungsebenen: <\/strong>Die Hausschuhe f\u00fcr Herren bieten zahlreiche M\u00f6glichkeiten zur individuellen Gestaltung, darunter Logos (auf dem Obermaterial, der Seite oder der Einlegesohle), die Farbe der Schn\u00fcrsenkel, allgemeine Farbschemata, Musterdrucke und das Sohlenmaterial, so dass jedes Paar Hausschuhe die Pers\u00f6nlichkeit der Marke widerspiegeln kann.<\/p>\n<\/div>\n\n\n\n<div class=\"wp-block-column is-layout-flow wp-block-column-is-layout-flow\">\n<figure class=\"wp-block-image size-full\"><img decoding=\"async\" width=\"800\" height=\"800\" src=\"https:\/\/www.mappershoe.com\/wp-content\/uploads\/2025\/06\/mens-custom-slippers-new-thick-soles-height-increasing-eva-slippers-bulk-7.webp\" alt=\"mens-custom-slippers-new-thick-soles-height-increasing-eva-slippers-bulk- (7)\" class=\"wp-image-1528\" srcset=\"https:\/\/www.mappershoe.com\/wp-content\/uploads\/2025\/06\/mens-custom-slippers-new-thick-soles-height-increasing-eva-slippers-bulk-7.webp 800w, https:\/\/www.mappershoe.com\/wp-content\/uploads\/2025\/06\/mens-custom-slippers-new-thick-soles-height-increasing-eva-slippers-bulk-7-300x300.webp 300w, https:\/\/www.mappershoe.com\/wp-content\/uploads\/2025\/06\/mens-custom-slippers-new-thick-soles-height-increasing-eva-slippers-bulk-7-150x150.webp 150w, https:\/\/www.mappershoe.com\/wp-content\/uploads\/2025\/06\/mens-custom-slippers-new-thick-soles-height-increasing-eva-slippers-bulk-7-768x768.webp 768w, https:\/\/www.mappershoe.com\/wp-content\/uploads\/2025\/06\/mens-custom-slippers-new-thick-soles-height-increasing-eva-slippers-bulk-7-12x12.webp 12w, https:\/\/www.mappershoe.com\/wp-content\/uploads\/2025\/06\/mens-custom-slippers-new-thick-soles-height-increasing-eva-slippers-bulk-7-600x600.webp 600w, https:\/\/www.mappershoe.com\/wp-content\/uploads\/2025\/06\/mens-custom-slippers-new-thick-soles-height-increasing-eva-slippers-bulk-7-100x100.webp 100w\" sizes=\"(max-width: 800px) 100vw, 800px\" \/><\/figure>\n<\/div>\n<\/div>\n\n\n\n<p><\/p>","protected":false},"excerpt":{"rendered":"<p>Sie k\u00f6nnen gerne Gro\u00dfbestellungen aufgeben. Diese neuen Herren-Slipper verf\u00fcgen \u00fcber ein modernes Design mit dicker Sohle und einem auff\u00e4lligen geometrischen Profil. Sie sind aus weichem, leichtem EVA gefertigt und bieten H\u00f6henunterst\u00fctzung, Sto\u00dfd\u00e4mpfung und vollen Fu\u00dfkomfort mit einer strukturierten Massage-Einlegesohle. Individuelle Logos k\u00f6nnen auf dem Obermaterial, der Seite oder der Einlegesohle angebracht werden, wodurch sie sich ideal f\u00fcr den Gro\u00dfhandel, die Markenanpassung oder modische Einzelhandelslinien eignen.<\/p>\n<h2>Ma\u00dfgeschneiderte Herren-Hausschuhe Spezifikationen:<\/h2>\n<table width=\"777\">\n<tbody>\n<tr>\n<td width=\"291\">Hersteller:<\/td>\n<td width=\"486\">Mingyi<\/td>\n<\/tr>\n<tr>\n<td>Stil:<\/td>\n<td>Hausschuhe<\/td>\n<\/tr>\n<tr>\n<td>Modell:<\/td>\n<td>006<\/td>\n<\/tr>\n<tr>\n<td>Material:\u00a0<\/td>\n<td>EVA<\/td>\n<\/tr>\n<tr>\n<td>Farbe:\u00a0<\/td>\n<td>schwarz, wei\u00df, apricot<\/td>\n<\/tr>\n<tr>\n<td>Gr\u00f6\u00dfe:\u00a0<\/td>\n<td>36-37, 38-39,40-41, 42-43,44-45<\/td>\n<\/tr>\n<tr>\n<td>Anpassungsoptionen:\u00a0<\/td>\n<td>Logo (Oberseite, Seite, Einlegesohle) \/ All-Over-Druck \/ Farbe \/ Material \/ Sohlendicke \/ Obermaterial<\/td>\n<\/tr>\n<tr>\n<td>Verpacken:\u00a0<\/td>\n<td>Kundenspezifische Verpackung<\/td>\n<\/tr>\n<tr>\n<td>Muster\uff1a<\/td>\n<td>Kostenlose Blindmuster<\/td>\n<\/tr>\n<\/tbody>\n<\/table>","protected":false},"featured_media":1527,"comment_status":"closed","ping_status":"closed","template":"","meta":{"_acf_changed":false},"product_brand":[],"product_cat":[19],"product_tag":[25,26],"class_list":{"0":"post-1521","1":"product","2":"type-product","3":"status-publish","4":"has-post-thumbnail","6":"product_cat-slippers-in-bulk","7":"product_tag-eva-slippers-wholesale","8":"product_tag-mens-slippers-wholesale","10":"first","11":"instock","12":"shipping-taxable","13":"product-type-simple"},"acf":[],"_links":{"self":[{"href":"https:\/\/www.mappershoe.com\/de\/wp-json\/wp\/v2\/product\/1521","targetHints":{"allow":["GET"]}}],"collection":[{"href":"https:\/\/www.mappershoe.com\/de\/wp-json\/wp\/v2\/product"}],"about":[{"href":"https:\/\/www.mappershoe.com\/de\/wp-json\/wp\/v2\/types\/product"}],"replies":[{"embeddable":true,"href":"https:\/\/www.mappershoe.com\/de\/wp-json\/wp\/v2\/comments?post=1521"}],"wp:featuredmedia":[{"embeddable":true,"href":"https:\/\/www.mappershoe.com\/de\/wp-json\/wp\/v2\/media\/1527"}],"wp:attachment":[{"href":"https:\/\/www.mappershoe.com\/de\/wp-json\/wp\/v2\/media?parent=1521"}],"wp:term":[{"taxonomy":"product_brand","embeddable":true,"href":"https:\/\/www.mappershoe.com\/de\/wp-json\/wp\/v2\/product_brand?post=1521"},{"taxonomy":"product_cat","embeddable":true,"href":"https:\/\/www.mappershoe.com\/de\/wp-json\/wp\/v2\/product_cat?post=1521"},{"taxonomy":"product_tag","embeddable":true,"href":"https:\/\/www.mappershoe.com\/de\/wp-json\/wp\/v2\/product_tag?post=1521"}],"curies":[{"name":"wp","href":"https:\/\/api.w.org\/{rel}","templated":true}]}}