{"id":1530,"date":"2025-07-01T08:03:12","date_gmt":"2025-07-01T08:03:12","guid":{"rendered":"https:\/\/www.mappershoe.com\/?post_type=product&#038;p=1530"},"modified":"2025-07-01T08:03:15","modified_gmt":"2025-07-01T08:03:15","slug":"customized-eva-slippers","status":"publish","type":"product","link":"https:\/\/www.mappershoe.com\/de\/produkt\/customized-eva-slippers\/","title":{"rendered":"Ma\u00dfgeschneiderte EVA Hausschuhe Hochwertige Original Unisex Schaumsandalen mit Logo"},"content":{"rendered":"<div class=\"wp-block-columns is-layout-flex wp-container-core-columns-is-layout-9d6595d7 wp-block-columns-is-layout-flex\">\n<div class=\"wp-block-column is-layout-flow wp-block-column-is-layout-flow\">\n<h3 class=\"wp-block-heading\">Best Customized Eva Slipper Eigenschaften:<\/h3>\n\n\n\n<p><strong>Minimalistisches und stilvolles Design:<\/strong> Unsere ma\u00dfgefertigten eva Hausschuhe haben eine schlanke, einteilige Konstruktion mit klaren Linien und moderner \u00c4sthetik. Perfekt f\u00fcr zu Hause, f\u00fcr zwanglose Ausfl\u00fcge oder f\u00fcr den gesch\u00e4ftlichen Gebrauch.<\/p>\n\n\n\n<p><strong>Kundenspezifischer Logodruck verf\u00fcgbar:<\/strong> Diese individuellen eva Hausschuhe k\u00f6nnen mit Ihrem eigenen Logo personalisiert werden - ideal f\u00fcr Markenwerbung, Firmengeschenke, Hotels oder Private Labeling.<\/p>\n\n\n\n<p><strong>Eine Vielzahl von Farboptionen:<\/strong> Unsere ma\u00dfgeschneiderten eva Hausschuhe sind in einer Reihe von trendigen Farben wie Schwarz, Beige, Gr\u00fcn und Braun erh\u00e4ltlich und passen zu verschiedenen Vorlieben und Anl\u00e4ssen.<\/p>\n\n\n\n<p><strong>Weiche und anschmiegsame Passform:<\/strong> Gro\u00dfhandel Hausschuhe benutzerdefinierte Gr\u00f6\u00dfe sorgt f\u00fcr eine perfekte Passform, die den Fu\u00df bequem umschlie\u00dft - nicht mehr lose oder enge Hausschuhe.<\/p>\n\n\n\n<p><strong>Langlebige und qualitativ hochwertige Materialien:<\/strong> Gro\u00dfhandelspantoffeln aus weichen, hochwertigen Materialien und einer rutschfesten, verschlei\u00dffesten Sohle f\u00fcr lang anhaltenden Komfort und Sicherheit.<\/p>\n<\/div>\n\n\n\n<div class=\"wp-block-column is-layout-flow wp-block-column-is-layout-flow\">\n<figure class=\"wp-block-image size-full\"><img decoding=\"async\" width=\"790\" height=\"982\" src=\"https:\/\/www.mappershoe.com\/wp-content\/uploads\/2025\/07\/best-customized-eva-slippers-original-unisex-foam-sandals-5.webp\" alt=\"beste-angepasste-eva-hausschuhe-original-unisex-schaum-sandalen-5\" class=\"wp-image-1542\" srcset=\"https:\/\/www.mappershoe.com\/wp-content\/uploads\/2025\/07\/best-customized-eva-slippers-original-unisex-foam-sandals-5.webp 790w, https:\/\/www.mappershoe.com\/wp-content\/uploads\/2025\/07\/best-customized-eva-slippers-original-unisex-foam-sandals-5-241x300.webp 241w, https:\/\/www.mappershoe.com\/wp-content\/uploads\/2025\/07\/best-customized-eva-slippers-original-unisex-foam-sandals-5-768x955.webp 768w, https:\/\/www.mappershoe.com\/wp-content\/uploads\/2025\/07\/best-customized-eva-slippers-original-unisex-foam-sandals-5-10x12.webp 10w, https:\/\/www.mappershoe.com\/wp-content\/uploads\/2025\/07\/best-customized-eva-slippers-original-unisex-foam-sandals-5-600x746.webp 600w\" sizes=\"(max-width: 790px) 100vw, 790px\" \/><\/figure>\n<\/div>\n<\/div>\n\n\n\n<p><\/p>","protected":false},"excerpt":{"rendered":"<p>Willkommen bei Gro\u00dfbestellungen f\u00fcr unsere ma\u00dfgeschneiderten Eva-Pantoffeln. Erleben Sie ultimativen Komfort und Minimalismus mit unseren ma\u00dfgeschneiderten EVA-Pantoffeln, die mit einem schlanken, einteiligen Formk\u00f6rper und einer extradicken Sohle f\u00fcr wolkenartige D\u00e4mpfung ausgestattet sind. Ideal f\u00fcr den Hausgebrauch, Hotels, Spas, Fitnessstudios und Werbezwecke. OEM- und ODM-Anpassung wird vollst\u00e4ndig unterst\u00fctzt.<\/p>\n<h2>Ma\u00dfgeschneiderte EVA-Schuhe Spezifikationen:<\/h2>\n<table width=\"777\">\n<tbody>\n<tr>\n<td width=\"291\">Hersteller:<\/td>\n<td width=\"486\">Mingyi<\/td>\n<\/tr>\n<tr>\n<td>Stil:<\/td>\n<td>Hausschuhe<\/td>\n<\/tr>\n<tr>\n<td>Modell:<\/td>\n<td>007<\/td>\n<\/tr>\n<tr>\n<td>Material:\u00a0<\/td>\n<td>EVA<\/td>\n<\/tr>\n<tr>\n<td>Farbe:\u00a0<\/td>\n<td>schwarz, wei\u00df, apricot<\/td>\n<\/tr>\n<tr>\n<td>Gr\u00f6\u00dfe:\u00a0<\/td>\n<td>36-37, 38-39,40-41, 42-43,44-45<\/td>\n<\/tr>\n<tr>\n<td>Anpassungsoptionen:\u00a0<\/td>\n<td>Logo (Oberseite, Seite, Einlegesohle) \/ All-Over-Druck \/ Farbe \/ Material \/ Sohlendicke \/ Obermaterial<\/td>\n<\/tr>\n<tr>\n<td>Verpacken:\u00a0<\/td>\n<td>Kundenspezifische Verpackung<\/td>\n<\/tr>\n<tr>\n<td>Muster\uff1a<\/td>\n<td>Kostenlose Blindmuster<\/td>\n<\/tr>\n<\/tbody>\n<\/table>","protected":false},"featured_media":1538,"comment_status":"closed","ping_status":"closed","template":"","meta":{"_acf_changed":false},"product_brand":[],"product_cat":[19],"product_tag":[25,26,27],"class_list":{"0":"post-1530","1":"product","2":"type-product","3":"status-publish","4":"has-post-thumbnail","6":"product_cat-slippers-in-bulk","7":"product_tag-eva-slippers-wholesale","8":"product_tag-mens-slippers-wholesale","9":"product_tag-wholesale-womens-slippers","11":"first","12":"instock","13":"shipping-taxable","14":"product-type-simple"},"acf":[],"_links":{"self":[{"href":"https:\/\/www.mappershoe.com\/de\/wp-json\/wp\/v2\/product\/1530","targetHints":{"allow":["GET"]}}],"collection":[{"href":"https:\/\/www.mappershoe.com\/de\/wp-json\/wp\/v2\/product"}],"about":[{"href":"https:\/\/www.mappershoe.com\/de\/wp-json\/wp\/v2\/types\/product"}],"replies":[{"embeddable":true,"href":"https:\/\/www.mappershoe.com\/de\/wp-json\/wp\/v2\/comments?post=1530"}],"wp:featuredmedia":[{"embeddable":true,"href":"https:\/\/www.mappershoe.com\/de\/wp-json\/wp\/v2\/media\/1538"}],"wp:attachment":[{"href":"https:\/\/www.mappershoe.com\/de\/wp-json\/wp\/v2\/media?parent=1530"}],"wp:term":[{"taxonomy":"product_brand","embeddable":true,"href":"https:\/\/www.mappershoe.com\/de\/wp-json\/wp\/v2\/product_brand?post=1530"},{"taxonomy":"product_cat","embeddable":true,"href":"https:\/\/www.mappershoe.com\/de\/wp-json\/wp\/v2\/product_cat?post=1530"},{"taxonomy":"product_tag","embeddable":true,"href":"https:\/\/www.mappershoe.com\/de\/wp-json\/wp\/v2\/product_tag?post=1530"}],"curies":[{"name":"wp","href":"https:\/\/api.w.org\/{rel}","templated":true}]}}