{"id":1533,"date":"2025-07-01T10:00:25","date_gmt":"2025-07-01T10:00:25","guid":{"rendered":"https:\/\/www.mappershoe.com\/?post_type=product&#038;p=1533"},"modified":"2025-07-01T10:00:27","modified_gmt":"2025-07-01T10:00:27","slug":"wholesale-house-slippers","status":"publish","type":"product","link":"https:\/\/www.mappershoe.com\/de\/produkt\/wholesale-house-slippers\/","title":{"rendered":"Gro\u00dfhandel Hausschuhe Unisex, Massage Hausschuhe benutzerdefinierte Logo Home Bath"},"content":{"rendered":"<div class=\"wp-block-columns is-layout-flex wp-container-core-columns-is-layout-9d6595d7 wp-block-columns-is-layout-flex\">\n<div class=\"wp-block-column is-layout-flow wp-block-column-is-layout-flow\">\n<h3 class=\"wp-block-heading\">Premium Gro\u00dfhandel Hausschuhe Eigenschaften:<\/h3>\n\n\n\n<p><strong>Weich-PVC Material: <\/strong>Gro\u00dfhandels-Hausschuhe sind aus umweltfreundlichem, hochwertigem PVC-Material hergestellt. Dieser Schuh ist gut in Elastizit\u00e4t, leicht in Komfort, und weich im Gef\u00fchl, und kann f\u00fcr den t\u00e4glichen Haushalt Aktivit\u00e4ten oder Baden verwendet werden.<\/p>\n\n\n\n<p><strong>Massage Partikel Sohle:<\/strong> Die ma\u00dfgefertigte Message-Slipper-Sohle mit gleichm\u00e4\u00dfig verteilten Massagepunkten stimuliert beim Gehen die Akupressurpunkte an den F\u00fc\u00dfen, verringert die M\u00fcdigkeit und erh\u00f6ht den Tragekomfort.<\/p>\n\n\n\n<p><strong>Universelle Eignung:<\/strong> Diese Gro\u00dfhandel Hausschuhe kommen in mehreren modernen Farben und Gr\u00f6\u00dfen zum Nutzen der Kunden beider Geschlechter und Alter und kann f\u00fcr den Einsatz in Wohnungen, Hotels, B\u00e4der, und andere genutzt werden.<\/p>\n\n\n\n<p><strong>Anti-Rutsch-Sohle: <\/strong>Die Sohle dieser Gro\u00dfhandel Hausschuhe hat eine verdickte Anti-Rutsch-Textur-Design, das effektiv verhindert Ausrutschen, und es ist optimal f\u00fcr nasse und rutschige Oberfl\u00e4chen wie B\u00e4der und Schwimmb\u00e4der.<\/p>\n\n\n\n<p><strong>Unterst\u00fctzt die Anpassung der Marke:<\/strong> Die benutzerdefinierte Nachricht Pantoffel bietet mehrere Logo Drucktechniken, einschlie\u00dflich Siebdruck, W\u00e4rme\u00fcbertragung Druck und Pr\u00e4gung werden angeboten, um die verschiedenen Markenanforderungen der OEM \/ ODM-Kunden zu erf\u00fcllen.<\/p>\n<\/div>\n\n\n\n<div class=\"wp-block-column is-layout-flow wp-block-column-is-layout-flow\">\n<figure class=\"wp-block-image size-full\"><img decoding=\"async\" width=\"790\" height=\"812\" src=\"https:\/\/www.mappershoe.com\/wp-content\/uploads\/2025\/07\/wholesale-house-slippers-unisex-massage-slippers-custom-logo-4.webp\" alt=\"gro\u00dfhandel-hausschuhe-unisex-massage-hausschuhe-individuelles-logo-4\" class=\"wp-image-1551\" srcset=\"https:\/\/www.mappershoe.com\/wp-content\/uploads\/2025\/07\/wholesale-house-slippers-unisex-massage-slippers-custom-logo-4.webp 790w, https:\/\/www.mappershoe.com\/wp-content\/uploads\/2025\/07\/wholesale-house-slippers-unisex-massage-slippers-custom-logo-4-292x300.webp 292w, https:\/\/www.mappershoe.com\/wp-content\/uploads\/2025\/07\/wholesale-house-slippers-unisex-massage-slippers-custom-logo-4-768x789.webp 768w, https:\/\/www.mappershoe.com\/wp-content\/uploads\/2025\/07\/wholesale-house-slippers-unisex-massage-slippers-custom-logo-4-12x12.webp 12w, https:\/\/www.mappershoe.com\/wp-content\/uploads\/2025\/07\/wholesale-house-slippers-unisex-massage-slippers-custom-logo-4-600x617.webp 600w\" sizes=\"(max-width: 790px) 100vw, 790px\" \/><\/figure>\n<\/div>\n<\/div>","protected":false},"excerpt":{"rendered":"<p>Diese weichen PVC-Gro\u00dfhandel Hausschuhe von weichen PVC-Gro\u00dfhandel Haus Material verf\u00fcgen \u00fcber eine Fu\u00dfmassage Design, um Komfort und Haltbarkeit zu bieten. Es passt Bad, Haus, Hotel und andere Orte Nutzung. Verschiedene Farben und Gr\u00f6\u00dfen sind verf\u00fcgbar, mit Logo-Anpassung und verschiedene Druckm\u00f6glichkeiten unterst\u00fctzt, so dass es ideal f\u00fcr Gro\u00dfhandel Auftr\u00e4ge und Logo-Anpassung braucht. Wir freuen uns auf die Zusammenarbeit mit Ihrer Marke.<\/p>\n<h2>Gro\u00dfhandel Hausschuhe Spezifikationen:<\/h2>\n<table width=\"248\">\n<tbody>\n<tr>\n<td width=\"115\">Hersteller:<\/td>\n<td width=\"133\">Mingyi<\/td>\n<\/tr>\n<tr>\n<td>Stil:<\/td>\n<td>Hausschuhe<\/td>\n<\/tr>\n<tr>\n<td>Modell:<\/td>\n<td>2381<\/td>\n<\/tr>\n<tr>\n<td>Material:\u00a0<\/td>\n<td>PVC<\/td>\n<\/tr>\n<tr>\n<td>Farbe:\u00a0<\/td>\n<td width=\"133\">schwarz, wei\u00df, rot, orange, gelb, gr\u00fcn, marineblau, hellblau, blau, grau, braun, lila<\/td>\n<\/tr>\n<tr>\n<td>Gr\u00f6\u00dfe:\u00a0<\/td>\n<td>US Gr\u00f6\u00dfe 6\u30016.5 \u30017 \u30017.5 \u30018\u30018.5\u30019\u30019.5\u300110-14<\/td>\n<\/tr>\n<tr>\n<td>Anpassungsoptionen:\u00a0<\/td>\n<td>Logo (Oberseite, Seite, Einlegesohle) \/ All-Over-Druck \/ Farbe \/ Material \/ Sohlendicke \/ Obermaterial<\/td>\n<\/tr>\n<tr>\n<td>Verpacken:\u00a0<\/td>\n<td>Kundenspezifische Verpackung<\/td>\n<\/tr>\n<tr>\n<td>Muster\uff1a<\/td>\n<td>Kostenlose Blindmuster<\/td>\n<\/tr>\n<\/tbody>\n<\/table>","protected":false},"featured_media":1548,"comment_status":"closed","ping_status":"closed","template":"","meta":{"_acf_changed":false},"product_brand":[],"product_cat":[19],"product_tag":[26,24,27],"class_list":{"0":"post-1533","1":"product","2":"type-product","3":"status-publish","4":"has-post-thumbnail","6":"product_cat-slippers-in-bulk","7":"product_tag-mens-slippers-wholesale","8":"product_tag-wholesale-pvc-slippers","9":"product_tag-wholesale-womens-slippers","11":"first","12":"instock","13":"shipping-taxable","14":"product-type-simple"},"acf":[],"_links":{"self":[{"href":"https:\/\/www.mappershoe.com\/de\/wp-json\/wp\/v2\/product\/1533","targetHints":{"allow":["GET"]}}],"collection":[{"href":"https:\/\/www.mappershoe.com\/de\/wp-json\/wp\/v2\/product"}],"about":[{"href":"https:\/\/www.mappershoe.com\/de\/wp-json\/wp\/v2\/types\/product"}],"replies":[{"embeddable":true,"href":"https:\/\/www.mappershoe.com\/de\/wp-json\/wp\/v2\/comments?post=1533"}],"wp:featuredmedia":[{"embeddable":true,"href":"https:\/\/www.mappershoe.com\/de\/wp-json\/wp\/v2\/media\/1548"}],"wp:attachment":[{"href":"https:\/\/www.mappershoe.com\/de\/wp-json\/wp\/v2\/media?parent=1533"}],"wp:term":[{"taxonomy":"product_brand","embeddable":true,"href":"https:\/\/www.mappershoe.com\/de\/wp-json\/wp\/v2\/product_brand?post=1533"},{"taxonomy":"product_cat","embeddable":true,"href":"https:\/\/www.mappershoe.com\/de\/wp-json\/wp\/v2\/product_cat?post=1533"},{"taxonomy":"product_tag","embeddable":true,"href":"https:\/\/www.mappershoe.com\/de\/wp-json\/wp\/v2\/product_tag?post=1533"}],"curies":[{"name":"wp","href":"https:\/\/api.w.org\/{rel}","templated":true}]}}