{"id":1565,"date":"2025-07-17T15:17:29","date_gmt":"2025-07-17T15:17:29","guid":{"rendered":"https:\/\/www.mappershoe.com\/?post_type=product&#038;p=1565"},"modified":"2026-01-03T07:38:53","modified_gmt":"2026-01-03T07:38:53","slug":"custom-printed-slippers","status":"publish","type":"product","link":"https:\/\/www.mappershoe.com\/de\/produkt\/custom-printed-slippers\/","title":{"rendered":"Individuell bedruckte Hausschuhe, Hausschuhe mit dicker Sohle, lose mit Logo"},"content":{"rendered":"<div class=\"wp-block-columns is-layout-flex wp-container-core-columns-is-layout-9d6595d7 wp-block-columns-is-layout-flex\">\n<div class=\"wp-block-column is-layout-flow wp-block-column-is-layout-flow\">\n<h3 class=\"wp-block-heading\">Premium Custom Printed Slippers Merkmale:<\/h3>\n\n\n\n<p><strong>Personalisiertes Druckdesign:<\/strong> Wir haben die M\u00f6glichkeit des personalisierten Drucks, bei dem die Kunden Designs, Muster oder sogar Logos nach ihrer Wahl auf das Obermaterial des Schuhs drucken lassen k\u00f6nnen, wodurch die Einzigartigkeit der Marke zum Vorschein kommt.<\/p>\n\n\n\n<p><strong>Dicke Sohle:<\/strong> Die verdickte Sohle unserer individuell bedruckten Hausschuhe sorgt f\u00fcr zus\u00e4tzlichen Komfort und Halt bei Spazierg\u00e4ngen an Sandstr\u00e4nden, ist rutschfest und langlebig.<\/p>\n\n\n\n<p><strong>Bequeme Materialien: <\/strong>Die Sohle und das Oberteil der Hausschuhe im Gro\u00dfhandel sind aus hochwertigen PVC-Materialien hergestellt, die leicht und weich sind und auch bei stundenlangem Gebrauch Komfort bieten.<\/p>\n\n\n\n<p><strong>F\u00fcr den Au\u00dfeneinsatz geeignet:<\/strong> Die speziell f\u00fcr Au\u00dfenbereiche wie Str\u00e4nde und Schwimmb\u00e4der entwickelten, individuell bedruckten Hausschuhe sind wasserdicht, atmungsaktiv und bieten ein sehr komfortables und uneingeschr\u00e4nktes Tragegef\u00fchl.<\/p>\n\n\n\n<p><strong>Vielf\u00e4ltige Optionen:<\/strong> Die individuell bedruckten Hausschuhe sind in einer Vielzahl von Farben, Designs und Gr\u00f6\u00dfen erh\u00e4ltlich, um verschiedene K\u00e4ufer anzusprechen.<\/p>\n<\/div>\n\n\n\n<div class=\"wp-block-column is-layout-flow wp-block-column-is-layout-flow\">\n<figure class=\"wp-block-image size-full\"><img decoding=\"async\" width=\"800\" height=\"800\" src=\"https:\/\/www.mappershoe.com\/wp-content\/uploads\/2025\/07\/custom-printed-slippers-for-beach-thick-sole-slippers-wholesale-with-logo-2.webp\" alt=\"Individuell bedruckte Hausschuhe-f\u00fcr-Strand-dicke-Sohle-Hausschuhe-Gro\u00dfhandel-mit-Logo-2\" class=\"wp-image-1567\" srcset=\"https:\/\/www.mappershoe.com\/wp-content\/uploads\/2025\/07\/custom-printed-slippers-for-beach-thick-sole-slippers-wholesale-with-logo-2.webp 800w, https:\/\/www.mappershoe.com\/wp-content\/uploads\/2025\/07\/custom-printed-slippers-for-beach-thick-sole-slippers-wholesale-with-logo-2-300x300.webp 300w, https:\/\/www.mappershoe.com\/wp-content\/uploads\/2025\/07\/custom-printed-slippers-for-beach-thick-sole-slippers-wholesale-with-logo-2-150x150.webp 150w, https:\/\/www.mappershoe.com\/wp-content\/uploads\/2025\/07\/custom-printed-slippers-for-beach-thick-sole-slippers-wholesale-with-logo-2-768x768.webp 768w, https:\/\/www.mappershoe.com\/wp-content\/uploads\/2025\/07\/custom-printed-slippers-for-beach-thick-sole-slippers-wholesale-with-logo-2-12x12.webp 12w, https:\/\/www.mappershoe.com\/wp-content\/uploads\/2025\/07\/custom-printed-slippers-for-beach-thick-sole-slippers-wholesale-with-logo-2-600x600.webp 600w, https:\/\/www.mappershoe.com\/wp-content\/uploads\/2025\/07\/custom-printed-slippers-for-beach-thick-sole-slippers-wholesale-with-logo-2-100x100.webp 100w\" sizes=\"(max-width: 800px) 100vw, 800px\" \/><\/figure>\n<\/div>\n<\/div>","protected":false},"excerpt":{"rendered":"<p>F\u00fchlen Sie sich frei, uns f\u00fcr den Gro\u00dfeinkauf der individuell bedruckten Hausschuhe in der dicken Sohle Design f\u00fcr optimalen Komfort, absichtlich f\u00fcr Outdoor-Umgebungen wie Strand und Poolbereich gemacht zu kontaktieren. Sie unterst\u00fctzen Logodruck, um die Markenerkennung zu verbessern, also ideal f\u00fcr Gro\u00dfh\u00e4ndler und Corporate Marketing.<\/p>\n<h2>Individuell bedruckte Hausschuhe Spezifikationen:<\/h2>\n<table width=\"248\">\n<tbody>\n<tr>\n<td width=\"115\">Hersteller:<\/td>\n<td width=\"133\">Mingyi<\/td>\n<\/tr>\n<tr>\n<td>Stil:<\/td>\n<td>Hausschuhe<\/td>\n<\/tr>\n<tr>\n<td>Modell:<\/td>\n<td>221<\/td>\n<\/tr>\n<tr>\n<td>Material:\u00a0<\/td>\n<td>PVC<\/td>\n<\/tr>\n<tr>\n<td>Farbe:\u00a0<\/td>\n<td width=\"133\">schwarz, wei\u00df, rot, orange, gelb, gr\u00fcn, hellblau, blau, grau, braun, lila, rosa<\/td>\n<\/tr>\n<tr>\n<td>Gr\u00f6\u00dfe:\u00a0<\/td>\n<td>US Gr\u00f6\u00dfe 6\u30016.5 \u30017 \u30017.5 \u30018\u30018.5\u30019\u30019.5\u300110-14<\/td>\n<\/tr>\n<tr>\n<td>Anpassungsoptionen:\u00a0<\/td>\n<td>Logo (Oberseite, Seite, Einlegesohle) \/ All-Over-Druck \/ Farbe \/ Material \/ Sohlendicke \/ Obermaterial<\/td>\n<\/tr>\n<tr>\n<td>Verpacken:\u00a0<\/td>\n<td>Kundenspezifische Verpackung<\/td>\n<\/tr>\n<tr>\n<td>Muster\uff1a<\/td>\n<td>Kostenlose Blindmuster<\/td>\n<\/tr>\n<\/tbody>\n<\/table>","protected":false},"featured_media":1566,"comment_status":"closed","ping_status":"closed","template":"","meta":{"_acf_changed":false},"product_brand":[],"product_cat":[19],"product_tag":[26,24,27],"class_list":{"0":"post-1565","1":"product","2":"type-product","3":"status-publish","4":"has-post-thumbnail","6":"product_cat-slippers-in-bulk","7":"product_tag-mens-slippers-wholesale","8":"product_tag-wholesale-pvc-slippers","9":"product_tag-wholesale-womens-slippers","11":"first","12":"instock","13":"shipping-taxable","14":"product-type-simple"},"acf":[],"_links":{"self":[{"href":"https:\/\/www.mappershoe.com\/de\/wp-json\/wp\/v2\/product\/1565","targetHints":{"allow":["GET"]}}],"collection":[{"href":"https:\/\/www.mappershoe.com\/de\/wp-json\/wp\/v2\/product"}],"about":[{"href":"https:\/\/www.mappershoe.com\/de\/wp-json\/wp\/v2\/types\/product"}],"replies":[{"embeddable":true,"href":"https:\/\/www.mappershoe.com\/de\/wp-json\/wp\/v2\/comments?post=1565"}],"wp:featuredmedia":[{"embeddable":true,"href":"https:\/\/www.mappershoe.com\/de\/wp-json\/wp\/v2\/media\/1566"}],"wp:attachment":[{"href":"https:\/\/www.mappershoe.com\/de\/wp-json\/wp\/v2\/media?parent=1565"}],"wp:term":[{"taxonomy":"product_brand","embeddable":true,"href":"https:\/\/www.mappershoe.com\/de\/wp-json\/wp\/v2\/product_brand?post=1565"},{"taxonomy":"product_cat","embeddable":true,"href":"https:\/\/www.mappershoe.com\/de\/wp-json\/wp\/v2\/product_cat?post=1565"},{"taxonomy":"product_tag","embeddable":true,"href":"https:\/\/www.mappershoe.com\/de\/wp-json\/wp\/v2\/product_tag?post=1565"}],"curies":[{"name":"wp","href":"https:\/\/api.w.org\/{rel}","templated":true}]}}