{"id":1576,"date":"2025-07-17T16:50:07","date_gmt":"2025-07-17T16:50:07","guid":{"rendered":"https:\/\/www.mappershoe.com\/?post_type=product&#038;p=1576"},"modified":"2025-07-17T16:52:33","modified_gmt":"2025-07-17T16:52:33","slug":"custom-cloud-slides","status":"publish","type":"product","link":"https:\/\/www.mappershoe.com\/de\/produkt\/custom-cloud-slides\/","title":{"rendered":"Mode benutzerdefinierte Wolke rutscht, Sommer EVA-Schaum Hausschuhe Gro\u00dfhandel"},"content":{"rendered":"<div class=\"wp-block-columns is-layout-flex wp-container-core-columns-is-layout-9d6595d7 wp-block-columns-is-layout-flex\">\n<div class=\"wp-block-column is-layout-flow wp-block-column-is-layout-flow\">\n<h3 class=\"wp-block-heading\">Beste benutzerdefinierte Cloud-Slides-Funktionen:<\/h3>\n\n\n\n<p><strong>Stilvolles Design:<\/strong> Die ma\u00dfgefertigten Cloud-Slides sind einfach stilvoll und schlicht im Design, perfekt f\u00fcr das t\u00e4gliche Tragen und sommerliche Ausfl\u00fcge und haben das ideale Ma\u00df an Komfort und Aussehen.<\/p>\n\n\n\n<p><strong>Leichtes EVA-Material: <\/strong>Der gesamte Schuh der Gro\u00dfhandel EVA-Schaum Hausschuhe ist aus hochdichtem EVA durch einteilige Spritzguss mit leichten, rutschfesten und weichen Eigenschaften f\u00fcr Komfort auch nach l\u00e4ngerem Tragen gemacht.<\/p>\n\n\n\n<p><strong>Ergonomische Sohle:<\/strong> Die speziell auf die nat\u00fcrliche Form des Fu\u00dfes zugeschnittenen Cloud-Slides bieten mehr Halt und verringern die Erm\u00fcdung beim Gehen.<\/p>\n\n\n\n<p><strong>Rutschfest und langlebig: <\/strong>Die Sohle der ma\u00dfgefertigten Sportrutschen ist gewellt oder strukturiert, ideal f\u00fcr alle B\u00f6den und bietet mehr Halt und Sicherheit.<\/p>\n\n\n\n<p><strong>Optionen f\u00fcr Anpassungen:<\/strong> Farben, Logos, Gr\u00f6\u00dfen und Verpackungen k\u00f6nnen an die jeweiligen Bed\u00fcrfnisse angepasst werden. Die benutzerdefinierten Wolkenrutschen sind perfekt f\u00fcr Markenanpassungen, Werbegeschenke, Team-Editionen usw.<\/p>\n<\/div>\n\n\n\n<div class=\"wp-block-column is-layout-flow wp-block-column-is-layout-flow\">\n<figure class=\"wp-block-image size-full\"><img decoding=\"async\" width=\"750\" height=\"805\" src=\"https:\/\/www.mappershoe.com\/wp-content\/uploads\/2025\/07\/fashion-custom-cloud-slides-summer-eva-foam-slippers-wholesale-1.webp\" alt=\"mode-wolken-schieber-sommer-eva-schaum-pantoffeln-grosshandel-1\" class=\"wp-image-1577\" srcset=\"https:\/\/www.mappershoe.com\/wp-content\/uploads\/2025\/07\/fashion-custom-cloud-slides-summer-eva-foam-slippers-wholesale-1.webp 750w, https:\/\/www.mappershoe.com\/wp-content\/uploads\/2025\/07\/fashion-custom-cloud-slides-summer-eva-foam-slippers-wholesale-1-280x300.webp 280w, https:\/\/www.mappershoe.com\/wp-content\/uploads\/2025\/07\/fashion-custom-cloud-slides-summer-eva-foam-slippers-wholesale-1-11x12.webp 11w, https:\/\/www.mappershoe.com\/wp-content\/uploads\/2025\/07\/fashion-custom-cloud-slides-summer-eva-foam-slippers-wholesale-1-600x644.webp 600w\" sizes=\"(max-width: 750px) 100vw, 750px\" \/><\/figure>\n<\/div>\n<\/div>\n\n\n\n<p><\/p>","protected":false},"excerpt":{"rendered":"<p>Diese stilvolle benutzerdefinierte Wolke Folien sind perfekt f\u00fcr den Sommer Komfort und Vielseitigkeit. Leicht, gepolstert, und rutschfest, die EVA-Schaum Hausschuhe Gro\u00dfhandel ideal f\u00fcr den Alltag oder Sport Erholung. Customization und Gro\u00dfhandel Logo, Farbe und Verpackung zum Verkauf zur Verf\u00fcgung. Wir sch\u00e4tzen Ihre Anfrage und Partnerschaft.<\/p>\n<h2>Ma\u00dfgeschneiderte EVA-Schuhe Spezifikationen:<\/h2>\n<table width=\"448\">\n<tbody>\n<tr>\n<td width=\"168\">Hersteller:<\/td>\n<td width=\"280\">Mingyi<\/td>\n<\/tr>\n<tr>\n<td>Stil:<\/td>\n<td>Hausschuhe<\/td>\n<\/tr>\n<tr>\n<td>Modell:<\/td>\n<td>008<\/td>\n<\/tr>\n<tr>\n<td>Material:\u00a0<\/td>\n<td>EVA<\/td>\n<\/tr>\n<tr>\n<td>Farbe:\u00a0<\/td>\n<td>schwarz, wei\u00df, apricot<\/td>\n<\/tr>\n<tr>\n<td>Gr\u00f6\u00dfe:\u00a0<\/td>\n<td>36-37, 38-39,40-41, 42-43,44-45<\/td>\n<\/tr>\n<tr>\n<td>Anpassungsoptionen:\u00a0<\/td>\n<td>Logo (Oberseite, Seite, Einlegesohle) \/ All-Over-Druck \/ Farbe \/ Material \/ Sohlendicke \/ Obermaterial<\/td>\n<\/tr>\n<tr>\n<td>Verpacken:\u00a0<\/td>\n<td>Kundenspezifische Verpackung<\/td>\n<\/tr>\n<tr>\n<td>Muster\uff1a<\/td>\n<td>Kostenlose Blindmuster<\/td>\n<\/tr>\n<\/tbody>\n<\/table>","protected":false},"featured_media":1578,"comment_status":"closed","ping_status":"closed","template":"","meta":{"_acf_changed":false},"product_brand":[],"product_cat":[19],"product_tag":[25,26,27],"class_list":{"0":"post-1576","1":"product","2":"type-product","3":"status-publish","4":"has-post-thumbnail","6":"product_cat-slippers-in-bulk","7":"product_tag-eva-slippers-wholesale","8":"product_tag-mens-slippers-wholesale","9":"product_tag-wholesale-womens-slippers","11":"first","12":"instock","13":"shipping-taxable","14":"product-type-simple"},"acf":[],"_links":{"self":[{"href":"https:\/\/www.mappershoe.com\/de\/wp-json\/wp\/v2\/product\/1576","targetHints":{"allow":["GET"]}}],"collection":[{"href":"https:\/\/www.mappershoe.com\/de\/wp-json\/wp\/v2\/product"}],"about":[{"href":"https:\/\/www.mappershoe.com\/de\/wp-json\/wp\/v2\/types\/product"}],"replies":[{"embeddable":true,"href":"https:\/\/www.mappershoe.com\/de\/wp-json\/wp\/v2\/comments?post=1576"}],"wp:featuredmedia":[{"embeddable":true,"href":"https:\/\/www.mappershoe.com\/de\/wp-json\/wp\/v2\/media\/1578"}],"wp:attachment":[{"href":"https:\/\/www.mappershoe.com\/de\/wp-json\/wp\/v2\/media?parent=1576"}],"wp:term":[{"taxonomy":"product_brand","embeddable":true,"href":"https:\/\/www.mappershoe.com\/de\/wp-json\/wp\/v2\/product_brand?post=1576"},{"taxonomy":"product_cat","embeddable":true,"href":"https:\/\/www.mappershoe.com\/de\/wp-json\/wp\/v2\/product_cat?post=1576"},{"taxonomy":"product_tag","embeddable":true,"href":"https:\/\/www.mappershoe.com\/de\/wp-json\/wp\/v2\/product_tag?post=1576"}],"curies":[{"name":"wp","href":"https:\/\/api.w.org\/{rel}","templated":true}]}}