{"id":1583,"date":"2025-07-18T01:20:11","date_gmt":"2025-07-18T01:20:11","guid":{"rendered":"https:\/\/www.mappershoe.com\/?post_type=product&#038;p=1583"},"modified":"2025-07-18T01:20:13","modified_gmt":"2025-07-18T01:20:13","slug":"custom-yeezy-slides","status":"publish","type":"product","link":"https:\/\/www.mappershoe.com\/de\/produkt\/custom-yeezy-slides\/","title":{"rendered":"Benutzerdefinierte Yeezy Rutschen, billig Casual Marke Hausschuhe Gro\u00dfhandel"},"content":{"rendered":"<div class=\"wp-block-columns is-layout-flex wp-container-core-columns-is-layout-9d6595d7 wp-block-columns-is-layout-flex\">\n<div class=\"wp-block-column is-layout-flow wp-block-column-is-layout-flow\">\n<h3 class=\"wp-block-heading\">Premium Custom Yeezy Slides Eigenschaften:<\/h3>\n\n\n\n<p><strong>Schlanker Yeezy-Stil: <\/strong>Die Custom Yeezy Slides Slipper mit schlanken Linien und einer robusten Sohle bieten einen angesagten, modernen Look, der immer im Trend liegt.<\/p>\n\n\n\n<p><strong>Leichtes EVA-Material: <\/strong>Dank des hochelastischen EVA-Materials, aus dem diese Custom Yeezy Slippers gefertigt sind, ist der Schuh dennoch weich und leicht und sorgt f\u00fcr ein reibungsloses, problemloses Tragegef\u00fchl.<\/p>\n\n\n\n<p><strong>Einteiliges Spritzgussverfahren:<\/strong> Die nahtlose Beschaffenheit dieser benutzerdefinierten Yeezy-Slipper verhindert ein Brechen, was zu mehr Haltbarkeit und allgemeinem Komfort f\u00fchrt.<\/p>\n\n\n\n<p><strong>Anti-Rutsch-Sohle: <\/strong>Unsere Eva Hausschuhe Gro\u00dfhandel verf\u00fcgen \u00fcber ein strukturiertes Muster auf der Unterseite, es verbessert die Traktion und eignet sich f\u00fcr verschiedene Szenarien wie B\u00e4der, Outdoor-Einstellungen, und Str\u00e4nde.<\/p>\n\n\n\n<p><strong>Personalisierung und Gro\u00dfhandel m\u00f6glich:<\/strong> Farben, Logos und Gr\u00f6\u00dfen k\u00f6nnen den Kundenw\u00fcnschen entsprechend angepasst werden, was sie ideal f\u00fcr die Herstellung individueller Markenpantoffeln macht. Aufgrund der niedrigen Kosten und der hohen Kosteneffizienz eignet sich das Material f\u00fcr Gro\u00dfeink\u00e4ufe von Superm\u00e4rkten, Marken und E-Commerce-Kan\u00e4len.<\/p>\n<\/div>\n\n\n\n<div class=\"wp-block-column is-layout-flow wp-block-column-is-layout-flow\">\n<figure class=\"wp-block-image size-full\"><img decoding=\"async\" width=\"800\" height=\"800\" src=\"https:\/\/www.mappershoe.com\/wp-content\/uploads\/2025\/07\/custom-yeezy-slides-cheap-casual-brand-slippers-wholesale-7.webp\" alt=\"custom-yeezy-slides-cheap-casual-brand-slippers-wholesale-7\" class=\"wp-image-1591\" srcset=\"https:\/\/www.mappershoe.com\/wp-content\/uploads\/2025\/07\/custom-yeezy-slides-cheap-casual-brand-slippers-wholesale-7.webp 800w, https:\/\/www.mappershoe.com\/wp-content\/uploads\/2025\/07\/custom-yeezy-slides-cheap-casual-brand-slippers-wholesale-7-300x300.webp 300w, https:\/\/www.mappershoe.com\/wp-content\/uploads\/2025\/07\/custom-yeezy-slides-cheap-casual-brand-slippers-wholesale-7-150x150.webp 150w, https:\/\/www.mappershoe.com\/wp-content\/uploads\/2025\/07\/custom-yeezy-slides-cheap-casual-brand-slippers-wholesale-7-768x768.webp 768w, https:\/\/www.mappershoe.com\/wp-content\/uploads\/2025\/07\/custom-yeezy-slides-cheap-casual-brand-slippers-wholesale-7-12x12.webp 12w, https:\/\/www.mappershoe.com\/wp-content\/uploads\/2025\/07\/custom-yeezy-slides-cheap-casual-brand-slippers-wholesale-7-600x600.webp 600w, https:\/\/www.mappershoe.com\/wp-content\/uploads\/2025\/07\/custom-yeezy-slides-cheap-casual-brand-slippers-wholesale-7-100x100.webp 100w\" sizes=\"(max-width: 800px) 100vw, 800px\" \/><\/figure>\n<\/div>\n<\/div>\n\n\n\n<p><\/p>","protected":false},"excerpt":{"rendered":"<p>Kontaktieren Sie uns f\u00fcr Gro\u00dfeink\u00e4ufe oder um unsere Yeezy-Slides individuell zu gestalten. EVA-Sandalen im Yeezy-Stil zum Hineinschl\u00fcpfen, entworfen f\u00fcr Komfort und Erschwinglichkeit. Leicht, langlebig und vollst\u00e4ndig anpassbar - ideal f\u00fcr das t\u00e4gliche Tragen und Gro\u00dfhandel Marke Anwendungen.<\/p>\n<h2>Kundenspezifische Yeezy Slides Spezifikationen:<\/h2>\n<table width=\"448\">\n<tbody>\n<tr>\n<td width=\"168\">Hersteller:<\/td>\n<td width=\"280\">Mingyi<\/td>\n<\/tr>\n<tr>\n<td>Stil:<\/td>\n<td>Hausschuhe<\/td>\n<\/tr>\n<tr>\n<td>Modell:<\/td>\n<td>009<\/td>\n<\/tr>\n<tr>\n<td>Material:\u00a0<\/td>\n<td>EVA<\/td>\n<\/tr>\n<tr>\n<td>Farbe:\u00a0<\/td>\n<td>schwarz, apricot, orange, gr\u00fcn, grau<\/td>\n<\/tr>\n<tr>\n<td>Gr\u00f6\u00dfe:\u00a0<\/td>\n<td>36-37, 38-39,40-41, 42-43,44-45<\/td>\n<\/tr>\n<tr>\n<td>Anpassungsoptionen:\u00a0<\/td>\n<td>Logo (Oberseite, Seite, Einlegesohle) \/ All-Over-Druck \/ Farbe \/ Material \/ Sohlendicke \/ Obermaterial<\/td>\n<\/tr>\n<tr>\n<td>Verpacken:\u00a0<\/td>\n<td>Kundenspezifische Verpackung<\/td>\n<\/tr>\n<tr>\n<td>Muster\uff1a<\/td>\n<td>Kostenlose Blindmuster<\/td>\n<\/tr>\n<\/tbody>\n<\/table>","protected":false},"featured_media":1585,"comment_status":"closed","ping_status":"closed","template":"","meta":{"_acf_changed":false},"product_brand":[],"product_cat":[19],"product_tag":[25,26,27],"class_list":{"0":"post-1583","1":"product","2":"type-product","3":"status-publish","4":"has-post-thumbnail","6":"product_cat-slippers-in-bulk","7":"product_tag-eva-slippers-wholesale","8":"product_tag-mens-slippers-wholesale","9":"product_tag-wholesale-womens-slippers","11":"first","12":"instock","13":"shipping-taxable","14":"product-type-simple"},"acf":[],"_links":{"self":[{"href":"https:\/\/www.mappershoe.com\/de\/wp-json\/wp\/v2\/product\/1583","targetHints":{"allow":["GET"]}}],"collection":[{"href":"https:\/\/www.mappershoe.com\/de\/wp-json\/wp\/v2\/product"}],"about":[{"href":"https:\/\/www.mappershoe.com\/de\/wp-json\/wp\/v2\/types\/product"}],"replies":[{"embeddable":true,"href":"https:\/\/www.mappershoe.com\/de\/wp-json\/wp\/v2\/comments?post=1583"}],"wp:featuredmedia":[{"embeddable":true,"href":"https:\/\/www.mappershoe.com\/de\/wp-json\/wp\/v2\/media\/1585"}],"wp:attachment":[{"href":"https:\/\/www.mappershoe.com\/de\/wp-json\/wp\/v2\/media?parent=1583"}],"wp:term":[{"taxonomy":"product_brand","embeddable":true,"href":"https:\/\/www.mappershoe.com\/de\/wp-json\/wp\/v2\/product_brand?post=1583"},{"taxonomy":"product_cat","embeddable":true,"href":"https:\/\/www.mappershoe.com\/de\/wp-json\/wp\/v2\/product_cat?post=1583"},{"taxonomy":"product_tag","embeddable":true,"href":"https:\/\/www.mappershoe.com\/de\/wp-json\/wp\/v2\/product_tag?post=1583"}],"curies":[{"name":"wp","href":"https:\/\/api.w.org\/{rel}","templated":true}]}}