{"id":1600,"date":"2025-07-18T02:12:07","date_gmt":"2025-07-18T02:12:07","guid":{"rendered":"https:\/\/www.mappershoe.com\/?post_type=product&#038;p=1600"},"modified":"2025-07-18T02:12:09","modified_gmt":"2025-07-18T02:12:09","slug":"pillow-slides-in-bulk","status":"publish","type":"product","link":"https:\/\/www.mappershoe.com\/de\/produkt\/pillow-slides-in-bulk\/","title":{"rendered":"Gro\u00dfformatige japanische Kissenrutschen in Bulk, Eva Custom Cloud Slides mit Logo"},"content":{"rendered":"<div class=\"wp-block-columns is-layout-flex wp-container-core-columns-is-layout-9d6595d7 wp-block-columns-is-layout-flex\">\n<div class=\"wp-block-column is-layout-flow wp-block-column-is-layout-flow\">\n<h3 class=\"wp-block-heading\">Premium Pillow Slides in Bulk Eigenschaften:<\/h3>\n\n\n\n<p><strong>\u00dcberdimensioniertes Design: <\/strong>Diese gro\u00dfvolumigen Kissenrutschen sind f\u00fcr Kunden mit breiteren oder l\u00e4ngeren F\u00fc\u00dfen gedacht und bieten ihnen einen ger\u00e4umigeren Sitz, ohne die F\u00fc\u00dfe einzuklemmen. Damit wird der Nachfrage nach gr\u00f6\u00dferen Gr\u00f6\u00dfen auf dem amerikanischen und europ\u00e4ischen Markt entsprochen.<\/p>\n\n\n\n<p><strong>Weiches EVA-Material: <\/strong>Diese gro\u00dfvolumigen Kissenrutschen sind aus hochelastischem EVA-Material gefertigt, das ihnen ein wolkenweiches Gef\u00fchl, eine luftig-leichte D\u00e4mpfung und eine geringere Erm\u00fcdung auch nach l\u00e4ngerem Tragen verleiht.<\/p>\n\n\n\n<p><strong>Ergonomische Sohle:<\/strong> Die dicke Sohlenkonstruktion der Custom Cloud Slides in Kombination mit einem das Fu\u00dfgew\u00f6lbe st\u00fctzenden Rahmen h\u00e4lt den Druck auf den Fu\u00df in Grenzen und sorgt f\u00fcr eine bequeme Entlastung, so dass das Gehen Schritt f\u00fcr Schritt zu einem komfortablen Erlebnis wird.<\/p>\n\n\n\n<p><strong>Antirutsch-Laufsohlenstruktur: <\/strong>Diese Kissenrutschen in loser Sch\u00fcttung verf\u00fcgen \u00fcber eine dreidimensionale Textur f\u00fcr starke Traktion, Rutschfestigkeit und Langlebigkeit und eignen sich f\u00fcr verschiedene Szenarien wie Badezimmer, Wohnungen und den Einsatz im Freien.<\/p>\n\n\n\n<p><strong>Individuelles Logo und Farboptionen: <\/strong>Wir bieten OEM\/ODM-Dienstleistungen an, die eine individuelle Gestaltung von Logos, Farben und Verpackungen erm\u00f6glichen, was ideal f\u00fcr die Anpassung von Marken und Gro\u00dfhandelskunden ist.<\/p>\n<\/div>\n\n\n\n<div class=\"wp-block-column is-layout-flow wp-block-column-is-layout-flow\">\n<figure class=\"wp-block-image size-full\"><img decoding=\"async\" width=\"1602\" height=\"1362\" src=\"https:\/\/www.mappershoe.com\/wp-content\/uploads\/2025\/07\/large-size-japanese-pillow-slides-in-bulk-eva-custom-cloud-slides-with-logo-2.webp\" alt=\"large-size-japanese-pillow-slides-in-bulk-eva-custom-cloud-slides-with-logo-2\" class=\"wp-image-1602\" srcset=\"https:\/\/www.mappershoe.com\/wp-content\/uploads\/2025\/07\/large-size-japanese-pillow-slides-in-bulk-eva-custom-cloud-slides-with-logo-2.webp 1602w, https:\/\/www.mappershoe.com\/wp-content\/uploads\/2025\/07\/large-size-japanese-pillow-slides-in-bulk-eva-custom-cloud-slides-with-logo-2-300x255.webp 300w, https:\/\/www.mappershoe.com\/wp-content\/uploads\/2025\/07\/large-size-japanese-pillow-slides-in-bulk-eva-custom-cloud-slides-with-logo-2-768x653.webp 768w, https:\/\/www.mappershoe.com\/wp-content\/uploads\/2025\/07\/large-size-japanese-pillow-slides-in-bulk-eva-custom-cloud-slides-with-logo-2-14x12.webp 14w, https:\/\/www.mappershoe.com\/wp-content\/uploads\/2025\/07\/large-size-japanese-pillow-slides-in-bulk-eva-custom-cloud-slides-with-logo-2-1200x1020.webp 1200w, https:\/\/www.mappershoe.com\/wp-content\/uploads\/2025\/07\/large-size-japanese-pillow-slides-in-bulk-eva-custom-cloud-slides-with-logo-2-600x510.webp 600w\" sizes=\"(max-width: 1602px) 100vw, 1602px\" \/><\/figure>\n<\/div>\n<\/div>\n\n\n\n<p><\/p>","protected":false},"excerpt":{"rendered":"<p>Wir laden Sie ein, die Kissenpantoffeln in gro\u00dfen Mengen zu kaufen. Gro\u00dfformatige Wolkenpantoffeln im japanischen Stil aus weichem EVA-Material, mit dicken Sohlen zur D\u00e4mpfung, leichtem Komfort und geeignet f\u00fcr den Innen- und Au\u00dfenbereich. Unterst\u00fctzt Logo und Farbanpassung, geeignet f\u00fcr Marke Gro\u00dfhandel und personalisierte Anpassung braucht.<\/p>\n<h2>Pillow Slides in Bulk Spezifikationen:<\/h2>\n<table width=\"448\">\n<tbody>\n<tr>\n<td width=\"168\">Hersteller:<\/td>\n<td width=\"280\">Mingyi<\/td>\n<\/tr>\n<tr>\n<td>Stil:<\/td>\n<td>Hausschuhe<\/td>\n<\/tr>\n<tr>\n<td>Modell:<\/td>\n<td>010<\/td>\n<\/tr>\n<tr>\n<td>Material:\u00a0<\/td>\n<td>EVA<\/td>\n<\/tr>\n<tr>\n<td>Farbe:\u00a0<\/td>\n<td width=\"280\">Aprikose, Orange, Gelb, Gr\u00fcn, Rosa, Hellblau, Apfelgr\u00fcn, Wei\u00df, Rot, Rosenrot, Lila, Hellviolett, Ziegelrot, Kaffee, Olivgr\u00fcn, Hellorange, Grau, Khaki, K\u00f6nigsblau, Dunkelblau, Schwarz, Schwarzgr\u00fcn, Weinrot, Blaulila<\/td>\n<\/tr>\n<tr>\n<td>Gr\u00f6\u00dfe:\u00a0<\/td>\n<td>36-37, 38-39,40-41, 42-43,44-45,46-47,48-49<\/td>\n<\/tr>\n<tr>\n<td>Anpassungsoptionen:\u00a0<\/td>\n<td>Logo (Oberseite, Seite, Einlegesohle) \/ All-Over-Druck \/ Farbe \/ Material \/ Sohlendicke \/ Obermaterial<\/td>\n<\/tr>\n<tr>\n<td>Verpacken:\u00a0<\/td>\n<td>Kundenspezifische Verpackung<\/td>\n<\/tr>\n<tr>\n<td>Muster\uff1a<\/td>\n<td>Kostenlose Blindmuster<\/td>\n<\/tr>\n<\/tbody>\n<\/table>","protected":false},"featured_media":1603,"comment_status":"closed","ping_status":"closed","template":"","meta":{"_acf_changed":false},"product_brand":[],"product_cat":[19],"product_tag":[25,26,27],"class_list":{"0":"post-1600","1":"product","2":"type-product","3":"status-publish","4":"has-post-thumbnail","6":"product_cat-slippers-in-bulk","7":"product_tag-eva-slippers-wholesale","8":"product_tag-mens-slippers-wholesale","9":"product_tag-wholesale-womens-slippers","11":"first","12":"instock","13":"shipping-taxable","14":"product-type-simple"},"acf":[],"_links":{"self":[{"href":"https:\/\/www.mappershoe.com\/de\/wp-json\/wp\/v2\/product\/1600","targetHints":{"allow":["GET"]}}],"collection":[{"href":"https:\/\/www.mappershoe.com\/de\/wp-json\/wp\/v2\/product"}],"about":[{"href":"https:\/\/www.mappershoe.com\/de\/wp-json\/wp\/v2\/types\/product"}],"replies":[{"embeddable":true,"href":"https:\/\/www.mappershoe.com\/de\/wp-json\/wp\/v2\/comments?post=1600"}],"wp:featuredmedia":[{"embeddable":true,"href":"https:\/\/www.mappershoe.com\/de\/wp-json\/wp\/v2\/media\/1603"}],"wp:attachment":[{"href":"https:\/\/www.mappershoe.com\/de\/wp-json\/wp\/v2\/media?parent=1600"}],"wp:term":[{"taxonomy":"product_brand","embeddable":true,"href":"https:\/\/www.mappershoe.com\/de\/wp-json\/wp\/v2\/product_brand?post=1600"},{"taxonomy":"product_cat","embeddable":true,"href":"https:\/\/www.mappershoe.com\/de\/wp-json\/wp\/v2\/product_cat?post=1600"},{"taxonomy":"product_tag","embeddable":true,"href":"https:\/\/www.mappershoe.com\/de\/wp-json\/wp\/v2\/product_tag?post=1600"}],"curies":[{"name":"wp","href":"https:\/\/api.w.org\/{rel}","templated":true}]}}