{"id":1637,"date":"2025-07-31T06:40:59","date_gmt":"2025-07-31T06:40:59","guid":{"rendered":"https:\/\/www.mappershoe.com\/?post_type=product&#038;p=1637"},"modified":"2025-10-27T06:51:10","modified_gmt":"2025-10-27T06:51:10","slug":"custom-design-slippers","status":"publish","type":"product","link":"https:\/\/www.mappershoe.com\/de\/produkt\/custom-design-slippers\/","title":{"rendered":"Custom Design Hausschuhe mit klarem Obermaterial, Bulk Hausschuhe"},"content":{"rendered":"<div class=\"wp-block-columns is-layout-flex wp-container-core-columns-is-layout-9d6595d7 wp-block-columns-is-layout-flex\">\n<div class=\"wp-block-column is-layout-flow wp-block-column-is-layout-flow\">\n<h3 class=\"wp-block-heading\">Premium Custom Design Hausschuhe Eigenschaften:<\/h3>\n\n\n\n<p><strong>Transparentes Design, stilvoll und minimalistisch: <\/strong>Diese ma\u00dfgefertigten Hausschuhe haben ein durchsichtiges, transparentes PVC-Obermaterial mit einem einzigartigen, modernen Design, das dem Wunsch der Verbraucher nach individueller, minimalistischer \u00c4sthetik entspricht.<\/p>\n\n\n\n<p><strong>Benutzerdefiniertes Logo:<\/strong> Diese Hausschuhe in loser Sch\u00fcttung bieten kundenspezifische Logo- und Druckdienste, um den Anforderungen verschiedener Marken gerecht zu werden. Einzigartige Muster und Logos k\u00f6nnen angepasst werden, um den Wiedererkennungswert der Marke zu erh\u00f6hen.<\/p>\n\n\n\n<p><strong>Leicht und warm, f\u00fcr alle Wetterlagen geeignet:<\/strong> Die aus leichtem und warmem PVC gefertigten Hausschuhe mit individuellem Design eignen sich perfekt f\u00fcr den Einsatz im Haus, am Urlaubsort, im Hotel usw.<\/p>\n\n\n\n<p><strong>Rutschfest und langlebig, sorgenfrei zu tragen: <\/strong>Die gro\u00dfvolumigen Hausschuhe verf\u00fcgen \u00fcber eine rutschhemmende Textur an der Sohle, die f\u00fcr au\u00dfergew\u00f6hnliche Traktion sorgt und auch auf rutschigen Oberfl\u00e4chen Halt und Sicherheit bietet.<\/p>\n\n\n\n<p><strong>Leicht zu reinigen und zu pflegen: <\/strong>Die ma\u00dfgefertigten Hausschuhe sind leicht zu reinigen und zu pflegen und f\u00e4rben leicht ab, so dass sie gl\u00e4nzen und Ihnen einen hohen Nutzungskomfort und eine lange Lebensdauer bieten.<\/p>\n<\/div>\n\n\n\n<div class=\"wp-block-column is-layout-flow wp-block-column-is-layout-flow\">\n<figure class=\"wp-block-image size-full\"><img decoding=\"async\" width=\"800\" height=\"800\" src=\"https:\/\/www.mappershoe.com\/wp-content\/uploads\/2025\/07\/custom-design-slippers-with-clear-transparent-upper-bulk-house-slippers-with-logo-13.webp\" alt=\"custom-design-hausschuhe-mit-transparentem-oberteil-hausschuhe-mit-logo-13\" class=\"wp-image-1650\" srcset=\"https:\/\/www.mappershoe.com\/wp-content\/uploads\/2025\/07\/custom-design-slippers-with-clear-transparent-upper-bulk-house-slippers-with-logo-13.webp 800w, https:\/\/www.mappershoe.com\/wp-content\/uploads\/2025\/07\/custom-design-slippers-with-clear-transparent-upper-bulk-house-slippers-with-logo-13-300x300.webp 300w, https:\/\/www.mappershoe.com\/wp-content\/uploads\/2025\/07\/custom-design-slippers-with-clear-transparent-upper-bulk-house-slippers-with-logo-13-150x150.webp 150w, https:\/\/www.mappershoe.com\/wp-content\/uploads\/2025\/07\/custom-design-slippers-with-clear-transparent-upper-bulk-house-slippers-with-logo-13-768x768.webp 768w, https:\/\/www.mappershoe.com\/wp-content\/uploads\/2025\/07\/custom-design-slippers-with-clear-transparent-upper-bulk-house-slippers-with-logo-13-12x12.webp 12w, https:\/\/www.mappershoe.com\/wp-content\/uploads\/2025\/07\/custom-design-slippers-with-clear-transparent-upper-bulk-house-slippers-with-logo-13-600x600.webp 600w, https:\/\/www.mappershoe.com\/wp-content\/uploads\/2025\/07\/custom-design-slippers-with-clear-transparent-upper-bulk-house-slippers-with-logo-13-100x100.webp 100w\" sizes=\"(max-width: 800px) 100vw, 800px\" \/><\/figure>\n<\/div>\n<\/div>\n\n\n\n<p><\/p>","protected":false},"excerpt":{"rendered":"<p>Kaufen Sie unsere individuell gestalteten Hausschuhe in gro\u00dfen Mengen. Diese kundenspezifischen PVC-Pantoffeln haben ein elegantes, transparentes Obermaterial und bieten einen modernen Look in Kombination mit Komfort und Zweckm\u00e4\u00dfigkeit. Sie sind vollst\u00e4ndig mit Logos anpassbar und eignen sich perfekt f\u00fcr Gro\u00dfbestellungen im Gastgewerbe, im Haushalt und im Einzelhandel.<\/p>\n<h2>Kundenspezifisches Design Pantoffeln Spezifikationen:<\/h2>\n<table width=\"419\">\n<tbody>\n<tr>\n<td width=\"115\">Hersteller:<\/td>\n<td width=\"304\">Mingyi<\/td>\n<\/tr>\n<tr>\n<td>Stil:<\/td>\n<td>Hausschuhe<\/td>\n<\/tr>\n<tr>\n<td>Modell:<\/td>\n<td>2294<\/td>\n<\/tr>\n<tr>\n<td>Material:\u00a0<\/td>\n<td>PVC<\/td>\n<\/tr>\n<tr>\n<td>Farbe:\u00a0<\/td>\n<td width=\"304\">schwarz, wei\u00df, rot, orange, gelb, gr\u00fcn, marineblau, blau, grau, braun, rosa<\/td>\n<\/tr>\n<tr>\n<td>Gr\u00f6\u00dfe:\u00a0<\/td>\n<td>US Gr\u00f6\u00dfe 6\u30016.5 \u30017 \u30017.5 \u30018\u30018.5\u30019\u30019.5\u300110-14<\/td>\n<\/tr>\n<tr>\n<td>Anpassungsoptionen:\u00a0<\/td>\n<td>Logo (Oberseite, Seite, Einlegesohle) \/ All-Over-Druck \/ Farbe \/ Material \/ Sohlendicke \/ Obermaterial<\/td>\n<\/tr>\n<tr>\n<td>Verpacken:\u00a0<\/td>\n<td>Kundenspezifische Verpackung<\/td>\n<\/tr>\n<tr>\n<td>Muster\uff1a<\/td>\n<td>Kostenlose Blindmuster<\/td>\n<\/tr>\n<\/tbody>\n<\/table>\n<p>&nbsp;<\/p>\n<p><script src=\"chrome-extension:\/\/fpelahbljekknahkcaegamhcndkfpfnc\/iFrame.js\" type=\"text\/javascript\"><\/script><\/p>","protected":false},"featured_media":1649,"comment_status":"closed","ping_status":"closed","template":"","meta":{"_acf_changed":false},"product_brand":[],"product_cat":[19],"product_tag":[26,24,27],"class_list":{"0":"post-1637","1":"product","2":"type-product","3":"status-publish","4":"has-post-thumbnail","6":"product_cat-slippers-in-bulk","7":"product_tag-mens-slippers-wholesale","8":"product_tag-wholesale-pvc-slippers","9":"product_tag-wholesale-womens-slippers","11":"first","12":"instock","13":"shipping-taxable","14":"product-type-simple"},"acf":[],"_links":{"self":[{"href":"https:\/\/www.mappershoe.com\/de\/wp-json\/wp\/v2\/product\/1637","targetHints":{"allow":["GET"]}}],"collection":[{"href":"https:\/\/www.mappershoe.com\/de\/wp-json\/wp\/v2\/product"}],"about":[{"href":"https:\/\/www.mappershoe.com\/de\/wp-json\/wp\/v2\/types\/product"}],"replies":[{"embeddable":true,"href":"https:\/\/www.mappershoe.com\/de\/wp-json\/wp\/v2\/comments?post=1637"}],"wp:featuredmedia":[{"embeddable":true,"href":"https:\/\/www.mappershoe.com\/de\/wp-json\/wp\/v2\/media\/1649"}],"wp:attachment":[{"href":"https:\/\/www.mappershoe.com\/de\/wp-json\/wp\/v2\/media?parent=1637"}],"wp:term":[{"taxonomy":"product_brand","embeddable":true,"href":"https:\/\/www.mappershoe.com\/de\/wp-json\/wp\/v2\/product_brand?post=1637"},{"taxonomy":"product_cat","embeddable":true,"href":"https:\/\/www.mappershoe.com\/de\/wp-json\/wp\/v2\/product_cat?post=1637"},{"taxonomy":"product_tag","embeddable":true,"href":"https:\/\/www.mappershoe.com\/de\/wp-json\/wp\/v2\/product_tag?post=1637"}],"curies":[{"name":"wp","href":"https:\/\/api.w.org\/{rel}","templated":true}]}}