{"id":1655,"date":"2025-07-31T07:06:28","date_gmt":"2025-07-31T07:06:28","guid":{"rendered":"https:\/\/www.mappershoe.com\/?post_type=product&#038;p=1655"},"modified":"2025-07-31T10:36:26","modified_gmt":"2025-07-31T10:36:26","slug":"custom-made-crocs-shoes","status":"publish","type":"product","link":"https:\/\/www.mappershoe.com\/de\/produkt\/custom-made-crocs-shoes\/","title":{"rendered":"Hochhackige Custom Made Crocs Schuhe, Gro\u00dfhandel Frauen Clog Schuhe"},"content":{"rendered":"<div class=\"wp-block-columns is-layout-flex wp-container-core-columns-is-layout-9d6595d7 wp-block-columns-is-layout-flex\">\n<div class=\"wp-block-column is-layout-flow wp-block-column-is-layout-flow\">\n<h3 class=\"wp-block-heading\">Premium Custom Made Crocs Schuhe Merkmale:<\/h3>\n\n\n\n<p><strong>Benutzerdefiniertes Design:<\/strong> Die Clog-Schuhe f\u00fcr Frauen im Gro\u00dfhandel sind in vielen Punkten anpassbar: Logos, Farben, Muster und Zubeh\u00f6r sind auf die Bed\u00fcrfnisse von Marken oder Gro\u00dfbestellungen zugeschnitten.<\/p>\n\n\n\n<p><strong>Hochhackige Ausf\u00fchrung:<\/strong> Das klassische, hochhackige Design der ma\u00dfgeschneiderten Crocs-Schuhe ist modisch und bequem, so dass sie im Alltag und bei der Gartenarbeit getragen werden k\u00f6nnen und sich f\u00fcr verschiedene Einsatzbereiche eignen.<\/p>\n\n\n\n<p><strong>Ultraleichtes EVA-Material: <\/strong>Diese ma\u00dfgefertigten Crocs-Schuhe sind aus leichtem EVA-Material gefertigt, wodurch sie extrem leicht sind, das Gewicht von langem Tragen tragen und den ganzen Tag \u00fcber Komfort bieten.<\/p>\n\n\n\n<p><strong>H\u00f6here Atmungsaktivit\u00e4t und antimikrobielle Aktivit\u00e4t: <\/strong>Diese ma\u00dfgefertigten Crocs-Schuhe sind f\u00fcr langes Tragen geeignet. Das atmungsaktive Obermaterial transportiert den Schwei\u00df effektiv ab, um die F\u00fc\u00dfe trocken zu halten, und die antimikrobielle Aktivit\u00e4t verhindert die Entstehung von Ger\u00fcchen, was sie perfekt f\u00fcr die Gartenarbeit und andere Au\u00dfeneins\u00e4tze macht.<\/p>\n\n\n\n<p><strong>Flexible Nutzung:<\/strong> Diese Gro\u00dfhandel Frauen Clog Schuhe eignen sich f\u00fcr das Tragen zu den meisten Outdoor-Anl\u00e4sse, wie der Garten, Strand, Resort, Pool, und im Freien, und bieten Komfort und Stil.<\/p>\n<\/div>\n\n\n\n<div class=\"wp-block-column is-layout-flow wp-block-column-is-layout-flow\">\n<figure class=\"wp-block-image size-full\"><img decoding=\"async\" width=\"800\" height=\"800\" src=\"https:\/\/www.mappershoe.com\/wp-content\/uploads\/2025\/07\/high-heeled-custom-made-crocs-shoes-wholesale-women-clog-shoes-2.webp\" alt=\"hochhackige-ma\u00dfgefertigte-crocs-schuhe-gro\u00dfhandel-damen-clog-schuhe-2\" class=\"wp-image-1657\" srcset=\"https:\/\/www.mappershoe.com\/wp-content\/uploads\/2025\/07\/high-heeled-custom-made-crocs-shoes-wholesale-women-clog-shoes-2.webp 800w, https:\/\/www.mappershoe.com\/wp-content\/uploads\/2025\/07\/high-heeled-custom-made-crocs-shoes-wholesale-women-clog-shoes-2-300x300.webp 300w, https:\/\/www.mappershoe.com\/wp-content\/uploads\/2025\/07\/high-heeled-custom-made-crocs-shoes-wholesale-women-clog-shoes-2-150x150.webp 150w, https:\/\/www.mappershoe.com\/wp-content\/uploads\/2025\/07\/high-heeled-custom-made-crocs-shoes-wholesale-women-clog-shoes-2-768x768.webp 768w, https:\/\/www.mappershoe.com\/wp-content\/uploads\/2025\/07\/high-heeled-custom-made-crocs-shoes-wholesale-women-clog-shoes-2-12x12.webp 12w, https:\/\/www.mappershoe.com\/wp-content\/uploads\/2025\/07\/high-heeled-custom-made-crocs-shoes-wholesale-women-clog-shoes-2-600x600.webp 600w, https:\/\/www.mappershoe.com\/wp-content\/uploads\/2025\/07\/high-heeled-custom-made-crocs-shoes-wholesale-women-clog-shoes-2-100x100.webp 100w\" sizes=\"(max-width: 800px) 100vw, 800px\" \/><\/figure>\n<\/div>\n<\/div>\n\n\n\n<p><\/p>","protected":false},"excerpt":{"rendered":"<p>F\u00fchlen Sie sich frei, uns f\u00fcr Gro\u00dfeink\u00e4ufe von ma\u00dfgeschneiderten Crocs Schuhe zu kontaktieren. Diese hochhackigen Gro\u00dfhandel Frauen Clog Schuhe kombinieren stilvolles Design mit Komfort. Sie sind aus leichtem EVA-Material und sind f\u00fcr den Au\u00dfenbereich geeignet, mit guter Atmungsaktivit\u00e4t, Anti-Rutsch-Sohlen und anpassbarem Design. Ideal f\u00fcr den Gro\u00dfhandel, bieten sie eine modische und vielseitige L\u00f6sung f\u00fcr Frauen, um Komfort zusammen mit Stil in ihrem t\u00e4glichen Schuhwerk zu genie\u00dfen.<\/p>\n<h2>Custom Made Crocs Schuhe Spezifikationen:<\/h2>\n<table width=\"448\">\n<tbody>\n<tr>\n<td width=\"168\">Hersteller:<\/td>\n<td width=\"280\">Mingyi<\/td>\n<\/tr>\n<tr>\n<td>Stil:<\/td>\n<td>Crocs Schuhe<\/td>\n<\/tr>\n<tr>\n<td>Modell:<\/td>\n<td>107<\/td>\n<\/tr>\n<tr>\n<td>Material:\u00a0<\/td>\n<td>EVA<\/td>\n<\/tr>\n<tr>\n<td>Farbe:\u00a0<\/td>\n<td width=\"280\">schwarz\uff0cwei\u00df\uff0caprikot\uff0crosa<\/td>\n<\/tr>\n<tr>\n<td>Gr\u00f6\u00dfe:\u00a0<\/td>\n<td>36-37, 38-39,40-41, 42-43,44-45<\/td>\n<\/tr>\n<tr>\n<td>Anpassungsoptionen:\u00a0<\/td>\n<td>Logo (Oberseite, Seite, Einlegesohle) \/ All-Over-Druck \/ Farbe \/ Material \/ Sohlendicke \/ Obermaterial<\/td>\n<\/tr>\n<tr>\n<td>Verpacken:\u00a0<\/td>\n<td>Kundenspezifische Verpackung<\/td>\n<\/tr>\n<tr>\n<td>Muster\uff1a<\/td>\n<td>Kostenlose Blindmuster<\/td>\n<\/tr>\n<\/tbody>\n<\/table>\n<p><script src=\"chrome-extension:\/\/fpelahbljekknahkcaegamhcndkfpfnc\/iFrame.js\" type=\"text\/javascript\"><\/script><\/p>\n<p>\n<script src=\"chrome-extension:\/\/fpelahbljekknahkcaegamhcndkfpfnc\/iFrame.js\" type=\"text\/javascript\"><\/script><\/p>","protected":false},"featured_media":1656,"comment_status":"closed","ping_status":"closed","template":"","meta":{"_acf_changed":false},"product_brand":[],"product_cat":[18],"product_tag":[25,27],"class_list":{"0":"post-1655","1":"product","2":"type-product","3":"status-publish","4":"has-post-thumbnail","6":"product_cat-wholesale-crocs-shoes","7":"product_tag-eva-slippers-wholesale","8":"product_tag-wholesale-womens-slippers","10":"first","11":"instock","12":"shipping-taxable","13":"product-type-simple"},"acf":[],"_links":{"self":[{"href":"https:\/\/www.mappershoe.com\/de\/wp-json\/wp\/v2\/product\/1655","targetHints":{"allow":["GET"]}}],"collection":[{"href":"https:\/\/www.mappershoe.com\/de\/wp-json\/wp\/v2\/product"}],"about":[{"href":"https:\/\/www.mappershoe.com\/de\/wp-json\/wp\/v2\/types\/product"}],"replies":[{"embeddable":true,"href":"https:\/\/www.mappershoe.com\/de\/wp-json\/wp\/v2\/comments?post=1655"}],"wp:featuredmedia":[{"embeddable":true,"href":"https:\/\/www.mappershoe.com\/de\/wp-json\/wp\/v2\/media\/1656"}],"wp:attachment":[{"href":"https:\/\/www.mappershoe.com\/de\/wp-json\/wp\/v2\/media?parent=1655"}],"wp:term":[{"taxonomy":"product_brand","embeddable":true,"href":"https:\/\/www.mappershoe.com\/de\/wp-json\/wp\/v2\/product_brand?post=1655"},{"taxonomy":"product_cat","embeddable":true,"href":"https:\/\/www.mappershoe.com\/de\/wp-json\/wp\/v2\/product_cat?post=1655"},{"taxonomy":"product_tag","embeddable":true,"href":"https:\/\/www.mappershoe.com\/de\/wp-json\/wp\/v2\/product_tag?post=1655"}],"curies":[{"name":"wp","href":"https:\/\/api.w.org\/{rel}","templated":true}]}}