{"id":1666,"date":"2025-07-31T08:34:17","date_gmt":"2025-07-31T08:34:17","guid":{"rendered":"https:\/\/www.mappershoe.com\/?post_type=product&#038;p=1666"},"modified":"2025-10-18T01:00:39","modified_gmt":"2025-10-18T01:00:39","slug":"crocs-in-bulk","status":"publish","type":"product","link":"https:\/\/www.mappershoe.com\/de\/produkt\/crocs-in-bulk\/","title":{"rendered":"Neue Mode Tire Crocs in Bulk, Crocs Herren Clog Schuhe Custom"},"content":{"rendered":"<div class=\"wp-block-columns is-layout-flex wp-container-core-columns-is-layout-9d6595d7 wp-block-columns-is-layout-flex\">\n<div class=\"wp-block-column is-layout-flow wp-block-column-is-layout-flow\">\n<h3 class=\"wp-block-heading\">Premium Tire Crocs in Bulk Eigenschaften:<\/h3>\n\n\n\n<p><strong>Exklusives Reifenmusterdesign: <\/strong>Jeder dieser Crocs-Schuhe hat ein bahnbrechendes Reifenprofil, das sie modisch und stilvoll macht. Sie sind sowohl funktional als auch stilvoll, perfekt f\u00fcr den Einsatz im Freien, bei Freizeitaktivit\u00e4ten und bei vielen anderen Gelegenheiten.<\/p>\n\n\n\n<p><strong>Bequeme Unterst\u00fctzung, allwettertauglich:<\/strong> Diese Clog-Schuhe f\u00fcr M\u00e4nner sind aus weichem EVA-Material gefertigt, das leicht ist und eine gute Sto\u00dfd\u00e4mpfung hat, so dass sie lange getragen werden k\u00f6nnen, ohne zu erm\u00fcden. Sie k\u00f6nnen bei der Arbeit, auf Reisen und zu Hause getragen werden, neben vielen anderen Anwendungen.<\/p>\n\n\n\n<p><strong>Hochgradig anpassbar:<\/strong> Diese Crocs in loser Sch\u00fcttung sind mit einer Reihe von Anpassungen vorprogrammiert, darunter Logos, Farben und Aufdrucke, die auf die Gr\u00f6\u00dfe des Gro\u00dfhandelskunden abgestimmt sind. Sie k\u00f6nnen auch f\u00fcr den Einzelhandel, Gruppenk\u00e4ufe, gesch\u00e4ftliche Anpassungen und andere B2B-Anwendungen angepasst werden.<\/p>\n\n\n\n<p><strong>Rutschfeste und abnutzungsresistente Sohle: <\/strong>Diese ma\u00dfgefertigten Herrenclogs haben eine rutschfeste Gummisohle f\u00fcr besseren Halt, um ein Ausrutschen zu verhindern. Sie sind besonders geeignet f\u00fcr den Einsatz in nassen und rutschigen Bedingungen, mit \u00fcberlegener Sicherheit Leistung.<\/p>\n\n\n\n<p><strong>Vielseitig<\/strong>: Diese Crocs f\u00fcr M\u00e4nner, die in gro\u00dfen Mengen erh\u00e4ltlich sind, k\u00f6nnen in zahlreichen Situationen getragen werden, einschlie\u00dflich der t\u00e4glichen Freizeit, im Freien und im Haus. Sie sind leicht zu reinigen, schnell trocknend und wetterbest\u00e4ndig.<\/p>\n<\/div>\n\n\n\n<div class=\"wp-block-column is-layout-flow wp-block-column-is-layout-flow\">\n<figure class=\"wp-block-image size-full\"><img decoding=\"async\" width=\"790\" height=\"918\" src=\"https:\/\/www.mappershoe.com\/wp-content\/uploads\/2025\/07\/new-fashion-tire-crocs-in-bulk-crocs-mens-clog-shoes-custom-1.webp\" alt=\"new-fashion-tire-crocs-in-bulk-crocs-men-clog-shoes-custom-1\" class=\"wp-image-1667\" srcset=\"https:\/\/www.mappershoe.com\/wp-content\/uploads\/2025\/07\/new-fashion-tire-crocs-in-bulk-crocs-mens-clog-shoes-custom-1.webp 790w, https:\/\/www.mappershoe.com\/wp-content\/uploads\/2025\/07\/new-fashion-tire-crocs-in-bulk-crocs-mens-clog-shoes-custom-1-258x300.webp 258w, https:\/\/www.mappershoe.com\/wp-content\/uploads\/2025\/07\/new-fashion-tire-crocs-in-bulk-crocs-mens-clog-shoes-custom-1-768x892.webp 768w, https:\/\/www.mappershoe.com\/wp-content\/uploads\/2025\/07\/new-fashion-tire-crocs-in-bulk-crocs-mens-clog-shoes-custom-1-10x12.webp 10w, https:\/\/www.mappershoe.com\/wp-content\/uploads\/2025\/07\/new-fashion-tire-crocs-in-bulk-crocs-mens-clog-shoes-custom-1-600x697.webp 600w\" sizes=\"(max-width: 790px) 100vw, 790px\" \/><\/figure>\n<\/div>\n<\/div>\n\n\n\n<p><\/p>","protected":false},"excerpt":{"rendered":"<p>F\u00fcr Gro\u00dfeink\u00e4ufe von Reifen-Crocs in gro\u00dfen Mengen k\u00f6nnen Sie uns gerne kontaktieren. Diese Crocs Clog-Schuhe f\u00fcr M\u00e4nner bieten ein einzigartiges Reifenprofil f\u00fcr einen modischen und funktionellen Look. Sie sind aus leichtem EVA gefertigt und bieten den ganzen Tag \u00fcber Komfort und Halt, perfekt f\u00fcr Freizeitkleidung, Outdoor-Aktivit\u00e4ten und mehr. Extrem anpassbar mit Logos, Farben und Kunstwerken, sind diese Schuhe perfekt f\u00fcr Gro\u00dfauftr\u00e4ge und Gro\u00dfhandel.<\/p>\n<h2>Tire Crocs in Bulk Spezifikationen:<\/h2>\n<table width=\"448\">\n<tbody>\n<tr>\n<td width=\"168\">Hersteller:<\/td>\n<td width=\"280\">Mingyi<\/td>\n<\/tr>\n<tr>\n<td>Stil:<\/td>\n<td>Crocs Schuhe<\/td>\n<\/tr>\n<tr>\n<td>Modell:<\/td>\n<td>108<\/td>\n<\/tr>\n<tr>\n<td>Material:\u00a0<\/td>\n<td>EVA<\/td>\n<\/tr>\n<tr>\n<td>Farbe:\u00a0<\/td>\n<td width=\"280\">schwarz, grau, apricot, gr\u00fcn<\/td>\n<\/tr>\n<tr>\n<td>Gr\u00f6\u00dfe:\u00a0<\/td>\n<td>36-37, 38-39,40-41, 42-43,44-45<\/td>\n<\/tr>\n<tr>\n<td>Anpassungsoptionen:\u00a0<\/td>\n<td>Logo (Oberseite, Seite, Einlegesohle) \/ All-Over-Druck \/ Farbe \/ Material \/ Sohlendicke \/ Obermaterial<\/td>\n<\/tr>\n<tr>\n<td>Verpacken:\u00a0<\/td>\n<td>Kundenspezifische Verpackung<\/td>\n<\/tr>\n<tr>\n<td>Muster\uff1a<\/td>\n<td>Kostenlose Blindmuster<\/td>\n<\/tr>\n<\/tbody>\n<\/table>\n<p><script src=\"chrome-extension:\/\/fpelahbljekknahkcaegamhcndkfpfnc\/iFrame.js\" type=\"text\/javascript\"><\/script><\/p>\n<p><script src=\"chrome-extension:\/\/fpelahbljekknahkcaegamhcndkfpfnc\/iFrame.js\" type=\"text\/javascript\"><\/script><\/p>","protected":false},"featured_media":1668,"comment_status":"closed","ping_status":"closed","template":"","meta":{"_acf_changed":false},"product_brand":[],"product_cat":[18],"product_tag":[25,26],"class_list":{"0":"post-1666","1":"product","2":"type-product","3":"status-publish","4":"has-post-thumbnail","6":"product_cat-wholesale-crocs-shoes","7":"product_tag-eva-slippers-wholesale","8":"product_tag-mens-slippers-wholesale","10":"first","11":"instock","12":"shipping-taxable","13":"product-type-simple"},"acf":[],"_links":{"self":[{"href":"https:\/\/www.mappershoe.com\/de\/wp-json\/wp\/v2\/product\/1666","targetHints":{"allow":["GET"]}}],"collection":[{"href":"https:\/\/www.mappershoe.com\/de\/wp-json\/wp\/v2\/product"}],"about":[{"href":"https:\/\/www.mappershoe.com\/de\/wp-json\/wp\/v2\/types\/product"}],"replies":[{"embeddable":true,"href":"https:\/\/www.mappershoe.com\/de\/wp-json\/wp\/v2\/comments?post=1666"}],"wp:featuredmedia":[{"embeddable":true,"href":"https:\/\/www.mappershoe.com\/de\/wp-json\/wp\/v2\/media\/1668"}],"wp:attachment":[{"href":"https:\/\/www.mappershoe.com\/de\/wp-json\/wp\/v2\/media?parent=1666"}],"wp:term":[{"taxonomy":"product_brand","embeddable":true,"href":"https:\/\/www.mappershoe.com\/de\/wp-json\/wp\/v2\/product_brand?post=1666"},{"taxonomy":"product_cat","embeddable":true,"href":"https:\/\/www.mappershoe.com\/de\/wp-json\/wp\/v2\/product_cat?post=1666"},{"taxonomy":"product_tag","embeddable":true,"href":"https:\/\/www.mappershoe.com\/de\/wp-json\/wp\/v2\/product_tag?post=1666"}],"curies":[{"name":"wp","href":"https:\/\/api.w.org\/{rel}","templated":true}]}}