{"id":1677,"date":"2025-07-31T09:16:07","date_gmt":"2025-07-31T09:16:07","guid":{"rendered":"https:\/\/www.mappershoe.com\/?post_type=product&#038;p=1677"},"modified":"2026-01-03T07:32:05","modified_gmt":"2026-01-03T07:32:05","slug":"bulk-croc-shoes","status":"publish","type":"product","link":"https:\/\/www.mappershoe.com\/de\/produkt\/bulk-croc-shoes\/","title":{"rendered":"Factory Bulk Croc Schuhe, Outdoor Garten Clogs Schuhe Versorgung"},"content":{"rendered":"<div class=\"wp-block-columns is-layout-flex wp-container-core-columns-is-layout-9d6595d7 wp-block-columns-is-layout-flex\">\n<div class=\"wp-block-column is-layout-flow wp-block-column-is-layout-flow\">\n<h3 class=\"wp-block-heading\">Premium Unisex Bulk Croc Schuhe Eigenschaften:<\/h3>\n\n\n\n<p><strong>Universelles Design:<\/strong> Die Unisex-Gro\u00dfhandels-Gartenschuhe sind in einer klassischen Clog-Mode gestaltet und k\u00f6nnen in vielen Bereichen im Freien wie Garten, Strand und Bad verwendet werden, um die Bed\u00fcrfnisse von Personen mit unterschiedlichem Hintergrund zu erf\u00fcllen.<\/p>\n\n\n\n<p><strong>Zweifarbige Optionen: <\/strong>Diese massiven Kroko-Schuhe bieten zwei Farbkombinationen, um den individuellen Bed\u00fcrfnissen verschiedener Verbraucher gerecht zu werden, und eignen sich auch f\u00fcr die individuelle Gestaltung von Marken oder den Einzelhandel.<\/p>\n\n\n\n<p><strong>Unterst\u00fctzung von Massenanpassungen:<\/strong> Unsere Gartenclogs f\u00fcr den Gro\u00dfeinkauf bieten Unterst\u00fctzung beim Gro\u00dfeinkauf und ma\u00dfgeschneiderte Dienstleistungen wie personalisierte Logos, Farben und Verpackungen, um die Anforderungen von Marken oder Einzelh\u00e4ndlern zu erf\u00fcllen und die Wettbewerbsf\u00e4higkeit auf dem Markt zu verbessern.<\/p>\n\n\n\n<p><strong>Perforiert f\u00fcr Bel\u00fcftung und Komfort, Komfort den ganzen Tag: <\/strong>Das perforierte, bel\u00fcftete Obermaterial dieser Massivkrokodillederschuhe h\u00e4lt die F\u00fc\u00dfe k\u00fchl und bequem, ideal f\u00fcr hei\u00dfe Nachmittage im Sommer oder regnerisches Wetter. <\/p>\n\n\n\n<p><strong>Rutschfeste und strapazierf\u00e4hige Sohle: <\/strong>Diese massiven Kroko-Schuhe sind mit einer verschlei\u00dffesten und rutschfesten Sohle ausgestattet, die einen festen Halt bietet und besonders f\u00fcr den Au\u00dfenbereich zu empfehlen ist.<\/p>\n<\/div>\n\n\n\n<div class=\"wp-block-column is-layout-flow wp-block-column-is-layout-flow\">\n<figure class=\"wp-block-image size-full\"><img decoding=\"async\" width=\"1000\" height=\"1000\" src=\"https:\/\/www.mappershoe.com\/wp-content\/uploads\/2025\/07\/unisex-bulk-croc-shoes-two-colors-outdoor-garden-clogs-shoes-wholesale-5.webp\" alt=\"Unisex-Gro\u00dfhandel-Croc-Schuhe-Zwei-Farben-Outdoor-Gartenclogs-Schuhe-Gro\u00dfhandel-5\" class=\"wp-image-1682\" srcset=\"https:\/\/www.mappershoe.com\/wp-content\/uploads\/2025\/07\/unisex-bulk-croc-shoes-two-colors-outdoor-garden-clogs-shoes-wholesale-5.webp 1000w, https:\/\/www.mappershoe.com\/wp-content\/uploads\/2025\/07\/unisex-bulk-croc-shoes-two-colors-outdoor-garden-clogs-shoes-wholesale-5-300x300.webp 300w, https:\/\/www.mappershoe.com\/wp-content\/uploads\/2025\/07\/unisex-bulk-croc-shoes-two-colors-outdoor-garden-clogs-shoes-wholesale-5-150x150.webp 150w, https:\/\/www.mappershoe.com\/wp-content\/uploads\/2025\/07\/unisex-bulk-croc-shoes-two-colors-outdoor-garden-clogs-shoes-wholesale-5-768x768.webp 768w, https:\/\/www.mappershoe.com\/wp-content\/uploads\/2025\/07\/unisex-bulk-croc-shoes-two-colors-outdoor-garden-clogs-shoes-wholesale-5-12x12.webp 12w, https:\/\/www.mappershoe.com\/wp-content\/uploads\/2025\/07\/unisex-bulk-croc-shoes-two-colors-outdoor-garden-clogs-shoes-wholesale-5-600x600.webp 600w, https:\/\/www.mappershoe.com\/wp-content\/uploads\/2025\/07\/unisex-bulk-croc-shoes-two-colors-outdoor-garden-clogs-shoes-wholesale-5-100x100.webp 100w\" sizes=\"(max-width: 1000px) 100vw, 1000px\" \/><\/figure>\n<\/div>\n<\/div>\n\n\n\n<p><\/p>","protected":false},"excerpt":{"rendered":"<p>Wenden Sie sich an uns, wenn Sie Krokodilschuhe in gro\u00dfen Mengen ben\u00f6tigen. Diese Gartenclogs sind f\u00fcr Frauen und M\u00e4nner geeignet, da sie bequem und langlebig sind. Sie haben einen rutschfesten Boden und zwei Farboptionen, die sie perfekt f\u00fcr den Einsatz bei jeder Outdoor-Aktivit\u00e4t machen, zum Beispiel, Gartenarbeit, Strandausfl\u00fcge und Freizeitkleidung. Durch die M\u00f6glichkeit der Personalisierung im Gro\u00dfhandel sind die Clogs eine gute Wahl f\u00fcr Marken und Einzelh\u00e4ndler, die auf der Suche nach unverwechselbaren und stilvollen Schuhen sind.<\/p>\n<h2>Unisex-Massiv-Croc-Schuhe Spezifikationen:<\/h2>\n<table width=\"448\">\n<tbody>\n<tr>\n<td width=\"168\">Hersteller:<\/td>\n<td width=\"280\">Mingyi<\/td>\n<\/tr>\n<tr>\n<td>Stil:<\/td>\n<td>Crocs Schuhe<\/td>\n<\/tr>\n<tr>\n<td>Modell:<\/td>\n<td>109<\/td>\n<\/tr>\n<tr>\n<td>Material:\u00a0<\/td>\n<td>EVA<\/td>\n<\/tr>\n<tr>\n<td>Farbe:\u00a0<\/td>\n<td width=\"280\">wei\u00df, apricot, wei\u00df+braun, wei\u00df+schwarz<\/td>\n<\/tr>\n<tr>\n<td>Gr\u00f6\u00dfe:\u00a0<\/td>\n<td>36-37, 38-39,40-41, 42-43,44-45<\/td>\n<\/tr>\n<tr>\n<td>Anpassungsoptionen:\u00a0<\/td>\n<td>Logo (Oberseite, Seite, Einlegesohle) \/ All-Over-Druck \/ Farbe \/ Material \/ Sohlendicke \/ Obermaterial<\/td>\n<\/tr>\n<tr>\n<td>Verpacken:\u00a0<\/td>\n<td>Kundenspezifische Verpackung<\/td>\n<\/tr>\n<tr>\n<td>Muster\uff1a<\/td>\n<td>Kostenlose Blindmuster<\/td>\n<\/tr>\n<\/tbody>\n<\/table>\n<p><script src=\"chrome-extension:\/\/fpelahbljekknahkcaegamhcndkfpfnc\/iFrame.js\" type=\"text\/javascript\"><\/script><\/p>\n<p><script src=\"chrome-extension:\/\/fpelahbljekknahkcaegamhcndkfpfnc\/iFrame.js\" type=\"text\/javascript\"><\/script><\/p>\n<p><script src=\"chrome-extension:\/\/fpelahbljekknahkcaegamhcndkfpfnc\/iFrame.js\" type=\"text\/javascript\"><\/script><\/p>","protected":false},"featured_media":1681,"comment_status":"closed","ping_status":"closed","template":"","meta":{"_acf_changed":false},"product_brand":[],"product_cat":[18],"product_tag":[25,26,27],"class_list":{"0":"post-1677","1":"product","2":"type-product","3":"status-publish","4":"has-post-thumbnail","6":"product_cat-wholesale-crocs-shoes","7":"product_tag-eva-slippers-wholesale","8":"product_tag-mens-slippers-wholesale","9":"product_tag-wholesale-womens-slippers","11":"first","12":"instock","13":"shipping-taxable","14":"product-type-simple"},"acf":[],"_links":{"self":[{"href":"https:\/\/www.mappershoe.com\/de\/wp-json\/wp\/v2\/product\/1677","targetHints":{"allow":["GET"]}}],"collection":[{"href":"https:\/\/www.mappershoe.com\/de\/wp-json\/wp\/v2\/product"}],"about":[{"href":"https:\/\/www.mappershoe.com\/de\/wp-json\/wp\/v2\/types\/product"}],"replies":[{"embeddable":true,"href":"https:\/\/www.mappershoe.com\/de\/wp-json\/wp\/v2\/comments?post=1677"}],"wp:featuredmedia":[{"embeddable":true,"href":"https:\/\/www.mappershoe.com\/de\/wp-json\/wp\/v2\/media\/1681"}],"wp:attachment":[{"href":"https:\/\/www.mappershoe.com\/de\/wp-json\/wp\/v2\/media?parent=1677"}],"wp:term":[{"taxonomy":"product_brand","embeddable":true,"href":"https:\/\/www.mappershoe.com\/de\/wp-json\/wp\/v2\/product_brand?post=1677"},{"taxonomy":"product_cat","embeddable":true,"href":"https:\/\/www.mappershoe.com\/de\/wp-json\/wp\/v2\/product_cat?post=1677"},{"taxonomy":"product_tag","embeddable":true,"href":"https:\/\/www.mappershoe.com\/de\/wp-json\/wp\/v2\/product_tag?post=1677"}],"curies":[{"name":"wp","href":"https:\/\/api.w.org\/{rel}","templated":true}]}}