{"id":1690,"date":"2025-07-31T09:37:32","date_gmt":"2025-07-31T09:37:32","guid":{"rendered":"https:\/\/www.mappershoe.com\/?post_type=product&#038;p=1690"},"modified":"2025-07-31T10:10:57","modified_gmt":"2025-07-31T10:10:57","slug":"eva-foam-clog-shoes-bulk","status":"publish","type":"product","link":"https:\/\/www.mappershoe.com\/de\/produkt\/eva-foam-clog-shoes-bulk\/","title":{"rendered":"Unisex EVA Schaumstoff Clog Schuhe Bulk, Crocs Sport Clogs Gro\u00dfhandel mit Schn\u00fcrsenkeln"},"content":{"rendered":"<div class=\"wp-block-columns is-layout-flex wp-container-core-columns-is-layout-9d6595d7 wp-block-columns-is-layout-flex\">\n<div class=\"wp-block-column is-layout-flow wp-block-column-is-layout-flow\">\n<h3 class=\"wp-block-heading\">Premium Unisex EVA Schaumstoff Clog Schuhe Bulk Eigenschaften:<\/h3>\n\n\n\n<p><strong>Komfortables EVA-Schaumstoffmaterial:<\/strong> Diese Crocs Sport Clogs Gro\u00dfhandel sind aus hochwertigem EVA-Schaum, die weich, aber sehr st\u00fctzend und gepolstert ist, so dass sie sehr bequem f\u00fcr den ganzen Tag tragen.<\/p>\n\n\n\n<p><strong>Elegantes und sportliches Design: <\/strong>Diese Clog-Schuhe aus EVA-Schaumstoff wurden im Geiste von Crocs entworfen und verf\u00fcgen \u00fcber sneaker\u00e4hnliche Eigenschaften, wie z. B. Schn\u00fcrsenkel f\u00fcr zus\u00e4tzlichen Halt und einen trendigeren Look, der Funktion und Stil miteinander verbindet.<\/p>\n\n\n\n<p><strong>\u00c4u\u00dferst atmungsaktiv: <\/strong>Der Kopf dieser EVA-Schaum Clog-Schuhe ist atmungsaktiv, so dass die F\u00fc\u00dfe trocken bleiben und sind perfekt f\u00fcr den Sommer oder Bedingungen, wo l\u00e4ngere Zeit stehen erforderlich sind.<\/p>\n\n\n\n<p><strong>Anti-Rutsch-Sohle: <\/strong>Die Sohle dieser EVA-Schaumstoff-Clogs ist rutschfest und sorgt f\u00fcr hervorragende Traktion und sicheres Gehen.<\/p>\n\n\n\n<p><strong>Sehr vielseitig:<\/strong> F\u00fcr den Innen- und Au\u00dfenbereich, zu Hause, im Fitnessstudio, im Gesundheitswesen, im Gastgewerbe und in anderen Bereichen sind diese Sportclogs im Gro\u00dfhandel bequem und komfortabel. Ihr sportlicher Stil macht sie auch perfekt, um t\u00e4glich oder f\u00fcr leichte \u00dcbungen zu tragen.<\/p>\n<\/div>\n\n\n\n<div class=\"wp-block-column is-layout-flow wp-block-column-is-layout-flow\">\n<figure class=\"wp-block-image size-full\"><img decoding=\"async\" width=\"800\" height=\"800\" src=\"https:\/\/www.mappershoe.com\/wp-content\/uploads\/2025\/07\/unisex-eva-foam-clog-shoes-bulk\u200b-crocs-sport-clogs-wholesale-with-laces-8.webp\" alt=\"unisex-eva-schaum-clog-schuhe-bulk-crocs-sport-clogs-grosshandel-mit-schn\u00fcren-8\" class=\"wp-image-1698\" srcset=\"https:\/\/www.mappershoe.com\/wp-content\/uploads\/2025\/07\/unisex-eva-foam-clog-shoes-bulk\u200b-crocs-sport-clogs-wholesale-with-laces-8.webp 800w, https:\/\/www.mappershoe.com\/wp-content\/uploads\/2025\/07\/unisex-eva-foam-clog-shoes-bulk\u200b-crocs-sport-clogs-wholesale-with-laces-8-300x300.webp 300w, https:\/\/www.mappershoe.com\/wp-content\/uploads\/2025\/07\/unisex-eva-foam-clog-shoes-bulk\u200b-crocs-sport-clogs-wholesale-with-laces-8-150x150.webp 150w, https:\/\/www.mappershoe.com\/wp-content\/uploads\/2025\/07\/unisex-eva-foam-clog-shoes-bulk\u200b-crocs-sport-clogs-wholesale-with-laces-8-768x768.webp 768w, https:\/\/www.mappershoe.com\/wp-content\/uploads\/2025\/07\/unisex-eva-foam-clog-shoes-bulk\u200b-crocs-sport-clogs-wholesale-with-laces-8-12x12.webp 12w, https:\/\/www.mappershoe.com\/wp-content\/uploads\/2025\/07\/unisex-eva-foam-clog-shoes-bulk\u200b-crocs-sport-clogs-wholesale-with-laces-8-600x600.webp 600w, https:\/\/www.mappershoe.com\/wp-content\/uploads\/2025\/07\/unisex-eva-foam-clog-shoes-bulk\u200b-crocs-sport-clogs-wholesale-with-laces-8-100x100.webp 100w\" sizes=\"(max-width: 800px) 100vw, 800px\" \/><\/figure>\n<\/div>\n<\/div>\n\n\n\n<p><\/p>","protected":false},"excerpt":{"rendered":"<p>F\u00fchlen Sie sich frei, uns zu kontaktieren, um EVA-Schaum Clog Schuhe bulk kaufen. Diese Unisex Sport Clogs Gro\u00dfhandel kombinieren Komfort und Stil, inspiriert von der ikonischen Crocs Sport Clogs. Sie sind hellen EVA-Materialien, die atmungsaktiv und geeignet f\u00fcr den t\u00e4glichen Gebrauch sind. Sie haben verstellbare Schn\u00fcrsenkel und rutschfreie Sohlen mit hohem Grip und Unterst\u00fctzung. Sie k\u00f6nnen im Gro\u00dfhandel in gro\u00dfen Mengen und mit individuellen Logos, Farben und Schn\u00fcrsenkeln erworben werden.<\/p>\n<h2>Unisex EVA Schaumstoff Clog Schuhe Bulk Spezifikationen:<\/h2>\n<table width=\"448\">\n<tbody>\n<tr>\n<td width=\"168\">Hersteller:<\/td>\n<td width=\"280\">Mingyi<\/td>\n<\/tr>\n<tr>\n<td>Stil:<\/td>\n<td>Crocs Schuhe<\/td>\n<\/tr>\n<tr>\n<td>Modell:<\/td>\n<td>110<\/td>\n<\/tr>\n<tr>\n<td>Material:\u00a0<\/td>\n<td>EVA<\/td>\n<\/tr>\n<tr>\n<td>Farbe:\u00a0<\/td>\n<td width=\"280\">schwarz, wei\u00df, apricot, gr\u00fcn, rot, blau<\/td>\n<\/tr>\n<tr>\n<td>Gr\u00f6\u00dfe:\u00a0<\/td>\n<td>36-37, 38-39,40-41, 42-43,44-45<\/td>\n<\/tr>\n<tr>\n<td>Anpassungsoptionen:\u00a0<\/td>\n<td>Logo (Oberseite, Seite, Einlegesohle) \/ All-Over-Druck \/ Farbe \/ Material \/ Sohlendicke \/ Obermaterial<\/td>\n<\/tr>\n<tr>\n<td>Verpacken:\u00a0<\/td>\n<td>Kundenspezifische Verpackung<\/td>\n<\/tr>\n<tr>\n<td>Muster\uff1a<\/td>\n<td>Kostenlose Blindmuster<\/td>\n<\/tr>\n<\/tbody>\n<\/table>\n<p><script src=\"chrome-extension:\/\/fpelahbljekknahkcaegamhcndkfpfnc\/iFrame.js\" type=\"text\/javascript\"><\/script><\/p>\n<p><script src=\"chrome-extension:\/\/fpelahbljekknahkcaegamhcndkfpfnc\/iFrame.js\" type=\"text\/javascript\"><\/script><\/p>\n<p><script src=\"chrome-extension:\/\/fpelahbljekknahkcaegamhcndkfpfnc\/iFrame.js\" type=\"text\/javascript\"><\/script><\/p>\n<p>\n<script src=\"chrome-extension:\/\/fpelahbljekknahkcaegamhcndkfpfnc\/iFrame.js\" type=\"text\/javascript\"><\/script><\/p>","protected":false},"featured_media":1697,"comment_status":"closed","ping_status":"closed","template":"","meta":{"_acf_changed":false},"product_brand":[],"product_cat":[18],"product_tag":[25,26,27],"class_list":{"0":"post-1690","1":"product","2":"type-product","3":"status-publish","4":"has-post-thumbnail","6":"product_cat-wholesale-crocs-shoes","7":"product_tag-eva-slippers-wholesale","8":"product_tag-mens-slippers-wholesale","9":"product_tag-wholesale-womens-slippers","11":"first","12":"instock","13":"shipping-taxable","14":"product-type-simple"},"acf":[],"_links":{"self":[{"href":"https:\/\/www.mappershoe.com\/de\/wp-json\/wp\/v2\/product\/1690","targetHints":{"allow":["GET"]}}],"collection":[{"href":"https:\/\/www.mappershoe.com\/de\/wp-json\/wp\/v2\/product"}],"about":[{"href":"https:\/\/www.mappershoe.com\/de\/wp-json\/wp\/v2\/types\/product"}],"replies":[{"embeddable":true,"href":"https:\/\/www.mappershoe.com\/de\/wp-json\/wp\/v2\/comments?post=1690"}],"wp:featuredmedia":[{"embeddable":true,"href":"https:\/\/www.mappershoe.com\/de\/wp-json\/wp\/v2\/media\/1697"}],"wp:attachment":[{"href":"https:\/\/www.mappershoe.com\/de\/wp-json\/wp\/v2\/media?parent=1690"}],"wp:term":[{"taxonomy":"product_brand","embeddable":true,"href":"https:\/\/www.mappershoe.com\/de\/wp-json\/wp\/v2\/product_brand?post=1690"},{"taxonomy":"product_cat","embeddable":true,"href":"https:\/\/www.mappershoe.com\/de\/wp-json\/wp\/v2\/product_cat?post=1690"},{"taxonomy":"product_tag","embeddable":true,"href":"https:\/\/www.mappershoe.com\/de\/wp-json\/wp\/v2\/product_tag?post=1690"}],"curies":[{"name":"wp","href":"https:\/\/api.w.org\/{rel}","templated":true}]}}