{"id":1703,"date":"2025-07-31T10:05:10","date_gmt":"2025-07-31T10:05:10","guid":{"rendered":"https:\/\/www.mappershoe.com\/?post_type=product&#038;p=1703"},"modified":"2025-07-31T10:35:44","modified_gmt":"2025-07-31T10:35:44","slug":"wholesale-birkenstock-clogs","status":"publish","type":"product","link":"https:\/\/www.mappershoe.com\/de\/produkt\/wholesale-birkenstock-clogs\/","title":{"rendered":"Zwei-Riemen-Gro\u00dfhandel Birkenstock Clogs, Baumwolle Birkenstock Sandalen Custom Logo"},"content":{"rendered":"<div class=\"wp-block-columns is-layout-flex wp-container-core-columns-is-layout-9d6595d7 wp-block-columns-is-layout-flex\">\n<div class=\"wp-block-column is-layout-flow wp-block-column-is-layout-flow\">\n<h3 class=\"wp-block-heading\">Premium Gro\u00dfhandel Birkenstock Clogs Eigenschaften:<\/h3>\n\n\n\n<p><strong>Klassischer Birkenstock-Look:<\/strong> Die Gro\u00dfhandel Birkenstock Clogs sind in der klassischen Zwei-Riemen-Design gemacht, bietet ein schlankes, stilvolles Aussehen und \u00fcberlegene Fu\u00df Unterst\u00fctzung, perfekt f\u00fcr das Tragen zu allen l\u00e4ssigen Anl\u00e4ssen und t\u00e4glichen Verschlei\u00df.<\/p>\n\n\n\n<p><strong>Obermaterial aus weicher Baumwolle f\u00fcr Komfort:<\/strong> Die Gro\u00dfhandel Birkenstock Clogs verf\u00fcgen \u00fcber eine erstklassige Baumwolle oberen, die weich, leicht und bequem ist und bietet langfristigen Komfort, vor allem f\u00fcr Personen, die in hei\u00dfen Klimazonen.<\/p>\n\n\n\n<p><strong>Personalisiertes Logo und Branding: <\/strong>Die Gro\u00dfhandels-Birkenstock-Clogs k\u00f6nnen auch mit einer Grafik oder Marke bedruckt werden. Sowohl das Obermaterial als auch die \u00e4u\u00dferen Schn\u00fcrsenkel k\u00f6nnen nach Kundenwunsch bedruckt werden, wodurch eine maximale Markensichtbarkeit erreicht wird.<\/p>\n\n\n\n<p><strong>Rutschfeste Sohle: <\/strong>Die rutschfeste Sohle der Baumwoll-Birkenstock-Sandalen gibt maximalen Halt auf rutschigen oder feuchten Oberfl\u00e4chen, so dass sie maximale Sicherheit und machen sie am besten f\u00fcr Outdoor-Aktivit\u00e4ten.<\/p>\n\n\n\n<p><strong>Optionales Fleece-Futter: <\/strong>Die Birkenstock-Sandalen aus Baumwolle im Gro\u00dfhandel k\u00f6nnen optional mit Fleece-Futter bestellt werden, perfekt f\u00fcr das Tragen im Winter und Herbst. Das Fleece-Futter sorgt f\u00fcr zus\u00e4tzliche W\u00e4rme und Komfort, wird warm und weich anzufassen, w\u00e4rmt Sie mit jedem Schritt, perfekt f\u00fcr den Winter.<\/p>\n<\/div>\n\n\n\n<div class=\"wp-block-column is-layout-flow wp-block-column-is-layout-flow\">\n<figure class=\"wp-block-image size-full\"><img decoding=\"async\" width=\"800\" height=\"800\" src=\"https:\/\/www.mappershoe.com\/wp-content\/uploads\/2025\/07\/two-strap-wholesale-birkenstock-clogs-cotton-birkenstock-sandals-custom-logo-3.webp\" alt=\"zwei-riemen-gro\u00dfhandel-birkenstock-clogs-baumwolle-birkenstock-sandalen-individuelles-logo-3\" class=\"wp-image-1709\" srcset=\"https:\/\/www.mappershoe.com\/wp-content\/uploads\/2025\/07\/two-strap-wholesale-birkenstock-clogs-cotton-birkenstock-sandals-custom-logo-3.webp 800w, https:\/\/www.mappershoe.com\/wp-content\/uploads\/2025\/07\/two-strap-wholesale-birkenstock-clogs-cotton-birkenstock-sandals-custom-logo-3-300x300.webp 300w, https:\/\/www.mappershoe.com\/wp-content\/uploads\/2025\/07\/two-strap-wholesale-birkenstock-clogs-cotton-birkenstock-sandals-custom-logo-3-150x150.webp 150w, https:\/\/www.mappershoe.com\/wp-content\/uploads\/2025\/07\/two-strap-wholesale-birkenstock-clogs-cotton-birkenstock-sandals-custom-logo-3-768x768.webp 768w, https:\/\/www.mappershoe.com\/wp-content\/uploads\/2025\/07\/two-strap-wholesale-birkenstock-clogs-cotton-birkenstock-sandals-custom-logo-3-12x12.webp 12w, https:\/\/www.mappershoe.com\/wp-content\/uploads\/2025\/07\/two-strap-wholesale-birkenstock-clogs-cotton-birkenstock-sandals-custom-logo-3-600x600.webp 600w, https:\/\/www.mappershoe.com\/wp-content\/uploads\/2025\/07\/two-strap-wholesale-birkenstock-clogs-cotton-birkenstock-sandals-custom-logo-3-100x100.webp 100w\" sizes=\"(max-width: 800px) 100vw, 800px\" \/><\/figure>\n<\/div>\n<\/div>\n\n\n\n<p><\/p>","protected":false},"excerpt":{"rendered":"<p>Willkommen zum Kauf unserer Gro\u00dfhandel Birkenstock Clogs. Diese Zwei-Riemen-Baumwollsandalen von Birkenstock sind perfekt f\u00fcr den Gro\u00dfeinkauf geeignet, mit einem personalisierten Baumwollobermaterial f\u00fcr Robustheit und Komfort. Da die Hinzuf\u00fcgung eines individuellen Logos m\u00f6glich ist, sind die Sandalen perfekt f\u00fcr Unternehmen, die auf umweltfreundliche und dennoch stilvolle Weise f\u00fcr ihr Unternehmen werben wollen. Ideal f\u00fcr den Freizeitgebrauch, den Einzelhandel oder Werbeaktionen.<\/p>\n<h2>Gro\u00dfhandel Birkenstock Clogs Spezifikationen:<\/h2>\n<table width=\"448\">\n<tbody>\n<tr>\n<td width=\"168\">Hersteller:<\/td>\n<td width=\"280\">Mingyi<\/td>\n<\/tr>\n<tr>\n<td>Stil:<\/td>\n<td>Birkenstock-Sandalen<\/td>\n<\/tr>\n<tr>\n<td>Modell:<\/td>\n<td>501<\/td>\n<\/tr>\n<tr>\n<td>Material:\u00a0<\/td>\n<td>eva\/krok\/baumwolle<\/td>\n<\/tr>\n<tr>\n<td>Farbe:\u00a0<\/td>\n<td width=\"280\">schwarz, braun, apricot<\/td>\n<\/tr>\n<tr>\n<td>Gr\u00f6\u00dfe:\u00a0<\/td>\n<td>36-37, 38-39,40-41, 42-43,44-45<\/td>\n<\/tr>\n<tr>\n<td>Anpassungsoptionen:\u00a0<\/td>\n<td>Logo (Oberseite, Seite, Einlegesohle) \/ All-Over-Druck \/ Farbe \/ Material \/ Sohlendicke \/ Obermaterial<\/td>\n<\/tr>\n<tr>\n<td>Verpacken:\u00a0<\/td>\n<td>Kundenspezifische Verpackung<\/td>\n<\/tr>\n<tr>\n<td>Muster\uff1a<\/td>\n<td>Kostenlose Blindmuster<\/td>\n<\/tr>\n<\/tbody>\n<\/table>\n<p><script src=\"chrome-extension:\/\/fpelahbljekknahkcaegamhcndkfpfnc\/iFrame.js\" type=\"text\/javascript\"><\/script><\/p>","protected":false},"featured_media":1707,"comment_status":"closed","ping_status":"closed","template":"","meta":{"_acf_changed":false},"product_brand":[],"product_cat":[20],"product_tag":[26,27],"class_list":{"0":"post-1703","1":"product","2":"type-product","3":"status-publish","4":"has-post-thumbnail","6":"product_cat-wholesale-sandals","7":"product_tag-mens-slippers-wholesale","8":"product_tag-wholesale-womens-slippers","10":"first","11":"instock","12":"shipping-taxable","13":"product-type-simple"},"acf":[],"_links":{"self":[{"href":"https:\/\/www.mappershoe.com\/de\/wp-json\/wp\/v2\/product\/1703","targetHints":{"allow":["GET"]}}],"collection":[{"href":"https:\/\/www.mappershoe.com\/de\/wp-json\/wp\/v2\/product"}],"about":[{"href":"https:\/\/www.mappershoe.com\/de\/wp-json\/wp\/v2\/types\/product"}],"replies":[{"embeddable":true,"href":"https:\/\/www.mappershoe.com\/de\/wp-json\/wp\/v2\/comments?post=1703"}],"wp:featuredmedia":[{"embeddable":true,"href":"https:\/\/www.mappershoe.com\/de\/wp-json\/wp\/v2\/media\/1707"}],"wp:attachment":[{"href":"https:\/\/www.mappershoe.com\/de\/wp-json\/wp\/v2\/media?parent=1703"}],"wp:term":[{"taxonomy":"product_brand","embeddable":true,"href":"https:\/\/www.mappershoe.com\/de\/wp-json\/wp\/v2\/product_brand?post=1703"},{"taxonomy":"product_cat","embeddable":true,"href":"https:\/\/www.mappershoe.com\/de\/wp-json\/wp\/v2\/product_cat?post=1703"},{"taxonomy":"product_tag","embeddable":true,"href":"https:\/\/www.mappershoe.com\/de\/wp-json\/wp\/v2\/product_tag?post=1703"}],"curies":[{"name":"wp","href":"https:\/\/api.w.org\/{rel}","templated":true}]}}