{"id":1749,"date":"2025-09-04T10:49:17","date_gmt":"2025-09-04T10:49:17","guid":{"rendered":"https:\/\/www.mappershoe.com\/?post_type=product&#038;p=1749"},"modified":"2025-09-04T10:49:23","modified_gmt":"2025-09-04T10:49:23","slug":"custom-kids-slippers","status":"publish","type":"product","link":"https:\/\/www.mappershoe.com\/de\/produkt\/custom-kids-slippers\/","title":{"rendered":"Benutzerdefinierte Kinder Hausschuhe mit Logo, nicht rutschen Hausschuhe Gro\u00dfhandel"},"content":{"rendered":"<div class=\"wp-block-columns is-layout-flex wp-container-core-columns-is-layout-9d6595d7 wp-block-columns-is-layout-flex\">\n<div class=\"wp-block-column is-layout-flow wp-block-column-is-layout-flow\">\n<h3 class=\"wp-block-heading\">Premium Custom Kinder Hausschuhe Eigenschaften:<\/h3>\n\n\n\n<p><strong>Sicherheit und rutschfestes Design:<\/strong> Diese benutzerdefinierten Kinderpantoffeln verf\u00fcgen \u00fcber rutschfeste, erh\u00f6hte Rillen auf verdickten PVC-Sohlen, die ein Ausrutschen im Badezimmer, im Schwimmbad oder auf rutschigen B\u00f6den f\u00fcr Kinder verhindern.<\/p>\n\n\n\n<p><strong>Atmungsaktiv und bequem:<\/strong> Unsere massiven Kinderpantoffeln sind aus leichtem und druckfreiem, geschmeidigem PVC gefertigt. Das Obermaterial ist an kleine F\u00fc\u00dfe angepasst und bietet einen bequemen und stabilen Sitz, so dass auch nach langen Spazierg\u00e4ngen keine M\u00fcdigkeit aufkommt.<\/p>\n\n\n\n<p><strong>Langlebig und handlich: <\/strong>Die ma\u00dfgefertigten Kinderpantoffeln aus PVC sind wasserabweisend und feuchtigkeitsbest\u00e4ndig, und die Schuhe lassen sich einfach an Ort und Stelle abwaschen, so dass die Eltern sie leicht aufbewahren und f\u00fcr den t\u00e4glichen Dauergebrauch pflegen k\u00f6nnen.<\/p>\n\n\n\n<p><strong>Vielseitig: <\/strong>Unsere Gro\u00dfhandels-Kinderpantoffeln k\u00f6nnen als Badeschuhe, Haussandalen, Strandsandalen verwendet werden und sind auch f\u00fcr den Kindergarten oder leichte Outdoor-Aktivit\u00e4ten geeignet.<\/p>\n\n\n\n<p><strong>Kinderspezifische Gr\u00f6\u00dfen:<\/strong> Diese ma\u00dfgefertigten Kinderpantoffeln sind in den Gr\u00f6\u00dfen 9,5C-13,5C und 1Y-4Y erh\u00e4ltlich, die f\u00fcr Kinder unterschiedlichen Alters geeignet sind und ihren wachsenden Bed\u00fcrfnissen entsprechen.<\/p>\n<\/div>\n\n\n\n<div class=\"wp-block-column is-layout-flow wp-block-column-is-layout-flow\">\n<figure class=\"wp-block-image size-full\"><img decoding=\"async\" width=\"750\" height=\"750\" src=\"https:\/\/www.mappershoe.com\/wp-content\/uploads\/2025\/09\/custom-kids-slippers-with-logo-non-slip-slipper-wholesale-7.webp\" alt=\"custom-kids-slippers-mit-logo-non-slip-slipper-holesale-7\" class=\"wp-image-1756\" srcset=\"https:\/\/www.mappershoe.com\/wp-content\/uploads\/2025\/09\/custom-kids-slippers-with-logo-non-slip-slipper-wholesale-7.webp 750w, https:\/\/www.mappershoe.com\/wp-content\/uploads\/2025\/09\/custom-kids-slippers-with-logo-non-slip-slipper-wholesale-7-300x300.webp 300w, https:\/\/www.mappershoe.com\/wp-content\/uploads\/2025\/09\/custom-kids-slippers-with-logo-non-slip-slipper-wholesale-7-150x150.webp 150w, https:\/\/www.mappershoe.com\/wp-content\/uploads\/2025\/09\/custom-kids-slippers-with-logo-non-slip-slipper-wholesale-7-12x12.webp 12w, https:\/\/www.mappershoe.com\/wp-content\/uploads\/2025\/09\/custom-kids-slippers-with-logo-non-slip-slipper-wholesale-7-600x600.webp 600w, https:\/\/www.mappershoe.com\/wp-content\/uploads\/2025\/09\/custom-kids-slippers-with-logo-non-slip-slipper-wholesale-7-100x100.webp 100w\" sizes=\"(max-width: 750px) 100vw, 750px\" \/><\/figure>\n<\/div>\n<\/div>","protected":false},"excerpt":{"rendered":"<p>Willkommen auf diese benutzerdefinierte Kinder Hausschuhe zu kaufen. Der Gro\u00dfhandel PVC Kinder Hausschuhe mit Logo, rutschfeste Bad und Haus Sandalen in vier leuchtenden Farben. Erh\u00e4ltlich in den Gr\u00f6\u00dfen 9,5C-13,5C und 1Y-4Y, sind diese leichten und langlebigen Kinder Hausschuhe sicher, bequem und perfekt f\u00fcr den t\u00e4glichen Verschlei\u00df zu Hause, Bad, Strand oder Schule.<\/p>\n<h2>Benutzerdefinierte Kinder Hausschuhe Spezifikationen:<\/h2>\n<table width=\"419\">\n<tbody>\n<tr>\n<td width=\"115\">Hersteller:<\/td>\n<td width=\"304\">Mingyi<\/td>\n<\/tr>\n<tr>\n<td>Stil:<\/td>\n<td>Hausschuhe<\/td>\n<\/tr>\n<tr>\n<td>Modell:<\/td>\n<td>2295<\/td>\n<\/tr>\n<tr>\n<td>Material:\u00a0<\/td>\n<td>PVC<\/td>\n<\/tr>\n<tr>\n<td>Farbe:\u00a0<\/td>\n<td width=\"304\">schwarz, wei\u00df, rosa, blau<\/td>\n<\/tr>\n<tr>\n<td>Gr\u00f6\u00dfe:\u00a0<\/td>\n<td>9.5C, 10C, 11C, 11.5C, 12C, 13C, 13.5C, 1Y, 2Y, 2.5Y, 3Y,4Y<\/td>\n<\/tr>\n<tr>\n<td>Anpassungsoptionen:\u00a0<\/td>\n<td>Logo (Oberseite, Seite, Einlegesohle) \/ All-Over-Druck \/ Farbe \/ Material \/ Sohlendicke \/ Obermaterial<\/td>\n<\/tr>\n<tr>\n<td>Verpacken:\u00a0<\/td>\n<td>Kundenspezifische Verpackung<\/td>\n<\/tr>\n<tr>\n<td>Muster\uff1a<\/td>\n<td>Kostenlose Blindmuster<\/td>\n<\/tr>\n<\/tbody>\n<\/table>","protected":false},"featured_media":1753,"comment_status":"closed","ping_status":"closed","template":"","meta":{"_acf_changed":false},"product_brand":[],"product_cat":[19],"product_tag":[28,24],"class_list":{"0":"post-1749","1":"product","2":"type-product","3":"status-publish","4":"has-post-thumbnail","6":"product_cat-slippers-in-bulk","7":"product_tag-kids-slippers-wholesale","8":"product_tag-wholesale-pvc-slippers","10":"first","11":"instock","12":"shipping-taxable","13":"product-type-simple"},"acf":[],"_links":{"self":[{"href":"https:\/\/www.mappershoe.com\/de\/wp-json\/wp\/v2\/product\/1749","targetHints":{"allow":["GET"]}}],"collection":[{"href":"https:\/\/www.mappershoe.com\/de\/wp-json\/wp\/v2\/product"}],"about":[{"href":"https:\/\/www.mappershoe.com\/de\/wp-json\/wp\/v2\/types\/product"}],"replies":[{"embeddable":true,"href":"https:\/\/www.mappershoe.com\/de\/wp-json\/wp\/v2\/comments?post=1749"}],"wp:featuredmedia":[{"embeddable":true,"href":"https:\/\/www.mappershoe.com\/de\/wp-json\/wp\/v2\/media\/1753"}],"wp:attachment":[{"href":"https:\/\/www.mappershoe.com\/de\/wp-json\/wp\/v2\/media?parent=1749"}],"wp:term":[{"taxonomy":"product_brand","embeddable":true,"href":"https:\/\/www.mappershoe.com\/de\/wp-json\/wp\/v2\/product_brand?post=1749"},{"taxonomy":"product_cat","embeddable":true,"href":"https:\/\/www.mappershoe.com\/de\/wp-json\/wp\/v2\/product_cat?post=1749"},{"taxonomy":"product_tag","embeddable":true,"href":"https:\/\/www.mappershoe.com\/de\/wp-json\/wp\/v2\/product_tag?post=1749"}],"curies":[{"name":"wp","href":"https:\/\/api.w.org\/{rel}","templated":true}]}}