{"id":1759,"date":"2025-09-05T01:52:26","date_gmt":"2025-09-05T01:52:26","guid":{"rendered":"https:\/\/www.mappershoe.com\/?post_type=product&#038;p=1759"},"modified":"2026-01-03T08:03:43","modified_gmt":"2026-01-03T08:03:43","slug":"wholesale-childrens-sandals","status":"publish","type":"product","link":"https:\/\/www.mappershoe.com\/de\/produkt\/wholesale-childrens-sandals\/","title":{"rendered":"Fabrik Gro\u00dfhandel Kindersandalen, benutzerdefinierte Yeezy Sandalen"},"content":{"rendered":"<div class=\"wp-block-columns is-layout-flex wp-container-core-columns-is-layout-9d6595d7 wp-block-columns-is-layout-flex\">\n<div class=\"wp-block-column is-layout-flow wp-block-column-is-layout-flow\">\n<h3 class=\"wp-block-heading\">Premium Soft Gro\u00dfhandel Kindersandalen Eigenschaften:<\/h3>\n\n\n\n<p><strong>Hochwertige Materialien: <\/strong>Diese Gro\u00dfhandels-Kindersandalen bestehen aus EVA, einem weichen und leichten Material mit verschlei\u00dffesten, rutschfesten, atmungsaktiven und bequemen Eigenschaften. Kinder k\u00f6nnen sie sicher den ganzen Tag tragen.<\/p>\n\n\n\n<p><strong>Mehrere Farben und Gr\u00f6\u00dfen:<\/strong> Diese Gro\u00dfhandels-Kindersandalen sind in 7 sch\u00f6nen Farben erh\u00e4ltlich, und die Gr\u00f6\u00dfe reicht von 130mm bis 190mm, so dass eine breite Palette von Altersgruppen zur Auswahl steht. Logo-Druck und OEM\/ODM-Service sind f\u00fcr bequeme Werbung und diversifizierte Marketing zur Verf\u00fcgung gestellt.<\/p>\n\n\n\n<p><strong>Klettverschluss-Design:<\/strong> Diese Gro\u00dfhandelssandalen von Eva haben Klettverschl\u00fcsse, mit denen kleine F\u00fc\u00dfe ihre Schuhe leicht an- und ausziehen k\u00f6nnen!<\/p>\n\n\n\n<p><strong>Breite Anwendung: <\/strong>Unsere ma\u00dfgefertigten Yeezy-Sandalen zeichnen sich durch ein sportliches Design und eine Kontur aus, die sich der Fu\u00dfform anpasst, wodurch sie sich sowohl f\u00fcr Freizeitkleidung als auch f\u00fcr sportliche Aktivit\u00e4ten eignen. Sie werden weithin in Wohn-, Schul-, Outdoor- und Strandumgebungen eingesetzt und haben eine zufriedenstellende Marktakzeptanz erhalten.<\/p>\n\n\n\n<p><strong>Qualit\u00e4t exportieren: <\/strong>Diese Gro\u00dfhandels-Kindersandalen werden strengen Qualit\u00e4tstests unterzogen und entsprechen den internationalen Qualit\u00e4tsstandards des Gro\u00dfhandelsmarktes. Sie eignen sich f\u00fcr globale Vertriebsh\u00e4ndler, Superm\u00e4rkte und Geschenkkan\u00e4le.<\/p>\n<\/div>\n\n\n\n<div class=\"wp-block-column is-layout-flow wp-block-column-is-layout-flow\">\n<figure class=\"wp-block-image size-full\"><img decoding=\"async\" width=\"800\" height=\"800\" src=\"https:\/\/www.mappershoe.com\/wp-content\/uploads\/2025\/09\/wholesale-childrens-sandals-outdoor-custom-yeezy-sandals-3.webp\" alt=\"gro\u00dfhandel-kinder-sandalen-au\u00dfen-individuelle-yeezy-sandalen-3\" class=\"wp-image-1762\" srcset=\"https:\/\/www.mappershoe.com\/wp-content\/uploads\/2025\/09\/wholesale-childrens-sandals-outdoor-custom-yeezy-sandals-3.webp 800w, https:\/\/www.mappershoe.com\/wp-content\/uploads\/2025\/09\/wholesale-childrens-sandals-outdoor-custom-yeezy-sandals-3-300x300.webp 300w, https:\/\/www.mappershoe.com\/wp-content\/uploads\/2025\/09\/wholesale-childrens-sandals-outdoor-custom-yeezy-sandals-3-150x150.webp 150w, https:\/\/www.mappershoe.com\/wp-content\/uploads\/2025\/09\/wholesale-childrens-sandals-outdoor-custom-yeezy-sandals-3-768x768.webp 768w, https:\/\/www.mappershoe.com\/wp-content\/uploads\/2025\/09\/wholesale-childrens-sandals-outdoor-custom-yeezy-sandals-3-12x12.webp 12w, https:\/\/www.mappershoe.com\/wp-content\/uploads\/2025\/09\/wholesale-childrens-sandals-outdoor-custom-yeezy-sandals-3-600x600.webp 600w, https:\/\/www.mappershoe.com\/wp-content\/uploads\/2025\/09\/wholesale-childrens-sandals-outdoor-custom-yeezy-sandals-3-100x100.webp 100w\" sizes=\"(max-width: 800px) 100vw, 800px\" \/><\/figure>\n<\/div>\n<\/div>\n\n\n\n<p><\/p>","protected":false},"excerpt":{"rendered":"<p>Willkommen in unserem Gro\u00dfhandel Kindersandalen zu kaufen. Diese Kinder EVA Hausschuhe sind aus leichtem Material und weicher Textur, verschlei\u00dffest und rutschfest, atmungsaktiv und bequem, sch\u00fctzen Kinder sicher und warm, wenn sie t\u00e4glich ausgehen und drau\u00dfen spielen. Bieten LOGO Anpassung und OEM \/ ODM-Service zu helfen, Markeninhaber und Gro\u00dfhandel K\u00e4ufer machen differenzierte Produkte.<\/p>\n<h2>Weiche Gro\u00dfhandels-Kindersandalen Spezifikationen:<\/h2>\n<table width=\"448\">\n<tbody>\n<tr>\n<td width=\"168\">Hersteller:<\/td>\n<td width=\"280\">Mingyi<\/td>\n<\/tr>\n<tr>\n<td>Stil:<\/td>\n<td>Hausschuhe<\/td>\n<\/tr>\n<tr>\n<td>Modell:<\/td>\n<td>011<\/td>\n<\/tr>\n<tr>\n<td>Material:\u00a0<\/td>\n<td>EVA<\/td>\n<\/tr>\n<tr>\n<td>Farbe:\u00a0<\/td>\n<td width=\"280\">Aprikose, Gelb, Gr\u00fcn, Rosa, Apfelgr\u00fcn, Lila, Schwarz<\/td>\n<\/tr>\n<tr>\n<td>Gr\u00f6\u00dfe:\u00a0<\/td>\n<td width=\"280\">130mm, 140mm, 150mm, 160mm, 170mm, 180mm, 190mm<\/td>\n<\/tr>\n<tr>\n<td>Anpassungsoptionen:\u00a0<\/td>\n<td>Logo (Oberseite, Seite, Einlegesohle) \/ All-Over-Druck \/ Farbe \/ Material \/ Sohlendicke \/ Obermaterial<\/td>\n<\/tr>\n<tr>\n<td>Verpacken:\u00a0<\/td>\n<td>Kundenspezifische Verpackung<\/td>\n<\/tr>\n<tr>\n<td>Muster\uff1a<\/td>\n<td>Kostenlose Blindmuster<\/td>\n<\/tr>\n<\/tbody>\n<\/table>\n<p>&nbsp;<\/p>","protected":false},"featured_media":1760,"comment_status":"closed","ping_status":"closed","template":"","meta":{"_acf_changed":false},"product_brand":[],"product_cat":[19,20],"product_tag":[25,28],"class_list":{"0":"post-1759","1":"product","2":"type-product","3":"status-publish","4":"has-post-thumbnail","6":"product_cat-slippers-in-bulk","7":"product_cat-wholesale-sandals","8":"product_tag-eva-slippers-wholesale","9":"product_tag-kids-slippers-wholesale","11":"first","12":"instock","13":"shipping-taxable","14":"product-type-simple"},"acf":[],"_links":{"self":[{"href":"https:\/\/www.mappershoe.com\/de\/wp-json\/wp\/v2\/product\/1759","targetHints":{"allow":["GET"]}}],"collection":[{"href":"https:\/\/www.mappershoe.com\/de\/wp-json\/wp\/v2\/product"}],"about":[{"href":"https:\/\/www.mappershoe.com\/de\/wp-json\/wp\/v2\/types\/product"}],"replies":[{"embeddable":true,"href":"https:\/\/www.mappershoe.com\/de\/wp-json\/wp\/v2\/comments?post=1759"}],"wp:featuredmedia":[{"embeddable":true,"href":"https:\/\/www.mappershoe.com\/de\/wp-json\/wp\/v2\/media\/1760"}],"wp:attachment":[{"href":"https:\/\/www.mappershoe.com\/de\/wp-json\/wp\/v2\/media?parent=1759"}],"wp:term":[{"taxonomy":"product_brand","embeddable":true,"href":"https:\/\/www.mappershoe.com\/de\/wp-json\/wp\/v2\/product_brand?post=1759"},{"taxonomy":"product_cat","embeddable":true,"href":"https:\/\/www.mappershoe.com\/de\/wp-json\/wp\/v2\/product_cat?post=1759"},{"taxonomy":"product_tag","embeddable":true,"href":"https:\/\/www.mappershoe.com\/de\/wp-json\/wp\/v2\/product_tag?post=1759"}],"curies":[{"name":"wp","href":"https:\/\/api.w.org\/{rel}","templated":true}]}}