{"id":1817,"date":"2025-09-08T10:00:58","date_gmt":"2025-09-08T10:00:58","guid":{"rendered":"https:\/\/www.mappershoe.com\/?post_type=product&#038;p=1817"},"modified":"2025-09-08T10:01:07","modified_gmt":"2025-09-08T10:01:07","slug":"custom-size-slippers","status":"publish","type":"product","link":"https:\/\/www.mappershoe.com\/de\/produkt\/custom-size-slippers\/","title":{"rendered":"Custom Size Hausschuhe f\u00fcr alle Altersgruppen, Yeezy Slides Gro\u00dfhandel"},"content":{"rendered":"<div class=\"wp-block-columns is-layout-flex wp-container-core-columns-is-layout-9d6595d7 wp-block-columns-is-layout-flex\">\n<div class=\"wp-block-column is-layout-flow wp-block-column-is-layout-flow\">\n<h3 class=\"wp-block-heading\">Premium Custom Size Pantoffeln Eigenschaften:<\/h3>\n\n\n\n<p><strong>Stylische Yeezy-Stile:<\/strong> Diese ma\u00dfgeschneiderten Yeezy-Gro\u00dfhandelsrutschen zeichnen sich durch schicke, schlichte und elegante Designs aus, weshalb sie zu den Bestsellern geh\u00f6ren.<\/p>\n\n\n\n<p><strong>Hergestellt aus hochwertigem EVA-Material:<\/strong> Unsere Hausschuhe in Sondergr\u00f6\u00dfen sind leicht, weich, rutschfest und langlebig, so dass sie auch bei l\u00e4ngerem Tragen getragen werden k\u00f6nnen. Wir unterst\u00fctzen Logoanpassung und OEM\/ODM und erf\u00fcllen sowohl die Bed\u00fcrfnisse der Markenf\u00f6rderung als auch die des Gro\u00dfhandels.<\/p>\n\n\n\n<p><strong>Mehrere Gr\u00f6\u00dfen verf\u00fcgbar: <\/strong>Unsere Hausschuhe in Sondergr\u00f6\u00dfen sind f\u00fcr alle Altersgruppen geeignet, von 24-25 bis 44-45, f\u00fcr Kinder, Jugendliche und Erwachsene, f\u00fcr zu Hause, f\u00fcr die Schule und f\u00fcr den Einzelhandel.<\/p>\n\n\n\n<p><strong>F\u00fcr den Innen- und Au\u00dfenbereich:<\/strong> Diese ma\u00dfgeschneiderten Yeezy-Slides eignen sich sowohl f\u00fcr den Innen- als auch f\u00fcr den Au\u00dfenbereich sowie f\u00fcr Freizeitaktivit\u00e4ten wie den Strand oder die Schule. Wir akzeptieren Gro\u00dfbestellungen und beliefern den globalen Markt.<\/p>\n<\/div>\n\n\n\n<div class=\"wp-block-column is-layout-flow wp-block-column-is-layout-flow\">\n<figure class=\"wp-block-image size-full\"><img decoding=\"async\" width=\"800\" height=\"800\" src=\"https:\/\/www.mappershoe.com\/wp-content\/uploads\/2025\/09\/custom-size-slippers-for-all-ages-yeezy-slides-wholesale-2.webp\" alt=\"ma\u00dfgefertigte-schuhe-f\u00fcr-alle-alter-yeezy-slides-gro\u00dfhandel-2\" class=\"wp-image-1823\" srcset=\"https:\/\/www.mappershoe.com\/wp-content\/uploads\/2025\/09\/custom-size-slippers-for-all-ages-yeezy-slides-wholesale-2.webp 800w, https:\/\/www.mappershoe.com\/wp-content\/uploads\/2025\/09\/custom-size-slippers-for-all-ages-yeezy-slides-wholesale-2-300x300.webp 300w, https:\/\/www.mappershoe.com\/wp-content\/uploads\/2025\/09\/custom-size-slippers-for-all-ages-yeezy-slides-wholesale-2-150x150.webp 150w, https:\/\/www.mappershoe.com\/wp-content\/uploads\/2025\/09\/custom-size-slippers-for-all-ages-yeezy-slides-wholesale-2-768x768.webp 768w, https:\/\/www.mappershoe.com\/wp-content\/uploads\/2025\/09\/custom-size-slippers-for-all-ages-yeezy-slides-wholesale-2-12x12.webp 12w, https:\/\/www.mappershoe.com\/wp-content\/uploads\/2025\/09\/custom-size-slippers-for-all-ages-yeezy-slides-wholesale-2-600x600.webp 600w, https:\/\/www.mappershoe.com\/wp-content\/uploads\/2025\/09\/custom-size-slippers-for-all-ages-yeezy-slides-wholesale-2-100x100.webp 100w\" sizes=\"(max-width: 800px) 100vw, 800px\" \/><\/figure>\n<\/div>\n<\/div>\n\n\n\n<p><\/p>","protected":false},"excerpt":{"rendered":"<p>Willkommen bei unseren Hausschuhen in individueller Gr\u00f6\u00dfe zu kaufen. Diese Gro\u00dfhandel EVA Yeezy-Stil Hausschuhe sind in den Gr\u00f6\u00dfen 24-45, f\u00fcr Kinder bis Erwachsene. Leicht, rutschfest, und geeignet f\u00fcr den Innen- und Au\u00dfenbereich. Kundenspezifisches Logo und OEM\/ODM-Services f\u00fcr Gro\u00dfauftr\u00e4ge verf\u00fcgbar.<\/p>\n<h2>Kundenspezifische Gr\u00f6\u00dfe Hausschuhe Spezifikationen:<\/h2>\n<table width=\"448\">\n<tbody>\n<tr>\n<td width=\"168\">Hersteller:<\/td>\n<td width=\"280\">Mingyi<\/td>\n<\/tr>\n<tr>\n<td>Stil:<\/td>\n<td>Hausschuhe<\/td>\n<\/tr>\n<tr>\n<td>Modell:<\/td>\n<td>012<\/td>\n<\/tr>\n<tr>\n<td>Material:\u00a0<\/td>\n<td>EVA<\/td>\n<\/tr>\n<tr>\n<td>Farbe:\u00a0<\/td>\n<td width=\"280\">Wei\u00df, Braun, Gr\u00fcn, Rosa, Kaffee, Blau, Schwarz, Grau<\/td>\n<\/tr>\n<tr>\n<td>Gr\u00f6\u00dfe:\u00a0<\/td>\n<td width=\"280\">24-25, 26-27, 28-29, 30-31, 32-33, 34-35, 36-37, 38-39, 40-41, 42-43, 44-45<\/td>\n<\/tr>\n<tr>\n<td>Anpassungsoptionen:\u00a0<\/td>\n<td>Logo (Oberseite, Seite, Einlegesohle) \/ All-Over-Druck \/ Farbe \/ Material \/ Sohlendicke \/ Obermaterial<\/td>\n<\/tr>\n<tr>\n<td>Verpacken:\u00a0<\/td>\n<td>Kundenspezifische Verpackung<\/td>\n<\/tr>\n<tr>\n<td>Muster\uff1a<\/td>\n<td>Kostenlose Blindmuster<\/td>\n<\/tr>\n<\/tbody>\n<\/table>","protected":false},"featured_media":1822,"comment_status":"closed","ping_status":"closed","template":"","meta":{"_acf_changed":false},"product_brand":[],"product_cat":[19],"product_tag":[25,28,26,27],"class_list":{"0":"post-1817","1":"product","2":"type-product","3":"status-publish","4":"has-post-thumbnail","6":"product_cat-slippers-in-bulk","7":"product_tag-eva-slippers-wholesale","8":"product_tag-kids-slippers-wholesale","9":"product_tag-mens-slippers-wholesale","10":"product_tag-wholesale-womens-slippers","12":"first","13":"instock","14":"shipping-taxable","15":"product-type-simple"},"acf":[],"_links":{"self":[{"href":"https:\/\/www.mappershoe.com\/de\/wp-json\/wp\/v2\/product\/1817","targetHints":{"allow":["GET"]}}],"collection":[{"href":"https:\/\/www.mappershoe.com\/de\/wp-json\/wp\/v2\/product"}],"about":[{"href":"https:\/\/www.mappershoe.com\/de\/wp-json\/wp\/v2\/types\/product"}],"replies":[{"embeddable":true,"href":"https:\/\/www.mappershoe.com\/de\/wp-json\/wp\/v2\/comments?post=1817"}],"wp:featuredmedia":[{"embeddable":true,"href":"https:\/\/www.mappershoe.com\/de\/wp-json\/wp\/v2\/media\/1822"}],"wp:attachment":[{"href":"https:\/\/www.mappershoe.com\/de\/wp-json\/wp\/v2\/media?parent=1817"}],"wp:term":[{"taxonomy":"product_brand","embeddable":true,"href":"https:\/\/www.mappershoe.com\/de\/wp-json\/wp\/v2\/product_brand?post=1817"},{"taxonomy":"product_cat","embeddable":true,"href":"https:\/\/www.mappershoe.com\/de\/wp-json\/wp\/v2\/product_cat?post=1817"},{"taxonomy":"product_tag","embeddable":true,"href":"https:\/\/www.mappershoe.com\/de\/wp-json\/wp\/v2\/product_tag?post=1817"}],"curies":[{"name":"wp","href":"https:\/\/api.w.org\/{rel}","templated":true}]}}