{"id":1831,"date":"2025-09-08T15:12:58","date_gmt":"2025-09-08T15:12:58","guid":{"rendered":"https:\/\/www.mappershoe.com\/?post_type=product&#038;p=1831"},"modified":"2025-09-12T08:58:46","modified_gmt":"2025-09-12T08:58:46","slug":"custom-slide-sandals-wholesale","status":"publish","type":"product","link":"https:\/\/www.mappershoe.com\/de\/produkt\/custom-slide-sandals-wholesale\/","title":{"rendered":"Custom Slide Sandalen Gro\u00dfhandel, Kinder Kissen rutscht in Bulk"},"content":{"rendered":"<div class=\"wp-block-columns is-layout-flex wp-container-core-columns-is-layout-9d6595d7 wp-block-columns-is-layout-flex\">\n<div class=\"wp-block-column is-layout-flow wp-block-column-is-layout-flow\">\n<h3 class=\"wp-block-heading\">Premium Custom Slide Sandals Gro\u00dfhandel Merkmale:<\/h3>\n\n\n\n<p><strong>Material:<\/strong> Diese benutzerdefinierten Slide-Sandalen Gro\u00dfhandel sind aus leichten und weichen EVA gemacht. Die dicksohlige Kissen Rutsche Design ist weich und flexibel, so dass sie bequem auch f\u00fcr lange Spazierg\u00e4nge.<\/p>\n\n\n\n<p><strong>Farben: <\/strong>Diese benutzerdefinierten Slide-Sandalen im Gro\u00dfhandel gibt es in einer Vielzahl von Farben, die den Geschmack jedes Kindes treffen. Erh\u00e4ltlich in normalen und diamantbesetzten Modellen f\u00fcr einen stilvollen und auff\u00e4lligen Look.<\/p>\n\n\n\n<p><strong>Gr\u00f6\u00dfenbereich:<\/strong> Diese Kinder-Polsterschuhe mit Logo sind in den Gr\u00f6\u00dfen 130 mm bis 240 mm erh\u00e4ltlich und f\u00fcr Kinder jeden Alters geeignet. Sie k\u00f6nnen geschn\u00fcrt werden und verwandeln sich so in Sandalen, die vielseitig einsetzbar sind.<\/p>\n\n\n\n<p><strong>Mehrfache Verwendungen:<\/strong> Diese massiven Kinder-Kissenrutschen sind aus einem St\u00fcck EVA gefertigt, wasserfest und leicht zu reinigen. Sie k\u00f6nnen als Hausschuhe, Strandsandalen oder Poolschuhe verwendet werden, sowohl f\u00fcr den t\u00e4glichen Gebrauch als auch f\u00fcr den Urlaub. Wir unterst\u00fctzen Massenproduktion, individuelle Logos und individuelle Verpackungen.<\/p>\n<\/div>\n\n\n\n<div class=\"wp-block-column is-layout-flow wp-block-column-is-layout-flow\">\n<figure class=\"wp-block-image size-full\"><img decoding=\"async\" width=\"1920\" height=\"1920\" src=\"https:\/\/www.mappershoe.com\/wp-content\/uploads\/2025\/09\/custom-slide-sandals-wholesale-kids-pillow-slides-in-bulk-5.webp\" alt=\"custom-slide-sandals-gro\u00dfhandel-kinder-kissen-sandalen-im-paket-5\" class=\"wp-image-1836\" srcset=\"https:\/\/www.mappershoe.com\/wp-content\/uploads\/2025\/09\/custom-slide-sandals-wholesale-kids-pillow-slides-in-bulk-5.webp 1920w, https:\/\/www.mappershoe.com\/wp-content\/uploads\/2025\/09\/custom-slide-sandals-wholesale-kids-pillow-slides-in-bulk-5-300x300.webp 300w, https:\/\/www.mappershoe.com\/wp-content\/uploads\/2025\/09\/custom-slide-sandals-wholesale-kids-pillow-slides-in-bulk-5-150x150.webp 150w, https:\/\/www.mappershoe.com\/wp-content\/uploads\/2025\/09\/custom-slide-sandals-wholesale-kids-pillow-slides-in-bulk-5-768x768.webp 768w, https:\/\/www.mappershoe.com\/wp-content\/uploads\/2025\/09\/custom-slide-sandals-wholesale-kids-pillow-slides-in-bulk-5-12x12.webp 12w, https:\/\/www.mappershoe.com\/wp-content\/uploads\/2025\/09\/custom-slide-sandals-wholesale-kids-pillow-slides-in-bulk-5-1200x1200.webp 1200w, https:\/\/www.mappershoe.com\/wp-content\/uploads\/2025\/09\/custom-slide-sandals-wholesale-kids-pillow-slides-in-bulk-5-600x600.webp 600w, https:\/\/www.mappershoe.com\/wp-content\/uploads\/2025\/09\/custom-slide-sandals-wholesale-kids-pillow-slides-in-bulk-5-100x100.webp 100w\" sizes=\"(max-width: 1920px) 100vw, 1920px\" \/><\/figure>\n<\/div>\n<\/div>\n\n\n\n<p><\/p>","protected":false},"excerpt":{"rendered":"<p>Willkommen bei unseren benutzerdefinierten Rutsche Sandalen Gro\u00dfhandel zu kaufen. Die Kinder EVA-Kissen rutscht Gro\u00dfhandel, in leuchtenden Farben mit optionalen Strass Oberteil. Gr\u00f6\u00dfen 130mm-240mm, weich und langlebig mit Anti-Rutsch-Sohle. Benutzerdefinierte Logo zur Verf\u00fcgung, und Schn\u00fcrsenkel Add-on-Design verwandelt Folien in Sandalen f\u00fcr vielseitige Verschlei\u00df.<\/p>\n<h2>Custom Slide Sandals Gro\u00dfhandel Spezifikationen:<\/h2>\n<table width=\"448\">\n<tbody>\n<tr>\n<td width=\"168\">Hersteller:<\/td>\n<td width=\"280\">Mingyi<\/td>\n<\/tr>\n<tr>\n<td>Stil:<\/td>\n<td>Hausschuhe<\/td>\n<\/tr>\n<tr>\n<td>Modell:<\/td>\n<td>013<\/td>\n<\/tr>\n<tr>\n<td>Material:\u00a0<\/td>\n<td>EVA<\/td>\n<\/tr>\n<tr>\n<td>Farbe:\u00a0<\/td>\n<td width=\"280\">Bunt, Wei\u00df, Braun, Grau, Blau, Gr\u00fcn, Hellblau, Rosa, Orange, Lila<\/td>\n<\/tr>\n<tr>\n<td>Gr\u00f6\u00dfe:\u00a0<\/td>\n<td width=\"280\">14\/15(130mm), 16\/17(140mm), 18\/19(150mm), 20\/21(160mm), 22\/23(170mm), 24\/25(180mm), 26\/27(190mm), 28\/29(200mm), 30\/31(210mm), 32\/33(220mm), 34\/35(230mm), 36\/37 (240mm)<\/td>\n<\/tr>\n<tr>\n<td>Anpassungsoptionen:\u00a0<\/td>\n<td>Logo (Oberseite, Seite, Einlegesohle) \/ All-Over-Druck \/ Farbe \/ Material \/ Sohlendicke \/ Obermaterial<\/td>\n<\/tr>\n<tr>\n<td>Verpacken:\u00a0<\/td>\n<td>Kundenspezifische Verpackung<\/td>\n<\/tr>\n<tr>\n<td>Muster\uff1a<\/td>\n<td>Kostenlose Blindmuster<\/td>\n<\/tr>\n<\/tbody>\n<\/table>","protected":false},"featured_media":1832,"comment_status":"closed","ping_status":"closed","template":"","meta":{"_acf_changed":false},"product_brand":[],"product_cat":[19,20],"product_tag":[25,28],"class_list":{"0":"post-1831","1":"product","2":"type-product","3":"status-publish","4":"has-post-thumbnail","6":"product_cat-slippers-in-bulk","7":"product_cat-wholesale-sandals","8":"product_tag-eva-slippers-wholesale","9":"product_tag-kids-slippers-wholesale","11":"first","12":"instock","13":"shipping-taxable","14":"product-type-simple"},"acf":[],"_links":{"self":[{"href":"https:\/\/www.mappershoe.com\/de\/wp-json\/wp\/v2\/product\/1831","targetHints":{"allow":["GET"]}}],"collection":[{"href":"https:\/\/www.mappershoe.com\/de\/wp-json\/wp\/v2\/product"}],"about":[{"href":"https:\/\/www.mappershoe.com\/de\/wp-json\/wp\/v2\/types\/product"}],"replies":[{"embeddable":true,"href":"https:\/\/www.mappershoe.com\/de\/wp-json\/wp\/v2\/comments?post=1831"}],"wp:featuredmedia":[{"embeddable":true,"href":"https:\/\/www.mappershoe.com\/de\/wp-json\/wp\/v2\/media\/1832"}],"wp:attachment":[{"href":"https:\/\/www.mappershoe.com\/de\/wp-json\/wp\/v2\/media?parent=1831"}],"wp:term":[{"taxonomy":"product_brand","embeddable":true,"href":"https:\/\/www.mappershoe.com\/de\/wp-json\/wp\/v2\/product_brand?post=1831"},{"taxonomy":"product_cat","embeddable":true,"href":"https:\/\/www.mappershoe.com\/de\/wp-json\/wp\/v2\/product_cat?post=1831"},{"taxonomy":"product_tag","embeddable":true,"href":"https:\/\/www.mappershoe.com\/de\/wp-json\/wp\/v2\/product_tag?post=1831"}],"curies":[{"name":"wp","href":"https:\/\/api.w.org\/{rel}","templated":true}]}}