{"id":1855,"date":"2025-09-19T07:30:09","date_gmt":"2025-09-19T07:30:09","guid":{"rendered":"https:\/\/www.mappershoe.com\/?post_type=product&#038;p=1855"},"modified":"2025-09-19T07:30:13","modified_gmt":"2025-09-19T07:30:13","slug":"slipper-soles-wholesale","status":"publish","type":"product","link":"https:\/\/www.mappershoe.com\/de\/produkt\/slipper-soles-wholesale\/","title":{"rendered":"PVC Slipper Sohlen Gro\u00dfhandel, Flip Flop Sohlen Bulk Supply"},"content":{"rendered":"<div class=\"wp-block-columns is-layout-flex wp-container-core-columns-is-layout-9d6595d7 wp-block-columns-is-layout-flex\">\n<div class=\"wp-block-column is-layout-flow wp-block-column-is-layout-flow\">\n<h3 class=\"wp-block-heading\">Premium PVC Slipper Sohlen Gro\u00dfhandel Eigenschaften:<\/h3>\n\n\n\n<p><strong>Verschiedene Optionen:<\/strong> Diese losen PVC-Sohlen f\u00fcr Flip-Flops sind in verschiedenen Gr\u00f6\u00dfen, Farben und Dicken erh\u00e4ltlich, um den Anforderungen unterschiedlicher Modelle wie Flip-Flops und Hausschuhe gerecht zu werden.<\/p>\n\n\n\n<p><strong>Flexibles, verschlei\u00dffestes PVC-Material:<\/strong> Diese Pantoffelsohlen im Gro\u00dfhandel sind extrem flexibel, verschlei\u00dffest und rutschsicher, f\u00fcr Komfort und Haltbarkeit.<\/p>\n\n\n\n<p><strong>Leicht und einfach zu verarbeiten:<\/strong> Diese PVC-Pantoffelsohlen im Gro\u00dfhandel sind leicht und einfach zu verarbeiten, was f\u00fcr die Weiterverarbeitung und das Hinzuf\u00fcgen von Oberteilen praktisch ist.<\/p>\n\n\n\n<p><strong>Anpassungsdienst:<\/strong> Diese PVC-Pantoffelsohlen Gro\u00dfhandel haben Logo Anpassung und halbfertige Verarbeitung, die f\u00fcr OEM \/ ODM Schuhherstellung verwendet werden kann. Sie k\u00f6nnen f\u00fcr verschiedene Anwendungen verwendet werden, einschlie\u00dflich Hausschuhe, Strandschuhe, Badeschuhe, Flip-Flops, und so weiter.<\/p>\n<\/div>\n\n\n\n<div class=\"wp-block-column is-layout-flow wp-block-column-is-layout-flow\">\n<figure class=\"wp-block-image size-full\"><img decoding=\"async\" width=\"1800\" height=\"1800\" src=\"https:\/\/www.mappershoe.com\/wp-content\/uploads\/2025\/09\/pvc-slipper-soles-wholesale-flip-flop-soles-bulk-supply-1.webp\" alt=\"pvc-slipper-sohlen-gro\u00dfhandel-flip-flop-sohlen-gro\u00dfhandel-1\" class=\"wp-image-1863\" srcset=\"https:\/\/www.mappershoe.com\/wp-content\/uploads\/2025\/09\/pvc-slipper-soles-wholesale-flip-flop-soles-bulk-supply-1.webp 1800w, https:\/\/www.mappershoe.com\/wp-content\/uploads\/2025\/09\/pvc-slipper-soles-wholesale-flip-flop-soles-bulk-supply-1-300x300.webp 300w, https:\/\/www.mappershoe.com\/wp-content\/uploads\/2025\/09\/pvc-slipper-soles-wholesale-flip-flop-soles-bulk-supply-1-150x150.webp 150w, https:\/\/www.mappershoe.com\/wp-content\/uploads\/2025\/09\/pvc-slipper-soles-wholesale-flip-flop-soles-bulk-supply-1-768x768.webp 768w, https:\/\/www.mappershoe.com\/wp-content\/uploads\/2025\/09\/pvc-slipper-soles-wholesale-flip-flop-soles-bulk-supply-1-12x12.webp 12w, https:\/\/www.mappershoe.com\/wp-content\/uploads\/2025\/09\/pvc-slipper-soles-wholesale-flip-flop-soles-bulk-supply-1-1200x1200.webp 1200w, https:\/\/www.mappershoe.com\/wp-content\/uploads\/2025\/09\/pvc-slipper-soles-wholesale-flip-flop-soles-bulk-supply-1-600x600.webp 600w, https:\/\/www.mappershoe.com\/wp-content\/uploads\/2025\/09\/pvc-slipper-soles-wholesale-flip-flop-soles-bulk-supply-1-100x100.webp 100w\" sizes=\"(max-width: 1800px) 100vw, 1800px\" \/><\/figure>\n<\/div>\n<\/div>\n\n\n\n<p><\/p>","protected":false},"excerpt":{"rendered":"<p>Willkommen zum Kauf dieser Pantoffelsohlen im Gro\u00dfhandel, geeignet f\u00fcr die Herstellung von PVC-Pantoffeln und Flip-Flops in verschiedenen Farben, Gr\u00f6\u00dfen und Dicken. Hergestellt aus PVC-Material, sind diese Halbsohlen flexibel, wasserdicht, feuchtigkeitsbest\u00e4ndig und verschlei\u00dffest, bietet hervorragende D\u00e4mpfung und Unterst\u00fctzung f\u00fcr das Gehen. Durch die Unterst\u00fctzung von kundenspezifischen Logos, OEM\/ODM-Herstellung und Massenlieferung sind sie eine geeignete Quelle f\u00fcr Schuhfabriken, Gro\u00dfh\u00e4ndler und Markenanpassungsauftr\u00e4ge.<\/p>\n<h2>PVC Slipper Sohlen Gro\u00dfhandel Spezifikationen:<\/h2>\n<table width=\"448\">\n<tbody>\n<tr>\n<td width=\"168\">Hersteller:<\/td>\n<td width=\"280\">Mingyi<\/td>\n<\/tr>\n<tr>\n<td>Stil:<\/td>\n<td>Slipper Teile<\/td>\n<\/tr>\n<tr>\n<td>Modell:<\/td>\n<td>1001<\/td>\n<\/tr>\n<tr>\n<td>Material:\u00a0<\/td>\n<td>PVC<\/td>\n<\/tr>\n<tr>\n<td>Farbe:\u00a0<\/td>\n<td>Benutzerdefiniert<\/td>\n<\/tr>\n<tr>\n<td>Gr\u00f6\u00dfe:\u00a0<\/td>\n<td width=\"280\">Benutzerdefiniert<\/td>\n<\/tr>\n<tr>\n<td>Anpassungsoptionen:\u00a0<\/td>\n<td>Logo (Oberseite, Seite, Einlegesohle) \/ All-Over-Druck \/ Farbe \/ Material \/ Sohlendicke \/ Obermaterial<\/td>\n<\/tr>\n<tr>\n<td>Verpacken:\u00a0<\/td>\n<td>Kundenspezifische Verpackung<\/td>\n<\/tr>\n<tr>\n<td>Muster\uff1a<\/td>\n<td>Kostenlose Blindmuster<\/td>\n<\/tr>\n<\/tbody>\n<\/table>","protected":false},"featured_media":1864,"comment_status":"closed","ping_status":"closed","template":"","meta":{"_acf_changed":false},"product_brand":[],"product_cat":[16],"product_tag":[],"class_list":{"0":"post-1855","1":"product","2":"type-product","3":"status-publish","4":"has-post-thumbnail","6":"product_cat-wholesale-slipper-parts","8":"first","9":"instock","10":"shipping-taxable","11":"product-type-simple"},"acf":[],"_links":{"self":[{"href":"https:\/\/www.mappershoe.com\/de\/wp-json\/wp\/v2\/product\/1855","targetHints":{"allow":["GET"]}}],"collection":[{"href":"https:\/\/www.mappershoe.com\/de\/wp-json\/wp\/v2\/product"}],"about":[{"href":"https:\/\/www.mappershoe.com\/de\/wp-json\/wp\/v2\/types\/product"}],"replies":[{"embeddable":true,"href":"https:\/\/www.mappershoe.com\/de\/wp-json\/wp\/v2\/comments?post=1855"}],"wp:featuredmedia":[{"embeddable":true,"href":"https:\/\/www.mappershoe.com\/de\/wp-json\/wp\/v2\/media\/1864"}],"wp:attachment":[{"href":"https:\/\/www.mappershoe.com\/de\/wp-json\/wp\/v2\/media?parent=1855"}],"wp:term":[{"taxonomy":"product_brand","embeddable":true,"href":"https:\/\/www.mappershoe.com\/de\/wp-json\/wp\/v2\/product_brand?post=1855"},{"taxonomy":"product_cat","embeddable":true,"href":"https:\/\/www.mappershoe.com\/de\/wp-json\/wp\/v2\/product_cat?post=1855"},{"taxonomy":"product_tag","embeddable":true,"href":"https:\/\/www.mappershoe.com\/de\/wp-json\/wp\/v2\/product_tag?post=1855"}],"curies":[{"name":"wp","href":"https:\/\/api.w.org\/{rel}","templated":true}]}}