{"id":1856,"date":"2025-09-19T06:18:42","date_gmt":"2025-09-19T06:18:42","guid":{"rendered":"https:\/\/www.mappershoe.com\/?post_type=product&#038;p=1856"},"modified":"2025-09-19T07:25:39","modified_gmt":"2025-09-19T07:25:39","slug":"custom-logo-crocs","status":"publish","type":"product","link":"https:\/\/www.mappershoe.com\/de\/produkt\/custom-logo-crocs\/","title":{"rendered":"Benutzerdefinierte Logo Crocs f\u00fcr Kinder, Eva Kinder Clog Hausschuhe Gro\u00dfhandel"},"content":{"rendered":"<div class=\"wp-block-columns is-layout-flex wp-container-core-columns-is-layout-9d6595d7 wp-block-columns-is-layout-flex\">\n<div class=\"wp-block-column is-layout-flow wp-block-column-is-layout-flow\">\n<h3 class=\"wp-block-heading\">Premium Custom Logo Crocs f\u00fcr Kinder Eigenschaften:<\/h3>\n\n\n\n<p><strong>Anpassbares Design:<\/strong> Diese Clog-Slipper f\u00fcr Kinder sind im Gro\u00dfhandel mit Logodruck (Obermaterial, Seite, Innensohle), Volldruckmustern und mehreren Farboptionen erh\u00e4ltlich.<\/p>\n\n\n\n<p><strong>Hochwertiges EVA-Material:<\/strong> Diese benutzerdefinierten Logo-Crocs f\u00fcr Kinder sind aus hochwertigem EVA-Material gefertigt und sind leicht, weich, rutschfest und langlebig f\u00fcr den Innen- und Au\u00dfenbereich.<\/p>\n\n\n\n<p><strong>Bequeme Passform: <\/strong>Diese Crocs mit individuellem Logo f\u00fcr Kinder sind f\u00fcr Kinderf\u00fc\u00dfe konzipiert und bieten den ganzen Tag \u00fcber Komfort.<\/p>\n\n\n\n<p><strong>Modisch und praktisch:<\/strong> Diese Kinder Clog Hausschuhe Gro\u00dfhandel trendigen eva Clog Stil geliebt von Jungen und M\u00e4dchen, leicht zu tragen und zu reinigen.<\/p>\n\n\n\n<p><strong>Gro\u00dfhandel bereit: <\/strong>Diese Crocs mit individuellem Logo f\u00fcr Kinder eignen sich perfekt f\u00fcr Branding, Einzelhandel, Werbegeschenke oder Gro\u00dfauftr\u00e4ge.<\/p>\n<\/div>\n\n\n\n<div class=\"wp-block-column is-layout-flow wp-block-column-is-layout-flow\">\n<figure class=\"wp-block-image size-full\"><img decoding=\"async\" width=\"800\" height=\"800\" src=\"https:\/\/www.mappershoe.com\/wp-content\/uploads\/2025\/09\/custom-logo-crocs-for-children-kids-clog-slippers-wholesale-2.webp\" alt=\"custom-logo-crocs-f\u00fcr-kinder-kinder-clog-slippers-grosshandel-2\" class=\"wp-image-1858\" srcset=\"https:\/\/www.mappershoe.com\/wp-content\/uploads\/2025\/09\/custom-logo-crocs-for-children-kids-clog-slippers-wholesale-2.webp 800w, https:\/\/www.mappershoe.com\/wp-content\/uploads\/2025\/09\/custom-logo-crocs-for-children-kids-clog-slippers-wholesale-2-300x300.webp 300w, https:\/\/www.mappershoe.com\/wp-content\/uploads\/2025\/09\/custom-logo-crocs-for-children-kids-clog-slippers-wholesale-2-150x150.webp 150w, https:\/\/www.mappershoe.com\/wp-content\/uploads\/2025\/09\/custom-logo-crocs-for-children-kids-clog-slippers-wholesale-2-768x768.webp 768w, https:\/\/www.mappershoe.com\/wp-content\/uploads\/2025\/09\/custom-logo-crocs-for-children-kids-clog-slippers-wholesale-2-12x12.webp 12w, https:\/\/www.mappershoe.com\/wp-content\/uploads\/2025\/09\/custom-logo-crocs-for-children-kids-clog-slippers-wholesale-2-600x600.webp 600w, https:\/\/www.mappershoe.com\/wp-content\/uploads\/2025\/09\/custom-logo-crocs-for-children-kids-clog-slippers-wholesale-2-100x100.webp 100w\" sizes=\"(max-width: 800px) 100vw, 800px\" \/><\/figure>\n<\/div>\n<\/div>\n\n\n\n<p><\/p>","protected":false},"excerpt":{"rendered":"<p>Willkommen beim Kauf dieser Crocs Hausschuhe mit individuellem Logo, die f\u00fcr Jungen und M\u00e4dchen konzipiert sind. Diese leichten, strapazierf\u00e4higen und rutschfesten Clogs f\u00fcr Kinder bieten umfassende Anpassungsm\u00f6glichkeiten, einschlie\u00dflich Logodruck, Farbauswahl und Materialauswahl. Ideal f\u00fcr Gro\u00dfauftr\u00e4ge, Einzelhandelsketten, Werbegeschenke und OEM\/ODM-Branding-Projekte.<\/p>\n<h2>Custom Logo Crocs f\u00fcr Kinder Spezifikationen:<\/h2>\n<table width=\"448\">\n<tbody>\n<tr>\n<td width=\"168\">Hersteller:<\/td>\n<td width=\"280\">Mingyi<\/td>\n<\/tr>\n<tr>\n<td>Stil:<\/td>\n<td>Crocs Schuhe<\/td>\n<\/tr>\n<tr>\n<td>Modell:<\/td>\n<td>101<\/td>\n<\/tr>\n<tr>\n<td>Material:\u00a0<\/td>\n<td>PVC<\/td>\n<\/tr>\n<tr>\n<td>Farbe:\u00a0<\/td>\n<td width=\"280\">schwarz, wei\u00df, rot, rosa, gelb, mintgr\u00fcn, khaki, blau, dunkelblau, dunstblau, hellblau, rosarot, apricot, milit\u00e4rgr\u00fcn<\/td>\n<\/tr>\n<tr>\n<td>Gr\u00f6\u00dfe:\u00a0<\/td>\n<td width=\"280\">C8\/14CM, C9\/15CM, C10\/16CM, C11\/17CM, C12\/18CM, C13\/19CM, J1\/20CM, J2\/21CM, J3\/22CM<\/td>\n<\/tr>\n<tr>\n<td>Anpassungsoptionen:\u00a0<\/td>\n<td>Logo (Oberseite, Seite, Einlegesohle) \/ All-Over-Druck \/ Farbe \/ Material \/ Sohlendicke \/ Obermaterial<\/td>\n<\/tr>\n<tr>\n<td>Verpacken:\u00a0<\/td>\n<td>Kundenspezifische Verpackung<\/td>\n<\/tr>\n<tr>\n<td>Muster\uff1a<\/td>\n<td>Kostenlose Blindmuster<\/td>\n<\/tr>\n<\/tbody>\n<\/table>","protected":false},"featured_media":1857,"comment_status":"closed","ping_status":"closed","template":"","meta":{"_acf_changed":false},"product_brand":[],"product_cat":[18],"product_tag":[25,28],"class_list":{"0":"post-1856","1":"product","2":"type-product","3":"status-publish","4":"has-post-thumbnail","6":"product_cat-wholesale-crocs-shoes","7":"product_tag-eva-slippers-wholesale","8":"product_tag-kids-slippers-wholesale","10":"first","11":"instock","12":"shipping-taxable","13":"product-type-simple"},"acf":[],"_links":{"self":[{"href":"https:\/\/www.mappershoe.com\/de\/wp-json\/wp\/v2\/product\/1856","targetHints":{"allow":["GET"]}}],"collection":[{"href":"https:\/\/www.mappershoe.com\/de\/wp-json\/wp\/v2\/product"}],"about":[{"href":"https:\/\/www.mappershoe.com\/de\/wp-json\/wp\/v2\/types\/product"}],"replies":[{"embeddable":true,"href":"https:\/\/www.mappershoe.com\/de\/wp-json\/wp\/v2\/comments?post=1856"}],"wp:featuredmedia":[{"embeddable":true,"href":"https:\/\/www.mappershoe.com\/de\/wp-json\/wp\/v2\/media\/1857"}],"wp:attachment":[{"href":"https:\/\/www.mappershoe.com\/de\/wp-json\/wp\/v2\/media?parent=1856"}],"wp:term":[{"taxonomy":"product_brand","embeddable":true,"href":"https:\/\/www.mappershoe.com\/de\/wp-json\/wp\/v2\/product_brand?post=1856"},{"taxonomy":"product_cat","embeddable":true,"href":"https:\/\/www.mappershoe.com\/de\/wp-json\/wp\/v2\/product_cat?post=1856"},{"taxonomy":"product_tag","embeddable":true,"href":"https:\/\/www.mappershoe.com\/de\/wp-json\/wp\/v2\/product_tag?post=1856"}],"curies":[{"name":"wp","href":"https:\/\/api.w.org\/{rel}","templated":true}]}}