{"id":1874,"date":"2025-09-23T03:32:38","date_gmt":"2025-09-23T03:32:38","guid":{"rendered":"https:\/\/www.mappershoe.com\/?post_type=product&#038;p=1874"},"modified":"2025-09-23T03:32:43","modified_gmt":"2025-09-23T03:32:43","slug":"slipper-uppers-wholesale","status":"publish","type":"product","link":"https:\/\/www.mappershoe.com\/de\/produkt\/slipper-uppers-wholesale\/","title":{"rendered":"Benutzerdefinierte gedruckt Pantoffel Oberteile Gro\u00dfhandel, PVC Oberteil Bulk"},"content":{"rendered":"<div class=\"wp-block-columns is-layout-flex wp-container-core-columns-is-layout-9d6595d7 wp-block-columns-is-layout-flex\">\n<div class=\"wp-block-column is-layout-flow wp-block-column-is-layout-flow\">\n<h3 class=\"wp-block-heading\">Premium Custom Printed Slipper Uppers Gro\u00dfhandel Merkmale:<\/h3>\n\n\n\n<p><strong>Verschiedene Optionen zur Anpassung:<\/strong> Mingyi bietet Siebdruck, Thermotransferdruck, Laserdruck, Pr\u00e4gung, Stickerei und andere Verfahren an, um den Bed\u00fcrfnissen der verschiedenen Markenstile der Slipeers gerecht zu werden.<\/p>\n\n\n\n<p><strong>Hochwertiges PVC-Material: <\/strong>Unsere benutzerdefinierten Pantoffeln im Gro\u00dfhandel sind flexibel, langlebig, wasserdicht und leicht zu reinigen. Sie eignen sich f\u00fcr die Produktion in gro\u00dfem Ma\u00dfstab und den langfristigen Einsatz.<\/p>\n\n\n\n<p><strong>Verschiedene Farben und Gr\u00f6\u00dfen: <\/strong>Die bedruckten Hausschuhe im Gro\u00dfhandel sind in mehreren Gr\u00f6\u00dfen und Farben erh\u00e4ltlich, die mit verschiedenen Sohlen kompatibel sind, um den Bed\u00fcrfnissen von Kinder-, Herren- und Damenschuhen gerecht zu werden.<\/p>\n\n\n\n<p><strong>Starke Kompatibilit\u00e4t:<\/strong> Die bedruckten Pantoffeloberteile im Gro\u00dfhandel sind mit einer Vielzahl von PVC\/EVA-Pantoffelsohlen kompatibel und eignen sich f\u00fcr Hausschuhe, Strandschuhe, Gartenschuhe und mehr.<\/p>\n\n\n\n<p><strong>Vorteile der Gro\u00dfhandelsanpassung:<\/strong> Unsere kundenspezifischen PVC-Schuhe unterst\u00fctzen OEM\/ODM-Massenanfertigungen mit geringen Mindestbestellmengen und eignen sich f\u00fcr Marken, Gro\u00dfh\u00e4ndler und Werksanpassungen.<\/p>\n<\/div>\n\n\n\n<div class=\"wp-block-column is-layout-flow wp-block-column-is-layout-flow\">\n<figure class=\"wp-block-image size-full\"><img decoding=\"async\" width=\"1200\" height=\"1200\" src=\"https:\/\/www.mappershoe.com\/wp-content\/uploads\/2025\/09\/custom-printed-slipper-uppers-wholesale-pvc-upper-bulk-2.webp\" alt=\"Individuell bedruckte Pantoffel-Laufschuhe-Gro\u00dfhandel-pvc-upper-bulk-2\" class=\"wp-image-1876\" srcset=\"https:\/\/www.mappershoe.com\/wp-content\/uploads\/2025\/09\/custom-printed-slipper-uppers-wholesale-pvc-upper-bulk-2.webp 1200w, https:\/\/www.mappershoe.com\/wp-content\/uploads\/2025\/09\/custom-printed-slipper-uppers-wholesale-pvc-upper-bulk-2-300x300.webp 300w, https:\/\/www.mappershoe.com\/wp-content\/uploads\/2025\/09\/custom-printed-slipper-uppers-wholesale-pvc-upper-bulk-2-150x150.webp 150w, https:\/\/www.mappershoe.com\/wp-content\/uploads\/2025\/09\/custom-printed-slipper-uppers-wholesale-pvc-upper-bulk-2-768x768.webp 768w, https:\/\/www.mappershoe.com\/wp-content\/uploads\/2025\/09\/custom-printed-slipper-uppers-wholesale-pvc-upper-bulk-2-12x12.webp 12w, https:\/\/www.mappershoe.com\/wp-content\/uploads\/2025\/09\/custom-printed-slipper-uppers-wholesale-pvc-upper-bulk-2-600x600.webp 600w, https:\/\/www.mappershoe.com\/wp-content\/uploads\/2025\/09\/custom-printed-slipper-uppers-wholesale-pvc-upper-bulk-2-100x100.webp 100w\" sizes=\"(max-width: 1200px) 100vw, 1200px\" \/><\/figure>\n<\/div>\n<\/div>\n\n\n\n<p><\/p>","protected":false},"excerpt":{"rendered":"<p>Willkommen zum Kauf unserer bedruckten PVC-Schuhoberteile im Gro\u00dfhandel mit individuellen Druckoptionen, einschlie\u00dflich Pr\u00e4gung, Laser und Stickerei. Diese strapazierf\u00e4higen PVC-Oberteile sind in verschiedenen Farben und Gr\u00f6\u00dfen erh\u00e4ltlich und wurden speziell f\u00fcr die Kombination mit EVA- oder PVC-Sohlen f\u00fcr eine Vielzahl von Pantoffelstilen entwickelt. Sie eignen sich hervorragend f\u00fcr Gro\u00dfbestellungen, OEM\/ODM-Projekte und Schuhhersteller, die auf der Suche nach hochwertigen und anpassbaren Hausschuhkomponenten sind.<\/p>\n<h2>Individuell bedruckte Pantoffeloberteile Gro\u00dfhandel Spezifikationen:<\/h2>\n<table width=\"448\">\n<tbody>\n<tr>\n<td width=\"168\">Hersteller:<\/td>\n<td width=\"280\">Mingyi<\/td>\n<\/tr>\n<tr>\n<td>Stil:<\/td>\n<td>Slipper Teile<\/td>\n<\/tr>\n<tr>\n<td>Modell:<\/td>\n<td>1002<\/td>\n<\/tr>\n<tr>\n<td>Material:\u00a0<\/td>\n<td>PVC<\/td>\n<\/tr>\n<tr>\n<td>Farbe:\u00a0<\/td>\n<td width=\"280\">Benutzerdefiniert<\/td>\n<\/tr>\n<tr>\n<td>Gr\u00f6\u00dfe:\u00a0<\/td>\n<td width=\"280\">Benutzerdefiniert<\/td>\n<\/tr>\n<tr>\n<td>Anpassungsoptionen:\u00a0<\/td>\n<td>Logo (Oberseite, Seite, Einlegesohle) \/ All-Over-Druck \/ Farbe \/ Material \/ Sohlendicke \/ Obermaterial<\/td>\n<\/tr>\n<tr>\n<td>Verpacken:\u00a0<\/td>\n<td>Kundenspezifische Verpackung<\/td>\n<\/tr>\n<tr>\n<td>Muster\uff1a<\/td>\n<td>Kostenlose Blindmuster<\/td>\n<\/tr>\n<\/tbody>\n<\/table>","protected":false},"featured_media":1875,"comment_status":"closed","ping_status":"closed","template":"","meta":{"_acf_changed":false},"product_brand":[],"product_cat":[16],"product_tag":[],"class_list":{"0":"post-1874","1":"product","2":"type-product","3":"status-publish","4":"has-post-thumbnail","6":"product_cat-wholesale-slipper-parts","8":"first","9":"instock","10":"shipping-taxable","11":"product-type-simple"},"acf":[],"_links":{"self":[{"href":"https:\/\/www.mappershoe.com\/de\/wp-json\/wp\/v2\/product\/1874","targetHints":{"allow":["GET"]}}],"collection":[{"href":"https:\/\/www.mappershoe.com\/de\/wp-json\/wp\/v2\/product"}],"about":[{"href":"https:\/\/www.mappershoe.com\/de\/wp-json\/wp\/v2\/types\/product"}],"replies":[{"embeddable":true,"href":"https:\/\/www.mappershoe.com\/de\/wp-json\/wp\/v2\/comments?post=1874"}],"wp:featuredmedia":[{"embeddable":true,"href":"https:\/\/www.mappershoe.com\/de\/wp-json\/wp\/v2\/media\/1875"}],"wp:attachment":[{"href":"https:\/\/www.mappershoe.com\/de\/wp-json\/wp\/v2\/media?parent=1874"}],"wp:term":[{"taxonomy":"product_brand","embeddable":true,"href":"https:\/\/www.mappershoe.com\/de\/wp-json\/wp\/v2\/product_brand?post=1874"},{"taxonomy":"product_cat","embeddable":true,"href":"https:\/\/www.mappershoe.com\/de\/wp-json\/wp\/v2\/product_cat?post=1874"},{"taxonomy":"product_tag","embeddable":true,"href":"https:\/\/www.mappershoe.com\/de\/wp-json\/wp\/v2\/product_tag?post=1874"}],"curies":[{"name":"wp","href":"https:\/\/api.w.org\/{rel}","templated":true}]}}