{"id":1881,"date":"2025-09-23T06:43:42","date_gmt":"2025-09-23T06:43:42","guid":{"rendered":"https:\/\/www.mappershoe.com\/?post_type=product&#038;p=1881"},"modified":"2025-09-23T06:43:46","modified_gmt":"2025-09-23T06:43:46","slug":"custom-croc-charms","status":"publish","type":"product","link":"https:\/\/www.mappershoe.com\/de\/produkt\/custom-croc-charms\/","title":{"rendered":"Benutzerdefinierte Croc Charms, 26 Buchstaben Gold Garten Schuhe Charme Bulk"},"content":{"rendered":"<div class=\"wp-block-columns is-layout-flex wp-container-core-columns-is-layout-9d6595d7 wp-block-columns-is-layout-flex\">\n<div class=\"wp-block-column is-layout-flow wp-block-column-is-layout-flow\">\n<h3 class=\"wp-block-heading\">Premium Custom Croc Charms Merkmale:<\/h3>\n\n\n\n<p><strong>Vollst\u00e4ndige Alphabet-Sammlung:<\/strong> Bei diesen individuellen Kroko-Anh\u00e4ngern k\u00f6nnen Sie aus 26 Buchstaben von A bis Z Ihren eigenen Namen, Ihre Marke oder Ihren Slogan kreieren.<\/p>\n\n\n\n<p><strong>Metallische Oberfl\u00e4che:<\/strong> Diese benutzerdefinierten Krokodil-Anh\u00e4nger sind aus hochwertigem Metall gefertigt. Dieser Charme ist robust und glatt mit Premium-Qualit\u00e4t.<\/p>\n\n\n\n<p><strong>Ausgefallenes diamantverkrustetes Design:<\/strong> Die simulierten Diamanten, die mit einer goldenen Oberfl\u00e4che kontrastiert werden, sehen stilvoll und sehr gl\u00e4nzend aus, was Ihren Clog-Gartenschuh insgesamt aufwertet.<\/p>\n\n\n\n<p><strong>Sichere Installation:<\/strong> Diese Schuhe Charme Masse speziell f\u00fcr EVA \/ Crocs Garten Schuhe, dieser Charme sicher passt und widersteht abfallen. Geeignet sowohl f\u00fcr Kinder und Erwachsene Schuhe.<\/p>\n\n\n\n<p><strong>Unterst\u00fctzung f\u00fcr Gro\u00dfhandel und Kundenanpassung: <\/strong>Wir bieten Gro\u00dfhandel, OEM\/ODM-Anpassung und Markenverpackungen, die sich perfekt f\u00fcr Einzelh\u00e4ndler, Distributoren und Geschenkprojekte eignen.<\/p>\n<\/div>\n\n\n\n<div class=\"wp-block-column is-layout-flow wp-block-column-is-layout-flow\">\n<figure class=\"wp-block-image size-full\"><img decoding=\"async\" width=\"1000\" height=\"1000\" src=\"https:\/\/www.mappershoe.com\/wp-content\/uploads\/2025\/09\/custom-croc-charms-26-letter-gold-garden-shoes-charm-bulk-4.webp\" alt=\"custom-croc-charms-26-letter-gold-garden-shoes-charm-bulk-4\" class=\"wp-image-1885\" srcset=\"https:\/\/www.mappershoe.com\/wp-content\/uploads\/2025\/09\/custom-croc-charms-26-letter-gold-garden-shoes-charm-bulk-4.webp 1000w, https:\/\/www.mappershoe.com\/wp-content\/uploads\/2025\/09\/custom-croc-charms-26-letter-gold-garden-shoes-charm-bulk-4-300x300.webp 300w, https:\/\/www.mappershoe.com\/wp-content\/uploads\/2025\/09\/custom-croc-charms-26-letter-gold-garden-shoes-charm-bulk-4-150x150.webp 150w, https:\/\/www.mappershoe.com\/wp-content\/uploads\/2025\/09\/custom-croc-charms-26-letter-gold-garden-shoes-charm-bulk-4-768x768.webp 768w, https:\/\/www.mappershoe.com\/wp-content\/uploads\/2025\/09\/custom-croc-charms-26-letter-gold-garden-shoes-charm-bulk-4-12x12.webp 12w, https:\/\/www.mappershoe.com\/wp-content\/uploads\/2025\/09\/custom-croc-charms-26-letter-gold-garden-shoes-charm-bulk-4-600x600.webp 600w, https:\/\/www.mappershoe.com\/wp-content\/uploads\/2025\/09\/custom-croc-charms-26-letter-gold-garden-shoes-charm-bulk-4-100x100.webp 100w\" sizes=\"(max-width: 1000px) 100vw, 1000px\" \/><\/figure>\n<\/div>\n<\/div>\n\n\n\n<p><\/p>","protected":false},"excerpt":{"rendered":"<p>Willkommen in unserem benutzerdefinierten Krokodil Charms kaufen. Mingyi Gro\u00dfhandel Metall 26 Buchstaben Gold Diamond Croc Charms f\u00fcr Gartenschuhe. Durable Metallkonstruktion mit funkelnden Diamant-Design, bietet stilvolle Personalisierung f\u00fcr EVA und Crocs Schuhe. Ideal f\u00fcr Gro\u00dfauftr\u00e4ge, Einzelhandelskollektionen, Branding-Projekte und OEM\/ODM-Anpassung.<\/p>\n<h2>Benutzerdefinierte Croc Charms Spezifikationen:<\/h2>\n<table width=\"419\">\n<tbody>\n<tr>\n<td width=\"115\">Hersteller:<\/td>\n<td width=\"304\">Mingyi<\/td>\n<\/tr>\n<tr>\n<td>Stil:<\/td>\n<td>Krokodil-Anh\u00e4nger<\/td>\n<\/tr>\n<tr>\n<td>Modell:<\/td>\n<td>1003<\/td>\n<\/tr>\n<tr>\n<td>Material:\u00a0<\/td>\n<td>Metall<\/td>\n<\/tr>\n<tr>\n<td>Farbe:\u00a0<\/td>\n<td width=\"304\">Benutzerdefiniert<\/td>\n<\/tr>\n<tr>\n<td>Gr\u00f6\u00dfe:\u00a0<\/td>\n<td width=\"304\">Benutzerdefiniert<\/td>\n<\/tr>\n<tr>\n<td>Anpassungsoptionen:\u00a0<\/td>\n<td>Benutzerdefinierte Charms<\/td>\n<\/tr>\n<tr>\n<td>Verpacken:\u00a0<\/td>\n<td>Kundenspezifische Verpackung<\/td>\n<\/tr>\n<tr>\n<td>Muster\uff1a<\/td>\n<td>Kostenlose Blindmuster<\/td>\n<\/tr>\n<\/tbody>\n<\/table>","protected":false},"featured_media":1882,"comment_status":"closed","ping_status":"closed","template":"","meta":{"_acf_changed":false},"product_brand":[],"product_cat":[29],"product_tag":[],"class_list":{"0":"post-1881","1":"product","2":"type-product","3":"status-publish","4":"has-post-thumbnail","6":"product_cat-wholesale-croc-charms","8":"first","9":"instock","10":"shipping-taxable","11":"product-type-simple"},"acf":[],"_links":{"self":[{"href":"https:\/\/www.mappershoe.com\/de\/wp-json\/wp\/v2\/product\/1881","targetHints":{"allow":["GET"]}}],"collection":[{"href":"https:\/\/www.mappershoe.com\/de\/wp-json\/wp\/v2\/product"}],"about":[{"href":"https:\/\/www.mappershoe.com\/de\/wp-json\/wp\/v2\/types\/product"}],"replies":[{"embeddable":true,"href":"https:\/\/www.mappershoe.com\/de\/wp-json\/wp\/v2\/comments?post=1881"}],"wp:featuredmedia":[{"embeddable":true,"href":"https:\/\/www.mappershoe.com\/de\/wp-json\/wp\/v2\/media\/1882"}],"wp:attachment":[{"href":"https:\/\/www.mappershoe.com\/de\/wp-json\/wp\/v2\/media?parent=1881"}],"wp:term":[{"taxonomy":"product_brand","embeddable":true,"href":"https:\/\/www.mappershoe.com\/de\/wp-json\/wp\/v2\/product_brand?post=1881"},{"taxonomy":"product_cat","embeddable":true,"href":"https:\/\/www.mappershoe.com\/de\/wp-json\/wp\/v2\/product_cat?post=1881"},{"taxonomy":"product_tag","embeddable":true,"href":"https:\/\/www.mappershoe.com\/de\/wp-json\/wp\/v2\/product_tag?post=1881"}],"curies":[{"name":"wp","href":"https:\/\/api.w.org\/{rel}","templated":true}]}}