{"id":1925,"date":"2025-10-15T06:51:22","date_gmt":"2025-10-15T06:51:22","guid":{"rendered":"https:\/\/www.mappershoe.com\/?post_type=product&#038;p=1925"},"modified":"2025-10-15T06:51:26","modified_gmt":"2025-10-15T06:51:26","slug":"croc-charms-bulk","status":"publish","type":"product","link":"https:\/\/www.mappershoe.com\/de\/produkt\/croc-charms-bulk\/","title":{"rendered":"Labubu Croc Charms Bulk, Individuelle Garten Sandalen Charms Zubeh\u00f6r"},"content":{"rendered":"<div class=\"wp-block-columns is-layout-flex wp-container-core-columns-is-layout-9d6595d7 wp-block-columns-is-layout-flex\">\n<div class=\"wp-block-column is-layout-flow wp-block-column-is-layout-flow\">\n<h3 class=\"wp-block-heading\">Premium Labubu Croc Charms Bulk Eigenschaften:<\/h3>\n\n\n\n<p><strong>Kreatives Labubu-Design:<\/strong> Die Kroko-Anh\u00e4nger sind mit einem unverwechselbaren Labubu-Cartoon-Design versehen, das den Stil unterstreicht und die Aufmerksamkeit der jungen Verbraucher und des trendigen Modemarktes auf sich zieht.<\/p>\n\n\n\n<p><strong>Strapazierf\u00e4higes Gummimaterial:<\/strong> Die Krokodilanh\u00e4nger bestehen aus hochelastischem, umweltfreundlichem Gummi, der sie flexibel, langlebig und widerstandsf\u00e4hig gegen Ausbleichen oder Brechen macht. Sie eignen sich f\u00fcr verschiedene Arten von Schuhen, einschlie\u00dflich EVA\/PVC-Gartenschuhe und Crocs.<\/p>\n\n\n\n<p><strong>Anpassbare Optionen:<\/strong> Die Krokodilanh\u00e4nger unterst\u00fctzen OEM\/ODM-Kundenanpassung, einschlie\u00dflich Farbe, Logo, Design und Verpackung, und erf\u00fcllen so die Anforderungen an Markenanpassung und Geschenkwerbung.<\/p>\n\n\n\n<p><strong>Einfache Installation und sicherer Sitz: <\/strong>Unsere benutzerdefinierten Garten Sandalen Charms verf\u00fcgen \u00fcber ein Snap-on-Design f\u00fcr eine einfache Installation und eine sichere Passform, so dass sie geeignet f\u00fcr Gro\u00dfhandel, Einzelhandel und Marken-kundenspezifische Schuh-Zubeh\u00f6r.<\/p>\n\n\n\n<p><strong>Bulk Gro\u00dfhandel Versorgung:<\/strong> Unsere benutzerdefinierten Garten Sandalen Charms bieten gro\u00dfe Mengen und niedrige MOQs, so dass sie f\u00fcr Gro\u00dfeink\u00e4ufe von grenz\u00fcberschreitenden Verk\u00e4ufern, E-Commerce-Plattformen, Schuhmarken und Geschenkfirmen geeignet sind.<\/p>\n<\/div>\n\n\n\n<div class=\"wp-block-column is-layout-flow wp-block-column-is-layout-flow\">\n<figure class=\"wp-block-image size-full\"><img decoding=\"async\" width=\"1000\" height=\"1000\" src=\"https:\/\/www.mappershoe.com\/wp-content\/uploads\/2025\/10\/labubu-croc-charms-bulk-custom-garden-sandals-charms-accessories-3.webp\" alt=\"labubu-croc-charms-bulk-ustom-garden-sandalen-charms-accessories-3\" class=\"wp-image-1928\" srcset=\"https:\/\/www.mappershoe.com\/wp-content\/uploads\/2025\/10\/labubu-croc-charms-bulk-custom-garden-sandals-charms-accessories-3.webp 1000w, https:\/\/www.mappershoe.com\/wp-content\/uploads\/2025\/10\/labubu-croc-charms-bulk-custom-garden-sandals-charms-accessories-3-300x300.webp 300w, https:\/\/www.mappershoe.com\/wp-content\/uploads\/2025\/10\/labubu-croc-charms-bulk-custom-garden-sandals-charms-accessories-3-150x150.webp 150w, https:\/\/www.mappershoe.com\/wp-content\/uploads\/2025\/10\/labubu-croc-charms-bulk-custom-garden-sandals-charms-accessories-3-768x768.webp 768w, https:\/\/www.mappershoe.com\/wp-content\/uploads\/2025\/10\/labubu-croc-charms-bulk-custom-garden-sandals-charms-accessories-3-12x12.webp 12w, https:\/\/www.mappershoe.com\/wp-content\/uploads\/2025\/10\/labubu-croc-charms-bulk-custom-garden-sandals-charms-accessories-3-600x600.webp 600w, https:\/\/www.mappershoe.com\/wp-content\/uploads\/2025\/10\/labubu-croc-charms-bulk-custom-garden-sandals-charms-accessories-3-100x100.webp 100w\" sizes=\"(max-width: 1000px) 100vw, 1000px\" \/><\/figure>\n<\/div>\n<\/div>\n\n\n\n<p><\/p>","protected":false},"excerpt":{"rendered":"<p>Willkommen zum Kauf der Labubu Krokodilanh\u00e4nger bulk sind aus strapazierf\u00e4higem Gummi und perfekt f\u00fcr benutzerdefinierte Garten Sandalen gemacht. Unterst\u00fctzung OEM\/ODM-Logo und Form Anpassung, ideal f\u00fcr Marken und Gro\u00dfh\u00e4ndler auf der Suche nach kreativen Schuhzubeh\u00f6r.<\/p>\n<h2>Labubu Croc Charms Bulk Spezifikationen:<\/h2>\n<table width=\"419\">\n<tbody>\n<tr>\n<td width=\"115\">Hersteller:<\/td>\n<td width=\"304\">Mingyi<\/td>\n<\/tr>\n<tr>\n<td>Stil:<\/td>\n<td>Krokodil-Anh\u00e4nger<\/td>\n<\/tr>\n<tr>\n<td>Modell:<\/td>\n<td>1004<\/td>\n<\/tr>\n<tr>\n<td>Material:\u00a0<\/td>\n<td>Gummi<\/td>\n<\/tr>\n<tr>\n<td>Farbe:\u00a0<\/td>\n<td width=\"304\">Benutzerdefiniert<\/td>\n<\/tr>\n<tr>\n<td>Gr\u00f6\u00dfe:\u00a0<\/td>\n<td width=\"304\">Benutzerdefiniert<\/td>\n<\/tr>\n<tr>\n<td>Anpassungsoptionen:\u00a0<\/td>\n<td>benutzerdefinierte Charms<\/td>\n<\/tr>\n<tr>\n<td>Verpacken:\u00a0<\/td>\n<td>Kundenspezifische Verpackung<\/td>\n<\/tr>\n<tr>\n<td>Muster\uff1a<\/td>\n<td>Kostenlose Blindmuster<\/td>\n<\/tr>\n<\/tbody>\n<\/table>","protected":false},"featured_media":1926,"comment_status":"closed","ping_status":"closed","template":"","meta":{"_acf_changed":false},"product_brand":[],"product_cat":[29],"product_tag":[],"class_list":{"0":"post-1925","1":"product","2":"type-product","3":"status-publish","4":"has-post-thumbnail","6":"product_cat-wholesale-croc-charms","8":"first","9":"instock","10":"shipping-taxable","11":"product-type-simple"},"acf":[],"_links":{"self":[{"href":"https:\/\/www.mappershoe.com\/de\/wp-json\/wp\/v2\/product\/1925","targetHints":{"allow":["GET"]}}],"collection":[{"href":"https:\/\/www.mappershoe.com\/de\/wp-json\/wp\/v2\/product"}],"about":[{"href":"https:\/\/www.mappershoe.com\/de\/wp-json\/wp\/v2\/types\/product"}],"replies":[{"embeddable":true,"href":"https:\/\/www.mappershoe.com\/de\/wp-json\/wp\/v2\/comments?post=1925"}],"wp:featuredmedia":[{"embeddable":true,"href":"https:\/\/www.mappershoe.com\/de\/wp-json\/wp\/v2\/media\/1926"}],"wp:attachment":[{"href":"https:\/\/www.mappershoe.com\/de\/wp-json\/wp\/v2\/media?parent=1925"}],"wp:term":[{"taxonomy":"product_brand","embeddable":true,"href":"https:\/\/www.mappershoe.com\/de\/wp-json\/wp\/v2\/product_brand?post=1925"},{"taxonomy":"product_cat","embeddable":true,"href":"https:\/\/www.mappershoe.com\/de\/wp-json\/wp\/v2\/product_cat?post=1925"},{"taxonomy":"product_tag","embeddable":true,"href":"https:\/\/www.mappershoe.com\/de\/wp-json\/wp\/v2\/product_tag?post=1925"}],"curies":[{"name":"wp","href":"https:\/\/api.w.org\/{rel}","templated":true}]}}