{"id":1932,"date":"2025-10-15T07:39:14","date_gmt":"2025-10-15T07:39:14","guid":{"rendered":"https:\/\/www.mappershoe.com\/?post_type=product&#038;p=1932"},"modified":"2025-10-15T07:39:19","modified_gmt":"2025-10-15T07:39:19","slug":"crocs-charms-bulk","status":"publish","type":"product","link":"https:\/\/www.mappershoe.com\/de\/produkt\/crocs-charms-bulk\/","title":{"rendered":"Crocs Charms Bulk, benutzerdefinierte Schuh Charms Sneaker-inspirierte Stile"},"content":{"rendered":"<div class=\"wp-block-columns is-layout-flex wp-container-core-columns-is-layout-9d6595d7 wp-block-columns-is-layout-flex\">\n<div class=\"wp-block-column is-layout-flow wp-block-column-is-layout-flow\">\n<h3 class=\"wp-block-heading\">Premium Crocs Charms Bulk Eigenschaften:<\/h3>\n\n\n\n<p><strong>Innovative, von Sneakern inspirierte Looks:<\/strong> Die Crocs Charms Bulk sind von sehr beliebten Turnschuhen von Nike, Adidas und anderen \u00e4hnlichen Marken inspiriert und verleihen den Crocs ein trendiges und individuelles Aussehen.<\/p>\n\n\n\n<p><strong>Weiches Material par excellence:<\/strong> Der Crocs Charms Bulk besteht aus hochwertigem Weichgummi, der wasserdicht, leicht, geruchsneutral und langlebig genug f\u00fcr den wiederholten Gebrauch ist.<\/p>\n\n\n\n<p><strong>Ideale Passform f\u00fcr Crocs und Jibbitz L\u00f6cher:<\/strong> Diese Crocs Charms Bulk sind speziell dimensioniert und voll kompatibel mit Croc Schuh L\u00f6cher f\u00fcr eine bequeme Passform.<\/p>\n\n\n\n<p><strong>Option \"Massenanpassung\":<\/strong> Die gro\u00dfen Anh\u00e4nger von Crocs bieten die M\u00f6glichkeit der individuellen Gestaltung, wie z. B. Logodruck, Farb\u00e4nderung und personalisierte Designs. Sie sind ideal f\u00fcr Branding, Geschenkartikel oder f\u00fcr den Einzelhandel.<\/p>\n\n\n\n<p><strong>Trendiges Zubeh\u00f6r f\u00fcr alle Altersgruppen:<\/strong> Die individuellen Crocs-Anh\u00e4nger sind sowohl f\u00fcr M\u00e4nner als auch f\u00fcr Frauen, f\u00fcr Jung und Alt geeignet, erm\u00f6glichen eine einfache Personalisierung und sind bei Liebhabern der Trendmarke und Verk\u00e4ufern von Schuhzubeh\u00f6r sehr beliebt.<\/p>\n<\/div>\n\n\n\n<div class=\"wp-block-column is-layout-flow wp-block-column-is-layout-flow\">\n<figure class=\"wp-block-image size-full\"><img decoding=\"async\" width=\"1000\" height=\"1000\" src=\"https:\/\/www.mappershoe.com\/wp-content\/uploads\/2025\/10\/crocs-charms-bulk-custom-shoe-charms-sneaker-inspired-style-2.webp\" alt=\"crocs-charms-bulk-individuelle-schuh-charms-sneaker-inspired-style-2\" class=\"wp-image-1934\" srcset=\"https:\/\/www.mappershoe.com\/wp-content\/uploads\/2025\/10\/crocs-charms-bulk-custom-shoe-charms-sneaker-inspired-style-2.webp 1000w, https:\/\/www.mappershoe.com\/wp-content\/uploads\/2025\/10\/crocs-charms-bulk-custom-shoe-charms-sneaker-inspired-style-2-300x300.webp 300w, https:\/\/www.mappershoe.com\/wp-content\/uploads\/2025\/10\/crocs-charms-bulk-custom-shoe-charms-sneaker-inspired-style-2-150x150.webp 150w, https:\/\/www.mappershoe.com\/wp-content\/uploads\/2025\/10\/crocs-charms-bulk-custom-shoe-charms-sneaker-inspired-style-2-768x768.webp 768w, https:\/\/www.mappershoe.com\/wp-content\/uploads\/2025\/10\/crocs-charms-bulk-custom-shoe-charms-sneaker-inspired-style-2-12x12.webp 12w, https:\/\/www.mappershoe.com\/wp-content\/uploads\/2025\/10\/crocs-charms-bulk-custom-shoe-charms-sneaker-inspired-style-2-600x600.webp 600w, https:\/\/www.mappershoe.com\/wp-content\/uploads\/2025\/10\/crocs-charms-bulk-custom-shoe-charms-sneaker-inspired-style-2-100x100.webp 100w\" sizes=\"(max-width: 1000px) 100vw, 1000px\" \/><\/figure>\n<\/div>\n<\/div>\n\n\n\n<p><\/p>","protected":false},"excerpt":{"rendered":"<p>Wir laden Sie ein, diese individuellen Crocs-Anh\u00e4nger in gro\u00dfen Mengen als trendige, mit Crocs kompatible Gummischuh-Anh\u00e4nger zu kaufen, die sich ideal f\u00fcr Marken, Geschenkartikel oder den Einzelhandel eignen. Sie sind vollst\u00e4ndig kompatibel mit Crocs Jibbitz und bieten robustes, wasserdichtes Material und unbegrenzte Personalisierungsm\u00f6glichkeiten.<\/p>\n<h2>Crocs Charms Bulk Spezifikationen:<\/h2>\n<table width=\"419\">\n<tbody>\n<tr>\n<td width=\"115\">Hersteller:<\/td>\n<td width=\"304\">Mingyi<\/td>\n<\/tr>\n<tr>\n<td>Stil:<\/td>\n<td>Krokodil-Anh\u00e4nger<\/td>\n<\/tr>\n<tr>\n<td>Modell:<\/td>\n<td>1005<\/td>\n<\/tr>\n<tr>\n<td>Material:\u00a0<\/td>\n<td>Gummi<\/td>\n<\/tr>\n<tr>\n<td>Farbe:\u00a0<\/td>\n<td width=\"304\">Benutzerdefiniert<\/td>\n<\/tr>\n<tr>\n<td>Gr\u00f6\u00dfe:\u00a0<\/td>\n<td width=\"304\">Benutzerdefiniert<\/td>\n<\/tr>\n<tr>\n<td>Anpassungsoptionen:\u00a0<\/td>\n<td>Benutzerdefinierte Charms<\/td>\n<\/tr>\n<tr>\n<td>Verpacken:\u00a0<\/td>\n<td>Kundenspezifische Verpackung<\/td>\n<\/tr>\n<tr>\n<td>Muster\uff1a<\/td>\n<td>Kostenlose Blindmuster<\/td>\n<\/tr>\n<\/tbody>\n<\/table>","protected":false},"featured_media":1933,"comment_status":"closed","ping_status":"closed","template":"","meta":{"_acf_changed":false},"product_brand":[],"product_cat":[29],"product_tag":[],"class_list":{"0":"post-1932","1":"product","2":"type-product","3":"status-publish","4":"has-post-thumbnail","6":"product_cat-wholesale-croc-charms","8":"first","9":"instock","10":"shipping-taxable","11":"product-type-simple"},"acf":[],"_links":{"self":[{"href":"https:\/\/www.mappershoe.com\/de\/wp-json\/wp\/v2\/product\/1932","targetHints":{"allow":["GET"]}}],"collection":[{"href":"https:\/\/www.mappershoe.com\/de\/wp-json\/wp\/v2\/product"}],"about":[{"href":"https:\/\/www.mappershoe.com\/de\/wp-json\/wp\/v2\/types\/product"}],"replies":[{"embeddable":true,"href":"https:\/\/www.mappershoe.com\/de\/wp-json\/wp\/v2\/comments?post=1932"}],"wp:featuredmedia":[{"embeddable":true,"href":"https:\/\/www.mappershoe.com\/de\/wp-json\/wp\/v2\/media\/1933"}],"wp:attachment":[{"href":"https:\/\/www.mappershoe.com\/de\/wp-json\/wp\/v2\/media?parent=1932"}],"wp:term":[{"taxonomy":"product_brand","embeddable":true,"href":"https:\/\/www.mappershoe.com\/de\/wp-json\/wp\/v2\/product_brand?post=1932"},{"taxonomy":"product_cat","embeddable":true,"href":"https:\/\/www.mappershoe.com\/de\/wp-json\/wp\/v2\/product_cat?post=1932"},{"taxonomy":"product_tag","embeddable":true,"href":"https:\/\/www.mappershoe.com\/de\/wp-json\/wp\/v2\/product_tag?post=1932"}],"curies":[{"name":"wp","href":"https:\/\/api.w.org\/{rel}","templated":true}]}}