{"id":1938,"date":"2025-10-15T08:18:05","date_gmt":"2025-10-15T08:18:05","guid":{"rendered":"https:\/\/www.mappershoe.com\/?post_type=product&#038;p=1938"},"modified":"2025-10-27T06:43:47","modified_gmt":"2025-10-27T06:43:47","slug":"custom-croc-shoe-charms","status":"publish","type":"product","link":"https:\/\/www.mappershoe.com\/de\/produkt\/custom-croc-shoe-charms\/","title":{"rendered":"Benutzerdefinierte Croc Schuh Charms, Mini Hai Clogs Charms Gro\u00dfhandel"},"content":{"rendered":"<div class=\"wp-block-columns is-layout-flex wp-container-core-columns-is-layout-9d6595d7 wp-block-columns-is-layout-flex\">\n<div class=\"wp-block-column is-layout-flow wp-block-column-is-layout-flow\">\n<h3 class=\"wp-block-heading\">Premium Custom Croc Shoe Charms Merkmale:<\/h3>\n\n\n\n<p><strong>Anpassungsf\u00e4higkeit:<\/strong> Unsere Gro\u00dfhandel Garten Clogs und Charms k\u00f6nnen Farben, Logos und Designs nach (Marke \/ Kunde) Anforderungen angepasst werden, um benutzerdefinierte Schuh Charme Sammlungen und, wichtig, Markenbekanntheit zu entwickeln.<\/p>\n\n\n\n<p><strong>Gummi Materialien: <\/strong>Die ma\u00dfgeschneiderten Kroko-Schuhanh\u00e4nger von Mingyi sind aus sicherem, ungiftigem und umweltfreundlichem PVC\/TPR-Material hergestellt. Sie sind weich, langlebig und verformungsbest\u00e4ndig. Sie sind auch wasserdicht und widerstandsf\u00e4hig zu verblassen, so dass Sie sie in verschiedenen Anwendungen verwenden k\u00f6nnen.<\/p>\n\n\n\n<p><strong>Einfache Anbringung und sicherer Sitz: <\/strong>Die Kn\u00f6pfe auf der R\u00fcckseite unserer individuellen Kroko-Schuhanh\u00e4nger passen auf g\u00e4ngige Clogs wie Crocs, EVA-Gartenschuhe und Strandschuhe und lassen sich leicht anbringen und sitzen sicher.<\/p>\n\n\n\n<p><strong>Trendiges Mini-Hai-Design: <\/strong>Unsere individuellen Kroko-Schuhanh\u00e4nger kommen in einem modischen und niedlichen Cartoon-Hai-Design, das von Kindern, Jugendlichen und modischen Menschen geliebt wird und den Schuhen Spa\u00df und Besonderheit verleiht.<\/p>\n\n\n\n<p><strong>Gro\u00dfhandel und OEM\/ODM-Dienste verf\u00fcgbar: <\/strong>Der Garten Clogs und Charms Gro\u00dfhandel bietet Gro\u00dfhandel und kundenspezifische Produktion Dienstleistungen, begr\u00fc\u00dft kleine Probeauftr\u00e4ge, und hat eine schnelle Lieferung, die alle mit Marken-Verpackung.<\/p>\n<\/div>\n\n\n\n<div class=\"wp-block-column is-layout-flow wp-block-column-is-layout-flow\">\n<figure class=\"wp-block-image size-full\"><img decoding=\"async\" width=\"1280\" height=\"1280\" src=\"https:\/\/www.mappershoe.com\/wp-content\/uploads\/2025\/10\/custom-croc-shoe-charms-shark-garden-clogs-charms-wholesale-2.webp\" alt=\"custom-croc-schuh-armb\u00e4nder-hai-garten-clogs-armb\u00e4nder-gro\u00dfhandel-2\" class=\"wp-image-1941\" srcset=\"https:\/\/www.mappershoe.com\/wp-content\/uploads\/2025\/10\/custom-croc-shoe-charms-shark-garden-clogs-charms-wholesale-2.webp 1280w, https:\/\/www.mappershoe.com\/wp-content\/uploads\/2025\/10\/custom-croc-shoe-charms-shark-garden-clogs-charms-wholesale-2-300x300.webp 300w, https:\/\/www.mappershoe.com\/wp-content\/uploads\/2025\/10\/custom-croc-shoe-charms-shark-garden-clogs-charms-wholesale-2-150x150.webp 150w, https:\/\/www.mappershoe.com\/wp-content\/uploads\/2025\/10\/custom-croc-shoe-charms-shark-garden-clogs-charms-wholesale-2-768x768.webp 768w, https:\/\/www.mappershoe.com\/wp-content\/uploads\/2025\/10\/custom-croc-shoe-charms-shark-garden-clogs-charms-wholesale-2-12x12.webp 12w, https:\/\/www.mappershoe.com\/wp-content\/uploads\/2025\/10\/custom-croc-shoe-charms-shark-garden-clogs-charms-wholesale-2-1200x1200.webp 1200w, https:\/\/www.mappershoe.com\/wp-content\/uploads\/2025\/10\/custom-croc-shoe-charms-shark-garden-clogs-charms-wholesale-2-600x600.webp 600w, https:\/\/www.mappershoe.com\/wp-content\/uploads\/2025\/10\/custom-croc-shoe-charms-shark-garden-clogs-charms-wholesale-2-100x100.webp 100w\" sizes=\"(max-width: 1280px) 100vw, 1280px\" \/><\/figure>\n<\/div>\n<\/div>\n\n\n\n<p><\/p>","protected":false},"excerpt":{"rendered":"<p>Willkommen bei Mingyi's benutzerdefinierte Croc Schuh Reize zu kaufen. Der Garten Clogs Charms Gro\u00dfhandel bieten kreative und liebenswerte Haifisch-f\u00f6rmigen Schuh Reize aus hochwertigem Weichgummi, kompatibel mit Crocs Clogs. Wir unterst\u00fctzen sowohl Markenanpassung und Gro\u00dfhandel. Dies ist ideal f\u00fcr Schuhmarken, E-Commerce-Verk\u00e4ufer und Geschenk-Verk\u00e4ufer, die personalisierte benutzerdefinierte Charms f\u00fcr Crocs suchen.<\/p>\n<h2>Benutzerdefinierte Croc Schuh Charms Spezifikationen:<\/h2>\n<table width=\"419\">\n<tbody>\n<tr>\n<td width=\"115\">Hersteller:<\/td>\n<td width=\"304\">Mingyi<\/td>\n<\/tr>\n<tr>\n<td>Stil:<\/td>\n<td>Krokodil-Anh\u00e4nger<\/td>\n<\/tr>\n<tr>\n<td>Modell:<\/td>\n<td>1006<\/td>\n<\/tr>\n<tr>\n<td>Material:\u00a0<\/td>\n<td>Gummi<\/td>\n<\/tr>\n<tr>\n<td>Farbe:\u00a0<\/td>\n<td width=\"304\">Benutzerdefiniert<\/td>\n<\/tr>\n<tr>\n<td>Gr\u00f6\u00dfe:\u00a0<\/td>\n<td width=\"304\">Benutzerdefiniert<\/td>\n<\/tr>\n<tr>\n<td>Anpassungsoptionen:\u00a0<\/td>\n<td>Benutzerdefinierte Charms<\/td>\n<\/tr>\n<tr>\n<td>Verpacken:\u00a0<\/td>\n<td>Kundenspezifische Verpackung<\/td>\n<\/tr>\n<tr>\n<td>Muster\uff1a<\/td>\n<td>Kostenlose Blanko-Muster<\/td>\n<\/tr>\n<\/tbody>\n<\/table>","protected":false},"featured_media":1940,"comment_status":"closed","ping_status":"closed","template":"","meta":{"_acf_changed":false},"product_brand":[],"product_cat":[29],"product_tag":[],"class_list":{"0":"post-1938","1":"product","2":"type-product","3":"status-publish","4":"has-post-thumbnail","6":"product_cat-wholesale-croc-charms","8":"first","9":"instock","10":"shipping-taxable","11":"product-type-simple"},"acf":[],"_links":{"self":[{"href":"https:\/\/www.mappershoe.com\/de\/wp-json\/wp\/v2\/product\/1938","targetHints":{"allow":["GET"]}}],"collection":[{"href":"https:\/\/www.mappershoe.com\/de\/wp-json\/wp\/v2\/product"}],"about":[{"href":"https:\/\/www.mappershoe.com\/de\/wp-json\/wp\/v2\/types\/product"}],"replies":[{"embeddable":true,"href":"https:\/\/www.mappershoe.com\/de\/wp-json\/wp\/v2\/comments?post=1938"}],"wp:featuredmedia":[{"embeddable":true,"href":"https:\/\/www.mappershoe.com\/de\/wp-json\/wp\/v2\/media\/1940"}],"wp:attachment":[{"href":"https:\/\/www.mappershoe.com\/de\/wp-json\/wp\/v2\/media?parent=1938"}],"wp:term":[{"taxonomy":"product_brand","embeddable":true,"href":"https:\/\/www.mappershoe.com\/de\/wp-json\/wp\/v2\/product_brand?post=1938"},{"taxonomy":"product_cat","embeddable":true,"href":"https:\/\/www.mappershoe.com\/de\/wp-json\/wp\/v2\/product_cat?post=1938"},{"taxonomy":"product_tag","embeddable":true,"href":"https:\/\/www.mappershoe.com\/de\/wp-json\/wp\/v2\/product_tag?post=1938"}],"curies":[{"name":"wp","href":"https:\/\/api.w.org\/{rel}","templated":true}]}}