{"id":1946,"date":"2025-10-15T09:06:42","date_gmt":"2025-10-15T09:06:42","guid":{"rendered":"https:\/\/www.mappershoe.com\/?post_type=product&#038;p=1946"},"modified":"2025-10-15T09:08:22","modified_gmt":"2025-10-15T09:08:22","slug":"customized-croc-charms","status":"publish","type":"product","link":"https:\/\/www.mappershoe.com\/de\/produkt\/customized-croc-charms\/","title":{"rendered":"Nachtleuchtende kundenspezifische Croc Charms, Gummischuh Charms Gro\u00dfhandel"},"content":{"rendered":"<div class=\"wp-block-columns is-layout-flex wp-container-core-columns-is-layout-9d6595d7 wp-block-columns-is-layout-flex\">\n<div class=\"wp-block-column is-layout-flow wp-block-column-is-layout-flow\">\n<h3 class=\"wp-block-heading\">Premium Customized Croc Charms Merkmale:<\/h3>\n\n\n\n<p><strong>Nachtleuchtendes Design:<\/strong> Diese individuellen Kroko-Anh\u00e4nger bestehen aus nachtleuchtendem Material, das tags\u00fcber Licht reflektiert und nachts leuchtet und Ihren Schuhen ein festliches Aussehen verleiht.<\/p>\n\n\n\n<p><strong>Thema Weihnachten:<\/strong> Das nachtleuchtende Material dieser nachtleuchtenden Krokoanh\u00e4nger ist in verschiedenen festlichen Motiven wie Weihnachtsmann, Schneeflocken, Rentieren und Weihnachtsb\u00e4umen erh\u00e4ltlich, um Ihren Schuhen ein weihnachtliches Aussehen zu verleihen.<\/p>\n\n\n\n<p><strong>Hochwertiges Gummimaterial:<\/strong> Unsere ma\u00dfgeschneiderten Kroko-Anh\u00e4nger sind elastisch, verschlei\u00dffest, wasserdicht und kratzfest und eignen sich daher sehr gut f\u00fcr Crocs, Crocs, Sandalen, usw.<\/p>\n\n\n\n<p><strong>Personalisierte Logos und Designs:<\/strong> Unsere OEM\/ODM-Anpassung unterst\u00fctzt Gummischuhanh\u00e4nger Gro\u00dfhandel erm\u00f6glicht es Ihnen, Ihr eigenes Logo oder einzigartige Designs auf der Grundlage Ihrer pers\u00f6nlichen Anforderungen zu machen.<\/p>\n\n\n\n<p><strong>Gro\u00dfhandel verf\u00fcgbar: <\/strong>Unsere Gummischuhanh\u00e4nger im Gro\u00dfhandel eignen sich f\u00fcr Weihnachtsaktionen, Geschenkartikel und Gro\u00dfeink\u00e4ufe f\u00fcr Schuhzubeh\u00f6r-Gro\u00dfh\u00e4ndler und Einzelh\u00e4ndler.<\/p>\n<\/div>\n\n\n\n<div class=\"wp-block-column is-layout-flow wp-block-column-is-layout-flow\">\n<figure class=\"wp-block-image size-full\"><img decoding=\"async\" width=\"1500\" height=\"1500\" src=\"https:\/\/www.mappershoe.com\/wp-content\/uploads\/2025\/10\/noctilucent-christmas-customized-croc-charms-rubber-shoe-charms-wholesale-5.webp\" alt=\"nachtleuchtende-weihnachten-individuelle-krokodil-armb\u00e4nder-gummi-schuh-armb\u00e4nder-gro\u00dfhandel-5\" class=\"wp-image-1951\" srcset=\"https:\/\/www.mappershoe.com\/wp-content\/uploads\/2025\/10\/noctilucent-christmas-customized-croc-charms-rubber-shoe-charms-wholesale-5.webp 1500w, https:\/\/www.mappershoe.com\/wp-content\/uploads\/2025\/10\/noctilucent-christmas-customized-croc-charms-rubber-shoe-charms-wholesale-5-300x300.webp 300w, https:\/\/www.mappershoe.com\/wp-content\/uploads\/2025\/10\/noctilucent-christmas-customized-croc-charms-rubber-shoe-charms-wholesale-5-150x150.webp 150w, https:\/\/www.mappershoe.com\/wp-content\/uploads\/2025\/10\/noctilucent-christmas-customized-croc-charms-rubber-shoe-charms-wholesale-5-768x768.webp 768w, https:\/\/www.mappershoe.com\/wp-content\/uploads\/2025\/10\/noctilucent-christmas-customized-croc-charms-rubber-shoe-charms-wholesale-5-12x12.webp 12w, https:\/\/www.mappershoe.com\/wp-content\/uploads\/2025\/10\/noctilucent-christmas-customized-croc-charms-rubber-shoe-charms-wholesale-5-1200x1200.webp 1200w, https:\/\/www.mappershoe.com\/wp-content\/uploads\/2025\/10\/noctilucent-christmas-customized-croc-charms-rubber-shoe-charms-wholesale-5-600x600.webp 600w, https:\/\/www.mappershoe.com\/wp-content\/uploads\/2025\/10\/noctilucent-christmas-customized-croc-charms-rubber-shoe-charms-wholesale-5-100x100.webp 100w\" sizes=\"(max-width: 1500px) 100vw, 1500px\" \/><\/figure>\n<\/div>\n<\/div>\n\n\n\n<p><\/p>","protected":false},"excerpt":{"rendered":"<p>Willkommen im Gro\u00dfhandel mit Gummischuh-Anh\u00e4ngern. Verleihen Sie Ihren Crocs mit nachtleuchtenden, weihnachtlichen Croc-Anh\u00e4ngern einen festlichen Glanz. Mit Santa, Rentier, und Weihnachtsbaum-Designs, sind diese dauerhaften Glow-in-the-dark Charms perfekt f\u00fcr Crocs und Sandalen. Ideal f\u00fcr Weihnachtsgeschenke im Gro\u00dfhandel und f\u00fcr OEM-Bestellungen von individuellen Schuhanh\u00e4ngern.<\/p>\n<h2>Kundenspezifische Kroko-Anh\u00e4nger Spezifikationen:<\/h2>\n<table width=\"419\">\n<tbody>\n<tr>\n<td width=\"115\">Hersteller:<\/td>\n<td width=\"304\">Mingyi<\/td>\n<\/tr>\n<tr>\n<td>Stil:<\/td>\n<td>Krokodil-Anh\u00e4nger<\/td>\n<\/tr>\n<tr>\n<td>Modell:<\/td>\n<td>1007<\/td>\n<\/tr>\n<tr>\n<td>Material:\u00a0<\/td>\n<td>Gummi<\/td>\n<\/tr>\n<tr>\n<td>Farbe:\u00a0<\/td>\n<td width=\"304\">Benutzerdefiniert<\/td>\n<\/tr>\n<tr>\n<td>Gr\u00f6\u00dfe:\u00a0<\/td>\n<td width=\"304\">Benutzerdefiniert<\/td>\n<\/tr>\n<tr>\n<td>Anpassungsoptionen:\u00a0<\/td>\n<td>Benutzerdefinierte Charms<\/td>\n<\/tr>\n<tr>\n<td>Verpacken:\u00a0<\/td>\n<td>Kundenspezifische Verpackung<\/td>\n<\/tr>\n<tr>\n<td>Muster\uff1a<\/td>\n<td>Kostenlose Blanko-Muster<\/td>\n<\/tr>\n<\/tbody>\n<\/table>","protected":false},"featured_media":1948,"comment_status":"closed","ping_status":"closed","template":"","meta":{"_acf_changed":false},"product_brand":[],"product_cat":[29],"product_tag":[],"class_list":{"0":"post-1946","1":"product","2":"type-product","3":"status-publish","4":"has-post-thumbnail","6":"product_cat-wholesale-croc-charms","8":"first","9":"instock","10":"shipping-taxable","11":"product-type-simple"},"acf":[],"_links":{"self":[{"href":"https:\/\/www.mappershoe.com\/de\/wp-json\/wp\/v2\/product\/1946","targetHints":{"allow":["GET"]}}],"collection":[{"href":"https:\/\/www.mappershoe.com\/de\/wp-json\/wp\/v2\/product"}],"about":[{"href":"https:\/\/www.mappershoe.com\/de\/wp-json\/wp\/v2\/types\/product"}],"replies":[{"embeddable":true,"href":"https:\/\/www.mappershoe.com\/de\/wp-json\/wp\/v2\/comments?post=1946"}],"wp:featuredmedia":[{"embeddable":true,"href":"https:\/\/www.mappershoe.com\/de\/wp-json\/wp\/v2\/media\/1948"}],"wp:attachment":[{"href":"https:\/\/www.mappershoe.com\/de\/wp-json\/wp\/v2\/media?parent=1946"}],"wp:term":[{"taxonomy":"product_brand","embeddable":true,"href":"https:\/\/www.mappershoe.com\/de\/wp-json\/wp\/v2\/product_brand?post=1946"},{"taxonomy":"product_cat","embeddable":true,"href":"https:\/\/www.mappershoe.com\/de\/wp-json\/wp\/v2\/product_cat?post=1946"},{"taxonomy":"product_tag","embeddable":true,"href":"https:\/\/www.mappershoe.com\/de\/wp-json\/wp\/v2\/product_tag?post=1946"}],"curies":[{"name":"wp","href":"https:\/\/api.w.org\/{rel}","templated":true}]}}