{"id":1952,"date":"2025-10-15T09:24:32","date_gmt":"2025-10-15T09:24:32","guid":{"rendered":"https:\/\/www.mappershoe.com\/?post_type=product&#038;p=1952"},"modified":"2025-10-15T09:24:36","modified_gmt":"2025-10-15T09:24:36","slug":"bulk-croc-charms","status":"publish","type":"product","link":"https:\/\/www.mappershoe.com\/de\/produkt\/bulk-croc-charms\/","title":{"rendered":"Classic Bulk Croc Charms, Snoopy Cartoon Schuh Charms Versorgung"},"content":{"rendered":"<div class=\"wp-block-columns is-layout-flex wp-container-core-columns-is-layout-9d6595d7 wp-block-columns-is-layout-flex\">\n<div class=\"wp-block-column is-layout-flow wp-block-column-is-layout-flow\">\n<h3 class=\"wp-block-heading\">Premium Snoopy Bulk Croc Charms Merkmale:<\/h3>\n\n\n\n<p><strong>Hochwertiges Gummimaterial:<\/strong> Diese gro\u00dfen Kroko-Anh\u00e4nger sind aus hochwertigem Weichgummi gefertigt, der verschlei\u00dffest, wasserabweisend und ausbleichungsbest\u00e4ndig ist, was sie f\u00fcr den langfristigen Gebrauch geeignet macht.<\/p>\n\n\n\n<p><strong>Klassisches Snoopy-Cartoon-Design:<\/strong> Diese werkseitig gelieferten Kroko-Anh\u00e4nger mit dem klassischen und liebenswerten Snoopy-Cartoon-Motiv sind bei Kindern und jungen Kunden sehr beliebt und verleihen jedem Schuh eine pers\u00f6nliche und verspielte Note.<\/p>\n\n\n\n<p><strong>Leicht anzubringen und zu entfernen: <\/strong>Diese Gro\u00dfhandel Snoopy Cartoon Schuh Charms verf\u00fcgen \u00fcber eine universelle Schnalle Design auf der R\u00fcckseite f\u00fcr die einfache Befestigung an Crocs Schuhe, mit einem sicheren Sitz.<\/p>\n\n\n\n<p><strong>Bulk Gro\u00dfhandel Versorgung: <\/strong>Diese Kroko-Anh\u00e4nger in gro\u00dfen Mengen k\u00f6nnen sowohl in gro\u00dfen Mengen gekauft als auch individuell angepasst werden, um den unterschiedlichen Bed\u00fcrfnissen von Schuhmarken, Geschenkgro\u00dfh\u00e4ndlern und Einzelh\u00e4ndlern gerecht zu werden.<\/p>\n\n\n\n<p><strong>Anpassbare Designs werden angeboten:<\/strong> Diese Gro\u00dfhandel Cartoon Schuh Charms bieten auch exklusive Anpassung Dienstleistungen, wo Sie Ihre Marke Logo oder personalisierte Designs eingebettet haben, um die Markenbekanntheit und Umsatz Wettbewerbsf\u00e4higkeit zu steigern.<\/p>\n<\/div>\n\n\n\n<div class=\"wp-block-column is-layout-flow wp-block-column-is-layout-flow\">\n<figure class=\"wp-block-image size-full\"><img decoding=\"async\" width=\"1000\" height=\"1000\" src=\"https:\/\/www.mappershoe.com\/wp-content\/uploads\/2025\/10\/classic-bulk-croc-charms-snoopy-cartoon-shoe-charms-supply-3.webp\" alt=\"klassisch-gro\u00dfe-Kroko-Charme-Snoopy-Karikatur-Schuh-Charme-Vorrat-3\" class=\"wp-image-1955\" srcset=\"https:\/\/www.mappershoe.com\/wp-content\/uploads\/2025\/10\/classic-bulk-croc-charms-snoopy-cartoon-shoe-charms-supply-3.webp 1000w, https:\/\/www.mappershoe.com\/wp-content\/uploads\/2025\/10\/classic-bulk-croc-charms-snoopy-cartoon-shoe-charms-supply-3-300x300.webp 300w, https:\/\/www.mappershoe.com\/wp-content\/uploads\/2025\/10\/classic-bulk-croc-charms-snoopy-cartoon-shoe-charms-supply-3-150x150.webp 150w, https:\/\/www.mappershoe.com\/wp-content\/uploads\/2025\/10\/classic-bulk-croc-charms-snoopy-cartoon-shoe-charms-supply-3-768x768.webp 768w, https:\/\/www.mappershoe.com\/wp-content\/uploads\/2025\/10\/classic-bulk-croc-charms-snoopy-cartoon-shoe-charms-supply-3-12x12.webp 12w, https:\/\/www.mappershoe.com\/wp-content\/uploads\/2025\/10\/classic-bulk-croc-charms-snoopy-cartoon-shoe-charms-supply-3-600x600.webp 600w, https:\/\/www.mappershoe.com\/wp-content\/uploads\/2025\/10\/classic-bulk-croc-charms-snoopy-cartoon-shoe-charms-supply-3-100x100.webp 100w\" sizes=\"(max-width: 1000px) 100vw, 1000px\" \/><\/figure>\n<\/div>\n<\/div>\n\n\n\n<p><\/p>","protected":false},"excerpt":{"rendered":"<p>Willkommen in unserer Bulk-Croc Charms kaufen. Der Gro\u00dfhandel Snoopy Cartoon Schuh Reize sind Premium-Gummi-Material, geeignet f\u00fcr Crocs Schuhe. Unterst\u00fctzung Gro\u00dfauftr\u00e4ge und kundenspezifische Designs f\u00fcr Marken und Einzelh\u00e4ndler.<\/p>\n<h2>Bulk Croc Charms Spezifikationen:<\/h2>\n<table width=\"419\">\n<tbody>\n<tr>\n<td width=\"115\">Hersteller:<\/td>\n<td width=\"304\">Mingyi<\/td>\n<\/tr>\n<tr>\n<td>Stil:<\/td>\n<td>Krokodil-Anh\u00e4nger<\/td>\n<\/tr>\n<tr>\n<td>Modell:<\/td>\n<td>1008<\/td>\n<\/tr>\n<tr>\n<td>Material:\u00a0<\/td>\n<td>Gummi<\/td>\n<\/tr>\n<tr>\n<td>Farbe:\u00a0<\/td>\n<td width=\"304\">Benutzerdefiniert<\/td>\n<\/tr>\n<tr>\n<td>Gr\u00f6\u00dfe:\u00a0<\/td>\n<td width=\"304\">Benutzerdefiniert<\/td>\n<\/tr>\n<tr>\n<td>Anpassungsoptionen:\u00a0<\/td>\n<td>Benutzerdefinierte Charms<\/td>\n<\/tr>\n<tr>\n<td>Verpacken:\u00a0<\/td>\n<td>Kundenspezifische Verpackung<\/td>\n<\/tr>\n<tr>\n<td>Muster\uff1a<\/td>\n<td>Kostenlose Blanko-Muster<\/td>\n<\/tr>\n<\/tbody>\n<\/table>","protected":false},"featured_media":1953,"comment_status":"closed","ping_status":"closed","template":"","meta":{"_acf_changed":false},"product_brand":[],"product_cat":[29],"product_tag":[],"class_list":{"0":"post-1952","1":"product","2":"type-product","3":"status-publish","4":"has-post-thumbnail","6":"product_cat-wholesale-croc-charms","8":"first","9":"instock","10":"shipping-taxable","11":"product-type-simple"},"acf":[],"_links":{"self":[{"href":"https:\/\/www.mappershoe.com\/de\/wp-json\/wp\/v2\/product\/1952","targetHints":{"allow":["GET"]}}],"collection":[{"href":"https:\/\/www.mappershoe.com\/de\/wp-json\/wp\/v2\/product"}],"about":[{"href":"https:\/\/www.mappershoe.com\/de\/wp-json\/wp\/v2\/types\/product"}],"replies":[{"embeddable":true,"href":"https:\/\/www.mappershoe.com\/de\/wp-json\/wp\/v2\/comments?post=1952"}],"wp:featuredmedia":[{"embeddable":true,"href":"https:\/\/www.mappershoe.com\/de\/wp-json\/wp\/v2\/media\/1953"}],"wp:attachment":[{"href":"https:\/\/www.mappershoe.com\/de\/wp-json\/wp\/v2\/media?parent=1952"}],"wp:term":[{"taxonomy":"product_brand","embeddable":true,"href":"https:\/\/www.mappershoe.com\/de\/wp-json\/wp\/v2\/product_brand?post=1952"},{"taxonomy":"product_cat","embeddable":true,"href":"https:\/\/www.mappershoe.com\/de\/wp-json\/wp\/v2\/product_cat?post=1952"},{"taxonomy":"product_tag","embeddable":true,"href":"https:\/\/www.mappershoe.com\/de\/wp-json\/wp\/v2\/product_tag?post=1952"}],"curies":[{"name":"wp","href":"https:\/\/api.w.org\/{rel}","templated":true}]}}