{"id":1959,"date":"2025-10-15T09:58:38","date_gmt":"2025-10-15T09:58:38","guid":{"rendered":"https:\/\/www.mappershoe.com\/?post_type=product&#038;p=1959"},"modified":"2025-10-15T09:58:41","modified_gmt":"2025-10-15T09:58:41","slug":"croc-shoe-charms-wholesale","status":"publish","type":"product","link":"https:\/\/www.mappershoe.com\/de\/produkt\/croc-shoe-charms-wholesale\/","title":{"rendered":"Halloween Croc Schuh Charms Gro\u00dfhandel, Clog Schuh Charm Custom"},"content":{"rendered":"<div class=\"wp-block-columns is-layout-flex wp-container-core-columns-is-layout-9d6595d7 wp-block-columns-is-layout-flex\">\n<div class=\"wp-block-column is-layout-flow wp-block-column-is-layout-flow\">\n<h3 class=\"wp-block-heading\">Premium Halloween Croc Shoe Charms Gro\u00dfhandel Merkmale:<\/h3>\n\n\n\n<p><strong>Halloween-Design: <\/strong>Diese Kroko-Schuhanh\u00e4nger im Gro\u00dfhandel verwenden klassische Halloween-Symbole wie K\u00fcrbisse, Geister, Totenk\u00f6pfe und Flederm\u00e4use, um eine Partyatmosph\u00e4re zu schaffen.<\/p>\n\n\n\n<p><strong>Gl\u00fchendes Design:<\/strong> Diese Kroko-Schuhanh\u00e4nger im Gro\u00dfhandel bestehen aus einer leuchtenden Substanz, die nachts oder an Orten mit wenig Licht automatisch leuchtet, was freundlich und einzigartig ist.<\/p>\n\n\n\n<p><strong>Hochwertiges Gummimaterial: <\/strong>Diese Kroko-Schuhanh\u00e4nger Gro\u00dfhandel sind weich, langlebig, wasserdicht, rissfest, leicht zu reinigen und lichtecht.<\/p>\n\n\n\n<p><strong>Universell einsetzbar:<\/strong> Diese individuell gestalteten, leuchtenden Clogs-Schuhanh\u00e4nger passen auf Crocs und \u00e4hnliche Clogs und lassen sich leicht und sicher anbringen.<\/p>\n\n\n\n<p><strong>Gro\u00dfhandel und kundenspezifischer Service: <\/strong>Diese benutzerdefinierten Clog-Schuh-Anh\u00e4nger k\u00f6nnen OEM\/ODM-Service wie Gro\u00dfbestellungen, benutzerdefinierte Logos oder individuelle Verpackung bieten.<\/p>\n<\/div>\n\n\n\n<div class=\"wp-block-column is-layout-flow wp-block-column-is-layout-flow\">\n<figure class=\"wp-block-image size-full\"><img decoding=\"async\" width=\"1920\" height=\"1920\" src=\"https:\/\/www.mappershoe.com\/wp-content\/uploads\/2025\/10\/halloween-croc-shoe-charms-wholesale-clog-shoe-charm-custom-4.webp\" alt=\"halloween-croc-schuh-armb\u00e4nder-gro\u00dfhandel-clog-schuh-armb\u00e4nder-custom-4\" class=\"wp-image-1963\" srcset=\"https:\/\/www.mappershoe.com\/wp-content\/uploads\/2025\/10\/halloween-croc-shoe-charms-wholesale-clog-shoe-charm-custom-4.webp 1920w, https:\/\/www.mappershoe.com\/wp-content\/uploads\/2025\/10\/halloween-croc-shoe-charms-wholesale-clog-shoe-charm-custom-4-300x300.webp 300w, https:\/\/www.mappershoe.com\/wp-content\/uploads\/2025\/10\/halloween-croc-shoe-charms-wholesale-clog-shoe-charm-custom-4-150x150.webp 150w, https:\/\/www.mappershoe.com\/wp-content\/uploads\/2025\/10\/halloween-croc-shoe-charms-wholesale-clog-shoe-charm-custom-4-768x768.webp 768w, https:\/\/www.mappershoe.com\/wp-content\/uploads\/2025\/10\/halloween-croc-shoe-charms-wholesale-clog-shoe-charm-custom-4-12x12.webp 12w, https:\/\/www.mappershoe.com\/wp-content\/uploads\/2025\/10\/halloween-croc-shoe-charms-wholesale-clog-shoe-charm-custom-4-1200x1200.webp 1200w, https:\/\/www.mappershoe.com\/wp-content\/uploads\/2025\/10\/halloween-croc-shoe-charms-wholesale-clog-shoe-charm-custom-4-600x600.webp 600w, https:\/\/www.mappershoe.com\/wp-content\/uploads\/2025\/10\/halloween-croc-shoe-charms-wholesale-clog-shoe-charm-custom-4-100x100.webp 100w\" sizes=\"(max-width: 1920px) 100vw, 1920px\" \/><\/figure>\n<\/div>\n<\/div>\n\n\n\n<p><\/p>","protected":false},"excerpt":{"rendered":"<p>Willkommen zum Kauf von Kroko-Schuhanh\u00e4ngern im Gro\u00dfhandel, ideal f\u00fcr Einzelh\u00e4ndler und Schuhzubeh\u00f6rmarken. Hergestellt aus hochwertigem Gummi, sind diese leuchtenden Clog-Anh\u00e4nger perfekt f\u00fcr Halloween-Kollektionen. F\u00fcgen Sie einen gruseligen Touch zu Ihrem Crocs mit Halloween K\u00fcrbis Geist Skelett Fledermaus leuchtenden Croc Schuh Charms!<\/p>\n<h2>Halloween Croc Shoe Charms Gro\u00dfhandel Spezifikationen:<\/h2>\n<table width=\"419\">\n<tbody>\n<tr>\n<td width=\"115\">Hersteller:<\/td>\n<td width=\"304\">Mingyi<\/td>\n<\/tr>\n<tr>\n<td>Stil:<\/td>\n<td>Krokodil-Anh\u00e4nger<\/td>\n<\/tr>\n<tr>\n<td>Modell:<\/td>\n<td>1009<\/td>\n<\/tr>\n<tr>\n<td>Material:\u00a0<\/td>\n<td>Gummi<\/td>\n<\/tr>\n<tr>\n<td>Farbe:\u00a0<\/td>\n<td width=\"304\">Benutzerdefiniert<\/td>\n<\/tr>\n<tr>\n<td>Gr\u00f6\u00dfe:\u00a0<\/td>\n<td width=\"304\">Benutzerdefiniert<\/td>\n<\/tr>\n<tr>\n<td>Anpassungsoptionen:\u00a0<\/td>\n<td>Benutzerdefinierte Charms<\/td>\n<\/tr>\n<tr>\n<td>Verpacken:\u00a0<\/td>\n<td>Kundenspezifische Verpackung<\/td>\n<\/tr>\n<tr>\n<td>Muster\uff1a<\/td>\n<td>Kostenlose Blanko-Muster<\/td>\n<\/tr>\n<\/tbody>\n<\/table>","protected":false},"featured_media":1960,"comment_status":"closed","ping_status":"closed","template":"","meta":{"_acf_changed":false},"product_brand":[],"product_cat":[29],"product_tag":[],"class_list":{"0":"post-1959","1":"product","2":"type-product","3":"status-publish","4":"has-post-thumbnail","6":"product_cat-wholesale-croc-charms","8":"first","9":"instock","10":"shipping-taxable","11":"product-type-simple"},"acf":[],"_links":{"self":[{"href":"https:\/\/www.mappershoe.com\/de\/wp-json\/wp\/v2\/product\/1959","targetHints":{"allow":["GET"]}}],"collection":[{"href":"https:\/\/www.mappershoe.com\/de\/wp-json\/wp\/v2\/product"}],"about":[{"href":"https:\/\/www.mappershoe.com\/de\/wp-json\/wp\/v2\/types\/product"}],"replies":[{"embeddable":true,"href":"https:\/\/www.mappershoe.com\/de\/wp-json\/wp\/v2\/comments?post=1959"}],"wp:featuredmedia":[{"embeddable":true,"href":"https:\/\/www.mappershoe.com\/de\/wp-json\/wp\/v2\/media\/1960"}],"wp:attachment":[{"href":"https:\/\/www.mappershoe.com\/de\/wp-json\/wp\/v2\/media?parent=1959"}],"wp:term":[{"taxonomy":"product_brand","embeddable":true,"href":"https:\/\/www.mappershoe.com\/de\/wp-json\/wp\/v2\/product_brand?post=1959"},{"taxonomy":"product_cat","embeddable":true,"href":"https:\/\/www.mappershoe.com\/de\/wp-json\/wp\/v2\/product_cat?post=1959"},{"taxonomy":"product_tag","embeddable":true,"href":"https:\/\/www.mappershoe.com\/de\/wp-json\/wp\/v2\/product_tag?post=1959"}],"curies":[{"name":"wp","href":"https:\/\/api.w.org\/{rel}","templated":true}]}}