{"id":1965,"date":"2025-10-15T10:19:43","date_gmt":"2025-10-15T10:19:43","guid":{"rendered":"https:\/\/www.mappershoe.com\/?post_type=product&#038;p=1965"},"modified":"2025-10-15T10:33:32","modified_gmt":"2025-10-15T10:33:32","slug":"custom-croc-charms-bulk","status":"publish","type":"product","link":"https:\/\/www.mappershoe.com\/de\/produkt\/custom-croc-charms-bulk\/","title":{"rendered":"Pooh B\u00e4r benutzerdefinierte Croc Charms Bulk, Cartoon Clog Schuh Charm Versorgung"},"content":{"rendered":"<div class=\"wp-block-columns is-layout-flex wp-container-core-columns-is-layout-9d6595d7 wp-block-columns-is-layout-flex\">\n<div class=\"wp-block-column is-layout-flow wp-block-column-is-layout-flow\">\n<h3 class=\"wp-block-heading\">Premium Pooh Bear Custom Croc Charms Bulk Eigenschaften:<\/h3>\n\n\n\n<p><strong>Klassisches Cartoon-Thema:<\/strong> Diese Cartoon-Clog-Schuhanh\u00e4nger sind von Pooh Bear, Piglet, Tigger, Roo und Robin inspiriert. Diese Charms zeigen die urspr\u00fcnglichen klassischen Charaktere, die von Kindern und Cartoon-Liebhabern geliebt werden.<\/p>\n\n\n\n<p><strong>Weiches Gummimaterial ist von hoher Qualit\u00e4t:<\/strong> Diese individuellen Kroko-Anh\u00e4nger sind aus wirtschaftlichem PVC-Gummi hergestellt. Es ist flexibel, langlebig, wasserdicht und farbecht, was es f\u00fcr den langfristigen Einsatz auf Crocs und Sandalen geeignet macht.<\/p>\n\n\n\n<p><strong>Einfach zu entfernen und anzubringen:<\/strong> Diese benutzerdefinierten Krokodilanh\u00e4nger haben auf der R\u00fcckseite eine universelle Schuhschnalle, mit der diese Anh\u00e4nger leicht an Crocs-Schuhen befestigt werden k\u00f6nnen.nb<\/p>\n\n\n\n<p><strong>Anpassbare Designs:<\/strong> Diese kundenspezifischen Krokodil-Anh\u00e4nger sind in gro\u00dfen Mengen als OEM\/ODM-Kundenanpassung erh\u00e4ltlich, einschlie\u00dflich Logos, Farben und Zeichenkombinationen, um die Anforderungen von Branding-, Geschenk- oder Werbeprojekten zu erf\u00fcllen.<\/p>\n\n\n\n<p><strong>Bulk Gro\u00dfhandel Versorgung:<\/strong> Wir bieten Cartoon-Clog-Schuhanh\u00e4nger, liefern in gro\u00dfen Mengen und schnell, ideal f\u00fcr Einzelh\u00e4ndler, E-Commerce-Verk\u00e4ufer oder individuelle Marken, die in gro\u00dfen Mengen einkaufen m\u00f6chten.<\/p>\n<\/div>\n\n\n\n<div class=\"wp-block-column is-layout-flow wp-block-column-is-layout-flow\">\n<figure class=\"wp-block-image size-full\"><img decoding=\"async\" width=\"1000\" height=\"1000\" src=\"https:\/\/www.mappershoe.com\/wp-content\/uploads\/2025\/10\/pooh-bear-custom-croc-charms-bulk-cartoon-clog-shoe-charm-3.webp\" alt=\"poh-bear-custom-croc-charms-bulk-cartoon-clog-shoe-charm-3\" class=\"wp-image-1968\" srcset=\"https:\/\/www.mappershoe.com\/wp-content\/uploads\/2025\/10\/pooh-bear-custom-croc-charms-bulk-cartoon-clog-shoe-charm-3.webp 1000w, https:\/\/www.mappershoe.com\/wp-content\/uploads\/2025\/10\/pooh-bear-custom-croc-charms-bulk-cartoon-clog-shoe-charm-3-300x300.webp 300w, https:\/\/www.mappershoe.com\/wp-content\/uploads\/2025\/10\/pooh-bear-custom-croc-charms-bulk-cartoon-clog-shoe-charm-3-150x150.webp 150w, https:\/\/www.mappershoe.com\/wp-content\/uploads\/2025\/10\/pooh-bear-custom-croc-charms-bulk-cartoon-clog-shoe-charm-3-768x768.webp 768w, https:\/\/www.mappershoe.com\/wp-content\/uploads\/2025\/10\/pooh-bear-custom-croc-charms-bulk-cartoon-clog-shoe-charm-3-12x12.webp 12w, https:\/\/www.mappershoe.com\/wp-content\/uploads\/2025\/10\/pooh-bear-custom-croc-charms-bulk-cartoon-clog-shoe-charm-3-600x600.webp 600w, https:\/\/www.mappershoe.com\/wp-content\/uploads\/2025\/10\/pooh-bear-custom-croc-charms-bulk-cartoon-clog-shoe-charm-3-100x100.webp 100w\" sizes=\"(max-width: 1000px) 100vw, 1000px\" \/><\/figure>\n<\/div>\n<\/div>\n\n\n\n<p><\/p>","protected":false},"excerpt":{"rendered":"<p>Willkommen zu kaufen diese benutzerdefinierte Krokodil Charms bulk. Geben Sie einen nostalgischen Touch zu Ihrer Kindheit mit benutzerdefinierten Krokodil Anh\u00e4nger. Pooh Bear, Tigger, Piglet, Roo und Robin Krokodilanh\u00e4nger sind aus strapazierf\u00e4higem PVC-Gummi und einem klassischen Cartoon-Design, das auch f\u00fcr gro\u00dfe Unternehmen und Branding-Bed\u00fcrfnisse mit Einzelh\u00e4ndlern und OEM-K\u00e4ufer auf der Suche nach Krokodilanh\u00e4nger Lieferungen funktioniert.<\/p>\n<h2>\u00a0Benutzerdefinierte Croc Charms Bulk Spezifikationen:<\/h2>\n<table width=\"419\">\n<tbody>\n<tr>\n<td width=\"115\">Hersteller:<\/td>\n<td width=\"304\">Mingyi<\/td>\n<\/tr>\n<tr>\n<td>Stil:<\/td>\n<td>Krokodil-Anh\u00e4nger<\/td>\n<\/tr>\n<tr>\n<td>Modell:<\/td>\n<td>1010<\/td>\n<\/tr>\n<tr>\n<td>Material:\u00a0<\/td>\n<td>Gummi<\/td>\n<\/tr>\n<tr>\n<td>Farbe:\u00a0<\/td>\n<td width=\"304\">Benutzerdefiniert<\/td>\n<\/tr>\n<tr>\n<td>Gr\u00f6\u00dfe:\u00a0<\/td>\n<td width=\"304\">Benutzerdefiniert<\/td>\n<\/tr>\n<tr>\n<td>Anpassungsoptionen:\u00a0<\/td>\n<td>Benutzerdefinierte Charms<\/td>\n<\/tr>\n<tr>\n<td>Verpacken:\u00a0<\/td>\n<td>Kundenspezifische Verpackung<\/td>\n<\/tr>\n<tr>\n<td>Muster\uff1a<\/td>\n<td>Kostenlose Blanko-Muster<\/td>\n<\/tr>\n<\/tbody>\n<\/table>","protected":false},"featured_media":1966,"comment_status":"closed","ping_status":"closed","template":"","meta":{"_acf_changed":false},"product_brand":[],"product_cat":[29],"product_tag":[],"class_list":{"0":"post-1965","1":"product","2":"type-product","3":"status-publish","4":"has-post-thumbnail","6":"product_cat-wholesale-croc-charms","8":"first","9":"instock","10":"shipping-taxable","11":"product-type-simple"},"acf":[],"_links":{"self":[{"href":"https:\/\/www.mappershoe.com\/de\/wp-json\/wp\/v2\/product\/1965","targetHints":{"allow":["GET"]}}],"collection":[{"href":"https:\/\/www.mappershoe.com\/de\/wp-json\/wp\/v2\/product"}],"about":[{"href":"https:\/\/www.mappershoe.com\/de\/wp-json\/wp\/v2\/types\/product"}],"replies":[{"embeddable":true,"href":"https:\/\/www.mappershoe.com\/de\/wp-json\/wp\/v2\/comments?post=1965"}],"wp:featuredmedia":[{"embeddable":true,"href":"https:\/\/www.mappershoe.com\/de\/wp-json\/wp\/v2\/media\/1966"}],"wp:attachment":[{"href":"https:\/\/www.mappershoe.com\/de\/wp-json\/wp\/v2\/media?parent=1965"}],"wp:term":[{"taxonomy":"product_brand","embeddable":true,"href":"https:\/\/www.mappershoe.com\/de\/wp-json\/wp\/v2\/product_brand?post=1965"},{"taxonomy":"product_cat","embeddable":true,"href":"https:\/\/www.mappershoe.com\/de\/wp-json\/wp\/v2\/product_cat?post=1965"},{"taxonomy":"product_tag","embeddable":true,"href":"https:\/\/www.mappershoe.com\/de\/wp-json\/wp\/v2\/product_tag?post=1965"}],"curies":[{"name":"wp","href":"https:\/\/api.w.org\/{rel}","templated":true}]}}