{"id":1970,"date":"2025-10-15T10:38:03","date_gmt":"2025-10-15T10:38:03","guid":{"rendered":"https:\/\/www.mappershoe.com\/?post_type=product&#038;p=1970"},"modified":"2025-10-27T06:38:20","modified_gmt":"2025-10-27T06:38:20","slug":"custom-charms-for-crocs","status":"publish","type":"product","link":"https:\/\/www.mappershoe.com\/de\/produkt\/custom-charms-for-crocs\/","title":{"rendered":"Individuelle Charms f\u00fcr Crocs im Simpsons-Stil, Gummischuh-Charme"},"content":{"rendered":"<div class=\"wp-block-columns is-layout-flex wp-container-core-columns-is-layout-9d6595d7 wp-block-columns-is-layout-flex\">\n<div class=\"wp-block-column is-layout-flow wp-block-column-is-layout-flow\">\n<h3 class=\"wp-block-heading\">Premium Simpsons Custom Charms f\u00fcr Crocs Merkmale:<\/h3>\n\n\n\n<p><strong>Das ikonische Simpsons-Design:<\/strong> Diese benutzerdefinierten Anh\u00e4nger f\u00fcr Crocs zeigen Cartoon-Figuren, die auf der Simpsons-Familie basieren, mit leuchtenden Farben und auff\u00e4lligen Details, die Ihre Crocs oder Crocs-Schuhe sofort aufwerten.<\/p>\n\n\n\n<p><strong>Hochwertiges Gummimaterial:<\/strong> Diese individuellen Anh\u00e4nger f\u00fcr Crocs bestehen aus flexiblem, haltbarem Gummi, der wasserdicht und lichtbest\u00e4ndig ist und auch nach langem Tragen seine Form beibeh\u00e4lt.<\/p>\n\n\n\n<p><strong>Leicht anzubringen und zu entfernen: <\/strong>Unsere Crocs-Schuhanh\u00e4nger im Gro\u00dfhandel lassen sich leicht an den \u00d6sen der Crocs-Schuhe befestigen und sorgen so f\u00fcr einen sicheren, festen Sitz und einen bequemen Austausch der verschiedenen Schuhanh\u00e4nger.<\/p>\n\n\n\n<p><strong>Anpassbare Optionen:<\/strong> Unsere Crocs Schuhanh\u00e4nger im Gro\u00dfhandel unterst\u00fctzen OEM\/ODM-Kundenanpassung, mit personalisierten Designs, Logos und Farben, um die Bed\u00fcrfnisse von Branding- und Geschenkprojekten zu erf\u00fcllen.<\/p>\n\n\n\n<p><strong>Gro\u00dfhandelsfreundlich:<\/strong> Diese benutzerdefinierten Anh\u00e4nger f\u00fcr Crocs sind in Gro\u00dfbestellungen und gemischten Verpackungen erh\u00e4ltlich und somit ideal f\u00fcr E-Commerce-Verk\u00e4ufer, Geschenkfirmen und Markenwerbung.<\/p>\n<\/div>\n\n\n\n<div class=\"wp-block-column is-layout-flow wp-block-column-is-layout-flow\">\n<figure class=\"wp-block-image size-full\"><img decoding=\"async\" width=\"800\" height=\"800\" src=\"https:\/\/www.mappershoe.com\/wp-content\/uploads\/2025\/10\/simpsons-custom-charms-for-crocs-rubber-shoe-charms-in-bulk-3.webp\" alt=\"simpsons-armb\u00e4nder-f\u00fcr-krokodile-gummischuh-armb\u00e4nder-im-pack-3\" class=\"wp-image-1974\" srcset=\"https:\/\/www.mappershoe.com\/wp-content\/uploads\/2025\/10\/simpsons-custom-charms-for-crocs-rubber-shoe-charms-in-bulk-3.webp 800w, https:\/\/www.mappershoe.com\/wp-content\/uploads\/2025\/10\/simpsons-custom-charms-for-crocs-rubber-shoe-charms-in-bulk-3-300x300.webp 300w, https:\/\/www.mappershoe.com\/wp-content\/uploads\/2025\/10\/simpsons-custom-charms-for-crocs-rubber-shoe-charms-in-bulk-3-150x150.webp 150w, https:\/\/www.mappershoe.com\/wp-content\/uploads\/2025\/10\/simpsons-custom-charms-for-crocs-rubber-shoe-charms-in-bulk-3-768x768.webp 768w, https:\/\/www.mappershoe.com\/wp-content\/uploads\/2025\/10\/simpsons-custom-charms-for-crocs-rubber-shoe-charms-in-bulk-3-12x12.webp 12w, https:\/\/www.mappershoe.com\/wp-content\/uploads\/2025\/10\/simpsons-custom-charms-for-crocs-rubber-shoe-charms-in-bulk-3-600x600.webp 600w, https:\/\/www.mappershoe.com\/wp-content\/uploads\/2025\/10\/simpsons-custom-charms-for-crocs-rubber-shoe-charms-in-bulk-3-100x100.webp 100w\" sizes=\"(max-width: 800px) 100vw, 800px\" \/><\/figure>\n<\/div>\n<\/div>\n\n\n\n<p><\/p>","protected":false},"excerpt":{"rendered":"<p>Willkommen zum Kauf der Simpsons benutzerdefinierte Charms f\u00fcr Crocs sind lustig, bunt Gummi Cartoon Schuh Charms aus hochwertigem, wasserdichtem Material. Diese benutzerdefinierten Charms sind perfekt f\u00fcr Gro\u00dfhandel K\u00e4ufer sowie f\u00fcr jeden, der f\u00fcr kreative benutzerdefinierte Crocs Zubeh\u00f6r suchen. Unsere benutzerdefinierten Crocs-Anh\u00e4nger unterst\u00fctzen OEM- und ODM-Anpassung, damit Sie Ihren Crocs-Schuhen ein wenig Pers\u00f6nlichkeit verleihen k\u00f6nnen!<\/p>\n<h2>Kundenspezifische Charms f\u00fcr Crocs Spezifikationen:<\/h2>\n<table width=\"419\">\n<tbody>\n<tr>\n<td width=\"115\">Hersteller:<\/td>\n<td width=\"304\">Mingyi<\/td>\n<\/tr>\n<tr>\n<td>Stil:<\/td>\n<td>Krokodil-Anh\u00e4nger<\/td>\n<\/tr>\n<tr>\n<td>Modell:<\/td>\n<td>1011<\/td>\n<\/tr>\n<tr>\n<td>Material:\u00a0<\/td>\n<td>Gummi<\/td>\n<\/tr>\n<tr>\n<td>Farbe:\u00a0<\/td>\n<td width=\"304\">Benutzerdefiniert<\/td>\n<\/tr>\n<tr>\n<td>Gr\u00f6\u00dfe:\u00a0<\/td>\n<td width=\"304\">Benutzerdefiniert<\/td>\n<\/tr>\n<tr>\n<td>Anpassungsoptionen:\u00a0<\/td>\n<td>Benutzerdefinierte Charms<\/td>\n<\/tr>\n<tr>\n<td>Verpacken:\u00a0<\/td>\n<td>Kundenspezifische Verpackung<\/td>\n<\/tr>\n<tr>\n<td>Muster\uff1a<\/td>\n<td>Kostenlose Blanko-Muster<\/td>\n<\/tr>\n<\/tbody>\n<\/table>","protected":false},"featured_media":1973,"comment_status":"closed","ping_status":"closed","template":"","meta":{"_acf_changed":false},"product_brand":[],"product_cat":[29],"product_tag":[],"class_list":{"0":"post-1970","1":"product","2":"type-product","3":"status-publish","4":"has-post-thumbnail","6":"product_cat-wholesale-croc-charms","8":"first","9":"instock","10":"shipping-taxable","11":"product-type-simple"},"acf":[],"_links":{"self":[{"href":"https:\/\/www.mappershoe.com\/de\/wp-json\/wp\/v2\/product\/1970","targetHints":{"allow":["GET"]}}],"collection":[{"href":"https:\/\/www.mappershoe.com\/de\/wp-json\/wp\/v2\/product"}],"about":[{"href":"https:\/\/www.mappershoe.com\/de\/wp-json\/wp\/v2\/types\/product"}],"replies":[{"embeddable":true,"href":"https:\/\/www.mappershoe.com\/de\/wp-json\/wp\/v2\/comments?post=1970"}],"wp:featuredmedia":[{"embeddable":true,"href":"https:\/\/www.mappershoe.com\/de\/wp-json\/wp\/v2\/media\/1973"}],"wp:attachment":[{"href":"https:\/\/www.mappershoe.com\/de\/wp-json\/wp\/v2\/media?parent=1970"}],"wp:term":[{"taxonomy":"product_brand","embeddable":true,"href":"https:\/\/www.mappershoe.com\/de\/wp-json\/wp\/v2\/product_brand?post=1970"},{"taxonomy":"product_cat","embeddable":true,"href":"https:\/\/www.mappershoe.com\/de\/wp-json\/wp\/v2\/product_cat?post=1970"},{"taxonomy":"product_tag","embeddable":true,"href":"https:\/\/www.mappershoe.com\/de\/wp-json\/wp\/v2\/product_tag?post=1970"}],"curies":[{"name":"wp","href":"https:\/\/api.w.org\/{rel}","templated":true}]}}