{"id":1981,"date":"2025-10-18T10:09:19","date_gmt":"2025-10-18T10:09:19","guid":{"rendered":"https:\/\/www.mappershoe.com\/?post_type=product&#038;p=1981"},"modified":"2025-10-27T06:34:11","modified_gmt":"2025-10-27T06:34:11","slug":"eva-flip-flops-wholesale","status":"publish","type":"product","link":"https:\/\/www.mappershoe.com\/de\/produkt\/eva-flip-flops-wholesale\/","title":{"rendered":"EVA Flip Flops Gro\u00dfhandel mit Hollow-Out Slipper Sohle Custom"},"content":{"rendered":"<div class=\"wp-block-columns is-layout-flex wp-container-core-columns-is-layout-9d6595d7 wp-block-columns-is-layout-flex\">\n<div class=\"wp-block-column is-layout-flow wp-block-column-is-layout-flow\">\n<h3 class=\"wp-block-heading\">Premium EVA Flip Flops Gro\u00dfhandel Eigenschaften:<\/h3>\n\n\n\n<p><strong>Elastisches EVA-Material:<\/strong> Unsere Gro\u00dfhandel benutzerdefinierte Strand Flip Flops sind aus hochelastischem EVA, leicht und langlebig, geeignet f\u00fcr langfristige Verschlei\u00df und Outdoor-Sportarten gemacht.<\/p>\n\n\n\n<p><strong>Die Sohle ist ausgeh\u00f6hlt:<\/strong> Die ausgeh\u00f6hlte Sohle unserer EVA-Flip-Flops f\u00fcr den Gro\u00dfhandel verbessert die Bel\u00fcftung und Entw\u00e4sserung, trocknet schnell und bietet rutschfesten Komfort.<\/p>\n\n\n\n<p><strong>Ergonomische &amp; Anti-Rutsch-Sohle:<\/strong> Unsere EVA-Flip-Flops im Gro\u00dfhandel haben eine ergonomische Sohle mit rutschfestem Profil f\u00fcr einen bequemen und sicheren Sitz, perfekt f\u00fcr rutschige B\u00f6den wie am Strand oder am Pool.<\/p>\n\n\n\n<p><strong>Bulk Gro\u00dfhandel Versorgung:<\/strong> Unsere EVA-Flip-Flops im Gro\u00dfhandel werden individuell angepasst und eignen sich am besten f\u00fcr Gro\u00dfeink\u00e4ufe von Marken, Geschenkartiklern und H\u00e4ndlern von Urlaubsausr\u00fcstungen.<\/p>\n\n\n\n<p><strong>Kundenspezifisches Logo und Farboptionen:<\/strong> OEM\/ODM-Anpassung unterst\u00fctzt die kundenspezifischen Flip Flops. Benutzer k\u00f6nnen ihr Logo platzieren und Farben und Designs aus einer Vielzahl ausw\u00e4hlen, um eine pers\u00f6nliche Markenidentit\u00e4t zu schaffen.<\/p>\n<\/div>\n\n\n\n<div class=\"wp-block-column is-layout-flow wp-block-column-is-layout-flow\">\n<figure class=\"wp-block-image size-full\"><img decoding=\"async\" width=\"720\" height=\"720\" src=\"https:\/\/www.mappershoe.com\/wp-content\/uploads\/2025\/10\/eva-flip-flops-wholesale-for-men-with-hollow-out-sole-print-3.webp\" alt=\"eva-flip-flops-gro\u00dfhandel-f\u00fcr-m\u00e4nner-mit-ausgeh\u00f6hlter-sohle-druck-3\" class=\"wp-image-1984\" srcset=\"https:\/\/www.mappershoe.com\/wp-content\/uploads\/2025\/10\/eva-flip-flops-wholesale-for-men-with-hollow-out-sole-print-3.webp 720w, https:\/\/www.mappershoe.com\/wp-content\/uploads\/2025\/10\/eva-flip-flops-wholesale-for-men-with-hollow-out-sole-print-3-300x300.webp 300w, https:\/\/www.mappershoe.com\/wp-content\/uploads\/2025\/10\/eva-flip-flops-wholesale-for-men-with-hollow-out-sole-print-3-150x150.webp 150w, https:\/\/www.mappershoe.com\/wp-content\/uploads\/2025\/10\/eva-flip-flops-wholesale-for-men-with-hollow-out-sole-print-3-12x12.webp 12w, https:\/\/www.mappershoe.com\/wp-content\/uploads\/2025\/10\/eva-flip-flops-wholesale-for-men-with-hollow-out-sole-print-3-600x600.webp 600w, https:\/\/www.mappershoe.com\/wp-content\/uploads\/2025\/10\/eva-flip-flops-wholesale-for-men-with-hollow-out-sole-print-3-100x100.webp 100w\" sizes=\"(max-width: 720px) 100vw, 720px\" \/><\/figure>\n<\/div>\n<\/div>\n\n\n\n<figure class=\"wp-block-gallery has-nested-images columns-default is-cropped wp-block-gallery-1 is-layout-flex wp-block-gallery-is-layout-flex\">\n<figure class=\"wp-block-image size-large\"><img decoding=\"async\" width=\"790\" height=\"1167\" data-id=\"1989\" src=\"https:\/\/www.mappershoe.com\/wp-content\/uploads\/2025\/10\/eva-flip-flops-wholesale-for-men-with-hollow-out-sole-print-8.webp\" alt=\"eva-flip-flops-gro\u00dfhandel-f\u00fcr-m\u00e4nner-mit-hohlsohle-aufdruck-8\" class=\"wp-image-1989\" srcset=\"https:\/\/www.mappershoe.com\/wp-content\/uploads\/2025\/10\/eva-flip-flops-wholesale-for-men-with-hollow-out-sole-print-8.webp 790w, https:\/\/www.mappershoe.com\/wp-content\/uploads\/2025\/10\/eva-flip-flops-wholesale-for-men-with-hollow-out-sole-print-8-203x300.webp 203w, https:\/\/www.mappershoe.com\/wp-content\/uploads\/2025\/10\/eva-flip-flops-wholesale-for-men-with-hollow-out-sole-print-8-768x1135.webp 768w, https:\/\/www.mappershoe.com\/wp-content\/uploads\/2025\/10\/eva-flip-flops-wholesale-for-men-with-hollow-out-sole-print-8-8x12.webp 8w, https:\/\/www.mappershoe.com\/wp-content\/uploads\/2025\/10\/eva-flip-flops-wholesale-for-men-with-hollow-out-sole-print-8-600x886.webp 600w\" sizes=\"(max-width: 790px) 100vw, 790px\" \/><\/figure>\n\n\n\n<figure class=\"wp-block-image size-large\"><img decoding=\"async\" width=\"790\" height=\"1389\" data-id=\"1990\" src=\"https:\/\/www.mappershoe.com\/wp-content\/uploads\/2025\/10\/eva-flip-flops-wholesale-for-men-with-hollow-out-sole-print-9.webp\" alt=\"eva-flip-flops-gro\u00dfhandel-f\u00fcr-m\u00e4nner-mit-hohlsohle-aufdruck-9\" class=\"wp-image-1990\" srcset=\"https:\/\/www.mappershoe.com\/wp-content\/uploads\/2025\/10\/eva-flip-flops-wholesale-for-men-with-hollow-out-sole-print-9.webp 790w, https:\/\/www.mappershoe.com\/wp-content\/uploads\/2025\/10\/eva-flip-flops-wholesale-for-men-with-hollow-out-sole-print-9-171x300.webp 171w, https:\/\/www.mappershoe.com\/wp-content\/uploads\/2025\/10\/eva-flip-flops-wholesale-for-men-with-hollow-out-sole-print-9-768x1350.webp 768w, https:\/\/www.mappershoe.com\/wp-content\/uploads\/2025\/10\/eva-flip-flops-wholesale-for-men-with-hollow-out-sole-print-9-7x12.webp 7w, https:\/\/www.mappershoe.com\/wp-content\/uploads\/2025\/10\/eva-flip-flops-wholesale-for-men-with-hollow-out-sole-print-9-600x1055.webp 600w\" sizes=\"(max-width: 790px) 100vw, 790px\" \/><\/figure>\n\n\n\n<figure class=\"wp-block-image size-large\"><img decoding=\"async\" width=\"790\" height=\"1057\" data-id=\"1991\" src=\"https:\/\/www.mappershoe.com\/wp-content\/uploads\/2025\/10\/eva-flip-flops-wholesale-for-men-with-hollow-out-sole-print-10.webp\" alt=\"eva-flip-flops-gro\u00dfhandel-f\u00fcr-m\u00e4nner-mit-ausgeh\u00f6hlter-sohle-druck-10\" class=\"wp-image-1991\" srcset=\"https:\/\/www.mappershoe.com\/wp-content\/uploads\/2025\/10\/eva-flip-flops-wholesale-for-men-with-hollow-out-sole-print-10.webp 790w, https:\/\/www.mappershoe.com\/wp-content\/uploads\/2025\/10\/eva-flip-flops-wholesale-for-men-with-hollow-out-sole-print-10-224x300.webp 224w, https:\/\/www.mappershoe.com\/wp-content\/uploads\/2025\/10\/eva-flip-flops-wholesale-for-men-with-hollow-out-sole-print-10-768x1028.webp 768w, https:\/\/www.mappershoe.com\/wp-content\/uploads\/2025\/10\/eva-flip-flops-wholesale-for-men-with-hollow-out-sole-print-10-9x12.webp 9w, https:\/\/www.mappershoe.com\/wp-content\/uploads\/2025\/10\/eva-flip-flops-wholesale-for-men-with-hollow-out-sole-print-10-600x803.webp 600w\" sizes=\"(max-width: 790px) 100vw, 790px\" \/><\/figure>\n<\/figure>","protected":false},"excerpt":{"rendered":"<p>Suchen Sie nach EVA-Flip-Flops f\u00fcr M\u00e4nner im Gro\u00dfhandel? Unsere OEM\/ODM-Eigenmarken-Strand-Flip-Flop-Slipper bieten leichten Komfort, luftige Hohlsohlen und bedruckbare individuelle Designs. Perfekt f\u00fcr Sommermode, Strandresorts und Marketing-Schuhfirmen. Perfekt f\u00fcr B2B-Kunden, die OEM\/ODM-Gro\u00dfhandelsauftr\u00e4ge zu Fabrikpreisen ben\u00f6tigen.<\/p>\n<h2>EVA Flip Flops Gro\u00dfhandel Spezifikationen:<\/h2>\n<table width=\"448\">\n<tbody>\n<tr>\n<td width=\"168\">Hersteller:<\/td>\n<td width=\"280\">Mingyi<\/td>\n<\/tr>\n<tr>\n<td>Stil:<\/td>\n<td>Flip Flops<\/td>\n<\/tr>\n<tr>\n<td>Modell:<\/td>\n<td>1916<\/td>\n<\/tr>\n<tr>\n<td>Material:\u00a0<\/td>\n<td>EVA<\/td>\n<\/tr>\n<tr>\n<td>Farbe:\u00a0<\/td>\n<td width=\"280\">Benutzerdefiniert<\/td>\n<\/tr>\n<tr>\n<td>Gr\u00f6\u00dfe:\u00a0<\/td>\n<td width=\"280\">Benutzerdefiniert<\/td>\n<\/tr>\n<tr>\n<td>Anpassungsoptionen:\u00a0<\/td>\n<td>Logo (Oberseite, Seite, Einlegesohle) \/ All-Over-Druck \/ Farbe \/ Material \/ Sohlendicke \/ Obermaterial<\/td>\n<\/tr>\n<tr>\n<td>Verpacken:\u00a0<\/td>\n<td>Kundenspezifische Verpackung<\/td>\n<\/tr>\n<tr>\n<td>Muster\uff1a<\/td>\n<td>Kostenlose Blindmuster<\/td>\n<\/tr>\n<\/tbody>\n<\/table>","protected":false},"featured_media":1983,"comment_status":"closed","ping_status":"closed","template":"","meta":{"_acf_changed":false},"product_brand":[],"product_cat":[17],"product_tag":[25,26],"class_list":{"0":"post-1981","1":"product","2":"type-product","3":"status-publish","4":"has-post-thumbnail","6":"product_cat-wholesale-flip-flops","7":"product_tag-eva-slippers-wholesale","8":"product_tag-mens-slippers-wholesale","10":"first","11":"instock","12":"shipping-taxable","13":"product-type-simple"},"acf":[],"_links":{"self":[{"href":"https:\/\/www.mappershoe.com\/de\/wp-json\/wp\/v2\/product\/1981","targetHints":{"allow":["GET"]}}],"collection":[{"href":"https:\/\/www.mappershoe.com\/de\/wp-json\/wp\/v2\/product"}],"about":[{"href":"https:\/\/www.mappershoe.com\/de\/wp-json\/wp\/v2\/types\/product"}],"replies":[{"embeddable":true,"href":"https:\/\/www.mappershoe.com\/de\/wp-json\/wp\/v2\/comments?post=1981"}],"wp:featuredmedia":[{"embeddable":true,"href":"https:\/\/www.mappershoe.com\/de\/wp-json\/wp\/v2\/media\/1983"}],"wp:attachment":[{"href":"https:\/\/www.mappershoe.com\/de\/wp-json\/wp\/v2\/media?parent=1981"}],"wp:term":[{"taxonomy":"product_brand","embeddable":true,"href":"https:\/\/www.mappershoe.com\/de\/wp-json\/wp\/v2\/product_brand?post=1981"},{"taxonomy":"product_cat","embeddable":true,"href":"https:\/\/www.mappershoe.com\/de\/wp-json\/wp\/v2\/product_cat?post=1981"},{"taxonomy":"product_tag","embeddable":true,"href":"https:\/\/www.mappershoe.com\/de\/wp-json\/wp\/v2\/product_tag?post=1981"}],"curies":[{"name":"wp","href":"https:\/\/api.w.org\/{rel}","templated":true}]}}