{"id":1993,"date":"2025-10-20T02:04:59","date_gmt":"2025-10-20T02:04:59","guid":{"rendered":"https:\/\/www.mappershoe.com\/?post_type=product&#038;p=1993"},"modified":"2025-10-27T06:28:55","modified_gmt":"2025-10-27T06:28:55","slug":"custom-printed-flip-flops","status":"publish","type":"product","link":"https:\/\/www.mappershoe.com\/de\/produkt\/custom-printed-flip-flops\/","title":{"rendered":"Individuell bedruckte Flip Flops mit voller Farbe, Gro\u00dfhandel EVA Flip Flops"},"content":{"rendered":"<div class=\"wp-block-columns is-layout-flex wp-container-core-columns-is-layout-9d6595d7 wp-block-columns-is-layout-flex\">\n<div class=\"wp-block-column is-layout-flow wp-block-column-is-layout-flow\">\n<h3 class=\"wp-block-heading\">Premium Custom Printed Flip Flops Merkmale:<\/h3>\n\n\n\n<p><strong>Leichtes und weiches EVA-Material: <\/strong>Unsere eigenen, individuell bedruckten Flip Flops bestehen aus leichtem, weichem und flexiblem EVA-Material, das gut gepolstert ist und eine gute Sto\u00dfd\u00e4mpfung sowie eine rutschfeste Qualit\u00e4t aufweist, die sich ideal f\u00fcr das bequeme Tragen in der Freizeit eignet.<\/p>\n\n\n\n<p><strong>Vollfarbiger individueller Aufdruck: <\/strong>Wir bieten einen Vollfarb-W\u00e4rmetransferdruck f\u00fcr unsere individuell bedruckten Flip Flops an, mit dem Sie Ihr Logo, Ihr Design, Ihr Veranstaltungsmotiv und vieles mehr in leuchtenden, farbechten Farben aufdrucken k\u00f6nnen.<\/p>\n\n\n\n<p><strong>Innovative gestanzte Verpackungen:<\/strong> Wir bieten diese Gro\u00dfhandels-Flip-Flops mit innovativen Designs in verschiedenen Formen (z. B. Tier, T-Shirt, rund, quadratisch, etc.). Einzigartige Verpackungen sind ein Blickfang und verbessern die Markenwerbung und die Pr\u00e4sentation im Einzelhandel.<\/p>\n\n\n\n<p><strong>Bequeme Passform:<\/strong> Die weiche Sohle und das ergonomische Design der Flip Flops aus dem Gro\u00dfhandel sorgen f\u00fcr Gehkomfort und eignen sich perfekt f\u00fcr den Alltag, f\u00fcr Ausfl\u00fcge zum Strand, zum Pool und f\u00fcr Aktivit\u00e4ten im Freien.<\/p>\n\n\n\n<p><strong>Gro\u00dfhandel und kundenspezifischer Service:<\/strong> Wir bieten Gro\u00dfeinkauf, schnelle Produktion und OEM\/ODM-Anpassungsdienste. Sie eignen sich perfekt f\u00fcr Markenveranstaltungen, Werbegeschenke oder Urlaubsvergn\u00fcgen.<\/p>\n<\/div>\n\n\n\n<div class=\"wp-block-column is-layout-flow wp-block-column-is-layout-flow\">\n<figure class=\"wp-block-image size-full\"><img decoding=\"async\" width=\"1000\" height=\"1000\" src=\"https:\/\/www.mappershoe.com\/wp-content\/uploads\/2025\/10\/custom-printed-flip-flops-with-full-color-eva-flip-flop-bulk-3.webp\" alt=\"individuell bedruckte-flip-flops-mit-vollen-farben-eva-flip-flop-bulk-3\" class=\"wp-image-1996\" srcset=\"https:\/\/www.mappershoe.com\/wp-content\/uploads\/2025\/10\/custom-printed-flip-flops-with-full-color-eva-flip-flop-bulk-3.webp 1000w, https:\/\/www.mappershoe.com\/wp-content\/uploads\/2025\/10\/custom-printed-flip-flops-with-full-color-eva-flip-flop-bulk-3-300x300.webp 300w, https:\/\/www.mappershoe.com\/wp-content\/uploads\/2025\/10\/custom-printed-flip-flops-with-full-color-eva-flip-flop-bulk-3-150x150.webp 150w, https:\/\/www.mappershoe.com\/wp-content\/uploads\/2025\/10\/custom-printed-flip-flops-with-full-color-eva-flip-flop-bulk-3-768x768.webp 768w, https:\/\/www.mappershoe.com\/wp-content\/uploads\/2025\/10\/custom-printed-flip-flops-with-full-color-eva-flip-flop-bulk-3-12x12.webp 12w, https:\/\/www.mappershoe.com\/wp-content\/uploads\/2025\/10\/custom-printed-flip-flops-with-full-color-eva-flip-flop-bulk-3-600x600.webp 600w, https:\/\/www.mappershoe.com\/wp-content\/uploads\/2025\/10\/custom-printed-flip-flops-with-full-color-eva-flip-flop-bulk-3-100x100.webp 100w\" sizes=\"(max-width: 1000px) 100vw, 1000px\" \/><\/figure>\n<\/div>\n<\/div>\n\n\n\n<figure class=\"wp-block-gallery has-nested-images columns-4 is-cropped wp-block-gallery-1 is-layout-flex wp-block-gallery-is-layout-flex\">\n<figure class=\"wp-block-image size-large\"><img decoding=\"async\" width=\"790\" height=\"1167\" data-id=\"2000\" src=\"https:\/\/www.mappershoe.com\/wp-content\/uploads\/2025\/10\/custom-printed-flip-flops-with-full-color-eva-flip-flop-bulk-7.webp\" alt=\"individuell bedruckte-flip-flops-mit-vollen-farben-eva-flip-flop-bulk-7\" class=\"wp-image-2000\" srcset=\"https:\/\/www.mappershoe.com\/wp-content\/uploads\/2025\/10\/custom-printed-flip-flops-with-full-color-eva-flip-flop-bulk-7.webp 790w, https:\/\/www.mappershoe.com\/wp-content\/uploads\/2025\/10\/custom-printed-flip-flops-with-full-color-eva-flip-flop-bulk-7-203x300.webp 203w, https:\/\/www.mappershoe.com\/wp-content\/uploads\/2025\/10\/custom-printed-flip-flops-with-full-color-eva-flip-flop-bulk-7-768x1135.webp 768w, https:\/\/www.mappershoe.com\/wp-content\/uploads\/2025\/10\/custom-printed-flip-flops-with-full-color-eva-flip-flop-bulk-7-8x12.webp 8w, https:\/\/www.mappershoe.com\/wp-content\/uploads\/2025\/10\/custom-printed-flip-flops-with-full-color-eva-flip-flop-bulk-7-600x886.webp 600w\" sizes=\"(max-width: 790px) 100vw, 790px\" \/><\/figure>\n\n\n\n<figure class=\"wp-block-image size-large\"><img decoding=\"async\" width=\"790\" height=\"1389\" data-id=\"2001\" src=\"https:\/\/www.mappershoe.com\/wp-content\/uploads\/2025\/10\/custom-printed-flip-flops-with-full-color-eva-flip-flop-bulk-8.webp\" alt=\"individuell bedruckte-flip-flops-mit-vollen-farben-eva-flip-flop-bulk-8\" class=\"wp-image-2001\" srcset=\"https:\/\/www.mappershoe.com\/wp-content\/uploads\/2025\/10\/custom-printed-flip-flops-with-full-color-eva-flip-flop-bulk-8.webp 790w, https:\/\/www.mappershoe.com\/wp-content\/uploads\/2025\/10\/custom-printed-flip-flops-with-full-color-eva-flip-flop-bulk-8-171x300.webp 171w, https:\/\/www.mappershoe.com\/wp-content\/uploads\/2025\/10\/custom-printed-flip-flops-with-full-color-eva-flip-flop-bulk-8-768x1350.webp 768w, https:\/\/www.mappershoe.com\/wp-content\/uploads\/2025\/10\/custom-printed-flip-flops-with-full-color-eva-flip-flop-bulk-8-7x12.webp 7w, https:\/\/www.mappershoe.com\/wp-content\/uploads\/2025\/10\/custom-printed-flip-flops-with-full-color-eva-flip-flop-bulk-8-600x1055.webp 600w\" sizes=\"(max-width: 790px) 100vw, 790px\" \/><\/figure>\n\n\n\n<figure class=\"wp-block-image size-large\"><img decoding=\"async\" width=\"790\" height=\"1057\" data-id=\"2003\" src=\"https:\/\/www.mappershoe.com\/wp-content\/uploads\/2025\/10\/custom-printed-flip-flops-with-full-color-eva-flip-flop-bulk-10.webp\" alt=\"individuell bedruckte-flip-flops-mit-vollen-farben-eva-flip-flop-bulk-10\" class=\"wp-image-2003\" srcset=\"https:\/\/www.mappershoe.com\/wp-content\/uploads\/2025\/10\/custom-printed-flip-flops-with-full-color-eva-flip-flop-bulk-10.webp 790w, https:\/\/www.mappershoe.com\/wp-content\/uploads\/2025\/10\/custom-printed-flip-flops-with-full-color-eva-flip-flop-bulk-10-224x300.webp 224w, https:\/\/www.mappershoe.com\/wp-content\/uploads\/2025\/10\/custom-printed-flip-flops-with-full-color-eva-flip-flop-bulk-10-768x1028.webp 768w, https:\/\/www.mappershoe.com\/wp-content\/uploads\/2025\/10\/custom-printed-flip-flops-with-full-color-eva-flip-flop-bulk-10-9x12.webp 9w, https:\/\/www.mappershoe.com\/wp-content\/uploads\/2025\/10\/custom-printed-flip-flops-with-full-color-eva-flip-flop-bulk-10-600x803.webp 600w\" sizes=\"(max-width: 790px) 100vw, 790px\" \/><\/figure>\n\n\n\n<figure class=\"wp-block-image size-large\"><img decoding=\"async\" width=\"790\" height=\"1212\" data-id=\"2004\" src=\"https:\/\/www.mappershoe.com\/wp-content\/uploads\/2025\/10\/custom-printed-flip-flops-with-full-color-eva-flip-flop-bulk-11.webp\" alt=\"individuell bedruckte-flip-flops-mit-vollen-farben-eva-flip-flop-bulk-11\" class=\"wp-image-2004\" srcset=\"https:\/\/www.mappershoe.com\/wp-content\/uploads\/2025\/10\/custom-printed-flip-flops-with-full-color-eva-flip-flop-bulk-11.webp 790w, https:\/\/www.mappershoe.com\/wp-content\/uploads\/2025\/10\/custom-printed-flip-flops-with-full-color-eva-flip-flop-bulk-11-196x300.webp 196w, https:\/\/www.mappershoe.com\/wp-content\/uploads\/2025\/10\/custom-printed-flip-flops-with-full-color-eva-flip-flop-bulk-11-768x1178.webp 768w, https:\/\/www.mappershoe.com\/wp-content\/uploads\/2025\/10\/custom-printed-flip-flops-with-full-color-eva-flip-flop-bulk-11-8x12.webp 8w, https:\/\/www.mappershoe.com\/wp-content\/uploads\/2025\/10\/custom-printed-flip-flops-with-full-color-eva-flip-flop-bulk-11-600x921.webp 600w\" sizes=\"(max-width: 790px) 100vw, 790px\" \/><\/figure>\n<\/figure>","protected":false},"excerpt":{"rendered":"<p>Willkommen zum Kauf unserer individuell bedruckten Flip Flops sind aus leichtem, weichem EVA-Material mit ausgezeichneter Elastizit\u00e4t und Anti-Rutsch-Eigenschaften gemacht. Es gibt W\u00e4rme\u00fcbertragung Druck auf der Oberseite, mit voller Breite personalisierte Grafiken F\u00e4higkeit und Farbe Langlebigkeit. Egal, ob Sie eine Markenwerbung, ein Firmengeschenk, einen Strandausflug oder ein individuelles Programm f\u00fcr den Einzelhandel entwerfen, Ihre Marke wird mit diesen bedruckten EVA-Flip-Flops Spa\u00df und innovativen Wert hinzuf\u00fcgen.<\/p>\n<h2>Individuell bedruckte Flip Flops Spezifikationen:<\/h2>\n<table width=\"448\">\n<tbody>\n<tr>\n<td width=\"168\">Hersteller:<\/td>\n<td width=\"280\">Mingyi<\/td>\n<\/tr>\n<tr>\n<td>Stil:<\/td>\n<td>Flip Flops<\/td>\n<\/tr>\n<tr>\n<td>Modell:<\/td>\n<td>1917<\/td>\n<\/tr>\n<tr>\n<td>Material:\u00a0<\/td>\n<td>EVA<\/td>\n<\/tr>\n<tr>\n<td>Farbe:\u00a0<\/td>\n<td width=\"280\">Benutzerdefiniert<\/td>\n<\/tr>\n<tr>\n<td>Gr\u00f6\u00dfe:\u00a0<\/td>\n<td width=\"280\">Benutzerdefiniert<\/td>\n<\/tr>\n<tr>\n<td>Anpassungsoptionen:\u00a0<\/td>\n<td>Logo (Oberseite, Seite, Einlegesohle) \/ All-Over-Druck \/ Farbe \/ Material \/ Sohlendicke \/ Obermaterial<\/td>\n<\/tr>\n<tr>\n<td>Verpacken:\u00a0<\/td>\n<td>Kundenspezifische Verpackung<\/td>\n<\/tr>\n<tr>\n<td>Muster\uff1a<\/td>\n<td>Kostenlose Blindmuster<\/td>\n<\/tr>\n<\/tbody>\n<\/table>","protected":false},"featured_media":1994,"comment_status":"closed","ping_status":"closed","template":"","meta":{"_acf_changed":false},"product_brand":[],"product_cat":[17],"product_tag":[25,26],"class_list":{"0":"post-1993","1":"product","2":"type-product","3":"status-publish","4":"has-post-thumbnail","6":"product_cat-wholesale-flip-flops","7":"product_tag-eva-slippers-wholesale","8":"product_tag-mens-slippers-wholesale","10":"first","11":"instock","12":"shipping-taxable","13":"product-type-simple"},"acf":[],"_links":{"self":[{"href":"https:\/\/www.mappershoe.com\/de\/wp-json\/wp\/v2\/product\/1993","targetHints":{"allow":["GET"]}}],"collection":[{"href":"https:\/\/www.mappershoe.com\/de\/wp-json\/wp\/v2\/product"}],"about":[{"href":"https:\/\/www.mappershoe.com\/de\/wp-json\/wp\/v2\/types\/product"}],"replies":[{"embeddable":true,"href":"https:\/\/www.mappershoe.com\/de\/wp-json\/wp\/v2\/comments?post=1993"}],"wp:featuredmedia":[{"embeddable":true,"href":"https:\/\/www.mappershoe.com\/de\/wp-json\/wp\/v2\/media\/1994"}],"wp:attachment":[{"href":"https:\/\/www.mappershoe.com\/de\/wp-json\/wp\/v2\/media?parent=1993"}],"wp:term":[{"taxonomy":"product_brand","embeddable":true,"href":"https:\/\/www.mappershoe.com\/de\/wp-json\/wp\/v2\/product_brand?post=1993"},{"taxonomy":"product_cat","embeddable":true,"href":"https:\/\/www.mappershoe.com\/de\/wp-json\/wp\/v2\/product_cat?post=1993"},{"taxonomy":"product_tag","embeddable":true,"href":"https:\/\/www.mappershoe.com\/de\/wp-json\/wp\/v2\/product_tag?post=1993"}],"curies":[{"name":"wp","href":"https:\/\/api.w.org\/{rel}","templated":true}]}}