{"id":2007,"date":"2025-10-20T06:36:19","date_gmt":"2025-10-20T06:36:19","guid":{"rendered":"https:\/\/www.mappershoe.com\/?post_type=product&#038;p=2007"},"modified":"2025-10-25T02:31:16","modified_gmt":"2025-10-25T02:31:16","slug":"custom-flip-flop-soles","status":"publish","type":"product","link":"https:\/\/www.mappershoe.com\/de\/produkt\/custom-flip-flop-soles\/","title":{"rendered":"Bulk Custom Flip Flop Sohlen, EVA Slipper Sohle Versorgung"},"content":{"rendered":"<div class=\"wp-block-columns is-layout-flex wp-container-core-columns-is-layout-9d6595d7 wp-block-columns-is-layout-flex\">\n<div class=\"wp-block-column is-layout-flow wp-block-column-is-layout-flow\">\n<h3 class=\"wp-block-heading\">Premium Custom Flip Flop Sohlen Merkmale:<\/h3>\n\n\n\n<p><strong>Hochwertiges EVA-Material: <\/strong>Die aus hochdichtem EVA-Material gefertigten Flip-Flop-Sohlen sind weich und leicht, rutschfest und abriebfest, so dass sie bequem und langlebig sind.<\/p>\n\n\n\n<p><strong>Anpassung Design:<\/strong> Kundenspezifische Farben, Dicken und Gr\u00f6\u00dfen k\u00f6nnen angeboten werden, und es besteht die M\u00f6glichkeit, die Farbe der Spitze nach OEM\/ODM-Spezifikationen zu w\u00e4hlen.<\/p>\n\n\n\n<p><strong>Einfache Montage: <\/strong>Unsere losen Eva-Pantoffelsohlen sind mit Befestigungsl\u00f6chern und einem einfachen Werkzeug ausgestattet, so dass die Benutzer die Schn\u00fcrsenkel leicht selbst anbringen k\u00f6nnen. Sie sind daher ideal f\u00fcr Heimwerkerprojekte oder Kleinserien.<\/p>\n\n\n\n<p><strong>Vielseitige Anwendungen: <\/strong>Geeignet f\u00fcr kundenspezifische Flip-Flop-Fabriken, die Produktion von Werbegeschenken, DIY-Kurse f\u00fcr Strand-Flip-Flops oder die Entwicklung von Markenmustern.<\/p>\n\n\n\n<p><strong>Erh\u00e4ltlich in verschiedenen Gr\u00f6\u00dfen und Farben:<\/strong> Wir bieten mehrere Sohlengr\u00f6\u00dfen f\u00fcr Kinder, M\u00e4nner und Frauen sowie eine Vielzahl beliebter Farben an, um die Designanforderungen verschiedener M\u00e4rkte und Marken zu erf\u00fcllen.<\/p>\n\n\n\n<p><strong>Lieferung in gro\u00dfen Mengen und schnelle Lieferung:<\/strong> Direktlieferung ab Werk, wettbewerbsf\u00e4hige Preise f\u00fcr Gro\u00dfbestellungen und weltweiter Versand m\u00f6glich. Diese kundenspezifischen Flip-Flop-Sohlen sind perfekt f\u00fcr Gro\u00dfh\u00e4ndler und Pantoffelhersteller.<\/p>\n<\/div>\n\n\n\n<div class=\"wp-block-column is-layout-flow wp-block-column-is-layout-flow\">\n<figure class=\"wp-block-image size-full\"><img decoding=\"async\" width=\"1000\" height=\"1000\" src=\"https:\/\/www.mappershoe.com\/wp-content\/uploads\/2025\/10\/factory-supply-custom-flip-flop-soles-bulk-eva-slipper-sole-11.webp\" alt=\"werksseitig-angepasste-flip-flop-sohlen-bulk-eva-slipper-sohle-11\" class=\"wp-image-2012\" srcset=\"https:\/\/www.mappershoe.com\/wp-content\/uploads\/2025\/10\/factory-supply-custom-flip-flop-soles-bulk-eva-slipper-sole-11.webp 1000w, https:\/\/www.mappershoe.com\/wp-content\/uploads\/2025\/10\/factory-supply-custom-flip-flop-soles-bulk-eva-slipper-sole-11-300x300.webp 300w, https:\/\/www.mappershoe.com\/wp-content\/uploads\/2025\/10\/factory-supply-custom-flip-flop-soles-bulk-eva-slipper-sole-11-150x150.webp 150w, https:\/\/www.mappershoe.com\/wp-content\/uploads\/2025\/10\/factory-supply-custom-flip-flop-soles-bulk-eva-slipper-sole-11-768x768.webp 768w, https:\/\/www.mappershoe.com\/wp-content\/uploads\/2025\/10\/factory-supply-custom-flip-flop-soles-bulk-eva-slipper-sole-11-12x12.webp 12w, https:\/\/www.mappershoe.com\/wp-content\/uploads\/2025\/10\/factory-supply-custom-flip-flop-soles-bulk-eva-slipper-sole-11-600x600.webp 600w, https:\/\/www.mappershoe.com\/wp-content\/uploads\/2025\/10\/factory-supply-custom-flip-flop-soles-bulk-eva-slipper-sole-11-100x100.webp 100w\" sizes=\"(max-width: 1000px) 100vw, 1000px\" \/><\/figure>\n<\/div>\n<\/div>\n\n\n\n<figure class=\"wp-block-gallery has-nested-images columns-default is-cropped wp-block-gallery-1 is-layout-flex wp-block-gallery-is-layout-flex\">\n<figure class=\"wp-block-image size-large\"><img decoding=\"async\" width=\"790\" height=\"1167\" data-id=\"2008\" src=\"https:\/\/www.mappershoe.com\/wp-content\/uploads\/2025\/10\/factory-supply-custom-flip-flop-soles-bulk-eva-slipper-sole-7.webp\" alt=\"werksseitig-angepasste-flip-flop-sohlen-bulk-eva-slipper-sohle-7\" class=\"wp-image-2008\" srcset=\"https:\/\/www.mappershoe.com\/wp-content\/uploads\/2025\/10\/factory-supply-custom-flip-flop-soles-bulk-eva-slipper-sole-7.webp 790w, https:\/\/www.mappershoe.com\/wp-content\/uploads\/2025\/10\/factory-supply-custom-flip-flop-soles-bulk-eva-slipper-sole-7-203x300.webp 203w, https:\/\/www.mappershoe.com\/wp-content\/uploads\/2025\/10\/factory-supply-custom-flip-flop-soles-bulk-eva-slipper-sole-7-768x1135.webp 768w, https:\/\/www.mappershoe.com\/wp-content\/uploads\/2025\/10\/factory-supply-custom-flip-flop-soles-bulk-eva-slipper-sole-7-8x12.webp 8w, https:\/\/www.mappershoe.com\/wp-content\/uploads\/2025\/10\/factory-supply-custom-flip-flop-soles-bulk-eva-slipper-sole-7-600x886.webp 600w\" sizes=\"(max-width: 790px) 100vw, 790px\" \/><\/figure>\n\n\n\n<figure class=\"wp-block-image size-large\"><img decoding=\"async\" width=\"790\" height=\"1057\" data-id=\"2010\" src=\"https:\/\/www.mappershoe.com\/wp-content\/uploads\/2025\/10\/factory-supply-custom-flip-flop-soles-bulk-eva-slipper-sole-9.webp\" alt=\"werksseitig-angepasste-flip-flop-sohlen-bulk-eva-slipper-sohle-9\" class=\"wp-image-2010\" srcset=\"https:\/\/www.mappershoe.com\/wp-content\/uploads\/2025\/10\/factory-supply-custom-flip-flop-soles-bulk-eva-slipper-sole-9.webp 790w, https:\/\/www.mappershoe.com\/wp-content\/uploads\/2025\/10\/factory-supply-custom-flip-flop-soles-bulk-eva-slipper-sole-9-224x300.webp 224w, https:\/\/www.mappershoe.com\/wp-content\/uploads\/2025\/10\/factory-supply-custom-flip-flop-soles-bulk-eva-slipper-sole-9-768x1028.webp 768w, https:\/\/www.mappershoe.com\/wp-content\/uploads\/2025\/10\/factory-supply-custom-flip-flop-soles-bulk-eva-slipper-sole-9-9x12.webp 9w, https:\/\/www.mappershoe.com\/wp-content\/uploads\/2025\/10\/factory-supply-custom-flip-flop-soles-bulk-eva-slipper-sole-9-600x803.webp 600w\" sizes=\"(max-width: 790px) 100vw, 790px\" \/><\/figure>\n\n\n\n<figure class=\"wp-block-image size-large\"><img decoding=\"async\" width=\"790\" height=\"1389\" data-id=\"2009\" src=\"https:\/\/www.mappershoe.com\/wp-content\/uploads\/2025\/10\/factory-supply-custom-flip-flop-soles-bulk-eva-slipper-sole-8.webp\" alt=\"werksseitig-angepasste-flip-flop-sohlen-bulk-eva-slipper-sohle-8\" class=\"wp-image-2009\" srcset=\"https:\/\/www.mappershoe.com\/wp-content\/uploads\/2025\/10\/factory-supply-custom-flip-flop-soles-bulk-eva-slipper-sole-8.webp 790w, https:\/\/www.mappershoe.com\/wp-content\/uploads\/2025\/10\/factory-supply-custom-flip-flop-soles-bulk-eva-slipper-sole-8-171x300.webp 171w, https:\/\/www.mappershoe.com\/wp-content\/uploads\/2025\/10\/factory-supply-custom-flip-flop-soles-bulk-eva-slipper-sole-8-768x1350.webp 768w, https:\/\/www.mappershoe.com\/wp-content\/uploads\/2025\/10\/factory-supply-custom-flip-flop-soles-bulk-eva-slipper-sole-8-7x12.webp 7w, https:\/\/www.mappershoe.com\/wp-content\/uploads\/2025\/10\/factory-supply-custom-flip-flop-soles-bulk-eva-slipper-sole-8-600x1055.webp 600w\" sizes=\"(max-width: 790px) 100vw, 790px\" \/><\/figure>\n<\/figure>","protected":false},"excerpt":{"rendered":"<p>Willkommen beim Kauf dieser EVA-Flip-Flop-Sohlen, passender Riemen und Installationswerkzeuge, die f\u00fcr die Massenproduktion von Hausschuhen entwickelt wurden. Diese robusten und weichen EVA-Material bulk eva flip flop Sohlen sind f\u00fcr die bequeme Montage vorgestanzt. Sie sind rutschfest und angenehm zu tragen. Dieses Paket eignet sich am besten f\u00fcr OEM-Flip-Flop-Unternehmen, Hersteller von Hausschuhen nach Ma\u00df, Werbegeschenke oder OEM-Flip-Flops. Mit diesem Paket k\u00f6nnen Sie Ihre eigenen Marken-Flip-Flops mit einstellbarer Farb- und Gr\u00f6\u00dfenflexibilit\u00e4t herstellen.<\/p>\n<h2>Individuelle Flip-Flop-Sohlen Spezifikationen:<\/h2>\n<table width=\"448\">\n<tbody>\n<tr>\n<td width=\"168\">Hersteller:<\/td>\n<td width=\"280\">Mingyi<\/td>\n<\/tr>\n<tr>\n<td>Stil:<\/td>\n<td>Slipper Teile<\/td>\n<\/tr>\n<tr>\n<td>Modell:<\/td>\n<td>1918<\/td>\n<\/tr>\n<tr>\n<td>Material:\u00a0<\/td>\n<td>EVA<\/td>\n<\/tr>\n<tr>\n<td>Farbe:\u00a0<\/td>\n<td>Benutzerdefiniert<\/td>\n<\/tr>\n<tr>\n<td>Gr\u00f6\u00dfe:\u00a0<\/td>\n<td width=\"280\">Benutzerdefiniert<\/td>\n<\/tr>\n<tr>\n<td>Anpassungsoptionen:\u00a0<\/td>\n<td>Logo (Oberseite, Seite, Einlegesohle) \/ All-Over-Druck \/ Farbe \/ Material \/ Sohlendicke \/ Obermaterial<\/td>\n<\/tr>\n<tr>\n<td>Verpacken:\u00a0<\/td>\n<td>Kundenspezifische Verpackung<\/td>\n<\/tr>\n<tr>\n<td>Muster\uff1a<\/td>\n<td>Kostenlose Blindmuster<\/td>\n<\/tr>\n<\/tbody>\n<\/table>","protected":false},"featured_media":2011,"comment_status":"closed","ping_status":"closed","template":"","meta":{"_acf_changed":false},"product_brand":[],"product_cat":[16],"product_tag":[],"class_list":{"0":"post-2007","1":"product","2":"type-product","3":"status-publish","4":"has-post-thumbnail","6":"product_cat-wholesale-slipper-parts","8":"first","9":"instock","10":"shipping-taxable","11":"product-type-simple"},"acf":[],"_links":{"self":[{"href":"https:\/\/www.mappershoe.com\/de\/wp-json\/wp\/v2\/product\/2007","targetHints":{"allow":["GET"]}}],"collection":[{"href":"https:\/\/www.mappershoe.com\/de\/wp-json\/wp\/v2\/product"}],"about":[{"href":"https:\/\/www.mappershoe.com\/de\/wp-json\/wp\/v2\/types\/product"}],"replies":[{"embeddable":true,"href":"https:\/\/www.mappershoe.com\/de\/wp-json\/wp\/v2\/comments?post=2007"}],"wp:featuredmedia":[{"embeddable":true,"href":"https:\/\/www.mappershoe.com\/de\/wp-json\/wp\/v2\/media\/2011"}],"wp:attachment":[{"href":"https:\/\/www.mappershoe.com\/de\/wp-json\/wp\/v2\/media?parent=2007"}],"wp:term":[{"taxonomy":"product_brand","embeddable":true,"href":"https:\/\/www.mappershoe.com\/de\/wp-json\/wp\/v2\/product_brand?post=2007"},{"taxonomy":"product_cat","embeddable":true,"href":"https:\/\/www.mappershoe.com\/de\/wp-json\/wp\/v2\/product_cat?post=2007"},{"taxonomy":"product_tag","embeddable":true,"href":"https:\/\/www.mappershoe.com\/de\/wp-json\/wp\/v2\/product_tag?post=2007"}],"curies":[{"name":"wp","href":"https:\/\/api.w.org\/{rel}","templated":true}]}}