{"id":2121,"date":"2026-01-03T08:25:58","date_gmt":"2026-01-03T08:25:58","guid":{"rendered":"https:\/\/www.mappershoe.com\/?post_type=product&#038;p=2121"},"modified":"2026-01-03T08:26:05","modified_gmt":"2026-01-03T08:26:05","slug":"crocs-wholesale","status":"publish","type":"product","link":"https:\/\/www.mappershoe.com\/de\/produkt\/crocs-wholesale\/","title":{"rendered":"Klassische Crocs Gro\u00dfhandel in mehreren Farben, benutzerdefinierte EVA Clog Sandalen"},"content":{"rendered":"<div class=\"wp-block-columns is-layout-flex wp-container-core-columns-is-layout-9d6595d7 wp-block-columns-is-layout-flex\">\n<div class=\"wp-block-column is-layout-flow wp-block-column-is-layout-flow\">\n<h3 class=\"wp-block-heading\">Premium Crocs Gro\u00dfhandel Merkmale:<\/h3>\n\n\n\n<p><strong>Hochwertiges EVA-Material:<\/strong> Diese Crocs Gro\u00dfhandel sind von hoher Elastizit\u00e4t EVA gemacht, es ist weich, leicht, umweltfreundlich und geruchsneutral. Entwickelt, um die Fu\u00dfform zu passen, geeignet f\u00fcr langfristige Stehen und Gehen.<\/p>\n\n\n\n<p><strong>Einfarbiges Au\u00dfendesign:<\/strong> Diese ma\u00dfgefertigten eva Clog-Sandalen zeichnen sich durch glatte Linien und ein atmungsaktives, perforiertes Array-Design aus, das ein l\u00e4ssiges und dennoch luxuri\u00f6ses Gef\u00fchl vermittelt.<\/p>\n\n\n\n<p><strong>Ma\u00dfgeschneiderte Handwerkskunst:<\/strong> Diese benutzerdefinierten eva clog Sandalen bieten eine Vielzahl von Farben, Gr\u00f6\u00dfen. Unterst\u00fctzung Pantone Farbanpassung, personalisierte Logo schnelle Anpassung durch Siebdruck, Pr\u00e4gung, Stickerei, etc. OEM\/ODM und schnelle Lieferung f\u00fcr gro\u00dfe Mengen.<\/p>\n\n\n\n<p><strong>F\u00e4higkeit der Fabrik:<\/strong> Die fabrikneuen Crocs Gro\u00dfhandel sind unisex und perfekt f\u00fcr jede Aktivit\u00e4t f\u00fcr M\u00e4nner und Frauen. Perfekt f\u00fcr den Strand, zu Hause, auf Reisen, drau\u00dfen oder \u00fcberall sonst in der Sonne.<\/p>\n<\/div>\n\n\n\n<div class=\"wp-block-column is-layout-flow wp-block-column-is-layout-flow\">\n<figure class=\"wp-block-image size-full\"><img decoding=\"async\" width=\"2048\" height=\"2048\" src=\"https:\/\/www.mappershoe.com\/wp-content\/uploads\/2025\/12\/Wholesale-Crocs-shoes-Multiple-colors-classic-custom-EVA-sandals-for-men-women-children-4.webp\" alt=\"klassische-crocs-gro\u00dfhandel-in-farben-individuelle-eva-clog-sandalen-4\" class=\"wp-image-2122\" srcset=\"https:\/\/www.mappershoe.com\/wp-content\/uploads\/2025\/12\/Wholesale-Crocs-shoes-Multiple-colors-classic-custom-EVA-sandals-for-men-women-children-4.webp 2048w, https:\/\/www.mappershoe.com\/wp-content\/uploads\/2025\/12\/Wholesale-Crocs-shoes-Multiple-colors-classic-custom-EVA-sandals-for-men-women-children-4-300x300.webp 300w, https:\/\/www.mappershoe.com\/wp-content\/uploads\/2025\/12\/Wholesale-Crocs-shoes-Multiple-colors-classic-custom-EVA-sandals-for-men-women-children-4-150x150.webp 150w, https:\/\/www.mappershoe.com\/wp-content\/uploads\/2025\/12\/Wholesale-Crocs-shoes-Multiple-colors-classic-custom-EVA-sandals-for-men-women-children-4-768x768.webp 768w, https:\/\/www.mappershoe.com\/wp-content\/uploads\/2025\/12\/Wholesale-Crocs-shoes-Multiple-colors-classic-custom-EVA-sandals-for-men-women-children-4-12x12.webp 12w, https:\/\/www.mappershoe.com\/wp-content\/uploads\/2025\/12\/Wholesale-Crocs-shoes-Multiple-colors-classic-custom-EVA-sandals-for-men-women-children-4-1200x1200.webp 1200w, https:\/\/www.mappershoe.com\/wp-content\/uploads\/2025\/12\/Wholesale-Crocs-shoes-Multiple-colors-classic-custom-EVA-sandals-for-men-women-children-4-600x600.webp 600w, https:\/\/www.mappershoe.com\/wp-content\/uploads\/2025\/12\/Wholesale-Crocs-shoes-Multiple-colors-classic-custom-EVA-sandals-for-men-women-children-4-100x100.webp 100w\" sizes=\"(max-width: 2048px) 100vw, 2048px\" \/><\/figure>\n<\/div>\n<\/div>\n\n\n\n<p><\/p>","protected":false},"excerpt":{"rendered":"<p>Willkommen zum Kauf unserer Crocs Gro\u00dfhandel, geeignet f\u00fcr den Strand, Pool, Outdoor-und anderen nassen Umgebungen. Unsere benutzerdefinierten Clogs Hausschuhe sind aus hochelastischem EVA-Material, das leicht, weich, verschlei\u00dffest und bequem ist, und haben ein por\u00f6ses und atmungsaktives Design auf der Oberseite, um Frische und Trockenheit im Sommer zu gew\u00e4hrleisten. Wir unterst\u00fctzen OEM\/ODM-Service Flexibilit\u00e4t und helfen Marken den Markt zu erweitern.<\/p>\n<h2>Crocs Gro\u00dfhandel Spezifikationen:<\/h2>\n<table width=\"777\">\n<tbody>\n<tr>\n<td width=\"291\">Hersteller:<\/td>\n<td width=\"486\">Mingyi<\/td>\n<\/tr>\n<tr>\n<td>Stil:<\/td>\n<td>Crocs Schuhe<\/td>\n<\/tr>\n<tr>\n<td>Modell:<\/td>\n<td>101<\/td>\n<\/tr>\n<tr>\n<td>Material:\u00a0<\/td>\n<td>EVA<\/td>\n<\/tr>\n<tr>\n<td>Farbe:\u00a0<\/td>\n<td>Schwarz, Wei\u00df, Rot, Rosa, Orange, Gelb, Mintgr\u00fcn, Khaki, Blau, Dunkelblau, Dunstblau, Hellblau, Rosenrot, Kaffee<\/td>\n<\/tr>\n<tr>\n<td>Gr\u00f6\u00dfe:\u00a0<\/td>\n<td>36-37, 38-39,40-41, 42-43,44-45<\/td>\n<\/tr>\n<tr>\n<td>Anpassungsoptionen:\u00a0<\/td>\n<td>Logo (Oberseite, Seite, Einlegesohle) \/ All-Over-Druck \/ Farbe \/ Material \/ Sohlendicke \/ Obermaterial<\/td>\n<\/tr>\n<tr>\n<td>Verpacken:\u00a0<\/td>\n<td>Kundenspezifische Verpackung<\/td>\n<\/tr>\n<tr>\n<td>Muster\uff1a<\/td>\n<td>Kostenlose Blindmuster<\/td>\n<\/tr>\n<\/tbody>\n<\/table>","protected":false},"featured_media":2123,"comment_status":"closed","ping_status":"closed","template":"","meta":{"_acf_changed":false},"product_brand":[],"product_cat":[18],"product_tag":[25,26,27],"class_list":{"0":"post-2121","1":"product","2":"type-product","3":"status-publish","4":"has-post-thumbnail","6":"product_cat-wholesale-crocs-shoes","7":"product_tag-eva-slippers-wholesale","8":"product_tag-mens-slippers-wholesale","9":"product_tag-wholesale-womens-slippers","11":"first","12":"instock","13":"shipping-taxable","14":"product-type-simple"},"acf":[],"_links":{"self":[{"href":"https:\/\/www.mappershoe.com\/de\/wp-json\/wp\/v2\/product\/2121","targetHints":{"allow":["GET"]}}],"collection":[{"href":"https:\/\/www.mappershoe.com\/de\/wp-json\/wp\/v2\/product"}],"about":[{"href":"https:\/\/www.mappershoe.com\/de\/wp-json\/wp\/v2\/types\/product"}],"replies":[{"embeddable":true,"href":"https:\/\/www.mappershoe.com\/de\/wp-json\/wp\/v2\/comments?post=2121"}],"wp:featuredmedia":[{"embeddable":true,"href":"https:\/\/www.mappershoe.com\/de\/wp-json\/wp\/v2\/media\/2123"}],"wp:attachment":[{"href":"https:\/\/www.mappershoe.com\/de\/wp-json\/wp\/v2\/media?parent=2121"}],"wp:term":[{"taxonomy":"product_brand","embeddable":true,"href":"https:\/\/www.mappershoe.com\/de\/wp-json\/wp\/v2\/product_brand?post=2121"},{"taxonomy":"product_cat","embeddable":true,"href":"https:\/\/www.mappershoe.com\/de\/wp-json\/wp\/v2\/product_cat?post=2121"},{"taxonomy":"product_tag","embeddable":true,"href":"https:\/\/www.mappershoe.com\/de\/wp-json\/wp\/v2\/product_tag?post=2121"}],"curies":[{"name":"wp","href":"https:\/\/api.w.org\/{rel}","templated":true}]}}