{"id":2168,"date":"2026-01-14T03:02:37","date_gmt":"2026-01-14T03:02:37","guid":{"rendered":"https:\/\/www.mappershoe.com\/?post_type=product&#038;p=2168"},"modified":"2026-01-14T03:05:45","modified_gmt":"2026-01-14T03:05:45","slug":"croc-style-shoes-wholesale","status":"publish","type":"product","link":"https:\/\/www.mappershoe.com\/de\/produkt\/croc-style-shoes-wholesale\/","title":{"rendered":"Croc Style Schuhe Gro\u00dfhandel in vollen Gr\u00f6\u00dfen, Eva Foam Clogs Bulk"},"content":{"rendered":"<div class=\"wp-block-columns is-layout-flex wp-container-core-columns-is-layout-9d6595d7 wp-block-columns-is-layout-flex\">\n<div class=\"wp-block-column is-layout-flow wp-block-column-is-layout-flow\">\n<h3 class=\"wp-block-heading\">Croc Style Schuhe Gro\u00dfhandel Merkmale:<\/h3>\n\n\n\n<p><strong>EVA Monolithisches Material:<\/strong> Diese Kroko-Stil Schuhe Gro\u00dfhandel sind aus hochwertigem EVA gefertigt; diese Clogs sind leicht, wasserdicht und verformungsbest\u00e4ndig. Geruchsresistent f\u00fcr frischen Verschlei\u00df auch mit verschwitzten F\u00fc\u00dfen. Maschinenwaschbar - mit Wasser aussp\u00fclen und schnell trocknen, um Schimmel zu verhindern.<\/p>\n\n\n\n<p><strong>DIY-Anpassung:<\/strong> Diese Schuhe im Kroko-Stil lassen sich im Gro\u00dfhandel mit austauschbaren Anh\u00e4ngern, Schnallen und Accessoires personalisieren. Wechseln Sie zwischen Streetwear, minimalistischen Styles oder kreieren Sie einzigartige Designs - lassen Sie Ihrer Kreativit\u00e4t freien Lauf, ohne Looks zu duplizieren.<\/p>\n\n\n\n<p><strong>Bequemlichkeit zum Hineinschl\u00fcpfen:<\/strong> Diese Kroko-Stil Schuhe Gro\u00dfhandel m\u00fchelos Slip-on Design beseitigt Schn\u00fcrsenkel. Convertible Fersenriemen erm\u00f6glicht Verschlei\u00df als Folien oder gesichert Clogs. Ideal f\u00fcr Pendler, Autofahren, und Multi-Szene verwenden.<\/p>\n\n\n\n<p><strong>Factory-Direct Value:<\/strong> Unsere benutzerdefinierte Eva Schaum Clogs Gro\u00dfhandel Fabrik Preise von $5\/Paar (nackte Schuhe). Skip Zwischenh\u00e4ndler Markups-Gro\u00dfauftr\u00e4ge genie\u00dfen Rabatte. Vertraglich garantierte Qualit\u00e4t. Unterst\u00fctzt versandfertige und kundenspezifische Dienstleistungen.<\/p>\n\n\n\n<p><strong>Ganzt\u00e4giger Komfort und Grip:<\/strong> Unsere Schuhe im Kroko-Stil im Gro\u00dfhandel mit dicker Sohle bieten 3-5 cm subtilen Auftrieb mit wolkenartiger D\u00e4mpfung. Anti-Rutsch-Profil sorgt f\u00fcr Stabilit\u00e4t auf nassen\/\u00f6ligen Oberfl\u00e4chen. Die verst\u00e4rkte Zehenkappe sch\u00fctzt vor St\u00f6\u00dfen.<\/p>\n<\/div>\n\n\n\n<div class=\"wp-block-column is-layout-flow wp-block-column-is-layout-flow\">\n<figure class=\"wp-block-image size-full\"><img decoding=\"async\" width=\"790\" height=\"870\" src=\"https:\/\/www.mappershoe.com\/wp-content\/uploads\/2026\/01\/Children-Adult-Sizes-Best-Clogs-for-Men-Women-Custom-Eva-Foam-Sport-Croc-Wholesale-Factory-13.webp\" alt=\"Kroko-Schuhe-Gro\u00dfhandel-in-gro\u00dfer-Gr\u00f6\u00dfe-eva-schaum-clog-bulk-13\" class=\"wp-image-2206\" srcset=\"https:\/\/www.mappershoe.com\/wp-content\/uploads\/2026\/01\/Children-Adult-Sizes-Best-Clogs-for-Men-Women-Custom-Eva-Foam-Sport-Croc-Wholesale-Factory-13.webp 790w, https:\/\/www.mappershoe.com\/wp-content\/uploads\/2026\/01\/Children-Adult-Sizes-Best-Clogs-for-Men-Women-Custom-Eva-Foam-Sport-Croc-Wholesale-Factory-13-272x300.webp 272w, https:\/\/www.mappershoe.com\/wp-content\/uploads\/2026\/01\/Children-Adult-Sizes-Best-Clogs-for-Men-Women-Custom-Eva-Foam-Sport-Croc-Wholesale-Factory-13-768x846.webp 768w, https:\/\/www.mappershoe.com\/wp-content\/uploads\/2026\/01\/Children-Adult-Sizes-Best-Clogs-for-Men-Women-Custom-Eva-Foam-Sport-Croc-Wholesale-Factory-13-11x12.webp 11w, https:\/\/www.mappershoe.com\/wp-content\/uploads\/2026\/01\/Children-Adult-Sizes-Best-Clogs-for-Men-Women-Custom-Eva-Foam-Sport-Croc-Wholesale-Factory-13-600x661.webp 600w\" sizes=\"(max-width: 790px) 100vw, 790px\" \/><\/figure>\n\n\n\n<figure class=\"wp-block-image size-full\"><img decoding=\"async\" width=\"1000\" height=\"1000\" src=\"https:\/\/www.mappershoe.com\/wp-content\/uploads\/2026\/01\/Children-Adult-Sizes-Best-Clogs-for-Men-Women-Custom-Eva-Foam-Sport-Croc-Wholesale-Factory-2.webp\" alt=\"Kroko-Schuhe-Gro\u00dfhandel-in-gro\u00dfer-Gr\u00f6\u00dfe-eva-schaum-clog-bulk-2\" class=\"wp-image-2195\" srcset=\"https:\/\/www.mappershoe.com\/wp-content\/uploads\/2026\/01\/Children-Adult-Sizes-Best-Clogs-for-Men-Women-Custom-Eva-Foam-Sport-Croc-Wholesale-Factory-2.webp 1000w, https:\/\/www.mappershoe.com\/wp-content\/uploads\/2026\/01\/Children-Adult-Sizes-Best-Clogs-for-Men-Women-Custom-Eva-Foam-Sport-Croc-Wholesale-Factory-2-300x300.webp 300w, https:\/\/www.mappershoe.com\/wp-content\/uploads\/2026\/01\/Children-Adult-Sizes-Best-Clogs-for-Men-Women-Custom-Eva-Foam-Sport-Croc-Wholesale-Factory-2-150x150.webp 150w, https:\/\/www.mappershoe.com\/wp-content\/uploads\/2026\/01\/Children-Adult-Sizes-Best-Clogs-for-Men-Women-Custom-Eva-Foam-Sport-Croc-Wholesale-Factory-2-768x768.webp 768w, https:\/\/www.mappershoe.com\/wp-content\/uploads\/2026\/01\/Children-Adult-Sizes-Best-Clogs-for-Men-Women-Custom-Eva-Foam-Sport-Croc-Wholesale-Factory-2-12x12.webp 12w, https:\/\/www.mappershoe.com\/wp-content\/uploads\/2026\/01\/Children-Adult-Sizes-Best-Clogs-for-Men-Women-Custom-Eva-Foam-Sport-Croc-Wholesale-Factory-2-600x600.webp 600w, https:\/\/www.mappershoe.com\/wp-content\/uploads\/2026\/01\/Children-Adult-Sizes-Best-Clogs-for-Men-Women-Custom-Eva-Foam-Sport-Croc-Wholesale-Factory-2-100x100.webp 100w\" sizes=\"(max-width: 1000px) 100vw, 1000px\" \/><\/figure>\n<\/div>\n<\/div>","protected":false},"excerpt":{"rendered":"<p>Willkommen zum Kauf unserer Schuhe im Kroko-Stil im Gro\u00dfhandel, hergestellt aus leichtem EVA-Schaum, erh\u00e4ltlich in vollen Gr\u00f6\u00dfen f\u00fcr Kinder und Erwachsene. Die EVA-Schaum Clog Gro\u00dfauftr\u00e4ge sind ideal f\u00fcr Marken, Gro\u00dfh\u00e4ndler und Einzelh\u00e4ndler suchen langlebig, wasserdicht und bequem Clogs f\u00fcr M\u00e4nner und Frauen. Als EVA-Schaumstoff Sport Croc Gro\u00dfhandel Fabrik, bieten wir OEM \/ ODM Dienstleistungen einschlie\u00dflich Logo, Farbe und Zubeh\u00f6r Anpassung mit stabilen Massenproduktion und wettbewerbsf\u00e4higen Preisen Fabrik.<\/p>\n<h2>Croc Style Schuhe Gro\u00dfhandel Spezifikationen:<\/h2>\n<table width=\"777\">\n<tbody>\n<tr>\n<td width=\"291\">Hersteller:<\/td>\n<td width=\"486\">Mingyi<\/td>\n<\/tr>\n<tr>\n<td>Stil:<\/td>\n<td>Crocs Schuhe<\/td>\n<\/tr>\n<tr>\n<td>Modell:<\/td>\n<td>113<\/td>\n<\/tr>\n<tr>\n<td>Material:\u00a0<\/td>\n<td>EVA<\/td>\n<\/tr>\n<tr>\n<td>Farbe:\u00a0<\/td>\n<td>schwarz, wei\u00df, braun, grau<\/td>\n<\/tr>\n<tr>\n<td>Gr\u00f6\u00dfe:\u00a0<\/td>\n<td>Kindergr\u00f6\u00dfe (US Gr\u00f6\u00dfe): 9C, 10C, 11C, 12C, 13C, 1, 1.5, 2, 3, 3.5, 4,5<br \/>Erwachsene Gr\u00f6\u00dfe (US Gr\u00f6\u00dfe): 6, 6.5, 7, 7.5, 8, 8.5, 9, 9.5, 10, 11<\/td>\n<\/tr>\n<tr>\n<td>Anpassungsoptionen:\u00a0<\/td>\n<td>Logo (Oberseite, Seite, Einlegesohle) \/ All-Over-Druck \/ Farbe \/ Material \/ Sohlendicke \/ Obermaterial<\/td>\n<\/tr>\n<tr>\n<td>Verpacken:\u00a0<\/td>\n<td>Kundenspezifische Verpackung<\/td>\n<\/tr>\n<tr>\n<td>Muster\uff1a<\/td>\n<td>Kostenlose Blindmuster<\/td>\n<\/tr>\n<\/tbody>\n<\/table>\n<p>&nbsp;<\/p>","protected":false},"featured_media":2194,"comment_status":"closed","ping_status":"closed","template":"","meta":{"_acf_changed":false},"product_brand":[],"product_cat":[18],"product_tag":[25,28,26,27],"class_list":{"0":"post-2168","1":"product","2":"type-product","3":"status-publish","4":"has-post-thumbnail","6":"product_cat-wholesale-crocs-shoes","7":"product_tag-eva-slippers-wholesale","8":"product_tag-kids-slippers-wholesale","9":"product_tag-mens-slippers-wholesale","10":"product_tag-wholesale-womens-slippers","12":"first","13":"instock","14":"shipping-taxable","15":"product-type-simple"},"acf":[],"_links":{"self":[{"href":"https:\/\/www.mappershoe.com\/de\/wp-json\/wp\/v2\/product\/2168","targetHints":{"allow":["GET"]}}],"collection":[{"href":"https:\/\/www.mappershoe.com\/de\/wp-json\/wp\/v2\/product"}],"about":[{"href":"https:\/\/www.mappershoe.com\/de\/wp-json\/wp\/v2\/types\/product"}],"replies":[{"embeddable":true,"href":"https:\/\/www.mappershoe.com\/de\/wp-json\/wp\/v2\/comments?post=2168"}],"wp:featuredmedia":[{"embeddable":true,"href":"https:\/\/www.mappershoe.com\/de\/wp-json\/wp\/v2\/media\/2194"}],"wp:attachment":[{"href":"https:\/\/www.mappershoe.com\/de\/wp-json\/wp\/v2\/media?parent=2168"}],"wp:term":[{"taxonomy":"product_brand","embeddable":true,"href":"https:\/\/www.mappershoe.com\/de\/wp-json\/wp\/v2\/product_brand?post=2168"},{"taxonomy":"product_cat","embeddable":true,"href":"https:\/\/www.mappershoe.com\/de\/wp-json\/wp\/v2\/product_cat?post=2168"},{"taxonomy":"product_tag","embeddable":true,"href":"https:\/\/www.mappershoe.com\/de\/wp-json\/wp\/v2\/product_tag?post=2168"}],"curies":[{"name":"wp","href":"https:\/\/api.w.org\/{rel}","templated":true}]}}