{"id":842,"date":"2025-04-25T02:06:02","date_gmt":"2025-04-25T02:06:02","guid":{"rendered":"https:\/\/www.mappershoe.com\/?post_type=product&#038;p=842"},"modified":"2025-10-27T08:03:10","modified_gmt":"2025-10-27T08:03:10","slug":"bulk-flip-flops","status":"publish","type":"product","link":"https:\/\/www.mappershoe.com\/de\/produkt\/bulk-flip-flops\/","title":{"rendered":"Mode Bulk Flip Flops, benutzerdefinierte Logo Pantoffeln Gro\u00dfhandel"},"content":{"rendered":"<div class=\"wp-block-columns is-layout-flex wp-container-core-columns-is-layout-9d6595d7 wp-block-columns-is-layout-flex\">\n<div class=\"wp-block-column is-layout-flow wp-block-column-is-layout-flow\">\n<h3 class=\"wp-block-heading\">Premium Bulk Flip Flops Eigenschaften:<\/h3>\n\n\n\n<p><strong>Elegantes Design:<\/strong> Diese Massen-Flip-Flops nehmen den Trend des Aussehens Design als den beliebten Trend, mit einem komfortablen und modischen Gef\u00fchl.<\/p>\n\n\n\n<p><strong>Hochwertiges PVC-Material: <\/strong>Diese Gro\u00dfhandels-Flip-Flops sind weich und langlebig, rutschfest und verschlei\u00dffest, f\u00fcr langfristigen Verschlei\u00df.<\/p>\n\n\n\n<p><strong>Verschiedene Farben verf\u00fcgbar: <\/strong>Unsere PVC-Pantoffeln f\u00fcr den Gro\u00dfhandel sind in einer bunten Vielfalt von Farben erh\u00e4ltlich, um den verschiedenen M\u00e4rkten und dem Geschmack der Verbraucher gerecht zu werden.<\/p>\n\n\n\n<p><strong>Unterst\u00fctzt individuelles Logo: <\/strong>Diese Massen-Flip-Flops k\u00f6nnen mit einem speziellen Logo versehen werden, das den Bed\u00fcrfnissen der Marke entspricht, um eine maximale Markenerinnerung zu gew\u00e4hrleisten.<\/p>\n\n\n\n<p><strong>Multi-Szenario-Anwendung: <\/strong>Unsere Gro\u00dfhandels-PVC-Pantoffeln eignen sich f\u00fcr den Strand, das t\u00e4gliche Zuhause, das Hotelbad und andere Anwendungsszenarien.<\/p>\n<\/div>\n\n\n\n<div class=\"wp-block-column is-layout-flow wp-block-column-is-layout-flow\">\n<figure class=\"wp-block-image size-full\"><img decoding=\"async\" width=\"800\" height=\"610\" src=\"https:\/\/www.mappershoe.com\/wp-content\/uploads\/2025\/04\/bulk-flip-flops-wholesale-pvc-slippers-with-logo-custom-10.webp\" alt=\"bulk-flip-flops-gro\u00dfhandel-pvc-slippers-mit-logo-individuell-10\" class=\"wp-image-852\" srcset=\"https:\/\/www.mappershoe.com\/wp-content\/uploads\/2025\/04\/bulk-flip-flops-wholesale-pvc-slippers-with-logo-custom-10.webp 800w, https:\/\/www.mappershoe.com\/wp-content\/uploads\/2025\/04\/bulk-flip-flops-wholesale-pvc-slippers-with-logo-custom-10-300x229.webp 300w, https:\/\/www.mappershoe.com\/wp-content\/uploads\/2025\/04\/bulk-flip-flops-wholesale-pvc-slippers-with-logo-custom-10-768x586.webp 768w, https:\/\/www.mappershoe.com\/wp-content\/uploads\/2025\/04\/bulk-flip-flops-wholesale-pvc-slippers-with-logo-custom-10-600x458.webp 600w\" sizes=\"(max-width: 800px) 100vw, 800px\" \/><\/figure>\n<\/div>\n<\/div>\n\n\n\n<p><\/p>","protected":false},"excerpt":{"rendered":"<p>Willkommen in unserem Gro\u00dfhandel PVC Hausschuhe zu kaufen. Diese modischen Flip-Flops sind aus hochwertigem, rutschfestem Material gefertigt, weich und bequem und in vielen Farben erh\u00e4ltlich, um den unterschiedlichen Marktanforderungen gerecht zu werden. Sie unterst\u00fctzen kundenspezifische Markenlogos und heben die exklusive Anerkennung hervor. Sie sind weit verbreitet bei Strandausfl\u00fcgen, im Alltag zu Hause, im Hotel und in anderen Situationen. Sie eignen sich f\u00fcr den Gro\u00dfeinkauf und sind die ideale Wahl f\u00fcr Marken, um den Markt zu erweitern und den Wert zu steigern.<\/p>\n<h2>Bulk Flip Flops Spezifikationen:<\/h2>\n<table width=\"777\">\n<tbody>\n<tr>\n<td width=\"291\">Hersteller:<\/td>\n<td width=\"486\">Mingyi<\/td>\n<\/tr>\n<tr>\n<td>Stil:<\/td>\n<td>Flip Flops<\/td>\n<\/tr>\n<tr>\n<td>Modell:<\/td>\n<td>1915<\/td>\n<\/tr>\n<tr>\n<td>Material:\u00a0<\/td>\n<td>PVC<\/td>\n<\/tr>\n<tr>\n<td>Farbe:\u00a0<\/td>\n<td>schwarz, wei\u00df, gelb, gr\u00fcn, lila und rosa.<\/td>\n<\/tr>\n<tr>\n<td>Gr\u00f6\u00dfe:\u00a0<\/td>\n<td>US Gr\u00f6\u00dfe 6\u30016.5 \u30017 \u30017.5 \u30018\u30018.5\u30019\u30019.5\u300110-14<\/td>\n<\/tr>\n<tr>\n<td>Anpassungsoptionen:\u00a0<\/td>\n<td>Logo (Oberseite, Seite, Einlegesohle) \/ All-Over-Druck \/ Farbe \/ Material \/ Sohlendicke \/ Obermaterial<\/td>\n<\/tr>\n<tr>\n<td>Verpacken:\u00a0<\/td>\n<td>Kundenspezifische Verpackung<\/td>\n<\/tr>\n<tr>\n<td>Muster\uff1a<\/td>\n<td>Kostenlose Blindmuster<\/td>\n<\/tr>\n<\/tbody>\n<\/table>","protected":false},"featured_media":844,"comment_status":"closed","ping_status":"closed","template":"","meta":{"_acf_changed":false},"product_brand":[],"product_cat":[17],"product_tag":[26,24,27],"class_list":{"0":"post-842","1":"product","2":"type-product","3":"status-publish","4":"has-post-thumbnail","6":"product_cat-wholesale-flip-flops","7":"product_tag-mens-slippers-wholesale","8":"product_tag-wholesale-pvc-slippers","9":"product_tag-wholesale-womens-slippers","11":"first","12":"instock","13":"shipping-taxable","14":"product-type-simple"},"acf":[],"_links":{"self":[{"href":"https:\/\/www.mappershoe.com\/de\/wp-json\/wp\/v2\/product\/842","targetHints":{"allow":["GET"]}}],"collection":[{"href":"https:\/\/www.mappershoe.com\/de\/wp-json\/wp\/v2\/product"}],"about":[{"href":"https:\/\/www.mappershoe.com\/de\/wp-json\/wp\/v2\/types\/product"}],"replies":[{"embeddable":true,"href":"https:\/\/www.mappershoe.com\/de\/wp-json\/wp\/v2\/comments?post=842"}],"wp:featuredmedia":[{"embeddable":true,"href":"https:\/\/www.mappershoe.com\/de\/wp-json\/wp\/v2\/media\/844"}],"wp:attachment":[{"href":"https:\/\/www.mappershoe.com\/de\/wp-json\/wp\/v2\/media?parent=842"}],"wp:term":[{"taxonomy":"product_brand","embeddable":true,"href":"https:\/\/www.mappershoe.com\/de\/wp-json\/wp\/v2\/product_brand?post=842"},{"taxonomy":"product_cat","embeddable":true,"href":"https:\/\/www.mappershoe.com\/de\/wp-json\/wp\/v2\/product_cat?post=842"},{"taxonomy":"product_tag","embeddable":true,"href":"https:\/\/www.mappershoe.com\/de\/wp-json\/wp\/v2\/product_tag?post=842"}],"curies":[{"name":"wp","href":"https:\/\/api.w.org\/{rel}","templated":true}]}}