{"id":853,"date":"2025-04-25T02:37:46","date_gmt":"2025-04-25T02:37:46","guid":{"rendered":"https:\/\/www.mappershoe.com\/?post_type=product&#038;p=853"},"modified":"2025-10-27T07:56:55","modified_gmt":"2025-10-27T07:56:55","slug":"custom-flip-flops","status":"publish","type":"product","link":"https:\/\/www.mappershoe.com\/de\/produkt\/custom-flip-flops\/","title":{"rendered":"Benutzerdefinierte Flip Flops mit voll bedrucktem Muster, PVC-Sandale Bulk"},"content":{"rendered":"<div class=\"wp-block-columns is-layout-flex wp-container-core-columns-is-layout-9d6595d7 wp-block-columns-is-layout-flex\">\n<div class=\"wp-block-column is-layout-flow wp-block-column-is-layout-flow\">\n<h3 class=\"wp-block-heading\">Premium Custom Flip Flops Merkmale:<\/h3>\n\n\n\n<p><strong>Vollst\u00e4ndig bedrucktes, individuelles Design: <\/strong>Diese Gro\u00dfhandels-Flip-Flops unterst\u00fctzen den Grafikdruck in voller Breite auf dem gesamten Obermaterial und zeigen den einzigartigen visuellen Stil der Marke.<\/p>\n\n\n\n<p><strong>Flexibilit\u00e4t im Gro\u00dfhandel f\u00fcr gro\u00dfe Mengen: <\/strong>Diese Gro\u00dfhandel Flip Flops unterst\u00fctzen OEM \/ ODM gro\u00dfe Volumen Anpassung, die f\u00fcr eine Vielzahl von Szenarien wie Markeninhaber, Werbeaktivit\u00e4ten und Reise-Souvenirs geeignet ist.<\/p>\n\n\n\n<p><strong>Komfortable Sohlenstruktur: <\/strong>Unsere ma\u00dfgeschneiderten Flip Flops mit ergonomisch geformten Sohlen, D\u00e4mpfung und Dekompression erh\u00f6hen den Tragekomfort.<\/p>\n\n\n\n<p><strong>Mehrere Gr\u00f6\u00dfen und Farben verf\u00fcgbar: <\/strong>Unsere ma\u00dfgeschneiderten Flip Flops gibt es sowohl in Erwachsenen- als auch in Kindergr\u00f6\u00dfen, und sie k\u00f6nnen aus einer breiten Palette von Farben f\u00fcr abwechslungsreiche Produktkombinationen ausgew\u00e4hlt werden.<\/p>\n\n\n\n<p><strong>Hochwertiges PVC-Material: <\/strong>Diese ma\u00dfgeschneiderten Flip Flops sind weich und strapazierf\u00e4hig, rutschfest und verschlei\u00dffest, so dass sie lange getragen werden k\u00f6nnen.<\/p>\n<\/div>\n\n\n\n<div class=\"wp-block-column is-layout-flow wp-block-column-is-layout-flow\">\n<figure class=\"wp-block-image size-full\"><img decoding=\"async\" width=\"1600\" height=\"1600\" src=\"https:\/\/www.mappershoe.com\/wp-content\/uploads\/2025\/04\/custom-flip-flops-with-full-print-pattern-8.webp\" alt=\"benutzerdefinierte-flip-flops-mit-vollem-druck-muster-8\" class=\"wp-image-861\" srcset=\"https:\/\/www.mappershoe.com\/wp-content\/uploads\/2025\/04\/custom-flip-flops-with-full-print-pattern-8.webp 1600w, https:\/\/www.mappershoe.com\/wp-content\/uploads\/2025\/04\/custom-flip-flops-with-full-print-pattern-8-300x300.webp 300w, https:\/\/www.mappershoe.com\/wp-content\/uploads\/2025\/04\/custom-flip-flops-with-full-print-pattern-8-150x150.webp 150w, https:\/\/www.mappershoe.com\/wp-content\/uploads\/2025\/04\/custom-flip-flops-with-full-print-pattern-8-768x768.webp 768w, https:\/\/www.mappershoe.com\/wp-content\/uploads\/2025\/04\/custom-flip-flops-with-full-print-pattern-8-1200x1200.webp 1200w, https:\/\/www.mappershoe.com\/wp-content\/uploads\/2025\/04\/custom-flip-flops-with-full-print-pattern-8-600x600.webp 600w, https:\/\/www.mappershoe.com\/wp-content\/uploads\/2025\/04\/custom-flip-flops-with-full-print-pattern-8-100x100.webp 100w\" sizes=\"(max-width: 1600px) 100vw, 1600px\" \/><\/figure>\n<\/div>\n<\/div>\n\n\n\n<p><\/p>","protected":false},"excerpt":{"rendered":"<p>Bestellen Sie diese Gro\u00dfhandels-Flip-Flops. Mit einer gro\u00dfen Balance von langlebig, ready-to-wear Schuhe und gro\u00dfe, fett Branding, sind diese volle Druckmuster benutzerdefinierte Flip-Flops alles \u00fcber Komfort und dauerhaften Verschlei\u00df. Die vollfl\u00e4chig bedruckte Oberfl\u00e4che bietet die M\u00f6glichkeit, mutige Designaussagen f\u00fcr Werbung, Einzelhandel und Resort-Branding zu machen. Mit flexiblen OEM\/ODM-Optionen und in vielen Gr\u00f6\u00dfen und Farben sind diese Gro\u00dfhandels-Flip-Flops die perfekte Entscheidung f\u00fcr die Massenanpassung.<\/p>\n<h2>Kundenspezifische Flip Flops Spezifikationen:<\/h2>\n<table width=\"777\">\n<tbody>\n<tr>\n<td width=\"291\">Hersteller:<\/td>\n<td width=\"486\">Mingyi<\/td>\n<\/tr>\n<tr>\n<td>Stil:<\/td>\n<td>Flip Flops<\/td>\n<\/tr>\n<tr>\n<td>Modell:<\/td>\n<td>1915<\/td>\n<\/tr>\n<tr>\n<td>Material:\u00a0<\/td>\n<td>PVC<\/td>\n<\/tr>\n<tr>\n<td>Farbe:\u00a0<\/td>\n<td>schwarz, wei\u00df, gelb, gr\u00fcn, lila und rosa.<\/td>\n<\/tr>\n<tr>\n<td>Gr\u00f6\u00dfe:\u00a0<\/td>\n<td>US Gr\u00f6\u00dfe 6\u30016.5 \u30017 \u30017.5 \u30018\u30018.5\u30019\u30019.5\u300110-14<\/td>\n<\/tr>\n<tr>\n<td>Anpassungsoptionen:\u00a0<\/td>\n<td>Logo (Oberseite, Seite, Einlegesohle) \/ All-Over-Druck \/ Farbe \/ Material \/ Sohlendicke \/ Obermaterial<\/td>\n<\/tr>\n<tr>\n<td>Verpacken:\u00a0<\/td>\n<td>Kundenspezifische Verpackung<\/td>\n<\/tr>\n<tr>\n<td>Muster\uff1a<\/td>\n<td>Kostenlose Blindmuster<\/td>\n<\/tr>\n<\/tbody>\n<\/table>","protected":false},"featured_media":856,"comment_status":"closed","ping_status":"closed","template":"","meta":{"_acf_changed":false},"product_brand":[],"product_cat":[17],"product_tag":[26,24,27],"class_list":{"0":"post-853","1":"product","2":"type-product","3":"status-publish","4":"has-post-thumbnail","6":"product_cat-wholesale-flip-flops","7":"product_tag-mens-slippers-wholesale","8":"product_tag-wholesale-pvc-slippers","9":"product_tag-wholesale-womens-slippers","11":"first","12":"instock","13":"shipping-taxable","14":"product-type-simple"},"acf":[],"_links":{"self":[{"href":"https:\/\/www.mappershoe.com\/de\/wp-json\/wp\/v2\/product\/853","targetHints":{"allow":["GET"]}}],"collection":[{"href":"https:\/\/www.mappershoe.com\/de\/wp-json\/wp\/v2\/product"}],"about":[{"href":"https:\/\/www.mappershoe.com\/de\/wp-json\/wp\/v2\/types\/product"}],"replies":[{"embeddable":true,"href":"https:\/\/www.mappershoe.com\/de\/wp-json\/wp\/v2\/comments?post=853"}],"wp:featuredmedia":[{"embeddable":true,"href":"https:\/\/www.mappershoe.com\/de\/wp-json\/wp\/v2\/media\/856"}],"wp:attachment":[{"href":"https:\/\/www.mappershoe.com\/de\/wp-json\/wp\/v2\/media?parent=853"}],"wp:term":[{"taxonomy":"product_brand","embeddable":true,"href":"https:\/\/www.mappershoe.com\/de\/wp-json\/wp\/v2\/product_brand?post=853"},{"taxonomy":"product_cat","embeddable":true,"href":"https:\/\/www.mappershoe.com\/de\/wp-json\/wp\/v2\/product_cat?post=853"},{"taxonomy":"product_tag","embeddable":true,"href":"https:\/\/www.mappershoe.com\/de\/wp-json\/wp\/v2\/product_tag?post=853"}],"curies":[{"name":"wp","href":"https:\/\/api.w.org\/{rel}","templated":true}]}}