{"id":875,"date":"2025-04-25T07:05:08","date_gmt":"2025-04-25T07:05:08","guid":{"rendered":"https:\/\/www.mappershoe.com\/?post_type=product&#038;p=875"},"modified":"2026-03-25T09:35:57","modified_gmt":"2026-03-25T09:35:57","slug":"wholesale-cork-sandals","status":"publish","type":"product","link":"https:\/\/www.mappershoe.com\/de\/produkt\/wholesale-cork-sandals\/","title":{"rendered":"Gro\u00dfhandel Kork Sandalen mit Leder Obermaterial, OEM Birkenstocks"},"content":{"rendered":"<div class=\"wp-block-columns is-layout-flex wp-container-core-columns-is-layout-9d6595d7 wp-block-columns-is-layout-flex\">\n<div class=\"wp-block-column is-layout-flow wp-block-column-is-layout-flow\">\n<h3 class=\"wp-block-heading\">Premium Gro\u00dfhandel Kork Sandalen Eigenschaften:<\/h3>\n\n\n\n<p><strong>Sohle aus Naturkork: <\/strong>Diese Gro\u00dfhandel Birkenstock Sandalen passen die Kurven des Fu\u00dfes mit starken Unterst\u00fctzung und eine gute D\u00e4mpfung Wirkung. Gute D\u00e4mpfungseffekt, bequemer zu tragen.<\/p>\n\n\n\n<p><strong>Doppeltes Schnallendesign: <\/strong>Unsere Gro\u00dfhandel Kork Sandalen klassische Doppel-Metall-Schnalle Design, verstellbare Elastizit\u00e4t, und sowohl Mode und Praktikabilit\u00e4t.<\/p>\n\n\n\n<p><strong>Europ\u00e4ischer Retrostil: <\/strong>Unsere Gro\u00dfhandel Kork Sandalen sind einfach und stimmungsvoll im Aussehen, geliebt von den europ\u00e4ischen und amerikanischen M\u00e4rkten, geeignet f\u00fcr alle Arten von Freizeitkleidung.<\/p>\n\n\n\n<p><strong>Gro\u00dfhandelsservice zur Anpassung: <\/strong>Unsere Kork-Sandalen f\u00fcr den Gro\u00dfhandel bieten Unterst\u00fctzung bei der Individualisierung von gro\u00dfen Mengen und sind f\u00fcr den Markeneinzelhandel, Superm\u00e4rkte, Resorts und andere Kan\u00e4le geeignet.<\/p>\n\n\n\n<p><strong>Ergonomisches Design: <\/strong>Diese Birkenstock-Sandalen Gro\u00dfhandel Schuh Betten sind nach der Struktur des Fu\u00dfes gebaut, mit Bogen Unterst\u00fctzung, Ferse Rillen und Zehen Griff Zonen f\u00fcr eine nat\u00fcrliche Gangart.<\/p>\n<\/div>\n\n\n\n<div class=\"wp-block-column is-layout-flow wp-block-column-is-layout-flow\">\n<figure class=\"wp-block-image size-full\"><img decoding=\"async\" width=\"800\" height=\"800\" src=\"https:\/\/www.mappershoe.com\/wp-content\/uploads\/2025\/04\/wholesale-cork-sandals-with-leather-upper-6.webp\" alt=\"Gro\u00dfhandel-Kork-Sandalen-mit-Leder-Oberteil-6\" class=\"wp-image-882\" srcset=\"https:\/\/www.mappershoe.com\/wp-content\/uploads\/2025\/04\/wholesale-cork-sandals-with-leather-upper-6.webp 800w, https:\/\/www.mappershoe.com\/wp-content\/uploads\/2025\/04\/wholesale-cork-sandals-with-leather-upper-6-300x300.webp 300w, https:\/\/www.mappershoe.com\/wp-content\/uploads\/2025\/04\/wholesale-cork-sandals-with-leather-upper-6-150x150.webp 150w, https:\/\/www.mappershoe.com\/wp-content\/uploads\/2025\/04\/wholesale-cork-sandals-with-leather-upper-6-768x768.webp 768w, https:\/\/www.mappershoe.com\/wp-content\/uploads\/2025\/04\/wholesale-cork-sandals-with-leather-upper-6-600x600.webp 600w, https:\/\/www.mappershoe.com\/wp-content\/uploads\/2025\/04\/wholesale-cork-sandals-with-leather-upper-6-100x100.webp 100w\" sizes=\"(max-width: 800px) 100vw, 800px\" \/><\/figure>\n<\/div>\n<\/div>\n\n\n\n<p><\/p>","protected":false},"excerpt":{"rendered":"<p>Diese Kork-Sandalen mit zwei Schnallen im Gro\u00dfhandel haben ein hochwertiges Obermaterial aus Leder mit toller Struktur, das traditionelles europ\u00e4isches Design mit funktionellem Komfort verbindet. Ob f\u00fcr Markenanpassung, Einzelhandelsregale oder Urlaubshotel liefert, sind sie am besten geeignet f\u00fcr High-End und praktische Auswahl, und besitzen hohe Kapazit\u00e4ten f\u00fcr Gro\u00dfhandel und personalisierte Anpassung. Willkommen zur Bestellung!<\/p>\n<h2>Gro\u00dfhandel Kork Sandalen Spezifikationen:<\/h2>\n<table width=\"777\">\n<tbody>\n<tr>\n<td width=\"291\">Hersteller:<\/td>\n<td width=\"486\">Mingyi<\/td>\n<\/tr>\n<tr>\n<td>Stil:<\/td>\n<td>Sandalen<\/td>\n<\/tr>\n<tr>\n<td>Modell:<\/td>\n<td>2011<\/td>\n<\/tr>\n<tr>\n<td>Material:\u00a0<\/td>\n<td>PVC+Kork+PU-Leder<\/td>\n<\/tr>\n<tr>\n<td>Farbe:\u00a0<\/td>\n<td>apricot, army green, schwarz, blau, braun, dunkelblau, gr\u00fcn, hellblau, orange, wei\u00df, weinrot<\/td>\n<\/tr>\n<tr>\n<td>Gr\u00f6\u00dfe:\u00a0<\/td>\n<td>US Gr\u00f6\u00dfe 6\u30016.5 \u30017 \u30017.5 \u30018\u30018.5\u30019\u30019.5\u300110-14<\/td>\n<\/tr>\n<tr>\n<td>Anpassungsoptionen:\u00a0<\/td>\n<td>Logo (Oberseite, Seite, Einlegesohle) \/ All-Over-Druck \/ Farbe \/ Material \/ Sohlendicke \/ Obermaterial<\/td>\n<\/tr>\n<tr>\n<td>Verpacken:\u00a0<\/td>\n<td>Kundenspezifische Verpackung<\/td>\n<\/tr>\n<tr>\n<td>Muster\uff1a<\/td>\n<td>Kostenlose Blindmuster<\/td>\n<\/tr>\n<\/tbody>\n<\/table>","protected":false},"featured_media":881,"comment_status":"closed","ping_status":"closed","template":"","meta":{"_acf_changed":false},"product_brand":[],"product_cat":[20],"product_tag":[26,27],"class_list":{"0":"post-875","1":"product","2":"type-product","3":"status-publish","4":"has-post-thumbnail","6":"product_cat-wholesale-sandals","7":"product_tag-mens-slippers-wholesale","8":"product_tag-wholesale-womens-slippers","10":"first","11":"instock","12":"shipping-taxable","13":"product-type-simple"},"acf":[],"_links":{"self":[{"href":"https:\/\/www.mappershoe.com\/de\/wp-json\/wp\/v2\/product\/875","targetHints":{"allow":["GET"]}}],"collection":[{"href":"https:\/\/www.mappershoe.com\/de\/wp-json\/wp\/v2\/product"}],"about":[{"href":"https:\/\/www.mappershoe.com\/de\/wp-json\/wp\/v2\/types\/product"}],"replies":[{"embeddable":true,"href":"https:\/\/www.mappershoe.com\/de\/wp-json\/wp\/v2\/comments?post=875"}],"wp:featuredmedia":[{"embeddable":true,"href":"https:\/\/www.mappershoe.com\/de\/wp-json\/wp\/v2\/media\/881"}],"wp:attachment":[{"href":"https:\/\/www.mappershoe.com\/de\/wp-json\/wp\/v2\/media?parent=875"}],"wp:term":[{"taxonomy":"product_brand","embeddable":true,"href":"https:\/\/www.mappershoe.com\/de\/wp-json\/wp\/v2\/product_brand?post=875"},{"taxonomy":"product_cat","embeddable":true,"href":"https:\/\/www.mappershoe.com\/de\/wp-json\/wp\/v2\/product_cat?post=875"},{"taxonomy":"product_tag","embeddable":true,"href":"https:\/\/www.mappershoe.com\/de\/wp-json\/wp\/v2\/product_tag?post=875"}],"curies":[{"name":"wp","href":"https:\/\/api.w.org\/{rel}","templated":true}]}}